{"id":989701,"date":"2025-06-19T23:44:58","date_gmt":"2025-06-19T23:44:58","guid":{"rendered":"https:\/\/agrovetazerbaijan.az\/?post_type=product&#038;p=989701"},"modified":"2025-06-19T23:46:15","modified_gmt":"2025-06-19T23:46:15","slug":"quzu-il%c9%99-carnaval-premium-yetkin-it-yem%c9%99yi","status":"publish","type":"product","link":"https:\/\/agrovetazerbaijan.az\/en\/product\/quzu-il%c9%99-carnaval-premium-yetkin-it-yem%c9%99yi\/","title":{"rendered":"Carnaval Premium Adult Dog Food with Lamb"},"content":{"rendered":"<div class=\"vgblk-rw-wrapper limit-wrapper\">\n<h3 data-start=\"159\" data-end=\"212\">\ud83d\udc36 <strong data-start=\"166\" data-end=\"210\">Carnaval Premium Lamb Adult Dog Food<\/strong><\/h3>\n<p data-start=\"213\" data-end=\"261\"><strong data-start=\"213\" data-end=\"261\">Suitable for all genders over 1 year old.<\/strong><\/p>\n<p data-start=\"263\" data-end=\"568\"><strong data-start=\"263\" data-end=\"274\">Description:<\/strong><br data-start=\"274\" data-end=\"277\" \/>Carnaval Premium Adult Dog with Lamb is a balanced complete food for dogs over 1 year old, made with high-quality lamb protein. It is ideal for all breeds, whether kept indoors or outdoors. It is rich in fiber to support the digestive system, and vitamins and minerals to strengthen the immune system.<\/p>\n<hr data-start=\"570\" data-end=\"573\" \/>\n<h3 data-start=\"575\" data-end=\"596\">\ud83e\uddec <strong data-start=\"582\" data-end=\"594\">Ingredients:<\/strong><\/h3>\n<p data-start=\"597\" data-end=\"868\">Lamb protein, corn, rice, processed animal protein, bonkalite, wheat bran, animal fat, corn gluten, sugar beet fiber, liver flavor, autolyzed yeast, salt, flaxseed, whey powder, brewer&#039;s yeast, Yucca Schidigera, FOS (Fructooligosaccharides), Beta-Glucan.<\/p>\n<hr data-start=\"870\" data-end=\"873\" \/>\n<h3 data-start=\"875\" data-end=\"908\">\ud83e\uddea <strong data-start=\"882\" data-end=\"908\">Analytical Composition (100%)<\/strong><\/h3>\n<ul data-start=\"909\" data-end=\"976\">\n<li data-start=\"909\" data-end=\"927\">\n<p data-start=\"911\" data-end=\"927\">Ham Z\u00fclal: %21<\/p>\n<\/li>\n<li data-start=\"928\" data-end=\"944\">\n<p data-start=\"930\" data-end=\"944\">Ham Ya\u011f: %11<\/p>\n<\/li>\n<li data-start=\"945\" data-end=\"960\">\n<p data-start=\"947\" data-end=\"960\">Raw Fiber: %4<\/p>\n<\/li>\n<li data-start=\"961\" data-end=\"976\">\n<p data-start=\"963\" data-end=\"976\">Raw Ash: %8<\/p>\n<\/li>\n<\/ul>\n<hr data-start=\"978\" data-end=\"981\" \/>\n<h3 data-start=\"983\" data-end=\"1031\">\ud83d\udc8a <strong data-start=\"990\" data-end=\"1031\">Additional Nutrients (per 1 kg):<\/strong><\/h3>\n<ul data-start=\"1032\" data-end=\"1308\">\n<li data-start=\"1032\" data-end=\"1060\">\n<p data-start=\"1034\" data-end=\"1060\"><strong data-start=\"1034\" data-end=\"1048\">Vitamin A:<\/strong> 15,000 IU<\/p>\n<\/li>\n<li data-start=\"1061\" data-end=\"1089\">\n<p data-start=\"1063\" data-end=\"1089\"><strong data-start=\"1063\" data-end=\"1078\">Vitamin D3:<\/strong> 1,000 IU<\/p>\n<\/li>\n<li data-start=\"1090\" data-end=\"1115\">\n<p data-start=\"1092\" data-end=\"1115\"><strong data-start=\"1092\" data-end=\"1106\">Vitamin E:<\/strong> 100 mg<\/p>\n<\/li>\n<li data-start=\"1116\" data-end=\"1141\">\n<p data-start=\"1118\" data-end=\"1141\"><strong data-start=\"1118\" data-end=\"1132\">Vitamin C:<\/strong> 100 mg<\/p>\n<\/li>\n<li data-start=\"1142\" data-end=\"1228\">\n<p data-start=\"1144\" data-end=\"1228\">Vitamins: B-complex (B1, B2, B3, B6, B7, B9, B12), K, Choline, Calcium Pantothenate<\/p>\n<\/li>\n<li data-start=\"1229\" data-end=\"1308\">\n<p data-start=\"1231\" data-end=\"1308\">Minerals: Calcium, Phosphorus, Sodium, Potassium, Iron, Zinc, Copper, Iodine, Selenium<\/p>\n<\/li>\n<\/ul>\n<hr data-start=\"1310\" data-end=\"1313\" \/>\n<h3 data-start=\"1315\" data-end=\"1351\">\ud83d\udce6 <strong data-start=\"1322\" data-end=\"1338\">Packaging:<\/strong> 15 kg bag<\/h3>\n<p data-start=\"1352\" data-end=\"1549\"><strong data-start=\"1352\" data-end=\"1373\">Expiration date:<\/strong> 24 months<br data-start=\"1379\" data-end=\"1382\" \/><strong data-start=\"1382\" data-end=\"1392\">Origin:<\/strong> Turkey<br data-start=\"1400\" data-end=\"1403\" \/><strong data-start=\"1403\" data-end=\"1418\">Manufacturer:<\/strong> LEADER PETFOOD FEED MANUFACTURING AND TRADING. A.S<\/p>\n<\/div>\n<p><!-- .vgblk-rw-wrapper --><\/p>","protected":false},"excerpt":{"rendered":"<p>\ud83d\udc36 Carnaval Premium Quzulu Yetkin \u0130t Qidas\u0131 1 ya\u015fdan yuxar\u0131 b\u00fct\u00fcn cinsl\u0259r \u00fc\u00e7\u00fcn uy\u011fundur. T\u0259svir:Carnaval Premium Adult Dog with Quzu \u2014 y\u00fcks\u0259k keyfiyy\u0259tli quzu z\u00fclal\u0131 il\u0259 haz\u0131rlanm\u0131\u015f, 1 ya\u015fdan yuxar\u0131 itl\u0259r \u00fc\u00e7\u00fcn balansla\u015fd\u0131r\u0131lm\u0131\u015f tam yemdir. Evd\u0259 v\u0259 ya \u00e7\u00f6ld\u0259 saxlan\u0131lan b\u00fct\u00fcn cinsl\u0259r \u00fc\u00e7\u00fcn ideald\u0131r. H\u0259zm sistemini d\u0259st\u0259kl\u0259y\u0259n lifl\u0259r, g\u00fccl\u00fc immunitet \u00fc\u00e7\u00fcn vitamin v\u0259 minerallarla z\u0259ngindir&#8230;.<\/p>","protected":false},"featured_media":989702,"comment_status":"closed","ping_status":"closed","template":"","meta":{"nf_dc_page":"","_monsterinsights_skip_tracking":false,"_monsterinsights_sitenote_active":false,"_monsterinsights_sitenote_note":"","_monsterinsights_sitenote_category":0},"product_brand":[],"product_cat":[244,58,245],"product_tag":[],"class_list":{"0":"post-989701","1":"product","2":"type-product","3":"status-publish","4":"has-post-thumbnail","6":"product_cat-it-ve-pisik-mehsullari","7":"product_cat-dog","8":"product_cat-yemler","10":"first","11":"instock","12":"shipping-taxable","13":"product-type-simple"},"jetpack_sharing_enabled":true,"_links":{"self":[{"href":"https:\/\/agrovetazerbaijan.az\/en\/wp-json\/wp\/v2\/product\/989701","targetHints":{"allow":["GET"]}}],"collection":[{"href":"https:\/\/agrovetazerbaijan.az\/en\/wp-json\/wp\/v2\/product"}],"about":[{"href":"https:\/\/agrovetazerbaijan.az\/en\/wp-json\/wp\/v2\/types\/product"}],"replies":[{"embeddable":true,"href":"https:\/\/agrovetazerbaijan.az\/en\/wp-json\/wp\/v2\/comments?post=989701"}],"version-history":[{"count":1,"href":"https:\/\/agrovetazerbaijan.az\/en\/wp-json\/wp\/v2\/product\/989701\/revisions"}],"predecessor-version":[{"id":989703,"href":"https:\/\/agrovetazerbaijan.az\/en\/wp-json\/wp\/v2\/product\/989701\/revisions\/989703"}],"wp:featuredmedia":[{"embeddable":true,"href":"https:\/\/agrovetazerbaijan.az\/en\/wp-json\/wp\/v2\/media\/989702"}],"wp:attachment":[{"href":"https:\/\/agrovetazerbaijan.az\/en\/wp-json\/wp\/v2\/media?parent=989701"}],"wp:term":[{"taxonomy":"product_brand","embeddable":true,"href":"https:\/\/agrovetazerbaijan.az\/en\/wp-json\/wp\/v2\/product_brand?post=989701"},{"taxonomy":"product_cat","embeddable":true,"href":"https:\/\/agrovetazerbaijan.az\/en\/wp-json\/wp\/v2\/product_cat?post=989701"},{"taxonomy":"product_tag","embeddable":true,"href":"https:\/\/agrovetazerbaijan.az\/en\/wp-json\/wp\/v2\/product_tag?post=989701"}],"curies":[{"name":"wp","href":"https:\/\/api.w.org\/{rel}","templated":true}]}}