{"id":989693,"date":"2025-06-19T22:29:42","date_gmt":"2025-06-19T22:29:42","guid":{"rendered":"https:\/\/agrovetazerbaijan.az\/?post_type=product&#038;p=989693"},"modified":"2025-07-10T22:53:19","modified_gmt":"2025-07-10T22:53:19","slug":"petline-super-premium-bala-it-yem%c9%99yi-quzulu","status":"publish","type":"product","link":"https:\/\/agrovetazerbaijan.az\/en\/product\/petline-super-premium-bala-it-yem%c9%99yi-quzulu\/","title":{"rendered":"Petline Super Premium Puppy Dog Food Lamb"},"content":{"rendered":"<div class=\"vgblk-rw-wrapper limit-wrapper\">\n<h3 data-start=\"121\" data-end=\"157\">\ud83d\udc3e <strong data-start=\"128\" data-end=\"157\">Petline Puppy Lamb Selection<\/strong><\/h3>\n<p data-start=\"159\" data-end=\"420\"><strong data-start=\"159\" data-end=\"171\">Description:<\/strong><br data-start=\"171\" data-end=\"174\" \/>Petline Puppy Lamb Selection, carefully selected ingredients and specially added <strong data-start=\"253\" data-end=\"269\">probiotics<\/strong>, <strong data-start=\"271\" data-end=\"282\">arginine<\/strong>, <strong data-start=\"284\" data-end=\"298\">glucosamine<\/strong>, <strong data-start=\"300\" data-end=\"314\">chondroitin<\/strong> It supports the optimal functioning of your puppy&#039;s metabolism and helps them live a healthy life.<\/p>\n<hr data-start=\"422\" data-end=\"425\" \/>\n<p data-start=\"427\" data-end=\"906\"><strong data-start=\"427\" data-end=\"439\">Ingredients:<\/strong><br data-start=\"439\" data-end=\"442\" \/>Processed lamb protein, processed animal protein, chicken fat, corn, rice, sugar beet, liver flavor, whey powder, <strong data-start=\"574\" data-end=\"600\">Alltech nutritional supplements<\/strong> (Mannan oligosaccharides, Yucca Schidigera, mycotoxin binder, glutamic acid, amino acids, arginotides, arginine acids), selenium, prebiotics, vitamins and minerals, Xylo-Oligosaccharide, brewer&#039;s yeast, flaxseed, L-Carnitine, salt, glucosamine, chondroitin, preservatives and antioxidants.<\/p>\n<hr data-start=\"908\" data-end=\"911\" \/>\n<p data-start=\"913\" data-end=\"1004\"><strong data-start=\"913\" data-end=\"928\">Minerals:<\/strong><br data-start=\"928\" data-end=\"931\" \/>Calcium, phosphorus, sodium, iodine, zinc, copper, potassium chloride, iron, selenium.<\/p>\n<hr data-start=\"1006\" data-end=\"1009\" \/>\n<p data-start=\"1011\" data-end=\"1189\"><strong data-start=\"1011\" data-end=\"1026\">Vitamins:<\/strong><br data-start=\"1026\" data-end=\"1029\" \/>Vit.A, Vit.D, Vit.E, Vit.C, Vit.K, Vit.B1, B2, B6, B12, Calcium Pantothenate, Folic Acid (2.5 mg\/kg), Choline (2500 mg\/kg), Niacin (150 mg\/kg), Biotin (0.8 mg\/kg).<\/p>\n<hr data-start=\"1191\" data-end=\"1194\" \/>\n<p data-start=\"1196\" data-end=\"1224\"><strong data-start=\"1196\" data-end=\"1222\">Analytical indicators:<\/strong><\/p>\n<ul data-start=\"1225\" data-end=\"1294\">\n<li data-start=\"1225\" data-end=\"1245\">\n<p data-start=\"1227\" data-end=\"1245\">Crude Protein: 28%<\/p>\n<\/li>\n<li data-start=\"1246\" data-end=\"1262\">\n<p data-start=\"1248\" data-end=\"1262\">Crude Oil: 16%<\/p>\n<\/li>\n<li data-start=\"1263\" data-end=\"1280\">\n<p data-start=\"1265\" data-end=\"1280\">Raw Fiber: 2.5%<\/p>\n<\/li>\n<li data-start=\"1281\" data-end=\"1294\">\n<p data-start=\"1283\" data-end=\"1294\">Raw Ash: 8%<\/p>\n<\/li>\n<\/ul>\n<hr data-start=\"1296\" data-end=\"1299\" \/>\n<p data-start=\"1453\" data-end=\"1626\">\n<\/div>\n<p><!-- .vgblk-rw-wrapper --><\/p>","protected":false},"excerpt":{"rendered":"<p>\ud83d\udc3e Petline Puppy Quzu Se\u00e7imi T\u0259sviri:Petline Puppy Quzu Se\u00e7imi, diqq\u0259tl\u0259 se\u00e7ilmi\u015f xammallar v\u0259 x\u00fcsusi \u0259lav\u0259 edilmi\u015f probiotikl\u0259r, arginin, ql\u00fckozamin, xondroitin il\u0259 balan\u0131z\u0131n madd\u0259l\u0259r m\u00fcbadil\u0259sinin optimal i\u015fl\u0259m\u0259sini d\u0259st\u0259kl\u0259yir v\u0259 sa\u011flam h\u0259yat s\u00fcrm\u0259sin\u0259 k\u00f6m\u0259k edir. T\u0259rkibi:Emal edilmi\u015f quzu z\u00fclal\u0131, emal edilmi\u015f heyvan z\u00fclal\u0131, toyuq ya\u011f\u0131, qar\u011f\u0131dal\u0131, d\u00fcy\u00fc, \u015f\u0259k\u0259r \u00e7u\u011funduru, qaraciy\u0259r l\u0259zz\u0259ti, z\u0259rdab tozu, Alltech qida \u0259lav\u0259l\u0259ri (Mannan&#8230;<\/p>","protected":false},"featured_media":989694,"comment_status":"closed","ping_status":"closed","template":"","meta":{"nf_dc_page":"","_monsterinsights_skip_tracking":false,"_monsterinsights_sitenote_active":false,"_monsterinsights_sitenote_note":"","_monsterinsights_sitenote_category":0},"product_brand":[],"product_cat":[58,244,245],"product_tag":[],"class_list":{"0":"post-989693","1":"product","2":"type-product","3":"status-publish","4":"has-post-thumbnail","6":"product_cat-dog","7":"product_cat-it-ve-pisik-mehsullari","8":"product_cat-yemler","10":"first","11":"instock","12":"shipping-taxable","13":"product-type-simple"},"jetpack_sharing_enabled":true,"_links":{"self":[{"href":"https:\/\/agrovetazerbaijan.az\/en\/wp-json\/wp\/v2\/product\/989693","targetHints":{"allow":["GET"]}}],"collection":[{"href":"https:\/\/agrovetazerbaijan.az\/en\/wp-json\/wp\/v2\/product"}],"about":[{"href":"https:\/\/agrovetazerbaijan.az\/en\/wp-json\/wp\/v2\/types\/product"}],"replies":[{"embeddable":true,"href":"https:\/\/agrovetazerbaijan.az\/en\/wp-json\/wp\/v2\/comments?post=989693"}],"version-history":[{"count":2,"href":"https:\/\/agrovetazerbaijan.az\/en\/wp-json\/wp\/v2\/product\/989693\/revisions"}],"predecessor-version":[{"id":989819,"href":"https:\/\/agrovetazerbaijan.az\/en\/wp-json\/wp\/v2\/product\/989693\/revisions\/989819"}],"wp:featuredmedia":[{"embeddable":true,"href":"https:\/\/agrovetazerbaijan.az\/en\/wp-json\/wp\/v2\/media\/989694"}],"wp:attachment":[{"href":"https:\/\/agrovetazerbaijan.az\/en\/wp-json\/wp\/v2\/media?parent=989693"}],"wp:term":[{"taxonomy":"product_brand","embeddable":true,"href":"https:\/\/agrovetazerbaijan.az\/en\/wp-json\/wp\/v2\/product_brand?post=989693"},{"taxonomy":"product_cat","embeddable":true,"href":"https:\/\/agrovetazerbaijan.az\/en\/wp-json\/wp\/v2\/product_cat?post=989693"},{"taxonomy":"product_tag","embeddable":true,"href":"https:\/\/agrovetazerbaijan.az\/en\/wp-json\/wp\/v2\/product_tag?post=989693"}],"curies":[{"name":"wp","href":"https:\/\/api.w.org\/{rel}","templated":true}]}}