{"id":989690,"date":"2025-06-19T22:26:02","date_gmt":"2025-06-19T22:26:02","guid":{"rendered":"https:\/\/agrovetazerbaijan.az\/?post_type=product&#038;p=989690"},"modified":"2025-07-10T22:54:10","modified_gmt":"2025-07-10T22:54:10","slug":"petline-premium-yetkin-quzu","status":"publish","type":"product","link":"https:\/\/agrovetazerbaijan.az\/en\/product\/petline-premium-yetkin-quzu\/","title":{"rendered":"Petline Premium Adult Lamb"},"content":{"rendered":"<div class=\"vgblk-rw-wrapper limit-wrapper\">\n<h3 data-start=\"233\" data-end=\"284\">\ud83d\udc36 <strong data-start=\"240\" data-end=\"284\">Petline Premium Adult Lamb Dog Food<\/strong><\/h3>\n<p data-start=\"286\" data-end=\"668\"><strong data-start=\"286\" data-end=\"298\">Description:<\/strong><br data-start=\"298\" data-end=\"301\" \/>Petline Premium Lamb Dog Food is a high-quality and balanced diet formulated for adult dogs of all breeds over one year of age. <strong data-start=\"463\" data-end=\"480\">premium class<\/strong> It is a food. It supports muscle development thanks to its richness in animal protein, <strong data-start=\"575\" data-end=\"596\">Alltech supplements<\/strong> thanks to which it helps to strengthen the digestive system and immunity.<\/p>\n<hr data-start=\"670\" data-end=\"673\" \/>\n<p data-start=\"675\" data-end=\"1111\"><strong data-start=\"675\" data-end=\"687\">Ingredients:<\/strong><br data-start=\"687\" data-end=\"690\" \/>Lamb protein, processed fish protein, hydrolyzed chicken protein, chicken fat, rice, corn, fish oil, sugar beet, fish flavor, <strong data-start=\"835\" data-end=\"861\">Alltech nutritional supplements<\/strong> (Mannan Oligosaccharides, Yucca Schidigera, Mycotoxin Binders, etc.), amino acids, <strong data-start=\"955\" data-end=\"975\">organic selenium<\/strong>, <strong data-start=\"977\" data-end=\"994\">prebiotics<\/strong>, <strong data-start=\"996\" data-end=\"1013\">probiotics<\/strong>, <strong data-start=\"1015\" data-end=\"1038\">Xylo-Oligosaccharide<\/strong>, brewer&#039;s yeast, flaxseed, salt, taurine, preservatives, antioxidants.<\/p>\n<hr data-start=\"1113\" data-end=\"1116\" \/>\n<p data-start=\"1118\" data-end=\"1209\"><strong data-start=\"1118\" data-end=\"1133\">Minerals:<\/strong><br data-start=\"1133\" data-end=\"1136\" \/>Calcium, phosphorus, sodium, iodine, zinc, copper, potassium chloride, iron, selenium.<\/p>\n<hr data-start=\"1211\" data-end=\"1214\" \/>\n<p data-start=\"1216\" data-end=\"1414\"><strong data-start=\"1216\" data-end=\"1231\">Vitamins:<\/strong><br data-start=\"1231\" data-end=\"1234\" \/>Vit. A, Vit. D, Vit. E, Vit. C, Vit. K, Vit. B1, B2, B6, B12, <strong data-start=\"1290\" data-end=\"1312\">Calcium Pantothenate<\/strong>, <strong data-start=\"1314\" data-end=\"1329\">Folic acid<\/strong> (2.5 mg\/kg), <strong data-start=\"1343\" data-end=\"1352\">Colin<\/strong> (2500 mg\/kg), <strong data-start=\"1367\" data-end=\"1377\">Niacin<\/strong> (150 mg\/kg), <strong data-start=\"1391\" data-end=\"1401\">Biotin<\/strong> (0.8 mg\/kg).<\/p>\n<hr data-start=\"1416\" data-end=\"1419\" \/>\n<p data-start=\"1421\" data-end=\"1449\"><strong data-start=\"1421\" data-end=\"1447\">Analytical Indicators:<\/strong><\/p>\n<ul data-start=\"1450\" data-end=\"1533\">\n<li data-start=\"1450\" data-end=\"1474\">\n<p data-start=\"1452\" data-end=\"1474\"><strong data-start=\"1452\" data-end=\"1468\">Crude Protein:<\/strong> 34%<\/p>\n<\/li>\n<li data-start=\"1475\" data-end=\"1495\">\n<p data-start=\"1477\" data-end=\"1495\"><strong data-start=\"1477\" data-end=\"1489\">Crude Oil:<\/strong> 15%<\/p>\n<\/li>\n<li data-start=\"1496\" data-end=\"1515\">\n<p data-start=\"1498\" data-end=\"1515\"><strong data-start=\"1498\" data-end=\"1510\">Raw Fiber:<\/strong> 3%<\/p>\n<\/li>\n<li data-start=\"1516\" data-end=\"1533\">\n<p data-start=\"1518\" data-end=\"1533\"><strong data-start=\"1518\" data-end=\"1530\">Raw Ash:<\/strong> 8%<\/p>\n<\/li>\n<\/ul>\n<hr data-start=\"1535\" data-end=\"1538\" \/>\n<p data-start=\"1692\" data-end=\"1865\">\n<\/div>\n<p><!-- .vgblk-rw-wrapper --><\/p>","protected":false},"excerpt":{"rendered":"<p>\ud83d\udc36 Petline Premium Yetkin Quzu \u018ftli \u0130t Yemi T\u0259sviri:Petline Premium Quzulu \u0130t Yemi, bir ya\u015fdan yuxar\u0131 b\u00fct\u00fcn cinsl\u0259rd\u0259n olan yetkin itl\u0259r \u00fc\u00e7\u00fcn haz\u0131rlanm\u0131\u015f, y\u00fcks\u0259k keyfiyy\u0259tli v\u0259 balansla\u015fd\u0131r\u0131lm\u0131\u015f rasion t\u0259qdim ed\u0259n premium sinif yemdir. Heyvan m\u0259n\u015f\u0259li z\u00fclal bax\u0131m\u0131ndan z\u0259ngin olmas\u0131 say\u0259sind\u0259 \u0259z\u0259l\u0259 inki\u015faf\u0131n\u0131 d\u0259st\u0259kl\u0259yir, Alltech \u0259lav\u0259l\u0259ri say\u0259sind\u0259 is\u0259 h\u0259zm sistemi v\u0259 immunitetin g\u00fccl\u0259ndirilm\u0259sin\u0259 k\u00f6m\u0259k edir. T\u0259rkibi:Quzu&#8230;<\/p>","protected":false},"featured_media":989691,"comment_status":"closed","ping_status":"closed","template":"","meta":{"nf_dc_page":"","_monsterinsights_skip_tracking":false,"_monsterinsights_sitenote_active":false,"_monsterinsights_sitenote_note":"","_monsterinsights_sitenote_category":0},"product_brand":[],"product_cat":[58,244,245],"product_tag":[],"class_list":{"0":"post-989690","1":"product","2":"type-product","3":"status-publish","4":"has-post-thumbnail","6":"product_cat-dog","7":"product_cat-it-ve-pisik-mehsullari","8":"product_cat-yemler","10":"first","11":"instock","12":"shipping-taxable","13":"product-type-simple"},"jetpack_sharing_enabled":true,"_links":{"self":[{"href":"https:\/\/agrovetazerbaijan.az\/en\/wp-json\/wp\/v2\/product\/989690","targetHints":{"allow":["GET"]}}],"collection":[{"href":"https:\/\/agrovetazerbaijan.az\/en\/wp-json\/wp\/v2\/product"}],"about":[{"href":"https:\/\/agrovetazerbaijan.az\/en\/wp-json\/wp\/v2\/types\/product"}],"replies":[{"embeddable":true,"href":"https:\/\/agrovetazerbaijan.az\/en\/wp-json\/wp\/v2\/comments?post=989690"}],"version-history":[{"count":2,"href":"https:\/\/agrovetazerbaijan.az\/en\/wp-json\/wp\/v2\/product\/989690\/revisions"}],"predecessor-version":[{"id":989820,"href":"https:\/\/agrovetazerbaijan.az\/en\/wp-json\/wp\/v2\/product\/989690\/revisions\/989820"}],"wp:featuredmedia":[{"embeddable":true,"href":"https:\/\/agrovetazerbaijan.az\/en\/wp-json\/wp\/v2\/media\/989691"}],"wp:attachment":[{"href":"https:\/\/agrovetazerbaijan.az\/en\/wp-json\/wp\/v2\/media?parent=989690"}],"wp:term":[{"taxonomy":"product_brand","embeddable":true,"href":"https:\/\/agrovetazerbaijan.az\/en\/wp-json\/wp\/v2\/product_brand?post=989690"},{"taxonomy":"product_cat","embeddable":true,"href":"https:\/\/agrovetazerbaijan.az\/en\/wp-json\/wp\/v2\/product_cat?post=989690"},{"taxonomy":"product_tag","embeddable":true,"href":"https:\/\/agrovetazerbaijan.az\/en\/wp-json\/wp\/v2\/product_tag?post=989690"}],"curies":[{"name":"wp","href":"https:\/\/api.w.org\/{rel}","templated":true}]}}