{"id":989687,"date":"2025-06-19T22:21:52","date_gmt":"2025-06-19T22:21:52","guid":{"rendered":"https:\/\/agrovetazerbaijan.az\/?post_type=product&#038;p=989687"},"modified":"2025-07-10T22:52:11","modified_gmt":"2025-07-10T22:52:11","slug":"toyuq-%c9%99ti-il%c9%99-herbamax-premium-yetkin-pisik-yemi","status":"publish","type":"product","link":"https:\/\/agrovetazerbaijan.az\/en\/product\/toyuq-%c9%99ti-il%c9%99-herbamax-premium-yetkin-pisik-yemi\/","title":{"rendered":"Herbamax Premium Adult Cat Food with Chicken"},"content":{"rendered":"<div class=\"vgblk-rw-wrapper limit-wrapper\">\n<h3 data-start=\"142\" data-end=\"220\">\ud83d\udc31 <strong data-start=\"149\" data-end=\"220\">Herbamax Premium Chicken Adult Cat Food<\/strong><\/h3>\n<p data-start=\"222\" data-end=\"640\"><strong data-start=\"222\" data-end=\"234\">Description:<\/strong><br data-start=\"234\" data-end=\"237\" \/><strong data-start=\"237\" data-end=\"281\">Herbamax Premium Chicken Adult Cat Food<\/strong>is a high-quality food for cats of all breeds over one year old. Suitable for cats kept indoors or outdoors <strong data-start=\"425\" data-end=\"467\">meets daily nutritional needs<\/strong>, strengthens immunity, and is beneficial for healthy hair and skin. <strong data-start=\"534\" data-end=\"579\">Formula enriched with chicken protein<\/strong>, increases energy levels and supports overall health.<\/p>\n<hr data-start=\"642\" data-end=\"645\" \/>\n<p data-start=\"647\" data-end=\"859\"><strong data-start=\"647\" data-end=\"659\">Ingredients:<\/strong><br data-start=\"659\" data-end=\"662\" \/>Processed chicken protein, wheat, corn, processed animal protein, animal fat, bonkalite, corn gluten, dried sugar beet, liver flavor, salt, flaxseed, dried brewer&#039;s yeast, taurine.<\/p>\n<hr data-start=\"861\" data-end=\"864\" \/>\n<p data-start=\"866\" data-end=\"957\"><strong data-start=\"866\" data-end=\"881\">Minerals:<\/strong><br data-start=\"881\" data-end=\"884\" \/>Calcium, phosphorus, sodium, iodine, zinc, copper, potassium chloride, iron, selenium.<\/p>\n<hr data-start=\"959\" data-end=\"962\" \/>\n<p data-start=\"964\" data-end=\"1092\"><strong data-start=\"964\" data-end=\"979\">Vitamins:<\/strong><br data-start=\"979\" data-end=\"982\" \/>Vitamin A, D, E, C, B1, B2, B3 (niacin), B6, B12, B7 (biotin), B9 (folic acid), K, Choline, Calcium Pantothenate.<\/p>\n<hr data-start=\"1094\" data-end=\"1097\" \/>\n<p data-start=\"1099\" data-end=\"1276\">\ud83d\udce6 <strong data-start=\"1102\" data-end=\"1118\">Packaging:<\/strong> 10 kg bag<\/p>\n<\/div>\n<p><!-- .vgblk-rw-wrapper --><\/p>","protected":false},"excerpt":{"rendered":"<p>\ud83d\udc31 Herbamax Premium Chicken Adult Cat Food \u2013 Toyuqlu Yetkin Pi\u015fik Yemi T\u0259sviri:Herbamax Premium Toyuq Yetkin Pi\u015fik Yemi, bir ya\u015f\u0131ndan yuxar\u0131 b\u00fct\u00fcn cinsl\u0259rd\u0259n olan pi\u015fikl\u0259r \u00fc\u00e7\u00fcn haz\u0131rlanm\u0131\u015f y\u00fcks\u0259k keyfiyy\u0259tli yemdir. Qapal\u0131 v\u0259 ya a\u00e7\u0131q \u015f\u0259raitd\u0259 b\u0259sl\u0259n\u0259n pi\u015fikl\u0259rin g\u00fcnd\u0259lik qida ehtiyaclar\u0131n\u0131 qar\u015f\u0131lay\u0131r, immunitetini g\u00fccl\u0259ndirir, sa\u011flam t\u00fckl\u0259r v\u0259 d\u0259ri \u00fc\u00e7\u00fcn faydal\u0131d\u0131r. Toyuq z\u00fclal\u0131 il\u0259 z\u0259nginl\u0259\u015fdirilmi\u015f formul, enerji&#8230;<\/p>","protected":false},"featured_media":989688,"comment_status":"closed","ping_status":"closed","template":"","meta":{"nf_dc_page":"","_monsterinsights_skip_tracking":false,"_monsterinsights_sitenote_active":false,"_monsterinsights_sitenote_note":"","_monsterinsights_sitenote_category":0},"product_brand":[],"product_cat":[244,51,245],"product_tag":[],"class_list":{"0":"post-989687","1":"product","2":"type-product","3":"status-publish","4":"has-post-thumbnail","6":"product_cat-it-ve-pisik-mehsullari","7":"product_cat-cat","8":"product_cat-yemler","10":"first","11":"instock","12":"shipping-taxable","13":"product-type-simple"},"jetpack_sharing_enabled":true,"_links":{"self":[{"href":"https:\/\/agrovetazerbaijan.az\/en\/wp-json\/wp\/v2\/product\/989687","targetHints":{"allow":["GET"]}}],"collection":[{"href":"https:\/\/agrovetazerbaijan.az\/en\/wp-json\/wp\/v2\/product"}],"about":[{"href":"https:\/\/agrovetazerbaijan.az\/en\/wp-json\/wp\/v2\/types\/product"}],"replies":[{"embeddable":true,"href":"https:\/\/agrovetazerbaijan.az\/en\/wp-json\/wp\/v2\/comments?post=989687"}],"version-history":[{"count":2,"href":"https:\/\/agrovetazerbaijan.az\/en\/wp-json\/wp\/v2\/product\/989687\/revisions"}],"predecessor-version":[{"id":989818,"href":"https:\/\/agrovetazerbaijan.az\/en\/wp-json\/wp\/v2\/product\/989687\/revisions\/989818"}],"wp:featuredmedia":[{"embeddable":true,"href":"https:\/\/agrovetazerbaijan.az\/en\/wp-json\/wp\/v2\/media\/989688"}],"wp:attachment":[{"href":"https:\/\/agrovetazerbaijan.az\/en\/wp-json\/wp\/v2\/media?parent=989687"}],"wp:term":[{"taxonomy":"product_brand","embeddable":true,"href":"https:\/\/agrovetazerbaijan.az\/en\/wp-json\/wp\/v2\/product_brand?post=989687"},{"taxonomy":"product_cat","embeddable":true,"href":"https:\/\/agrovetazerbaijan.az\/en\/wp-json\/wp\/v2\/product_cat?post=989687"},{"taxonomy":"product_tag","embeddable":true,"href":"https:\/\/agrovetazerbaijan.az\/en\/wp-json\/wp\/v2\/product_tag?post=989687"}],"curies":[{"name":"wp","href":"https:\/\/api.w.org\/{rel}","templated":true}]}}