{"id":989684,"date":"2025-06-19T22:18:25","date_gmt":"2025-06-19T22:18:25","guid":{"rendered":"https:\/\/agrovetazerbaijan.az\/?post_type=product&#038;p=989684"},"modified":"2025-07-10T22:56:21","modified_gmt":"2025-07-10T22:56:21","slug":"herbamax-premium-meat-cat-food","status":"publish","type":"product","link":"https:\/\/agrovetazerbaijan.az\/en\/product\/herbamax-premium-meat-cat-food\/","title":{"rendered":"Herbamax Premium Meat Cat Food"},"content":{"rendered":"<div class=\"vgblk-rw-wrapper limit-wrapper\">\n<h3 data-start=\"125\" data-end=\"193\">\ud83d\udc31 <strong data-start=\"132\" data-end=\"193\">Herbamax Premium Meat Cat Food \u2013 Adult cat food with lamb<\/strong><\/h3>\n<p data-start=\"195\" data-end=\"603\"><strong data-start=\"195\" data-end=\"207\">Description:<\/strong><br data-start=\"207\" data-end=\"210\" \/><strong data-start=\"210\" data-end=\"244\">Herbamax Premium Meat Cat Food<\/strong>, suitable for all genders over one year old, <strong data-start=\"297\" data-end=\"346\">High-quality cat food with lamb protein<\/strong>Meets the daily energy and nutritional needs of adult cats fed indoors or outdoors. <strong data-start=\"445\" data-end=\"499\">Formula rich in protein, vitamins and minerals<\/strong> It strengthens the immune system, supports healthy skin and hair, and improves overall health.<\/p>\n<hr data-start=\"605\" data-end=\"608\" \/>\n<p data-start=\"610\" data-end=\"826\"><strong data-start=\"610\" data-end=\"622\">Ingredients:<\/strong><br data-start=\"622\" data-end=\"625\" \/>Processed animal protein, wheat, processed lamb protein, corn, animal fat, bonkalite, corn gluten, dried sugar beet, liver flavor, salt, flaxseed, dried brewer&#039;s yeast, taurine.<\/p>\n<hr data-start=\"828\" data-end=\"831\" \/>\n<p data-start=\"833\" data-end=\"924\"><strong data-start=\"833\" data-end=\"848\">Minerals:<\/strong><br data-start=\"848\" data-end=\"851\" \/>Calcium, phosphorus, sodium, iodine, zinc, copper, potassium chloride, iron, selenium.<\/p>\n<hr data-start=\"926\" data-end=\"929\" \/>\n<p data-start=\"931\" data-end=\"1059\"><strong data-start=\"931\" data-end=\"946\">Vitamins:<\/strong><br data-start=\"946\" data-end=\"949\" \/>Vitamin A, D, E, C, B1, B2, B3 (niacin), B6, B12, B7 (biotin), B9 (folic acid), K, Choline, Calcium Pantothenate.<\/p>\n<hr data-start=\"1061\" data-end=\"1064\" \/>\n<p data-start=\"1270\" data-end=\"1443\">\n<\/div>\n<p><!-- .vgblk-rw-wrapper --><\/p>","protected":false},"excerpt":{"rendered":"<p>\ud83d\udc31 Herbamax Premium Meat Cat Food \u2013 Quzulu Yetkin Pi\u015fik Yemi T\u0259sviri:Herbamax Premium Meat Cat Food, bir ya\u015f\u0131ndan yuxar\u0131 b\u00fct\u00fcn cinsl\u0259r \u00fc\u00e7\u00fcn uy\u011fun olan, quzu z\u00fclall\u0131 y\u00fcks\u0259k keyfiyy\u0259tli pi\u015fik yemidir. Evd\u0259 v\u0259 ya a\u00e7\u0131q havada b\u0259sl\u0259n\u0259n yetkin pi\u015fikl\u0259rin g\u00fcnd\u0259lik enerji v\u0259 qida t\u0259l\u0259bat\u0131n\u0131 qar\u015f\u0131lay\u0131r. Z\u00fclal, vitamin v\u0259 mineral bax\u0131m\u0131ndan z\u0259ngin formul say\u0259sind\u0259 immuniteti g\u00fccl\u0259ndirir, sa\u011flam&#8230;<\/p>","protected":false},"featured_media":989685,"comment_status":"closed","ping_status":"closed","template":"","meta":{"nf_dc_page":"","_monsterinsights_skip_tracking":false,"_monsterinsights_sitenote_active":false,"_monsterinsights_sitenote_note":"","_monsterinsights_sitenote_category":0},"product_brand":[],"product_cat":[244,51,245],"product_tag":[],"class_list":{"0":"post-989684","1":"product","2":"type-product","3":"status-publish","4":"has-post-thumbnail","6":"product_cat-it-ve-pisik-mehsullari","7":"product_cat-cat","8":"product_cat-yemler","10":"first","11":"instock","12":"shipping-taxable","13":"product-type-simple"},"jetpack_sharing_enabled":true,"_links":{"self":[{"href":"https:\/\/agrovetazerbaijan.az\/en\/wp-json\/wp\/v2\/product\/989684","targetHints":{"allow":["GET"]}}],"collection":[{"href":"https:\/\/agrovetazerbaijan.az\/en\/wp-json\/wp\/v2\/product"}],"about":[{"href":"https:\/\/agrovetazerbaijan.az\/en\/wp-json\/wp\/v2\/types\/product"}],"replies":[{"embeddable":true,"href":"https:\/\/agrovetazerbaijan.az\/en\/wp-json\/wp\/v2\/comments?post=989684"}],"version-history":[{"count":2,"href":"https:\/\/agrovetazerbaijan.az\/en\/wp-json\/wp\/v2\/product\/989684\/revisions"}],"predecessor-version":[{"id":989822,"href":"https:\/\/agrovetazerbaijan.az\/en\/wp-json\/wp\/v2\/product\/989684\/revisions\/989822"}],"wp:featuredmedia":[{"embeddable":true,"href":"https:\/\/agrovetazerbaijan.az\/en\/wp-json\/wp\/v2\/media\/989685"}],"wp:attachment":[{"href":"https:\/\/agrovetazerbaijan.az\/en\/wp-json\/wp\/v2\/media?parent=989684"}],"wp:term":[{"taxonomy":"product_brand","embeddable":true,"href":"https:\/\/agrovetazerbaijan.az\/en\/wp-json\/wp\/v2\/product_brand?post=989684"},{"taxonomy":"product_cat","embeddable":true,"href":"https:\/\/agrovetazerbaijan.az\/en\/wp-json\/wp\/v2\/product_cat?post=989684"},{"taxonomy":"product_tag","embeddable":true,"href":"https:\/\/agrovetazerbaijan.az\/en\/wp-json\/wp\/v2\/product_tag?post=989684"}],"curies":[{"name":"wp","href":"https:\/\/api.w.org\/{rel}","templated":true}]}}