{"id":989681,"date":"2025-06-19T22:10:26","date_gmt":"2025-06-19T22:10:26","guid":{"rendered":"https:\/\/agrovetazerbaijan.az\/?post_type=product&#038;p=989681"},"modified":"2025-06-19T22:10:45","modified_gmt":"2025-06-19T22:10:45","slug":"herbamax-premium-kitten-food","status":"publish","type":"product","link":"https:\/\/agrovetazerbaijan.az\/en\/product\/herbamax-premium-kitten-food\/","title":{"rendered":"Herbamax Premium Kitten Food"},"content":{"rendered":"<div class=\"vgblk-rw-wrapper limit-wrapper\">\n<h3 data-start=\"119\" data-end=\"184\">\ud83d\udc31 <strong data-start=\"126\" data-end=\"184\">Herbamax Premium Kitten Food \u2013 Kitten Cat Food with Chicken<\/strong><\/h3>\n<p data-start=\"186\" data-end=\"571\"><strong data-start=\"186\" data-end=\"198\">Description:<\/strong><br data-start=\"198\" data-end=\"201\" \/><strong data-start=\"201\" data-end=\"233\">Herbamax Premium Kitten Food<\/strong>, intended for cats of all breeds under 12 months old, <strong data-start=\"293\" data-end=\"325\">premium chicken protein feed<\/strong>. Meets all the nutritional requirements of kittens during the growth and development stages, whether raised indoors or outdoors. Thanks to its balanced composition in terms of protein and energy <strong data-start=\"504\" data-end=\"570\">supports bone and muscle development, immunity and activity<\/strong>.<\/p>\n<hr data-start=\"573\" data-end=\"576\" \/>\n<p data-start=\"578\" data-end=\"795\"><strong data-start=\"578\" data-end=\"590\">Ingredients:<\/strong><br data-start=\"590\" data-end=\"593\" \/>Processed animal protein, wheat, processed chicken protein, corn, animal fat, bonkalite, corn gluten, dried sugar beet, liver flavor, salt, flaxseed, dried brewer&#039;s yeast, taurine.<\/p>\n<hr data-start=\"797\" data-end=\"800\" \/>\n<p data-start=\"802\" data-end=\"893\"><strong data-start=\"802\" data-end=\"817\">Minerals:<\/strong><br data-start=\"817\" data-end=\"820\" \/>Calcium, phosphorus, sodium, iodine, zinc, copper, potassium chloride, iron, selenium.<\/p>\n<hr data-start=\"895\" data-end=\"898\" \/>\n<p data-start=\"900\" data-end=\"1029\"><strong data-start=\"900\" data-end=\"915\">Vitamins:<\/strong><br data-start=\"915\" data-end=\"918\" \/>Vitamin A, D3, E, C, B1, B2, B3 (niacin), B6, B12, B7 (biotin), B9 (folic acid), K, choline, calcium pantothenate.<\/p>\n<hr data-start=\"1031\" data-end=\"1034\" \/>\n<p data-start=\"1036\" data-end=\"1080\"><strong data-start=\"1036\" data-end=\"1078\">Analytical Composition \/ Food Components:<\/strong><\/p>\n<ul data-start=\"1081\" data-end=\"1278\">\n<li data-start=\"1081\" data-end=\"1099\">\n<p data-start=\"1083\" data-end=\"1099\">Crude protein: 30%<\/p>\n<\/li>\n<li data-start=\"1100\" data-end=\"1116\">\n<p data-start=\"1102\" data-end=\"1116\">Crude oil: 12%<\/p>\n<\/li>\n<li data-start=\"1117\" data-end=\"1132\">\n<p data-start=\"1119\" data-end=\"1132\">Raw fiber: 3%<\/p>\n<\/li>\n<li data-start=\"1133\" data-end=\"1148\">\n<p data-start=\"1135\" data-end=\"1148\">Raw ash: 8%<\/p>\n<\/li>\n<li data-start=\"1149\" data-end=\"1176\">\n<p data-start=\"1151\" data-end=\"1176\">Vitamin A: 15,000 IU\/kg<\/p>\n<\/li>\n<li data-start=\"1177\" data-end=\"1204\">\n<p data-start=\"1179\" data-end=\"1204\">Vitamin D3: 1,000 IU\/kg<\/p>\n<\/li>\n<li data-start=\"1205\" data-end=\"1229\">\n<p data-start=\"1207\" data-end=\"1229\">Vitamin C: 120 mg\/kg<\/p>\n<\/li>\n<li data-start=\"1230\" data-end=\"1254\">\n<p data-start=\"1232\" data-end=\"1254\">Vitamin E: 150 mg\/kg<\/p>\n<\/li>\n<li data-start=\"1255\" data-end=\"1278\">\n<p data-start=\"1257\" data-end=\"1278\">Taurine: 1,000 mg\/kg<\/p>\n<\/li>\n<\/ul>\n<hr data-start=\"1280\" data-end=\"1283\" \/>\n<p data-start=\"1285\" data-end=\"1356\">\ud83d\udce6 <strong data-start=\"1288\" data-end=\"1304\">Packaging:<\/strong> 10 kg bag<br data-start=\"1315\" data-end=\"1318\" \/>\u23f3 <strong data-start=\"1320\" data-end=\"1341\">Expiration date:<\/strong> 24 months (2 years)<\/p>\n<\/div>\n<p><!-- .vgblk-rw-wrapper --><\/p>","protected":false},"excerpt":{"rendered":"<p>\ud83d\udc31 Herbamax Premium Kitten Food \u2013 Toyuqlu Bala Pi\u015fik Yemi T\u0259sviri:Herbamax Premium Kitten Food, 12 aydan ki\u00e7ik b\u00fct\u00fcn cins pi\u015fikl\u0259r \u00fc\u00e7\u00fcn n\u0259z\u0259rd\u0259 tutulmu\u015f, premium toyuq z\u00fclall\u0131 yemdir. Evd\u0259 v\u0259 ya a\u00e7\u0131q havada b\u0259sl\u0259n\u0259n bala pi\u015fikl\u0259rin b\u00f6y\u00fcm\u0259 v\u0259 inki\u015faf m\u0259rh\u0259l\u0259sind\u0259 b\u00fct\u00fcn qida t\u0259l\u0259bl\u0259rini qar\u015f\u0131lay\u0131r. Z\u00fclal v\u0259 enerji bax\u0131m\u0131ndan balansla\u015fd\u0131r\u0131lm\u0131\u015f t\u0259rkibi say\u0259sind\u0259 s\u00fcm\u00fck v\u0259 \u0259z\u0259l\u0259 inki\u015faf\u0131n\u0131, immuniteti&#8230;<\/p>","protected":false},"featured_media":989682,"comment_status":"closed","ping_status":"closed","template":"","meta":{"nf_dc_page":"","_monsterinsights_skip_tracking":false,"_monsterinsights_sitenote_active":false,"_monsterinsights_sitenote_note":"","_monsterinsights_sitenote_category":0},"product_brand":[],"product_cat":[244,51,245],"product_tag":[],"class_list":{"0":"post-989681","1":"product","2":"type-product","3":"status-publish","4":"has-post-thumbnail","6":"product_cat-it-ve-pisik-mehsullari","7":"product_cat-cat","8":"product_cat-yemler","10":"first","11":"instock","12":"shipping-taxable","13":"product-type-simple"},"jetpack_sharing_enabled":true,"_links":{"self":[{"href":"https:\/\/agrovetazerbaijan.az\/en\/wp-json\/wp\/v2\/product\/989681","targetHints":{"allow":["GET"]}}],"collection":[{"href":"https:\/\/agrovetazerbaijan.az\/en\/wp-json\/wp\/v2\/product"}],"about":[{"href":"https:\/\/agrovetazerbaijan.az\/en\/wp-json\/wp\/v2\/types\/product"}],"replies":[{"embeddable":true,"href":"https:\/\/agrovetazerbaijan.az\/en\/wp-json\/wp\/v2\/comments?post=989681"}],"version-history":[{"count":1,"href":"https:\/\/agrovetazerbaijan.az\/en\/wp-json\/wp\/v2\/product\/989681\/revisions"}],"predecessor-version":[{"id":989683,"href":"https:\/\/agrovetazerbaijan.az\/en\/wp-json\/wp\/v2\/product\/989681\/revisions\/989683"}],"wp:featuredmedia":[{"embeddable":true,"href":"https:\/\/agrovetazerbaijan.az\/en\/wp-json\/wp\/v2\/media\/989682"}],"wp:attachment":[{"href":"https:\/\/agrovetazerbaijan.az\/en\/wp-json\/wp\/v2\/media?parent=989681"}],"wp:term":[{"taxonomy":"product_brand","embeddable":true,"href":"https:\/\/agrovetazerbaijan.az\/en\/wp-json\/wp\/v2\/product_brand?post=989681"},{"taxonomy":"product_cat","embeddable":true,"href":"https:\/\/agrovetazerbaijan.az\/en\/wp-json\/wp\/v2\/product_cat?post=989681"},{"taxonomy":"product_tag","embeddable":true,"href":"https:\/\/agrovetazerbaijan.az\/en\/wp-json\/wp\/v2\/product_tag?post=989681"}],"curies":[{"name":"wp","href":"https:\/\/api.w.org\/{rel}","templated":true}]}}