{"id":989673,"date":"2025-06-19T21:45:57","date_gmt":"2025-06-19T21:45:57","guid":{"rendered":"https:\/\/agrovetazerbaijan.az\/?post_type=product&#038;p=989673"},"modified":"2025-07-10T22:58:04","modified_gmt":"2025-07-10T22:58:04","slug":"herbamax-premium-adult-food","status":"publish","type":"product","link":"https:\/\/agrovetazerbaijan.az\/en\/product\/herbamax-premium-adult-food\/","title":{"rendered":"Herbamax Premium Adult Food"},"content":{"rendered":"<div class=\"vgblk-rw-wrapper limit-wrapper\">\n<h3 data-start=\"124\" data-end=\"192\">\ud83d\udc36 <strong data-start=\"131\" data-end=\"192\">Herbamax Premium Adult Dog Food \u2013 Adult Dog Food with Lamb<\/strong><\/h3>\n<p data-start=\"194\" data-end=\"543\"><strong data-start=\"194\" data-end=\"206\">Description:<\/strong><br data-start=\"206\" data-end=\"209\" \/><strong data-start=\"209\" data-end=\"246\">Herbamax Premium Adult Dog Food<\/strong>, intended for dogs of all breeds over 12 months old, <strong data-start=\"312\" data-end=\"368\">It is a complete ration food made from premium lamb meat.<\/strong>. Ideal for dogs fed indoors or outdoors. With a balanced composition in terms of protein and energy <strong data-start=\"489\" data-end=\"531\">health, vitality and strong immunity<\/strong> provides.<\/p>\n<hr data-start=\"545\" data-end=\"548\" \/>\n<p data-start=\"550\" data-end=\"731\"><strong data-start=\"550\" data-end=\"562\">Ingredients:<\/strong><br data-start=\"562\" data-end=\"565\" \/>Lamb protein, wheat, corn, processed animal protein, wheat bran, boncolite, animal fat, rice, dried sugar beet, liver flavor, brewer&#039;s yeast, salt.<\/p>\n<hr data-start=\"733\" data-end=\"736\" \/>\n<p data-start=\"738\" data-end=\"829\"><strong data-start=\"738\" data-end=\"753\">Minerals:<\/strong><br data-start=\"753\" data-end=\"756\" \/>Calcium, phosphorus, sodium, iodine, zinc, copper, potassium chloride, iron, selenium.<\/p>\n<hr data-start=\"831\" data-end=\"834\" \/>\n<p data-start=\"836\" data-end=\"1163\">\n<\/div>\n<p><!-- .vgblk-rw-wrapper --><\/p>","protected":false},"excerpt":{"rendered":"<p>\ud83d\udc36 Herbamax Premium Yetkin \u0130t Qidas\u0131 \u2013 Quzulu Yetkin \u0130t Yemi T\u0259sviri:Herbamax Premium Yetkin \u0130t Qidas\u0131, 12 aydan yuxar\u0131 b\u00fct\u00fcn cinsl\u0259r\u0259 aid itl\u0259r \u00fc\u00e7\u00fcn n\u0259z\u0259rd\u0259 tutulmu\u015f, premium quzu \u0259tind\u0259n haz\u0131rlanm\u0131\u015f tam rasionlu yemdir. Ev \u015f\u0259raitind\u0259 v\u0259 ya a\u00e7\u0131q havada b\u0259sl\u0259n\u0259n itl\u0259r \u00fc\u00e7\u00fcn ideald\u0131r. Z\u00fclal v\u0259 enerji bax\u0131m\u0131ndan balansla\u015fd\u0131r\u0131lm\u0131\u015f t\u0259rkibi il\u0259 sa\u011flaml\u0131q, canl\u0131l\u0131q v\u0259 g\u00fccl\u00fc immunitet&#8230;<\/p>","protected":false},"featured_media":989674,"comment_status":"closed","ping_status":"closed","template":"","meta":{"nf_dc_page":"","_monsterinsights_skip_tracking":false,"_monsterinsights_sitenote_active":false,"_monsterinsights_sitenote_note":"","_monsterinsights_sitenote_category":0},"product_brand":[],"product_cat":[58,244,245],"product_tag":[],"class_list":{"0":"post-989673","1":"product","2":"type-product","3":"status-publish","4":"has-post-thumbnail","6":"product_cat-dog","7":"product_cat-it-ve-pisik-mehsullari","8":"product_cat-yemler","10":"first","11":"instock","12":"shipping-taxable","13":"product-type-simple"},"jetpack_sharing_enabled":true,"_links":{"self":[{"href":"https:\/\/agrovetazerbaijan.az\/en\/wp-json\/wp\/v2\/product\/989673","targetHints":{"allow":["GET"]}}],"collection":[{"href":"https:\/\/agrovetazerbaijan.az\/en\/wp-json\/wp\/v2\/product"}],"about":[{"href":"https:\/\/agrovetazerbaijan.az\/en\/wp-json\/wp\/v2\/types\/product"}],"replies":[{"embeddable":true,"href":"https:\/\/agrovetazerbaijan.az\/en\/wp-json\/wp\/v2\/comments?post=989673"}],"version-history":[{"count":2,"href":"https:\/\/agrovetazerbaijan.az\/en\/wp-json\/wp\/v2\/product\/989673\/revisions"}],"predecessor-version":[{"id":989823,"href":"https:\/\/agrovetazerbaijan.az\/en\/wp-json\/wp\/v2\/product\/989673\/revisions\/989823"}],"wp:featuredmedia":[{"embeddable":true,"href":"https:\/\/agrovetazerbaijan.az\/en\/wp-json\/wp\/v2\/media\/989674"}],"wp:attachment":[{"href":"https:\/\/agrovetazerbaijan.az\/en\/wp-json\/wp\/v2\/media?parent=989673"}],"wp:term":[{"taxonomy":"product_brand","embeddable":true,"href":"https:\/\/agrovetazerbaijan.az\/en\/wp-json\/wp\/v2\/product_brand?post=989673"},{"taxonomy":"product_cat","embeddable":true,"href":"https:\/\/agrovetazerbaijan.az\/en\/wp-json\/wp\/v2\/product_cat?post=989673"},{"taxonomy":"product_tag","embeddable":true,"href":"https:\/\/agrovetazerbaijan.az\/en\/wp-json\/wp\/v2\/product_tag?post=989673"}],"curies":[{"name":"wp","href":"https:\/\/api.w.org\/{rel}","templated":true}]}}