{"id":989670,"date":"2025-06-19T21:41:27","date_gmt":"2025-06-19T21:41:27","guid":{"rendered":"https:\/\/agrovetazerbaijan.az\/?post_type=product&#038;p=989670"},"modified":"2025-07-10T22:54:44","modified_gmt":"2025-07-10T22:54:44","slug":"herbamax-premium-puppy-food","status":"publish","type":"product","link":"https:\/\/agrovetazerbaijan.az\/en\/product\/herbamax-premium-puppy-food\/","title":{"rendered":"Herbamax Premium Puppy Food"},"content":{"rendered":"<div class=\"vgblk-rw-wrapper limit-wrapper\">\n<h3 data-start=\"107\" data-end=\"164\">\ud83d\udc3e <strong data-start=\"114\" data-end=\"164\">Herbamax Premium Puppy Food \u2013 Lamb Puppy Food<\/strong><\/h3>\n<p data-start=\"166\" data-end=\"453\"><strong data-start=\"166\" data-end=\"178\">Description:<\/strong><br data-start=\"178\" data-end=\"181\" \/><strong data-start=\"181\" data-end=\"212\">Herbamax Premium Puppy Food<\/strong>, fed at home or outdoors, <strong data-start=\"247\" data-end=\"296\">puppies of all breeds under 12 months old<\/strong> prepared for <strong data-start=\"314\" data-end=\"357\">made from premium quality lamb meat<\/strong> It is a complete feed. It supports the healthy development of puppies, a strong immune system and shiny fur.<\/p>\n<hr data-start=\"455\" data-end=\"458\" \/>\n<p data-start=\"460\" data-end=\"690\"><strong data-start=\"460\" data-end=\"472\">Ingredients:<\/strong><br data-start=\"472\" data-end=\"475\" \/>Processed animal protein, corn, processed lamb protein, wheat, animal fat, wheat bran, corn gluten, rice, dried sugar beet, liver flavor, whey, dried brewer&#039;s yeast, taurine, flaxseed, salt.<\/p>\n<hr data-start=\"692\" data-end=\"695\" \/>\n<p data-start=\"697\" data-end=\"788\"><strong data-start=\"697\" data-end=\"712\">Minerals:<\/strong><br data-start=\"712\" data-end=\"715\" \/>Calcium, phosphorus, sodium, iodine, zinc, copper, potassium chloride, iron, selenium.<\/p>\n<p data-start=\"790\" data-end=\"924\"><strong data-start=\"790\" data-end=\"805\">Vitamins:<\/strong><br data-start=\"805\" data-end=\"808\" \/>Vit. A, D, E, C, B1, B2, B3 (niacin), B6, B12, B7 (biotin), B9 (folic acid), vitamin K, Choline, Calcium pantothenate.<\/p>\n<hr data-start=\"926\" data-end=\"929\" \/>\n<p data-start=\"931\" data-end=\"1258\">\n<\/div>\n<p><!-- .vgblk-rw-wrapper --><\/p>","protected":false},"excerpt":{"rendered":"<p>\ud83d\udc3e Herbamax Premium Puppy Food \u2013 Quzulu Bala Yemi T\u0259sviri:Herbamax Premium Puppy Food, evd\u0259 v\u0259 ya a\u00e7\u0131q havada b\u0259sl\u0259n\u0259n, b\u00fct\u00fcn cinsl\u0259r\u0259 aid 12 aydan ki\u00e7ik it balalar\u0131 \u00fc\u00e7\u00fcn haz\u0131rlanm\u0131\u015f premium keyfiyy\u0259tli quzu \u0259tind\u0259n ibar\u0259t tam yemdir. Balalar\u0131n sa\u011flam inki\u015faf\u0131n\u0131, g\u00fccl\u00fc immun sistemini v\u0259 parlaq t\u00fckl\u0259rini d\u0259st\u0259kl\u0259yir. T\u0259rkibi:\u0130\u015fl\u0259nmi\u015f heyvan z\u00fclal\u0131, qar\u011f\u0131dal\u0131, emal edilmi\u015f quzu z\u00fclal\u0131, bu\u011fda,&#8230;<\/p>","protected":false},"featured_media":989671,"comment_status":"closed","ping_status":"closed","template":"","meta":{"nf_dc_page":"","_monsterinsights_skip_tracking":false,"_monsterinsights_sitenote_active":false,"_monsterinsights_sitenote_note":"","_monsterinsights_sitenote_category":0},"product_brand":[],"product_cat":[58,244,245],"product_tag":[],"class_list":{"0":"post-989670","1":"product","2":"type-product","3":"status-publish","4":"has-post-thumbnail","6":"product_cat-dog","7":"product_cat-it-ve-pisik-mehsullari","8":"product_cat-yemler","10":"first","11":"instock","12":"shipping-taxable","13":"product-type-simple"},"jetpack_sharing_enabled":true,"_links":{"self":[{"href":"https:\/\/agrovetazerbaijan.az\/en\/wp-json\/wp\/v2\/product\/989670","targetHints":{"allow":["GET"]}}],"collection":[{"href":"https:\/\/agrovetazerbaijan.az\/en\/wp-json\/wp\/v2\/product"}],"about":[{"href":"https:\/\/agrovetazerbaijan.az\/en\/wp-json\/wp\/v2\/types\/product"}],"replies":[{"embeddable":true,"href":"https:\/\/agrovetazerbaijan.az\/en\/wp-json\/wp\/v2\/comments?post=989670"}],"version-history":[{"count":2,"href":"https:\/\/agrovetazerbaijan.az\/en\/wp-json\/wp\/v2\/product\/989670\/revisions"}],"predecessor-version":[{"id":989821,"href":"https:\/\/agrovetazerbaijan.az\/en\/wp-json\/wp\/v2\/product\/989670\/revisions\/989821"}],"wp:featuredmedia":[{"embeddable":true,"href":"https:\/\/agrovetazerbaijan.az\/en\/wp-json\/wp\/v2\/media\/989671"}],"wp:attachment":[{"href":"https:\/\/agrovetazerbaijan.az\/en\/wp-json\/wp\/v2\/media?parent=989670"}],"wp:term":[{"taxonomy":"product_brand","embeddable":true,"href":"https:\/\/agrovetazerbaijan.az\/en\/wp-json\/wp\/v2\/product_brand?post=989670"},{"taxonomy":"product_cat","embeddable":true,"href":"https:\/\/agrovetazerbaijan.az\/en\/wp-json\/wp\/v2\/product_cat?post=989670"},{"taxonomy":"product_tag","embeddable":true,"href":"https:\/\/agrovetazerbaijan.az\/en\/wp-json\/wp\/v2\/product_tag?post=989670"}],"curies":[{"name":"wp","href":"https:\/\/api.w.org\/{rel}","templated":true}]}}