{"id":989662,"date":"2025-06-17T22:42:29","date_gmt":"2025-06-17T22:42:29","guid":{"rendered":"https:\/\/agrovetazerbaijan.az\/?post_type=product&#038;p=989662"},"modified":"2025-06-19T22:02:33","modified_gmt":"2025-06-19T22:02:33","slug":"dicalcium-phosphate-d-c-p-toz","status":"publish","type":"product","link":"https:\/\/agrovetazerbaijan.az\/en\/product\/dicalcium-phosphate-d-c-p-toz\/","title":{"rendered":"Dicalcium Phosphate (DCP) powder"},"content":{"rendered":"<div class=\"vgblk-rw-wrapper limit-wrapper\">\n<p data-start=\"159\" data-end=\"207\"><strong data-start=\"159\" data-end=\"171\">Ingredients:<\/strong><br data-start=\"171\" data-end=\"174\" \/>\ud83d\udfe1 Phosphorus \u2013 18%<br data-start=\"189\" data-end=\"192\" \/>\u26aa Calcium \u2013 24%<\/p>\n<p data-start=\"209\" data-end=\"369\"><strong data-start=\"209\" data-end=\"221\">Description:<\/strong><br data-start=\"221\" data-end=\"224\" \/>Dicalcium phosphate is used to enrich the feed ration of animals and birds with calcium and phosphorus minerals. Uses of this additive:<\/p>\n<ul data-start=\"371\" data-end=\"507\">\n<li data-start=\"371\" data-end=\"410\">\n<p data-start=\"373\" data-end=\"410\">Maintains calcium-phosphorus balance \u2696\ufe0f<\/p>\n<\/li>\n<li data-start=\"411\" data-end=\"472\">\n<p data-start=\"413\" data-end=\"472\">Helps strengthen bone and tooth structure \ud83e\uddb4\ud83e\uddb7<\/p>\n<\/li>\n<li data-start=\"473\" data-end=\"507\">\n<p data-start=\"475\" data-end=\"507\">Increases overall productivity \ud83d\udc04\ud83d\udc13<\/p>\n<\/li>\n<\/ul>\n<p data-start=\"509\" data-end=\"590\">\u2705 <strong data-start=\"511\" data-end=\"532\">Instructions for use:<\/strong><br data-start=\"532\" data-end=\"535\" \/>The dosage is determined according to the prescription. \ud83d\udcdd\ud83d\udc89<\/p>\n<p data-start=\"592\" data-end=\"686\">\ud83d\udce6 <strong data-start=\"595\" data-end=\"611\">Packaging:<\/strong> 50 kg paper bag<br data-start=\"628\" data-end=\"631\" \/>\ud83c\udfed <strong data-start=\"634\" data-end=\"649\">Manufacturer:<\/strong> Intraco Ltd.<br data-start=\"662\" data-end=\"665\" \/>\ud83c\udf0d <strong data-start=\"668\" data-end=\"678\">Origin:<\/strong> Belgium<\/p>\n<\/div>\n<p><!-- .vgblk-rw-wrapper --><\/p>","protected":false},"excerpt":{"rendered":"<p>T\u0259rkibi:\ud83d\udfe1 Fosfor \u2013 18%\u26aa Kalsium \u2013 24% T\u0259sviri:Dikalsium fosfat heyvan v\u0259 qu\u015flar\u0131n yem rasionunu kalsium v\u0259 fosfor minerallar\u0131 il\u0259 z\u0259nginl\u0259\u015fdirm\u0259k \u00fc\u00e7\u00fcn istifad\u0259 olunur. Bu \u0259lav\u0259nin istifad\u0259si: Kalsium-fosfor balans\u0131n\u0131 qoruyur \u2696\ufe0f S\u00fcm\u00fck v\u0259 di\u015f strukturunun m\u00f6hk\u0259ml\u0259nm\u0259sin\u0259 k\u00f6m\u0259k edir \ud83e\uddb4\ud83e\uddb7 \u00dcmumi m\u0259hsuldarl\u0131\u011f\u0131 art\u0131r\u0131r \ud83d\udc04\ud83d\udc13 \u2705 \u0130stifad\u0259 qaydas\u0131:\u0130stifad\u0259 dozas\u0131 resept\u0259 uy\u011fun olaraq t\u0259yin edilir. \ud83d\udcdd\ud83d\udc89 \ud83d\udce6 Qabla\u015fd\u0131rma: 50&#8230;<\/p>","protected":false},"featured_media":989680,"comment_status":"closed","ping_status":"closed","template":"","meta":{"nf_dc_page":"","_monsterinsights_skip_tracking":false,"_monsterinsights_sitenote_active":false,"_monsterinsights_sitenote_note":"","_monsterinsights_sitenote_category":0},"product_brand":[],"product_cat":[240,160],"product_tag":[],"class_list":{"0":"post-989662","1":"product","2":"type-product","3":"status-publish","4":"has-post-thumbnail","6":"product_cat-fostatlar","7":"product_cat-nutrients","9":"first","10":"instock","11":"shipping-taxable","12":"product-type-simple"},"jetpack_sharing_enabled":true,"_links":{"self":[{"href":"https:\/\/agrovetazerbaijan.az\/en\/wp-json\/wp\/v2\/product\/989662","targetHints":{"allow":["GET"]}}],"collection":[{"href":"https:\/\/agrovetazerbaijan.az\/en\/wp-json\/wp\/v2\/product"}],"about":[{"href":"https:\/\/agrovetazerbaijan.az\/en\/wp-json\/wp\/v2\/types\/product"}],"replies":[{"embeddable":true,"href":"https:\/\/agrovetazerbaijan.az\/en\/wp-json\/wp\/v2\/comments?post=989662"}],"version-history":[{"count":1,"href":"https:\/\/agrovetazerbaijan.az\/en\/wp-json\/wp\/v2\/product\/989662\/revisions"}],"predecessor-version":[{"id":989664,"href":"https:\/\/agrovetazerbaijan.az\/en\/wp-json\/wp\/v2\/product\/989662\/revisions\/989664"}],"wp:featuredmedia":[{"embeddable":true,"href":"https:\/\/agrovetazerbaijan.az\/en\/wp-json\/wp\/v2\/media\/989680"}],"wp:attachment":[{"href":"https:\/\/agrovetazerbaijan.az\/en\/wp-json\/wp\/v2\/media?parent=989662"}],"wp:term":[{"taxonomy":"product_brand","embeddable":true,"href":"https:\/\/agrovetazerbaijan.az\/en\/wp-json\/wp\/v2\/product_brand?post=989662"},{"taxonomy":"product_cat","embeddable":true,"href":"https:\/\/agrovetazerbaijan.az\/en\/wp-json\/wp\/v2\/product_cat?post=989662"},{"taxonomy":"product_tag","embeddable":true,"href":"https:\/\/agrovetazerbaijan.az\/en\/wp-json\/wp\/v2\/product_tag?post=989662"}],"curies":[{"name":"wp","href":"https:\/\/api.w.org\/{rel}","templated":true}]}}