{"id":989658,"date":"2025-06-17T22:38:22","date_gmt":"2025-06-17T22:38:22","guid":{"rendered":"https:\/\/agrovetazerbaijan.az\/?post_type=product&#038;p=989658"},"modified":"2025-06-17T22:38:34","modified_gmt":"2025-06-17T22:38:34","slug":"l-valine","status":"publish","type":"product","link":"https:\/\/agrovetazerbaijan.az\/en\/product\/l-valine\/","title":{"rendered":"L-Valine"},"content":{"rendered":"<div class=\"vgblk-rw-wrapper limit-wrapper\">\n<p data-start=\"134\" data-end=\"161\"><strong data-start=\"134\" data-end=\"146\">Ingredients:<\/strong><br data-start=\"146\" data-end=\"149\" \/>L-Valine 98%<\/p>\n<p data-start=\"163\" data-end=\"291\"><strong data-start=\"163\" data-end=\"175\">Description:<\/strong><br data-start=\"175\" data-end=\"178\" \/>L-Valine is used to enrich the diet of animals and birds with amino acids. This feed additive:<\/p>\n<ul data-start=\"293\" data-end=\"381\">\n<li data-start=\"293\" data-end=\"323\">\n<p data-start=\"295\" data-end=\"323\">Increases productivity \ud83d\udc04\ud83d\udc14<\/p>\n<\/li>\n<li data-start=\"324\" data-end=\"381\">\n<p data-start=\"326\" data-end=\"381\">Supports muscle development and overall health \ud83e\uddec\ud83d\udcaa<\/p>\n<\/li>\n<\/ul>\n<p data-start=\"383\" data-end=\"464\">\u2705 <strong data-start=\"385\" data-end=\"406\">Instructions for use:<\/strong><br data-start=\"406\" data-end=\"409\" \/>The dosage is determined according to the prescription. \u2696\ufe0f\ud83d\udccb<\/p>\n<p data-start=\"466\" data-end=\"573\">\ud83d\udce6 <strong data-start=\"469\" data-end=\"485\">Packaging:<\/strong> 25 kg paper bag<br data-start=\"502\" data-end=\"505\" \/>\ud83c\udfed <strong data-start=\"508\" data-end=\"523\">Manufacturer:<\/strong> Ningxia Eppen Biotech Co., Ltd.<br data-start=\"553\" data-end=\"556\" \/>\ud83c\udf0d <strong data-start=\"559\" data-end=\"569\">Origin:<\/strong> China<\/p>\n<\/div>\n<p><!-- .vgblk-rw-wrapper --><\/p>","protected":false},"excerpt":{"rendered":"<p>T\u0259rkibi:L-Valine 98% T\u0259sviri:L-Valine heyvan v\u0259 qu\u015flar\u0131n rasionunu amin tur\u015fusu il\u0259 z\u0259nginl\u0259\u015fdirm\u0259k m\u0259qs\u0259dil\u0259 istifad\u0259 olunur. Bu yem \u0259lav\u0259si: M\u0259hsuldarl\u0131\u011f\u0131 art\u0131r\u0131r \ud83d\udc04\ud83d\udc14 \u018fz\u0259l\u0259 inki\u015faf\u0131n\u0131 v\u0259 \u00fcmumi sa\u011flaml\u0131\u011f\u0131 d\u0259st\u0259kl\u0259yir \ud83e\uddec\ud83d\udcaa \u2705 \u0130stifad\u0259 qaydas\u0131:\u0130stifad\u0259 dozas\u0131 resept\u0259 uy\u011fun olaraq t\u0259yin edilir. \u2696\ufe0f\ud83d\udccb \ud83d\udce6 Qabla\u015fd\u0131rma: 25 kq ka\u011f\u0131z kis\u0259\ud83c\udfed \u0130stehsal\u00e7\u0131: Ningxia Eppen Biotech Co Ltd.\ud83c\udf0d M\u0259n\u015f\u0259: \u00c7in<\/p>","protected":false},"featured_media":989659,"comment_status":"closed","ping_status":"closed","template":"","meta":{"nf_dc_page":"","_monsterinsights_skip_tracking":false,"_monsterinsights_sitenote_active":false,"_monsterinsights_sitenote_note":"","_monsterinsights_sitenote_category":0},"product_brand":[],"product_cat":[239,160],"product_tag":[],"class_list":{"0":"post-989658","1":"product","2":"type-product","3":"status-publish","4":"has-post-thumbnail","6":"product_cat-amin-tursulari","7":"product_cat-nutrients","9":"first","10":"instock","11":"shipping-taxable","12":"product-type-simple"},"jetpack_sharing_enabled":true,"_links":{"self":[{"href":"https:\/\/agrovetazerbaijan.az\/en\/wp-json\/wp\/v2\/product\/989658","targetHints":{"allow":["GET"]}}],"collection":[{"href":"https:\/\/agrovetazerbaijan.az\/en\/wp-json\/wp\/v2\/product"}],"about":[{"href":"https:\/\/agrovetazerbaijan.az\/en\/wp-json\/wp\/v2\/types\/product"}],"replies":[{"embeddable":true,"href":"https:\/\/agrovetazerbaijan.az\/en\/wp-json\/wp\/v2\/comments?post=989658"}],"version-history":[{"count":1,"href":"https:\/\/agrovetazerbaijan.az\/en\/wp-json\/wp\/v2\/product\/989658\/revisions"}],"predecessor-version":[{"id":989660,"href":"https:\/\/agrovetazerbaijan.az\/en\/wp-json\/wp\/v2\/product\/989658\/revisions\/989660"}],"wp:featuredmedia":[{"embeddable":true,"href":"https:\/\/agrovetazerbaijan.az\/en\/wp-json\/wp\/v2\/media\/989659"}],"wp:attachment":[{"href":"https:\/\/agrovetazerbaijan.az\/en\/wp-json\/wp\/v2\/media?parent=989658"}],"wp:term":[{"taxonomy":"product_brand","embeddable":true,"href":"https:\/\/agrovetazerbaijan.az\/en\/wp-json\/wp\/v2\/product_brand?post=989658"},{"taxonomy":"product_cat","embeddable":true,"href":"https:\/\/agrovetazerbaijan.az\/en\/wp-json\/wp\/v2\/product_cat?post=989658"},{"taxonomy":"product_tag","embeddable":true,"href":"https:\/\/agrovetazerbaijan.az\/en\/wp-json\/wp\/v2\/product_tag?post=989658"}],"curies":[{"name":"wp","href":"https:\/\/api.w.org\/{rel}","templated":true}]}}