{"id":989655,"date":"2025-06-17T22:33:50","date_gmt":"2025-06-17T22:33:50","guid":{"rendered":"https:\/\/agrovetazerbaijan.az\/?post_type=product&#038;p=989655"},"modified":"2025-07-10T22:30:39","modified_gmt":"2025-07-10T22:30:39","slug":"l-lysine-monohydrochloride-985","status":"publish","type":"product","link":"https:\/\/agrovetazerbaijan.az\/en\/product\/l-lysine-monohydrochloride-985\/","title":{"rendered":"L-LYSINE MONOHYDROCHLORIDE 98.5%"},"content":{"rendered":"<div class=\"vgblk-rw-wrapper limit-wrapper\">\n<p data-start=\"123\" data-end=\"150\">L-Lysine 99%<\/p>\n<p data-start=\"152\" data-end=\"281\"><strong data-start=\"152\" data-end=\"164\">Description:<\/strong><br data-start=\"164\" data-end=\"167\" \/>L-Lysine is used to enrich the diet of animals and birds with the amino acid. This feed additive:<\/p>\n<ul data-start=\"283\" data-end=\"427\">\n<li data-start=\"283\" data-end=\"313\">\n<p data-start=\"285\" data-end=\"313\">Increases productivity \ud83d\udc04\ud83d\udc13<\/p>\n<\/li>\n<li data-start=\"314\" data-end=\"360\">\n<p data-start=\"316\" data-end=\"360\">Has a positive effect on mineral metabolism<\/p>\n<\/li>\n<li data-start=\"361\" data-end=\"427\">\n<p data-start=\"363\" data-end=\"427\">Improves the absorption of calcium, phosphorus and iron \ud83d\udcaa\ud83e\uddec<\/p>\n<\/li>\n<\/ul>\n<p data-start=\"429\" data-end=\"510\">\u2705 <strong data-start=\"431\" data-end=\"452\">Instructions for use:<\/strong><br data-start=\"452\" data-end=\"455\" \/>The dosage is determined according to the prescription. \u2696\ufe0f\ud83d\udccb<\/p>\n<p data-start=\"512\" data-end=\"621\">\ud83d\udce6 <strong data-start=\"515\" data-end=\"531\">Packaging:<\/strong> 25 kg paper bag<br data-start=\"548\" data-end=\"551\" \/>\ud83c\udfed <strong data-start=\"554\" data-end=\"569\">Manufacturer:<\/strong> Ningxia Eppen Biotech Co., Ltd.<br data-start=\"599\" data-end=\"602\" \/>\n<\/p>\n<\/div>\n<p><!-- .vgblk-rw-wrapper --><\/p>","protected":false},"excerpt":{"rendered":"<p>L-Lysine 99% T\u0259sviri:L-Lysine, heyvan v\u0259 qu\u015flar\u0131n rasionunu amin tur\u015fusu il\u0259 z\u0259nginl\u0259\u015fdirm\u0259k m\u0259qs\u0259dil\u0259 istifad\u0259 olunur. Bu yem \u0259lav\u0259si: M\u0259hsuldarl\u0131\u011f\u0131 art\u0131r\u0131r \ud83d\udc04\ud83d\udc13 Mineral m\u00fcbadil\u0259sin\u0259 m\u00fcsb\u0259t t\u0259sir g\u00f6st\u0259rir Kalsium, fosfor v\u0259 d\u0259mirin m\u0259nims\u0259nilm\u0259sini yax\u015f\u0131la\u015fd\u0131r\u0131r \ud83d\udcaa\ud83e\uddec \u2705 \u0130stifad\u0259 qaydas\u0131:\u0130stifad\u0259 dozas\u0131 resept\u0259 uy\u011fun olaraq t\u0259yin edilir. \u2696\ufe0f\ud83d\udccb \ud83d\udce6 Qabla\u015fd\u0131rma: 25 kq ka\u011f\u0131z kis\u0259\ud83c\udfed \u0130stehsal\u00e7\u0131: Ningxia Eppen Biotech Co Ltd.<\/p>","protected":false},"featured_media":989656,"comment_status":"closed","ping_status":"closed","template":"","meta":{"nf_dc_page":"","_monsterinsights_skip_tracking":false,"_monsterinsights_sitenote_active":false,"_monsterinsights_sitenote_note":"","_monsterinsights_sitenote_category":0},"product_brand":[],"product_cat":[239,160],"product_tag":[],"class_list":{"0":"post-989655","1":"product","2":"type-product","3":"status-publish","4":"has-post-thumbnail","6":"product_cat-amin-tursulari","7":"product_cat-nutrients","9":"first","10":"instock","11":"shipping-taxable","12":"product-type-simple"},"jetpack_sharing_enabled":true,"_links":{"self":[{"href":"https:\/\/agrovetazerbaijan.az\/en\/wp-json\/wp\/v2\/product\/989655","targetHints":{"allow":["GET"]}}],"collection":[{"href":"https:\/\/agrovetazerbaijan.az\/en\/wp-json\/wp\/v2\/product"}],"about":[{"href":"https:\/\/agrovetazerbaijan.az\/en\/wp-json\/wp\/v2\/types\/product"}],"replies":[{"embeddable":true,"href":"https:\/\/agrovetazerbaijan.az\/en\/wp-json\/wp\/v2\/comments?post=989655"}],"version-history":[{"count":2,"href":"https:\/\/agrovetazerbaijan.az\/en\/wp-json\/wp\/v2\/product\/989655\/revisions"}],"predecessor-version":[{"id":989811,"href":"https:\/\/agrovetazerbaijan.az\/en\/wp-json\/wp\/v2\/product\/989655\/revisions\/989811"}],"wp:featuredmedia":[{"embeddable":true,"href":"https:\/\/agrovetazerbaijan.az\/en\/wp-json\/wp\/v2\/media\/989656"}],"wp:attachment":[{"href":"https:\/\/agrovetazerbaijan.az\/en\/wp-json\/wp\/v2\/media?parent=989655"}],"wp:term":[{"taxonomy":"product_brand","embeddable":true,"href":"https:\/\/agrovetazerbaijan.az\/en\/wp-json\/wp\/v2\/product_brand?post=989655"},{"taxonomy":"product_cat","embeddable":true,"href":"https:\/\/agrovetazerbaijan.az\/en\/wp-json\/wp\/v2\/product_cat?post=989655"},{"taxonomy":"product_tag","embeddable":true,"href":"https:\/\/agrovetazerbaijan.az\/en\/wp-json\/wp\/v2\/product_tag?post=989655"}],"curies":[{"name":"wp","href":"https:\/\/api.w.org\/{rel}","templated":true}]}}