{"id":989648,"date":"2025-06-17T22:18:36","date_gmt":"2025-06-17T22:18:36","guid":{"rendered":"https:\/\/agrovetazerbaijan.az\/?post_type=product&#038;p=989648"},"modified":"2025-06-17T22:18:48","modified_gmt":"2025-06-17T22:18:48","slug":"choline-chloride-60","status":"publish","type":"product","link":"https:\/\/agrovetazerbaijan.az\/en\/product\/choline-chloride-60\/","title":{"rendered":"CHOLINE CHLORIDE 60"},"content":{"rendered":"<div class=\"vgblk-rw-wrapper limit-wrapper\">\n<p data-start=\"152\" data-end=\"185\"><strong data-start=\"152\" data-end=\"164\">Ingredients:<\/strong><br data-start=\"164\" data-end=\"167\" \/>Choline Chloride \u2013 60%<\/p>\n<p data-start=\"187\" data-end=\"454\"><strong data-start=\"187\" data-end=\"199\">Description:<\/strong><br data-start=\"199\" data-end=\"202\" \/>Choline Chloride 60% feed additive prevents egg shrinkage in birds, increases productivity in animals and birds, prevents fatty liver disease. Reduces the risk of mortality during the development of chicks and supports healthy growth.<\/p>\n<p data-start=\"456\" data-end=\"539\">\u2705 <strong data-start=\"458\" data-end=\"479\">Instructions for use:<\/strong><br data-start=\"479\" data-end=\"482\" \/>The dosage is determined according to the prescription. \u2696\ufe0f\ud83d\udc25<\/p>\n<p data-start=\"541\" data-end=\"631\">\ud83d\udce6 <strong data-start=\"544\" data-end=\"560\">Packaging:<\/strong> 20 kg bag<br data-start=\"571\" data-end=\"574\" \/>\ud83c\udfed <strong data-start=\"577\" data-end=\"592\">Manufacturer:<\/strong> Intraco Ltd.<br data-start=\"605\" data-end=\"608\" \/>\ud83c\udf0d <strong data-start=\"611\" data-end=\"621\">Origin:<\/strong> Belgium<\/p>\n<\/div>\n<p><!-- .vgblk-rw-wrapper --><\/p>","protected":false},"excerpt":{"rendered":"<p>T\u0259rkibi:Xolin Xlorid \u2013 60% T\u0259sviri:Choline Chloride 60% yem \u0259lav\u0259si qu\u015flarda yumurtalar\u0131n ki\u00e7ilm\u0259sinin qar\u015f\u0131s\u0131n\u0131 al\u0131r, heyvan v\u0259 qu\u015flarda m\u0259hsuldarl\u0131\u011f\u0131 art\u0131r\u0131r, qaraciy\u0259rin piy distrofiyas\u0131n\u0131n qar\u015f\u0131s\u0131n\u0131 al\u0131r. C\u00fcc\u0259l\u0259rin inki\u015faf\u0131 zaman\u0131 \u00f6l\u00fcm riskini azald\u0131r v\u0259 sa\u011flam b\u00f6y\u00fcm\u0259ni d\u0259st\u0259kl\u0259yir. \u2705 \u0130stifad\u0259 qaydas\u0131:\u0130stifad\u0259 dozas\u0131 resept\u0259 uy\u011fun olaraq t\u0259yin edilir. \u2696\ufe0f\ud83d\udc25 \ud83d\udce6 Qabla\u015fd\u0131rma: 20 kq kis\u0259\ud83c\udfed \u0130stehsal\u00e7\u0131: Intraco Ltd.\ud83c\udf0d M\u0259n\u015f\u0259: Bel\u00e7ika<\/p>","protected":false},"featured_media":989649,"comment_status":"closed","ping_status":"closed","template":"","meta":{"nf_dc_page":"","_monsterinsights_skip_tracking":false,"_monsterinsights_sitenote_active":false,"_monsterinsights_sitenote_note":"","_monsterinsights_sitenote_category":0},"product_brand":[],"product_cat":[243,160],"product_tag":[],"class_list":{"0":"post-989648","1":"product","2":"type-product","3":"status-publish","4":"has-post-thumbnail","6":"product_cat-others","7":"product_cat-nutrients","9":"first","10":"instock","11":"shipping-taxable","12":"product-type-simple"},"jetpack_sharing_enabled":true,"_links":{"self":[{"href":"https:\/\/agrovetazerbaijan.az\/en\/wp-json\/wp\/v2\/product\/989648","targetHints":{"allow":["GET"]}}],"collection":[{"href":"https:\/\/agrovetazerbaijan.az\/en\/wp-json\/wp\/v2\/product"}],"about":[{"href":"https:\/\/agrovetazerbaijan.az\/en\/wp-json\/wp\/v2\/types\/product"}],"replies":[{"embeddable":true,"href":"https:\/\/agrovetazerbaijan.az\/en\/wp-json\/wp\/v2\/comments?post=989648"}],"version-history":[{"count":1,"href":"https:\/\/agrovetazerbaijan.az\/en\/wp-json\/wp\/v2\/product\/989648\/revisions"}],"predecessor-version":[{"id":989650,"href":"https:\/\/agrovetazerbaijan.az\/en\/wp-json\/wp\/v2\/product\/989648\/revisions\/989650"}],"wp:featuredmedia":[{"embeddable":true,"href":"https:\/\/agrovetazerbaijan.az\/en\/wp-json\/wp\/v2\/media\/989649"}],"wp:attachment":[{"href":"https:\/\/agrovetazerbaijan.az\/en\/wp-json\/wp\/v2\/media?parent=989648"}],"wp:term":[{"taxonomy":"product_brand","embeddable":true,"href":"https:\/\/agrovetazerbaijan.az\/en\/wp-json\/wp\/v2\/product_brand?post=989648"},{"taxonomy":"product_cat","embeddable":true,"href":"https:\/\/agrovetazerbaijan.az\/en\/wp-json\/wp\/v2\/product_cat?post=989648"},{"taxonomy":"product_tag","embeddable":true,"href":"https:\/\/agrovetazerbaijan.az\/en\/wp-json\/wp\/v2\/product_tag?post=989648"}],"curies":[{"name":"wp","href":"https:\/\/api.w.org\/{rel}","templated":true}]}}