{"id":989645,"date":"2025-06-17T21:43:07","date_gmt":"2025-06-17T21:43:07","guid":{"rendered":"https:\/\/agrovetazerbaijan.az\/?post_type=product&#038;p=989645"},"modified":"2025-06-19T22:00:34","modified_gmt":"2025-06-19T22:00:34","slug":"intra-dox-yem-%c9%99lav%c9%99si-toz","status":"publish","type":"product","link":"https:\/\/agrovetazerbaijan.az\/en\/product\/intra-dox-yem-%c9%99lav%c9%99si-toz\/","title":{"rendered":"INTRA-DOX feed additive (powder)"},"content":{"rendered":"<div class=\"vgblk-rw-wrapper limit-wrapper\">\n<p data-start=\"58\" data-end=\"170\"><strong data-start=\"58\" data-end=\"70\">Ingredients:<\/strong><br data-start=\"70\" data-end=\"73\" \/>Citric acid, phosphoric acid, butyl hydroxide anisole, butyl hydroxide toluene, silicic acid<\/p>\n<p data-start=\"172\" data-end=\"561\"><strong data-start=\"172\" data-end=\"184\">Description:<\/strong><br data-start=\"184\" data-end=\"187\" \/>INTRA-DOX feed additive is an antioxidant preparation. It protects the fats, fat-soluble vitamins and carotene in feed from oxidation, preventing the loss of feed quality as a result of oxidation. This allows for long-term storage of feed, more beneficial use and increased productivity. It is used in farms by mixing it with feed.<\/p>\n<p data-start=\"563\" data-end=\"631\">\u2705 Instructions for use:<br data-start=\"582\" data-end=\"585\" \/>125-150 grams are mixed into 1 ton of feed.<\/p>\n<p data-start=\"633\" data-end=\"711\">\ud83d\udce6 Packaging: 25 kg bag<br data-start=\"659\" data-end=\"662\" \/>\ud83c\udfed Manufacturer: Intraco Ltd.<br data-start=\"689\" data-end=\"692\" \/>\ud83c\udf0d Origin: Belgium<\/p>\n<\/div>\n<p><!-- .vgblk-rw-wrapper --><\/p>","protected":false},"excerpt":{"rendered":"<p>T\u0259rkibi:Limon tur\u015fusu, fosfat tur\u015fusu, butil hidroksid anizol, butil hidroksid toluol, silisium tur\u015fusu T\u0259sviri:\u0130NTRA-DOX yem \u0259lav\u0259si antioksidant preparatd\u0131r. O, yemd\u0259 olan ya\u011flar\u0131, ya\u011fda h\u0259ll olan vitaminl\u0259ri v\u0259 karotini oksidl\u0259\u015fm\u0259d\u0259n qoruyur, oksidl\u0259\u015fm\u0259 n\u0259tic\u0259sind\u0259 yemin keyfiyy\u0259tinin itirilm\u0259sinin qar\u015f\u0131s\u0131n\u0131 al\u0131r. Bu, yemin uzun m\u00fcdd\u0259t saxlanmas\u0131na, daha faydal\u0131 istifad\u0259 edilm\u0259sin\u0259 v\u0259 m\u0259hsuldarl\u0131\u011f\u0131n artmas\u0131na \u015f\u0259rait yarad\u0131r. T\u0259s\u0259rr\u00fcfatlarda yem\u0259 qar\u0131\u015fd\u0131r\u0131laraq istifad\u0259 olunur&#8230;.<\/p>","protected":false},"featured_media":989679,"comment_status":"closed","ping_status":"closed","template":"","meta":{"nf_dc_page":"","_monsterinsights_skip_tracking":false,"_monsterinsights_sitenote_active":false,"_monsterinsights_sitenote_note":"","_monsterinsights_sitenote_category":0},"product_brand":[],"product_cat":[243,160],"product_tag":[],"class_list":{"0":"post-989645","1":"product","2":"type-product","3":"status-publish","4":"has-post-thumbnail","6":"product_cat-others","7":"product_cat-nutrients","9":"first","10":"instock","11":"shipping-taxable","12":"product-type-simple"},"jetpack_sharing_enabled":true,"_links":{"self":[{"href":"https:\/\/agrovetazerbaijan.az\/en\/wp-json\/wp\/v2\/product\/989645","targetHints":{"allow":["GET"]}}],"collection":[{"href":"https:\/\/agrovetazerbaijan.az\/en\/wp-json\/wp\/v2\/product"}],"about":[{"href":"https:\/\/agrovetazerbaijan.az\/en\/wp-json\/wp\/v2\/types\/product"}],"replies":[{"embeddable":true,"href":"https:\/\/agrovetazerbaijan.az\/en\/wp-json\/wp\/v2\/comments?post=989645"}],"version-history":[{"count":1,"href":"https:\/\/agrovetazerbaijan.az\/en\/wp-json\/wp\/v2\/product\/989645\/revisions"}],"predecessor-version":[{"id":989647,"href":"https:\/\/agrovetazerbaijan.az\/en\/wp-json\/wp\/v2\/product\/989645\/revisions\/989647"}],"wp:featuredmedia":[{"embeddable":true,"href":"https:\/\/agrovetazerbaijan.az\/en\/wp-json\/wp\/v2\/media\/989679"}],"wp:attachment":[{"href":"https:\/\/agrovetazerbaijan.az\/en\/wp-json\/wp\/v2\/media?parent=989645"}],"wp:term":[{"taxonomy":"product_brand","embeddable":true,"href":"https:\/\/agrovetazerbaijan.az\/en\/wp-json\/wp\/v2\/product_brand?post=989645"},{"taxonomy":"product_cat","embeddable":true,"href":"https:\/\/agrovetazerbaijan.az\/en\/wp-json\/wp\/v2\/product_cat?post=989645"},{"taxonomy":"product_tag","embeddable":true,"href":"https:\/\/agrovetazerbaijan.az\/en\/wp-json\/wp\/v2\/product_tag?post=989645"}],"curies":[{"name":"wp","href":"https:\/\/api.w.org\/{rel}","templated":true}]}}