{"id":989642,"date":"2025-06-17T21:37:12","date_gmt":"2025-06-17T21:37:12","guid":{"rendered":"https:\/\/agrovetazerbaijan.az\/?post_type=product&#038;p=989642"},"modified":"2025-06-17T21:37:25","modified_gmt":"2025-06-17T21:37:25","slug":"l-threonine-toz","status":"publish","type":"product","link":"https:\/\/agrovetazerbaijan.az\/en\/product\/l-threonine-toz\/","title":{"rendered":"L-Threonine (powder)"},"content":{"rendered":"<div class=\"vgblk-rw-wrapper limit-wrapper\">\n<p data-start=\"142\" data-end=\"352\"><strong data-start=\"142\" data-end=\"163\">L-Threonine 98.5%<\/strong> \u2014 high purity <strong data-start=\"197\" data-end=\"229\">is an essential amino acid supplement<\/strong>This product is used to enrich the feed ration of birds and farm animals with amino acids.<\/p>\n<p data-start=\"354\" data-end=\"640\">L-Threonine plays an important role in protein synthesis, <strong data-start=\"402\" data-end=\"455\">increases growth rate and feed conversion efficiency<\/strong>, also has a positive effect on the general health of animals. It supports mineral metabolism <strong data-start=\"558\" data-end=\"625\">the absorption of calcium, phosphorus and iron by the body<\/strong> improves.<\/p>\n<p data-start=\"642\" data-end=\"766\">As a result of its use in balancing the ration, both productivity increases and raw material waste is prevented.<\/p>\n<hr data-start=\"768\" data-end=\"771\" \/>\n<h3 data-start=\"773\" data-end=\"802\">\u2705 <strong data-start=\"779\" data-end=\"800\">Usage Instructions:<\/strong><\/h3>\n<p data-start=\"803\" data-end=\"859\">Usage dosage <strong data-start=\"819\" data-end=\"843\">according to the recipe<\/strong> is determined.<\/p>\n<h3 data-start=\"861\" data-end=\"886\">\ud83d\udce6 <strong data-start=\"868\" data-end=\"884\">Packaging:<\/strong><\/h3>\n<p data-start=\"887\" data-end=\"909\">In 25 kg paper bag<\/p>\n<h3 data-start=\"911\" data-end=\"930\">\ud83c\udf0d <strong data-start=\"918\" data-end=\"928\">Origin:<\/strong><\/h3>\n<p data-start=\"931\" data-end=\"982\">Manufacturer: <strong data-start=\"943\" data-end=\"977\">Ningxia Eppen Biotech Co., Ltd. Ltd.<\/strong>, China<\/p>\n<\/div>\n<p><!-- .vgblk-rw-wrapper --><\/p>","protected":false},"excerpt":{"rendered":"<p>L-Threonine 98.5% \u2014 y\u00fcks\u0259k safl\u0131q d\u0259r\u0259c\u0259sin\u0259 malik \u0259sas amin tur\u015fusu \u0259lav\u0259sidir. Bu m\u0259hsul qu\u015flar\u0131n v\u0259 ferm\u0259 heyvanlar\u0131n\u0131n yem rasionunun amin tur\u015fular\u0131 il\u0259 z\u0259nginl\u0259\u015fdirilm\u0259si m\u0259qs\u0259dil\u0259 istifad\u0259 olunur. L-Threonine z\u00fclal sintezind\u0259 m\u00fch\u00fcm rol oynay\u0131r, art\u0131m s\u00fcr\u0259tini v\u0259 yem \u00e7evrilm\u0259 s\u0259m\u0259r\u0259sini art\u0131r\u0131r, h\u0259m\u00e7inin heyvanlar\u0131n \u00fcmumi sa\u011flaml\u0131\u011f\u0131na m\u00fcsb\u0259t t\u0259sir g\u00f6st\u0259rir. O, mineral m\u00fcbadil\u0259sini d\u0259st\u0259kl\u0259y\u0259r\u0259k kalsium, fosfor v\u0259 d\u0259mirin orqanizm&#8230;<\/p>","protected":false},"featured_media":989643,"comment_status":"closed","ping_status":"closed","template":"","meta":{"nf_dc_page":"","_monsterinsights_skip_tracking":false,"_monsterinsights_sitenote_active":false,"_monsterinsights_sitenote_note":"","_monsterinsights_sitenote_category":0},"product_brand":[],"product_cat":[239,160],"product_tag":[],"class_list":{"0":"post-989642","1":"product","2":"type-product","3":"status-publish","4":"has-post-thumbnail","6":"product_cat-amin-tursulari","7":"product_cat-nutrients","9":"first","10":"instock","11":"shipping-taxable","12":"product-type-simple"},"jetpack_sharing_enabled":true,"_links":{"self":[{"href":"https:\/\/agrovetazerbaijan.az\/en\/wp-json\/wp\/v2\/product\/989642","targetHints":{"allow":["GET"]}}],"collection":[{"href":"https:\/\/agrovetazerbaijan.az\/en\/wp-json\/wp\/v2\/product"}],"about":[{"href":"https:\/\/agrovetazerbaijan.az\/en\/wp-json\/wp\/v2\/types\/product"}],"replies":[{"embeddable":true,"href":"https:\/\/agrovetazerbaijan.az\/en\/wp-json\/wp\/v2\/comments?post=989642"}],"version-history":[{"count":1,"href":"https:\/\/agrovetazerbaijan.az\/en\/wp-json\/wp\/v2\/product\/989642\/revisions"}],"predecessor-version":[{"id":989644,"href":"https:\/\/agrovetazerbaijan.az\/en\/wp-json\/wp\/v2\/product\/989642\/revisions\/989644"}],"wp:featuredmedia":[{"embeddable":true,"href":"https:\/\/agrovetazerbaijan.az\/en\/wp-json\/wp\/v2\/media\/989643"}],"wp:attachment":[{"href":"https:\/\/agrovetazerbaijan.az\/en\/wp-json\/wp\/v2\/media?parent=989642"}],"wp:term":[{"taxonomy":"product_brand","embeddable":true,"href":"https:\/\/agrovetazerbaijan.az\/en\/wp-json\/wp\/v2\/product_brand?post=989642"},{"taxonomy":"product_cat","embeddable":true,"href":"https:\/\/agrovetazerbaijan.az\/en\/wp-json\/wp\/v2\/product_cat?post=989642"},{"taxonomy":"product_tag","embeddable":true,"href":"https:\/\/agrovetazerbaijan.az\/en\/wp-json\/wp\/v2\/product_tag?post=989642"}],"curies":[{"name":"wp","href":"https:\/\/api.w.org\/{rel}","templated":true}]}}