{"id":989635,"date":"2025-06-17T21:20:28","date_gmt":"2025-06-17T21:20:28","guid":{"rendered":"https:\/\/agrovetazerbaijan.az\/?post_type=product&#038;p=989635"},"modified":"2025-06-17T21:20:40","modified_gmt":"2025-06-17T21:20:40","slug":"optichick-3-0-tm-toz","status":"publish","type":"product","link":"https:\/\/agrovetazerbaijan.az\/en\/product\/optichick-3-0-tm-toz\/","title":{"rendered":"Optichick 3.0 TM (powder)"},"content":{"rendered":"<div class=\"vgblk-rw-wrapper limit-wrapper\">\n<p data-start=\"199\" data-end=\"488\"><strong data-start=\"199\" data-end=\"217\">Optichick 3.0\u2122<\/strong> \u2013 vitamin metabolite <strong data-start=\"239\" data-end=\"268\">25-hydroxycholecalciferol<\/strong>, is a highly digestible and effective feed additive containing limestone and wheat bran. It ensures the proper functioning of the metabolism in the body of birds and animals, <strong data-start=\"429\" data-end=\"471\">body development, height and weight gain<\/strong> accelerates.<\/p>\n<p data-start=\"490\" data-end=\"771\">Optichick 3.0 powerful <strong data-start=\"510\" data-end=\"537\">antioxidant function<\/strong> It increases sperm production in male birds and prolongs the life of roosters. In breeding hens, its antioxidant effect is transmitted to the egg, protecting the development of the embryo and <strong data-start=\"721\" data-end=\"768\">increases the hatching rate during the incubation process<\/strong>.<\/p>\n<p data-start=\"773\" data-end=\"961\">Additionally, Optichick 3.0 enhances calcium transfer from the egg to the embryo, which <strong data-start=\"864\" data-end=\"898\">increases the number of live births<\/strong>, reduces mortality and <strong data-start=\"926\" data-end=\"960\">increases ovulation rate<\/strong>.<\/p>\n<hr data-start=\"963\" data-end=\"966\" \/>\n<h3 data-start=\"968\" data-end=\"995\">\u2705 <strong data-start=\"974\" data-end=\"995\">Usage Instructions:<\/strong><\/h3>\n<p data-start=\"996\" data-end=\"1051\">It is mixed into 1 ton of feed at a rate of 2 kg.<\/p>\n<h3 data-start=\"1053\" data-end=\"1078\">\ud83d\udce6 <strong data-start=\"1060\" data-end=\"1076\">Packaging:<\/strong><\/h3>\n<p data-start=\"1079\" data-end=\"1089\">20 kg bag<\/p>\n<h3 data-start=\"1091\" data-end=\"1110\">\ud83c\udf0d <strong data-start=\"1098\" data-end=\"1108\">Origin:<\/strong><\/h3>\n<p data-start=\"1111\" data-end=\"1148\">Manufacturer: <strong data-start=\"1123\" data-end=\"1148\">Intraco Ltd., Belgium<\/strong><\/p>\n<\/div>\n<p><!-- .vgblk-rw-wrapper --><\/p>","protected":false},"excerpt":{"rendered":"<p>Optichick 3.0\u2122 \u2013 vitamin metaboliti 25-hidroksikolekalsiferol, \u0259h\u0259ng da\u015f\u0131 v\u0259 bu\u011fda k\u0259p\u0259yi t\u0259rkibli, y\u00fcks\u0259k m\u0259nims\u0259nil\u0259n v\u0259 t\u0259sirli yem \u0259lav\u0259sidir. Qu\u015f v\u0259 heyvanlar\u0131n orqanizmind\u0259 metabolizmin d\u00fczg\u00fcn i\u015fl\u0259m\u0259sini t\u0259min edir, b\u0259d\u0259n inki\u015faf\u0131n\u0131, boy v\u0259 \u00e7\u0259ki art\u0131m\u0131n\u0131 s\u00fcr\u0259tl\u0259ndirir. Optichick 3.0 g\u00fccl\u00fc antioksidant funksiyas\u0131 say\u0259sind\u0259 erk\u0259k qu\u015flarda sperma istehsal\u0131n\u0131 art\u0131r\u0131r v\u0259 xoruzlar\u0131n \u00f6mr\u00fcn\u00fc uzad\u0131r. Damazl\u0131q di\u015fi toyuqlarda is\u0259 antioksidant t\u0259siri&#8230;<\/p>","protected":false},"featured_media":989636,"comment_status":"closed","ping_status":"closed","template":"","meta":{"nf_dc_page":"","_monsterinsights_skip_tracking":false,"_monsterinsights_sitenote_active":false,"_monsterinsights_sitenote_note":"","_monsterinsights_sitenote_category":0},"product_brand":[],"product_cat":[243,160],"product_tag":[],"class_list":{"0":"post-989635","1":"product","2":"type-product","3":"status-publish","4":"has-post-thumbnail","6":"product_cat-others","7":"product_cat-nutrients","9":"first","10":"instock","11":"shipping-taxable","12":"product-type-simple"},"jetpack_sharing_enabled":true,"_links":{"self":[{"href":"https:\/\/agrovetazerbaijan.az\/en\/wp-json\/wp\/v2\/product\/989635","targetHints":{"allow":["GET"]}}],"collection":[{"href":"https:\/\/agrovetazerbaijan.az\/en\/wp-json\/wp\/v2\/product"}],"about":[{"href":"https:\/\/agrovetazerbaijan.az\/en\/wp-json\/wp\/v2\/types\/product"}],"replies":[{"embeddable":true,"href":"https:\/\/agrovetazerbaijan.az\/en\/wp-json\/wp\/v2\/comments?post=989635"}],"version-history":[{"count":1,"href":"https:\/\/agrovetazerbaijan.az\/en\/wp-json\/wp\/v2\/product\/989635\/revisions"}],"predecessor-version":[{"id":989637,"href":"https:\/\/agrovetazerbaijan.az\/en\/wp-json\/wp\/v2\/product\/989635\/revisions\/989637"}],"wp:featuredmedia":[{"embeddable":true,"href":"https:\/\/agrovetazerbaijan.az\/en\/wp-json\/wp\/v2\/media\/989636"}],"wp:attachment":[{"href":"https:\/\/agrovetazerbaijan.az\/en\/wp-json\/wp\/v2\/media?parent=989635"}],"wp:term":[{"taxonomy":"product_brand","embeddable":true,"href":"https:\/\/agrovetazerbaijan.az\/en\/wp-json\/wp\/v2\/product_brand?post=989635"},{"taxonomy":"product_cat","embeddable":true,"href":"https:\/\/agrovetazerbaijan.az\/en\/wp-json\/wp\/v2\/product_cat?post=989635"},{"taxonomy":"product_tag","embeddable":true,"href":"https:\/\/agrovetazerbaijan.az\/en\/wp-json\/wp\/v2\/product_tag?post=989635"}],"curies":[{"name":"wp","href":"https:\/\/api.w.org\/{rel}","templated":true}]}}