{"id":989586,"date":"2025-05-27T22:36:54","date_gmt":"2025-05-27T22:36:54","guid":{"rendered":"https:\/\/agrovetazerbaijan.az\/?post_type=product&#038;p=989586"},"modified":"2025-07-11T23:07:09","modified_gmt":"2025-07-11T23:07:09","slug":"vaiol-vac","status":"publish","type":"product","link":"https:\/\/agrovetazerbaijan.az\/en\/product\/vaiol-vac\/","title":{"rendered":"VAIO-VAC"},"content":{"rendered":"<div class=\"vgblk-rw-wrapper limit-wrapper\">\n<h3 data-start=\"94\" data-end=\"113\"><strong data-start=\"98\" data-end=\"111\">VAIO-VAC<\/strong><\/h3>\n<p data-start=\"114\" data-end=\"206\"><strong data-start=\"114\" data-end=\"206\">Live attenuated, lyophilized vaccine against Fowl Pox<\/strong><\/p>\n<hr data-start=\"208\" data-end=\"211\" \/>\n<h4 data-start=\"213\" data-end=\"231\"><strong data-start=\"218\" data-end=\"229\">Description<\/strong><\/h4>\n<p data-start=\"232\" data-end=\"498\">VAIOL-VAC is a live, lyophilized vaccine made from attenuated chickenpox virus grown in embryonated SPF eggs. Full immunity develops approximately 10 days after vaccination, but partial protection is provided within a few days.<\/p>\n<hr data-start=\"500\" data-end=\"503\" \/>\n<h4 data-start=\"505\" data-end=\"529\"><strong data-start=\"510\" data-end=\"527\">Application area<\/strong><\/h4>\n<ul data-start=\"530\" data-end=\"583\">\n<li data-start=\"530\" data-end=\"583\">\n<p data-start=\"532\" data-end=\"583\">Prevention of Fowl Pox<\/p>\n<\/li>\n<\/ul>\n<hr data-start=\"585\" data-end=\"588\" \/>\n<h4 data-start=\"590\" data-end=\"622\"><strong data-start=\"595\" data-end=\"620\">Application method and dosage<\/strong><\/h4>\n<ul data-start=\"623\" data-end=\"940\">\n<li data-start=\"623\" data-end=\"682\">\n<p data-start=\"625\" data-end=\"682\">Completely dissolve the contents of the vaccine vial in the solvent.<\/p>\n<\/li>\n<li data-start=\"683\" data-end=\"720\">\n<p data-start=\"685\" data-end=\"720\">Pour the prepared solution into a plastic container.<\/p>\n<\/li>\n<li data-start=\"721\" data-end=\"835\">\n<p data-start=\"723\" data-end=\"835\">Dip the applicator needles into the vaccine and inject them into the skin of the chicken&#039;s wing (1 injection is sufficient).<\/p>\n<\/li>\n<li data-start=\"836\" data-end=\"940\">\n<p data-start=\"838\" data-end=\"940\">If a nodular swelling develops at the inoculation site after 6 days, this indicates that the vaccine is effective.<\/p>\n<\/li>\n<\/ul>\n<p data-start=\"942\" data-end=\"960\"><strong data-start=\"942\" data-end=\"958\">Age and time:<\/strong><\/p>\n<ul data-start=\"961\" data-end=\"1214\">\n<li data-start=\"961\" data-end=\"1139\">\n<p data-start=\"963\" data-end=\"1139\">Immunity is short-lived in chicks vaccinated before 5\u20136 weeks of age. In this case, laying hens and parents should be revaccinated before the laying period.<\/p>\n<\/li>\n<li data-start=\"1140\" data-end=\"1214\">\n<p data-start=\"1142\" data-end=\"1214\">It can be applied to healthy chickens in all seasons and at any age.<\/p>\n<\/li>\n<\/ul>\n<p data-start=\"1216\" data-end=\"1236\"><strong data-start=\"1216\" data-end=\"1234\">Emergencies:<\/strong><\/p>\n<ul data-start=\"1237\" data-end=\"1352\">\n<li data-start=\"1237\" data-end=\"1352\">\n<p data-start=\"1239\" data-end=\"1352\">When the disease begins to spread, only healthy birds should be vaccinated, and sick birds should be isolated.<\/p>\n<\/li>\n<\/ul>\n<hr data-start=\"1354\" data-end=\"1357\" \/>\n<h4 data-start=\"1359\" data-end=\"1377\"><strong data-start=\"1364\" data-end=\"1375\">Ingredients<\/strong><\/h4>\n<ul data-start=\"1378\" data-end=\"1425\">\n<li data-start=\"1378\" data-end=\"1425\">\n<p data-start=\"1380\" data-end=\"1425\">1 dose: \u2265 10\u2075 EID\u2085\u2080 live chickenpox virus<\/p>\n<\/li>\n<\/ul>\n<hr data-start=\"1427\" data-end=\"1430\" \/>\n<h4 data-start=\"1432\" data-end=\"1459\"><strong data-start=\"1437\" data-end=\"1457\">Storage conditions<\/strong><\/h4>\n<p data-start=\"1460\" data-end=\"1518\">It should be stored at a temperature of +2\u00b0C \u2013 +8\u00b0C. <strong data-start=\"1502\" data-end=\"1518\">Don&#039;t freeze!<\/strong><\/p>\n<hr data-start=\"1520\" data-end=\"1523\" \/>\n<h4 data-start=\"1525\" data-end=\"1553\"><strong data-start=\"1530\" data-end=\"1551\">After use<\/strong><\/h4>\n<p data-start=\"1554\" data-end=\"1608\">Vials should be burned or disinfected.<\/p>\n<hr data-start=\"1610\" data-end=\"1613\" \/>\n<h4 data-start=\"1615\" data-end=\"1637\"><strong data-start=\"1620\" data-end=\"1635\">Packaging<\/strong><\/h4>\n<ul data-start=\"1638\" data-end=\"1670\">\n<li data-start=\"1638\" data-end=\"1670\">\n<p data-start=\"1640\" data-end=\"1670\">1000 dose vial + solvent<\/p>\n<\/li>\n<\/ul>\n<\/div>\n<p><!-- .vgblk-rw-wrapper --><\/p>","protected":false},"excerpt":{"rendered":"<p>VAIOL-VAC Toyuq \u00e7i\u00e7\u0259yi (Fowl Pox) x\u0259st\u0259liyin\u0259 qar\u015f\u0131 canl\u0131 z\u0259ifl\u0259dilmi\u015f, liyofiliz\u0259 olunmu\u015f peyv\u0259nd T\u0259sviri VAIOL-VAC \u2014 embriyonlu SPF yumurtalar\u0131nda yeti\u015fdirilmi\u015f v\u0259 z\u0259ifl\u0259dilmi\u015f toyuq \u00e7i\u00e7\u0259yi virusundan haz\u0131rlanm\u0131\u015f canl\u0131, liyofiliz\u0259 olunmu\u015f peyv\u0259nddir. Peyv\u0259ndin t\u0259tbiqind\u0259n t\u0259xmin\u0259n 10 g\u00fcn sonra tam immunitet yaran\u0131r, lakin bir ne\u00e7\u0259 g\u00fcn i\u00e7ind\u0259 qism\u0259n qoruma t\u0259min edilir. T\u0259tbiq sah\u0259si Toyuq \u00e7i\u00e7\u0259yi x\u0259st\u0259liyinin profilaktikas\u0131 (Fowl Pox)&#8230;<\/p>","protected":false},"featured_media":989587,"comment_status":"closed","ping_status":"closed","template":"","meta":{"nf_dc_page":"","_monsterinsights_skip_tracking":false,"_monsterinsights_sitenote_active":false,"_monsterinsights_sitenote_note":"","_monsterinsights_sitenote_category":0},"product_brand":[],"product_cat":[237,68,234],"product_tag":[],"class_list":{"0":"post-989586","1":"product","2":"type-product","3":"status-publish","4":"has-post-thumbnail","6":"product_cat-aktiv-vaksinler","7":"product_cat-poultry","8":"product_cat-vaksinler","10":"first","11":"instock","12":"shipping-taxable","13":"product-type-simple"},"jetpack_sharing_enabled":true,"_links":{"self":[{"href":"https:\/\/agrovetazerbaijan.az\/en\/wp-json\/wp\/v2\/product\/989586","targetHints":{"allow":["GET"]}}],"collection":[{"href":"https:\/\/agrovetazerbaijan.az\/en\/wp-json\/wp\/v2\/product"}],"about":[{"href":"https:\/\/agrovetazerbaijan.az\/en\/wp-json\/wp\/v2\/types\/product"}],"replies":[{"embeddable":true,"href":"https:\/\/agrovetazerbaijan.az\/en\/wp-json\/wp\/v2\/comments?post=989586"}],"version-history":[{"count":2,"href":"https:\/\/agrovetazerbaijan.az\/en\/wp-json\/wp\/v2\/product\/989586\/revisions"}],"predecessor-version":[{"id":989845,"href":"https:\/\/agrovetazerbaijan.az\/en\/wp-json\/wp\/v2\/product\/989586\/revisions\/989845"}],"wp:featuredmedia":[{"embeddable":true,"href":"https:\/\/agrovetazerbaijan.az\/en\/wp-json\/wp\/v2\/media\/989587"}],"wp:attachment":[{"href":"https:\/\/agrovetazerbaijan.az\/en\/wp-json\/wp\/v2\/media?parent=989586"}],"wp:term":[{"taxonomy":"product_brand","embeddable":true,"href":"https:\/\/agrovetazerbaijan.az\/en\/wp-json\/wp\/v2\/product_brand?post=989586"},{"taxonomy":"product_cat","embeddable":true,"href":"https:\/\/agrovetazerbaijan.az\/en\/wp-json\/wp\/v2\/product_cat?post=989586"},{"taxonomy":"product_tag","embeddable":true,"href":"https:\/\/agrovetazerbaijan.az\/en\/wp-json\/wp\/v2\/product_tag?post=989586"}],"curies":[{"name":"wp","href":"https:\/\/api.w.org\/{rel}","templated":true}]}}