{"id":989583,"date":"2025-05-27T22:35:53","date_gmt":"2025-05-27T22:35:53","guid":{"rendered":"https:\/\/agrovetazerbaijan.az\/?post_type=product&#038;p=989583"},"modified":"2025-07-11T23:07:23","modified_gmt":"2025-07-11T23:07:23","slug":"set-vac","status":"publish","type":"product","link":"https:\/\/agrovetazerbaijan.az\/en\/product\/set-vac\/","title":{"rendered":"SET-VAC"},"content":{"rendered":"<div class=\"vgblk-rw-wrapper limit-wrapper\">\n<h3 data-start=\"91\" data-end=\"108\"><strong data-start=\"95\" data-end=\"106\">SET-VAC<\/strong><\/h3>\n<p data-start=\"109\" data-end=\"210\"><strong data-start=\"109\" data-end=\"210\">Salmonella enteritidis v\u0259 Salmonella typhimurium infeksiyalar\u0131na qar\u015f\u0131 inaktivl\u0259\u015fdirilmi\u015f peyv\u0259nd<\/strong><\/p>\n<hr data-start=\"212\" data-end=\"215\" \/>\n<h4 data-start=\"217\" data-end=\"235\"><strong data-start=\"222\" data-end=\"233\">Description<\/strong><\/h4>\n<p data-start=\"236\" data-end=\"446\">SET-VAC \u2014 Salmonella enteritidis v\u0259 Salmonella typhimurium antigenl\u0259ri \u0259sas\u0131nda haz\u0131rlanm\u0131\u015f, inaktivl\u0259\u015fdirilmi\u015f v\u0259 y\u00fcng\u00fcl mineral ya\u011fda emulsiyala\u015fd\u0131r\u0131lm\u0131\u015f peyv\u0259nddir. Uzunm\u00fcdd\u0259tli v\u0259 g\u00fccl\u00fc immun cavab yarad\u0131r.<\/p>\n<hr data-start=\"448\" data-end=\"451\" \/>\n<h4 data-start=\"453\" data-end=\"479\"><strong data-start=\"458\" data-end=\"477\">Area of use<\/strong><\/h4>\n<ul data-start=\"480\" data-end=\"565\">\n<li data-start=\"480\" data-end=\"565\">\n<p data-start=\"482\" data-end=\"565\">Toyuqlarda <strong data-start=\"493\" data-end=\"511\">S. enteritidis<\/strong> and <strong data-start=\"515\" data-end=\"533\">S. typhimurium<\/strong> infeksiyalar\u0131n\u0131n profilaktikas\u0131<\/p>\n<\/li>\n<\/ul>\n<hr data-start=\"567\" data-end=\"570\" \/>\n<h4 data-start=\"572\" data-end=\"604\"><strong data-start=\"577\" data-end=\"602\">Application method and dosage<\/strong><\/h4>\n<ul data-start=\"605\" data-end=\"790\">\n<li data-start=\"605\" data-end=\"645\">\n<p data-start=\"607\" data-end=\"645\"><strong data-start=\"607\" data-end=\"624\">1-ci peyv\u0259nd:<\/strong> 6\u20138 h\u0259ft\u0259lik ya\u015fda<\/p>\n<\/li>\n<li data-start=\"646\" data-end=\"708\">\n<p data-start=\"648\" data-end=\"708\"><strong data-start=\"648\" data-end=\"685\">2-ci peyv\u0259nd (g\u00fccl\u0259ndirici doza):<\/strong> 14\u201316 h\u0259ft\u0259lik ya\u015fda<\/p>\n<\/li>\n<li data-start=\"709\" data-end=\"729\">\n<p data-start=\"711\" data-end=\"729\"><strong data-start=\"711\" data-end=\"720\">Dosage:<\/strong> 0.5 ml<\/p>\n<\/li>\n<li data-start=\"730\" data-end=\"790\">\n<p data-start=\"732\" data-end=\"790\"><strong data-start=\"732\" data-end=\"743\">Application:<\/strong> Boyun nahiy\u0259sin\u0259 d\u0259rialt\u0131 (subkutan) inyeksiya<\/p>\n<\/li>\n<\/ul>\n<hr data-start=\"792\" data-end=\"795\" \/>\n<h4 data-start=\"797\" data-end=\"815\"><strong data-start=\"802\" data-end=\"813\">Ingredients<\/strong><\/h4>\n<ul data-start=\"816\" data-end=\"889\">\n<li data-start=\"816\" data-end=\"853\">\n<p data-start=\"818\" data-end=\"853\">\u0130naktiv S. enteritidis: \u2265 10\u2079 CFU<\/p>\n<\/li>\n<li data-start=\"854\" data-end=\"889\">\n<p data-start=\"856\" data-end=\"889\">\u0130naktiv S. typhimurium: \u2265 10\u2079 CFU<\/p>\n<\/li>\n<\/ul>\n<hr data-start=\"891\" data-end=\"894\" \/>\n<h4 data-start=\"896\" data-end=\"911\"><strong data-start=\"901\" data-end=\"909\">Note<\/strong><\/h4>\n<ul data-start=\"912\" data-end=\"1033\">\n<li data-start=\"912\" data-end=\"961\">\n<p data-start=\"914\" data-end=\"961\">\u0130stifad\u0259d\u0259n \u0259vv\u0259l otaq temperaturuna \u00e7atd\u0131r\u0131n<\/p>\n<\/li>\n<li data-start=\"962\" data-end=\"1033\">\n<p data-start=\"964\" data-end=\"1033\">Flakonu istifad\u0259 etm\u0259zd\u0259n \u0259vv\u0259l v\u0259 istifad\u0259 zaman\u0131 yax\u015f\u0131ca \u00e7alxalay\u0131n<\/p>\n<\/li>\n<\/ul>\n<hr data-start=\"1035\" data-end=\"1038\" \/>\n<h4 data-start=\"1040\" data-end=\"1067\"><strong data-start=\"1045\" data-end=\"1065\">Storage conditions<\/strong><\/h4>\n<p data-start=\"1068\" data-end=\"1124\">+2\u00b0C \u2013 +8\u00b0C temperaturda saxlanmal\u0131d\u0131r. <strong data-start=\"1108\" data-end=\"1124\">Don&#039;t freeze!<\/strong><\/p>\n<hr data-start=\"1126\" data-end=\"1129\" \/>\n<h4 data-start=\"1131\" data-end=\"1158\"><strong data-start=\"1136\" data-end=\"1156\">\u0130stifad\u0259 m\u00fcdd\u0259ti<\/strong><\/h4>\n<p data-start=\"1159\" data-end=\"1164\">24 months<\/p>\n<hr data-start=\"1166\" data-end=\"1169\" \/>\n<h4 data-start=\"1171\" data-end=\"1193\"><strong data-start=\"1176\" data-end=\"1191\">Packaging<\/strong><\/h4>\n<ul data-start=\"1194\" data-end=\"1236\">\n<li data-start=\"1194\" data-end=\"1215\">\n<p data-start=\"1196\" data-end=\"1215\">250 ml (500 doza)<\/p>\n<\/li>\n<li data-start=\"1216\" data-end=\"1236\">\n<p data-start=\"1218\" data-end=\"1236\">500 ml (1000 doza)<\/p>\n<\/li>\n<\/ul>\n<\/div>\n<p><!-- .vgblk-rw-wrapper --><\/p>","protected":false},"excerpt":{"rendered":"<p>SET-VAC Salmonella enteritidis v\u0259 Salmonella typhimurium infeksiyalar\u0131na qar\u015f\u0131 inaktivl\u0259\u015fdirilmi\u015f peyv\u0259nd T\u0259sviri SET-VAC \u2014 Salmonella enteritidis v\u0259 Salmonella typhimurium antigenl\u0259ri \u0259sas\u0131nda haz\u0131rlanm\u0131\u015f, inaktivl\u0259\u015fdirilmi\u015f v\u0259 y\u00fcng\u00fcl mineral ya\u011fda emulsiyala\u015fd\u0131r\u0131lm\u0131\u015f peyv\u0259nddir. Uzunm\u00fcdd\u0259tli v\u0259 g\u00fccl\u00fc immun cavab yarad\u0131r. \u0130stifad\u0259 sah\u0259si Toyuqlarda S. enteritidis v\u0259 S. typhimurium infeksiyalar\u0131n\u0131n profilaktikas\u0131 T\u0259tbiq qaydas\u0131 v\u0259 doz 1-ci peyv\u0259nd: 6\u20138 h\u0259ft\u0259lik ya\u015fda 2-ci peyv\u0259nd&#8230;<\/p>","protected":false},"featured_media":989584,"comment_status":"closed","ping_status":"closed","template":"","meta":{"nf_dc_page":"","_monsterinsights_skip_tracking":false,"_monsterinsights_sitenote_active":false,"_monsterinsights_sitenote_note":"","_monsterinsights_sitenote_category":0},"product_brand":[],"product_cat":[234,235,68],"product_tag":[],"class_list":{"0":"post-989583","1":"product","2":"type-product","3":"status-publish","4":"has-post-thumbnail","6":"product_cat-vaksinler","7":"product_cat-inaktiv","8":"product_cat-poultry","10":"first","11":"instock","12":"shipping-taxable","13":"product-type-simple"},"jetpack_sharing_enabled":true,"_links":{"self":[{"href":"https:\/\/agrovetazerbaijan.az\/en\/wp-json\/wp\/v2\/product\/989583","targetHints":{"allow":["GET"]}}],"collection":[{"href":"https:\/\/agrovetazerbaijan.az\/en\/wp-json\/wp\/v2\/product"}],"about":[{"href":"https:\/\/agrovetazerbaijan.az\/en\/wp-json\/wp\/v2\/types\/product"}],"replies":[{"embeddable":true,"href":"https:\/\/agrovetazerbaijan.az\/en\/wp-json\/wp\/v2\/comments?post=989583"}],"version-history":[{"count":2,"href":"https:\/\/agrovetazerbaijan.az\/en\/wp-json\/wp\/v2\/product\/989583\/revisions"}],"predecessor-version":[{"id":989846,"href":"https:\/\/agrovetazerbaijan.az\/en\/wp-json\/wp\/v2\/product\/989583\/revisions\/989846"}],"wp:featuredmedia":[{"embeddable":true,"href":"https:\/\/agrovetazerbaijan.az\/en\/wp-json\/wp\/v2\/media\/989584"}],"wp:attachment":[{"href":"https:\/\/agrovetazerbaijan.az\/en\/wp-json\/wp\/v2\/media?parent=989583"}],"wp:term":[{"taxonomy":"product_brand","embeddable":true,"href":"https:\/\/agrovetazerbaijan.az\/en\/wp-json\/wp\/v2\/product_brand?post=989583"},{"taxonomy":"product_cat","embeddable":true,"href":"https:\/\/agrovetazerbaijan.az\/en\/wp-json\/wp\/v2\/product_cat?post=989583"},{"taxonomy":"product_tag","embeddable":true,"href":"https:\/\/agrovetazerbaijan.az\/en\/wp-json\/wp\/v2\/product_tag?post=989583"}],"curies":[{"name":"wp","href":"https:\/\/api.w.org\/{rel}","templated":true}]}}