{"id":989577,"date":"2025-05-27T22:33:40","date_gmt":"2025-05-27T22:33:40","guid":{"rendered":"https:\/\/agrovetazerbaijan.az\/?post_type=product&#038;p=989577"},"modified":"2025-07-11T22:27:14","modified_gmt":"2025-07-11T22:27:14","slug":"olvac-bg","status":"publish","type":"product","link":"https:\/\/agrovetazerbaijan.az\/en\/product\/olvac-bg\/","title":{"rendered":"OLVAC B+G"},"content":{"rendered":"<div class=\"vgblk-rw-wrapper limit-wrapper\">\n<h3 data-start=\"94\" data-end=\"113\"><strong data-start=\"98\" data-end=\"111\">OLVAC B+G<\/strong><\/h3>\n<p data-start=\"114\" data-end=\"207\"><strong data-start=\"114\" data-end=\"207\">Inactivated vaccine against Newcastle disease, Infectious bronchitis and Gumboro disease (IBD)<\/strong><\/p>\n<hr data-start=\"209\" data-end=\"212\" \/>\n<h4 data-start=\"214\" data-end=\"232\"><strong data-start=\"219\" data-end=\"230\">Description<\/strong><\/h4>\n<p data-start=\"233\" data-end=\"470\">OLVAC B+G is an inactivated vaccine emulsified in light mineral oil, prepared from highly immunogenic antigens against Newcastle disease, Gumboro (IBD), and infectious bronchitis (Massachusetts strain + 2 different variant strains).<\/p>\n<hr data-start=\"472\" data-end=\"475\" \/>\n<h4 data-start=\"477\" data-end=\"501\"><strong data-start=\"482\" data-end=\"499\">Application area<\/strong><\/h4>\n<p data-start=\"502\" data-end=\"573\">It is used for the prevention of the following diseases in chickens:<\/p>\n<ul data-start=\"574\" data-end=\"645\">\n<li data-start=\"574\" data-end=\"597\">\n<p data-start=\"576\" data-end=\"597\">Newcastle disease<\/p>\n<\/li>\n<li data-start=\"598\" data-end=\"619\">\n<p data-start=\"600\" data-end=\"619\">Infectious bronchitis<\/p>\n<\/li>\n<li data-start=\"620\" data-end=\"645\">\n<p data-start=\"622\" data-end=\"645\">Gumboro disease (IBD)<\/p>\n<\/li>\n<\/ul>\n<hr data-start=\"647\" data-end=\"650\" \/>\n<h4 data-start=\"652\" data-end=\"684\"><strong data-start=\"657\" data-end=\"682\">Application method and dosage<\/strong><\/h4>\n<ul data-start=\"685\" data-end=\"854\">\n<li data-start=\"685\" data-end=\"738\">\n<p data-start=\"687\" data-end=\"738\"><strong data-start=\"687\" data-end=\"695\">Age:<\/strong> In breeding chickens of approximately 18 weeks of age<\/p>\n<\/li>\n<li data-start=\"739\" data-end=\"765\">\n<p data-start=\"741\" data-end=\"765\"><strong data-start=\"741\" data-end=\"750\">Dosage:<\/strong> 0.5 ml\/bird<\/p>\n<\/li>\n<li data-start=\"766\" data-end=\"854\">\n<p data-start=\"768\" data-end=\"854\"><strong data-start=\"768\" data-end=\"782\">Injection:<\/strong> Under the skin (back of the neck) or into the muscle (chest area)<\/p>\n<\/li>\n<\/ul>\n<p data-start=\"856\" data-end=\"907\"><strong data-start=\"856\" data-end=\"905\">The following vaccinations must be done in advance:<\/strong><\/p>\n<ol data-start=\"908\" data-end=\"1043\">\n<li data-start=\"908\" data-end=\"954\">\n<p data-start=\"911\" data-end=\"954\">Newcastle (live B1 or La Sota strain)<\/p>\n<\/li>\n<li data-start=\"955\" data-end=\"996\">\n<p data-start=\"958\" data-end=\"996\">Gumboro \u2013 live vaccine at 6 weeks<\/p>\n<\/li>\n<li data-start=\"997\" data-end=\"1043\">\n<p data-start=\"1000\" data-end=\"1043\">Bronchitis \u2013 live vaccine (with different strains)<\/p>\n<\/li>\n<\/ol>\n<hr data-start=\"1045\" data-end=\"1048\" \/>\n<h4 data-start=\"1050\" data-end=\"1078\"><strong data-start=\"1055\" data-end=\"1066\">Ingredients<\/strong> (1 dose):<\/h4>\n<ul data-start=\"1079\" data-end=\"1239\">\n<li data-start=\"1079\" data-end=\"1107\">\n<p data-start=\"1081\" data-end=\"1107\">Inactivated Newcastle virus<\/p>\n<\/li>\n<li data-start=\"1108\" data-end=\"1193\">\n<p data-start=\"1110\" data-end=\"1193\">Inactivated infectious bronchitis virus (Massachusetts + 2 variant strains): \u2265 10\u2078.\u2075 EID\u2085\u2080<\/p>\n<\/li>\n<li data-start=\"1194\" data-end=\"1239\">\n<p data-start=\"1196\" data-end=\"1239\">Inactive Gumboro virus (IBD): \u2265 10\u2075.\u2075 EID\u2085\u2080<\/p>\n<\/li>\n<\/ul>\n<hr data-start=\"1241\" data-end=\"1244\" \/>\n<h4 data-start=\"1246\" data-end=\"1273\"><strong data-start=\"1251\" data-end=\"1271\">Storage conditions<\/strong><\/h4>\n<p data-start=\"1274\" data-end=\"1336\">It should be stored at a temperature of +2\u00b0C \u2013 +8\u00b0C. <strong data-start=\"1316\" data-end=\"1336\">Do not freeze!<\/strong><\/p>\n<hr data-start=\"1338\" data-end=\"1341\" \/>\n<h4 data-start=\"1343\" data-end=\"1365\"><strong data-start=\"1348\" data-end=\"1363\">Packaging<\/strong><\/h4>\n<ul data-start=\"1366\" data-end=\"1422\">\n<li data-start=\"1366\" data-end=\"1394\">\n<p data-start=\"1368\" data-end=\"1394\">250 ml vial (500 doses)<\/p>\n<\/li>\n<li data-start=\"1395\" data-end=\"1422\">\n<p data-start=\"1397\" data-end=\"1422\">500 ml vial (1000 doses)<\/p>\n<\/li>\n<\/ul>\n<\/div>\n<p><!-- .vgblk-rw-wrapper --><\/p>","protected":false},"excerpt":{"rendered":"<p>OLVAC B+G Newcastle x\u0259st\u0259liyi, \u0130nfeksion bronxit v\u0259 Gumboro x\u0259st\u0259liyin\u0259 (IBD) qar\u015f\u0131 inaktiv peyv\u0259nd T\u0259sviri OLVAC B+G \u2014 Newcastle x\u0259st\u0259liyi, Gumboro (IBD) v\u0259 infeksion bronxit\u0259 (Massachusetts \u015ftamm\u0131 + 2 f\u0259rqli variant \u015ftamm) qar\u015f\u0131 y\u00fcks\u0259k immunogenliy\u0259 malik antigenl\u0259rd\u0259n haz\u0131rlanm\u0131\u015f, y\u00fcng\u00fcl mineral ya\u011fla emulsiyala\u015fd\u0131r\u0131lm\u0131\u015f inaktiv peyv\u0259nddir. T\u0259tbiq sah\u0259si Toyuqlarda a\u015fa\u011f\u0131dak\u0131 x\u0259st\u0259likl\u0259rin profilaktikas\u0131 \u00fc\u00e7\u00fcn istifad\u0259 olunur: Newcastle x\u0259st\u0259liyi \u0130nfeksion&#8230;<\/p>","protected":false},"featured_media":989578,"comment_status":"closed","ping_status":"closed","template":"","meta":{"nf_dc_page":"","_monsterinsights_skip_tracking":false,"_monsterinsights_sitenote_active":false,"_monsterinsights_sitenote_note":"","_monsterinsights_sitenote_category":0},"product_brand":[],"product_cat":[234,235,68],"product_tag":[],"class_list":{"0":"post-989577","1":"product","2":"type-product","3":"status-publish","4":"has-post-thumbnail","6":"product_cat-vaksinler","7":"product_cat-inaktiv","8":"product_cat-poultry","10":"first","11":"instock","12":"shipping-taxable","13":"product-type-simple"},"jetpack_sharing_enabled":true,"_links":{"self":[{"href":"https:\/\/agrovetazerbaijan.az\/en\/wp-json\/wp\/v2\/product\/989577","targetHints":{"allow":["GET"]}}],"collection":[{"href":"https:\/\/agrovetazerbaijan.az\/en\/wp-json\/wp\/v2\/product"}],"about":[{"href":"https:\/\/agrovetazerbaijan.az\/en\/wp-json\/wp\/v2\/types\/product"}],"replies":[{"embeddable":true,"href":"https:\/\/agrovetazerbaijan.az\/en\/wp-json\/wp\/v2\/comments?post=989577"}],"version-history":[{"count":2,"href":"https:\/\/agrovetazerbaijan.az\/en\/wp-json\/wp\/v2\/product\/989577\/revisions"}],"predecessor-version":[{"id":989843,"href":"https:\/\/agrovetazerbaijan.az\/en\/wp-json\/wp\/v2\/product\/989577\/revisions\/989843"}],"wp:featuredmedia":[{"embeddable":true,"href":"https:\/\/agrovetazerbaijan.az\/en\/wp-json\/wp\/v2\/media\/989578"}],"wp:attachment":[{"href":"https:\/\/agrovetazerbaijan.az\/en\/wp-json\/wp\/v2\/media?parent=989577"}],"wp:term":[{"taxonomy":"product_brand","embeddable":true,"href":"https:\/\/agrovetazerbaijan.az\/en\/wp-json\/wp\/v2\/product_brand?post=989577"},{"taxonomy":"product_cat","embeddable":true,"href":"https:\/\/agrovetazerbaijan.az\/en\/wp-json\/wp\/v2\/product_cat?post=989577"},{"taxonomy":"product_tag","embeddable":true,"href":"https:\/\/agrovetazerbaijan.az\/en\/wp-json\/wp\/v2\/product_tag?post=989577"}],"curies":[{"name":"wp","href":"https:\/\/api.w.org\/{rel}","templated":true}]}}