{"id":989573,"date":"2025-05-27T22:31:19","date_gmt":"2025-05-27T22:31:19","guid":{"rendered":"https:\/\/agrovetazerbaijan.az\/?post_type=product&#038;p=989573"},"modified":"2025-07-11T22:24:46","modified_gmt":"2025-07-11T22:24:46","slug":"olvac-abhg","status":"publish","type":"product","link":"https:\/\/agrovetazerbaijan.az\/en\/product\/olvac-abhg\/","title":{"rendered":"OLVAC A+B+HG"},"content":{"rendered":"<div class=\"vgblk-rw-wrapper limit-wrapper\">\n<h3 data-start=\"153\" data-end=\"175\"><strong data-start=\"157\" data-end=\"173\">OLVAC A+B+HG<\/strong><\/h3>\n<p data-start=\"176\" data-end=\"303\"><strong data-start=\"176\" data-end=\"278\">Newcastle x\u0259st\u0259liyi, Yumurtlama azalmas\u0131 sindromu (EDS &#8217;76), \u0130nfeksion bronxit v\u0259 \u0130nfeksion koriza<\/strong> inactivated vaccine against<\/p>\n<hr data-start=\"305\" data-end=\"308\" \/>\n<h4 data-start=\"310\" data-end=\"328\"><strong data-start=\"315\" data-end=\"326\">Description<\/strong><\/h4>\n<p data-start=\"329\" data-end=\"510\">OLVAC A+B+HG is an inactivated complex vaccine made from highly immunogenic antigens, emulsified in mineral oil. It induces long-lasting and strong immunity in birds.<\/p>\n<hr data-start=\"512\" data-end=\"515\" \/>\n<h4 data-start=\"517\" data-end=\"541\"><strong data-start=\"522\" data-end=\"539\">Application area<\/strong><\/h4>\n<p data-start=\"542\" data-end=\"613\">It is used for the prevention of the following diseases in chickens:<\/p>\n<ul data-start=\"614\" data-end=\"721\">\n<li data-start=\"614\" data-end=\"637\">\n<p data-start=\"616\" data-end=\"637\">Newcastle disease<\/p>\n<\/li>\n<li data-start=\"638\" data-end=\"659\">\n<p data-start=\"640\" data-end=\"659\">Infectious bronchitis<\/p>\n<\/li>\n<li data-start=\"660\" data-end=\"680\">\n<p data-start=\"662\" data-end=\"680\">Infectious coryza<\/p>\n<\/li>\n<li data-start=\"681\" data-end=\"721\">\n<p data-start=\"683\" data-end=\"721\">Ovulation Decline Syndrome (EDS &#039;76)<\/p>\n<\/li>\n<\/ul>\n<hr data-start=\"723\" data-end=\"726\" \/>\n<h4 data-start=\"728\" data-end=\"760\"><strong data-start=\"733\" data-end=\"758\">Application method and dosage<\/strong><\/h4>\n<ul data-start=\"761\" data-end=\"1003\">\n<li data-start=\"761\" data-end=\"809\">\n<p data-start=\"763\" data-end=\"809\"><strong data-start=\"763\" data-end=\"771\">Age:<\/strong> 16\u201317 week old laying hens<\/p>\n<\/li>\n<li data-start=\"810\" data-end=\"926\">\n<p data-start=\"812\" data-end=\"926\"><strong data-start=\"812\" data-end=\"821\">Condition:<\/strong> Must have been vaccinated with live attenuated Newcastle and bronchitis vaccines prior to vaccination<\/p>\n<\/li>\n<li data-start=\"927\" data-end=\"953\">\n<p data-start=\"929\" data-end=\"953\"><strong data-start=\"929\" data-end=\"938\">Dosage:<\/strong> 0.5 ml\/bird<\/p>\n<\/li>\n<li data-start=\"954\" data-end=\"1003\">\n<p data-start=\"956\" data-end=\"1003\"><strong data-start=\"956\" data-end=\"970\">Injection:<\/strong> Under the skin (back of the neck)<\/p>\n<\/li>\n<\/ul>\n<p data-start=\"1005\" data-end=\"1140\"><em data-start=\"1005\" data-end=\"1012\">Note:<\/em> A separate vaccination against H. paragallinarum is recommended at 6\u20138 weeks of age to enhance protection against infectious coryza.<\/p>\n<hr data-start=\"1142\" data-end=\"1145\" \/>\n<h4 data-start=\"1147\" data-end=\"1175\"><strong data-start=\"1152\" data-end=\"1163\">Ingredients<\/strong> (1 dose):<\/h4>\n<ul data-start=\"1176\" data-end=\"1372\">\n<li data-start=\"1176\" data-end=\"1215\">\n<p data-start=\"1178\" data-end=\"1215\">Inactivated Newcastle virus: \u2265 50 PD\u2085\u2080<\/p>\n<\/li>\n<li data-start=\"1216\" data-end=\"1265\">\n<p data-start=\"1218\" data-end=\"1265\">Inactive infectious bronchitis virus: \u2265 10\u2075 EID\u2085\u2080<\/p>\n<\/li>\n<li data-start=\"1266\" data-end=\"1308\">\n<p data-start=\"1268\" data-end=\"1308\">\u0130naktiv EDS &#8217;76 adenovirus: \u2265 1000 HAU<\/p>\n<\/li>\n<li data-start=\"1309\" data-end=\"1372\">\n<p data-start=\"1311\" data-end=\"1372\">Inactive <em data-start=\"1319\" data-end=\"1338\">H. paragallinarum<\/em> Serotypes A and C: \u2265 3 \u00d7 10\u2078 CFU<\/p>\n<\/li>\n<\/ul>\n<hr data-start=\"1374\" data-end=\"1377\" \/>\n<h4 data-start=\"1379\" data-end=\"1406\"><strong data-start=\"1384\" data-end=\"1404\">Storage conditions<\/strong><\/h4>\n<p data-start=\"1407\" data-end=\"1471\">It should be stored at a temperature between +2\u00b0C and +8\u00b0C. <strong data-start=\"1455\" data-end=\"1471\">Don&#039;t freeze!<\/strong><\/p>\n<hr data-start=\"1473\" data-end=\"1476\" \/>\n<h4 data-start=\"1478\" data-end=\"1500\"><strong data-start=\"1483\" data-end=\"1498\">Packaging<\/strong><\/h4>\n<ul data-start=\"1501\" data-end=\"1557\">\n<li data-start=\"1501\" data-end=\"1529\">\n<p data-start=\"1503\" data-end=\"1529\">250 ml vial (500 doses)<\/p>\n<\/li>\n<li data-start=\"1530\" data-end=\"1557\">\n<p data-start=\"1532\" data-end=\"1557\">500 ml vial (1000 doses)<\/p>\n<\/li>\n<\/ul>\n<\/div>\n<p><!-- .vgblk-rw-wrapper --><\/p>","protected":false},"excerpt":{"rendered":"<p>OLVAC A+B+HG Newcastle x\u0259st\u0259liyi, Yumurtlama azalmas\u0131 sindromu (EDS &#8217;76), \u0130nfeksion bronxit v\u0259 \u0130nfeksion koriza \u0259leyhin\u0259 inaktiv peyv\u0259nd T\u0259sviri OLVAC A+B+HG \u2014 y\u00fcks\u0259k immunogenliy\u0259 malik antigenl\u0259rd\u0259n haz\u0131rlanm\u0131\u015f, mineral ya\u011fla emulsiyala\u015fd\u0131r\u0131lm\u0131\u015f inaktiv kompleks peyv\u0259nddir. Qu\u015flarda uzunm\u00fcdd\u0259tli v\u0259 g\u00fccl\u00fc immunitet yarad\u0131r. T\u0259tbiq sah\u0259si Toyuqlarda a\u015fa\u011f\u0131dak\u0131 x\u0259st\u0259likl\u0259rin profilaktikas\u0131 \u00fc\u00e7\u00fcn istifad\u0259 olunur: Newcastle x\u0259st\u0259liyi \u0130nfeksion bronxit \u0130nfeksion koriza Yumurtlama azalmas\u0131&#8230;<\/p>","protected":false},"featured_media":989576,"comment_status":"closed","ping_status":"closed","template":"","meta":{"nf_dc_page":"","_monsterinsights_skip_tracking":false,"_monsterinsights_sitenote_active":false,"_monsterinsights_sitenote_note":"","_monsterinsights_sitenote_category":0},"product_brand":[],"product_cat":[234,235,68],"product_tag":[],"class_list":{"0":"post-989573","1":"product","2":"type-product","3":"status-publish","4":"has-post-thumbnail","6":"product_cat-vaksinler","7":"product_cat-inaktiv","8":"product_cat-poultry","10":"first","11":"instock","12":"shipping-taxable","13":"product-type-simple"},"jetpack_sharing_enabled":true,"_links":{"self":[{"href":"https:\/\/agrovetazerbaijan.az\/en\/wp-json\/wp\/v2\/product\/989573","targetHints":{"allow":["GET"]}}],"collection":[{"href":"https:\/\/agrovetazerbaijan.az\/en\/wp-json\/wp\/v2\/product"}],"about":[{"href":"https:\/\/agrovetazerbaijan.az\/en\/wp-json\/wp\/v2\/types\/product"}],"replies":[{"embeddable":true,"href":"https:\/\/agrovetazerbaijan.az\/en\/wp-json\/wp\/v2\/comments?post=989573"}],"version-history":[{"count":2,"href":"https:\/\/agrovetazerbaijan.az\/en\/wp-json\/wp\/v2\/product\/989573\/revisions"}],"predecessor-version":[{"id":989842,"href":"https:\/\/agrovetazerbaijan.az\/en\/wp-json\/wp\/v2\/product\/989573\/revisions\/989842"}],"wp:featuredmedia":[{"embeddable":true,"href":"https:\/\/agrovetazerbaijan.az\/en\/wp-json\/wp\/v2\/media\/989576"}],"wp:attachment":[{"href":"https:\/\/agrovetazerbaijan.az\/en\/wp-json\/wp\/v2\/media?parent=989573"}],"wp:term":[{"taxonomy":"product_brand","embeddable":true,"href":"https:\/\/agrovetazerbaijan.az\/en\/wp-json\/wp\/v2\/product_brand?post=989573"},{"taxonomy":"product_cat","embeddable":true,"href":"https:\/\/agrovetazerbaijan.az\/en\/wp-json\/wp\/v2\/product_cat?post=989573"},{"taxonomy":"product_tag","embeddable":true,"href":"https:\/\/agrovetazerbaijan.az\/en\/wp-json\/wp\/v2\/product_tag?post=989573"}],"curies":[{"name":"wp","href":"https:\/\/api.w.org\/{rel}","templated":true}]}}