{"id":989570,"date":"2025-05-27T22:30:05","date_gmt":"2025-05-27T22:30:05","guid":{"rendered":"https:\/\/agrovetazerbaijan.az\/?post_type=product&#038;p=989570"},"modified":"2025-07-11T22:23:38","modified_gmt":"2025-07-11T22:23:38","slug":"myc-vac","status":"publish","type":"product","link":"https:\/\/agrovetazerbaijan.az\/en\/product\/myc-vac\/","title":{"rendered":"MYC-VAC"},"content":{"rendered":"<div class=\"vgblk-rw-wrapper limit-wrapper\">\n<h3 data-start=\"106\" data-end=\"123\"><strong data-start=\"110\" data-end=\"121\">MYC-VAC<\/strong><\/h3>\n<p data-start=\"124\" data-end=\"199\"><strong data-start=\"124\" data-end=\"152\">Mycoplasma gallisepticum<\/strong> infeksiyas\u0131na qar\u015f\u0131 inaktivl\u0259\u015fdirilmi\u015f peyv\u0259nd<\/p>\n<hr data-start=\"201\" data-end=\"204\" \/>\n<h4 data-start=\"206\" data-end=\"224\"><strong data-start=\"211\" data-end=\"222\">Description<\/strong><\/h4>\n<p data-start=\"225\" data-end=\"426\">MYC-VAC, y\u00fcks\u0259k immunogenliy\u0259 malik <strong data-start=\"261\" data-end=\"289\">Mycoplasma gallisepticum<\/strong> \u015ftamlar\u0131ndan haz\u0131rlanm\u0131\u015f, y\u00fcng\u00fcl mineral ya\u011fla emulsiyala\u015fd\u0131r\u0131lm\u0131\u015f inaktiv peyv\u0259nddir. Qu\u015flarda uzunm\u00fcdd\u0259tli v\u0259 g\u00fccl\u00fc immunitet yarad\u0131r.<\/p>\n<hr data-start=\"428\" data-end=\"431\" \/>\n<h4 data-start=\"433\" data-end=\"459\"><strong data-start=\"438\" data-end=\"457\">Area of use<\/strong><\/h4>\n<p data-start=\"460\" data-end=\"569\">Toyuq v\u0259 hindu\u015fkalarda <strong data-start=\"483\" data-end=\"511\">Mycoplasma gallisepticum<\/strong> infeksiyas\u0131n\u0131n qar\u015f\u0131s\u0131n\u0131 almaq m\u0259qs\u0259dil\u0259 istifad\u0259 olunur.<\/p>\n<hr data-start=\"571\" data-end=\"574\" \/>\n<h4 data-start=\"576\" data-end=\"608\"><strong data-start=\"581\" data-end=\"606\">Application method and dosage<\/strong><\/h4>\n<ul data-start=\"609\" data-end=\"787\">\n<li data-start=\"609\" data-end=\"665\">\n<p data-start=\"611\" data-end=\"665\"><strong data-start=\"611\" data-end=\"630\">\u0130nyeksiya yolu:<\/strong> Under the skin (back of the neck)<\/p>\n<\/li>\n<li data-start=\"666\" data-end=\"691\">\n<p data-start=\"668\" data-end=\"691\"><strong data-start=\"668\" data-end=\"676\">Doz:<\/strong> 0.5 ml\/bird<\/p>\n<\/li>\n<li data-start=\"692\" data-end=\"731\">\n<p data-start=\"694\" data-end=\"731\"><strong data-start=\"694\" data-end=\"708\">1-ci doza:<\/strong> 10\u201312 h\u0259ft\u0259lik ya\u015fda<\/p>\n<\/li>\n<li data-start=\"732\" data-end=\"787\">\n<p data-start=\"734\" data-end=\"787\"><strong data-start=\"734\" data-end=\"750\">T\u0259krar doza:<\/strong> Yumurtlama ba\u015flamazdan 4 h\u0259ft\u0259 \u0259vv\u0259l<\/p>\n<\/li>\n<\/ul>\n<hr data-start=\"789\" data-end=\"792\" \/>\n<h4 data-start=\"794\" data-end=\"821\"><strong data-start=\"799\" data-end=\"819\">Storage conditions<\/strong><\/h4>\n<p data-start=\"822\" data-end=\"873\">+2\u00b0C \u2013 +8\u00b0C temperaturda saxlay\u0131n. <strong data-start=\"857\" data-end=\"873\">Don&#039;t freeze!<\/strong><\/p>\n<hr data-start=\"875\" data-end=\"878\" \/>\n<h4 data-start=\"880\" data-end=\"902\"><strong data-start=\"885\" data-end=\"900\">Packaging<\/strong><\/h4>\n<ul data-start=\"903\" data-end=\"945\">\n<li data-start=\"903\" data-end=\"924\">\n<p data-start=\"905\" data-end=\"924\">250 ml (500 doza)<\/p>\n<\/li>\n<li data-start=\"925\" data-end=\"945\">\n<p data-start=\"927\" data-end=\"945\">500 ml (1000 doza)<\/p>\n<\/li>\n<\/ul>\n<\/div>\n<p><!-- .vgblk-rw-wrapper --><\/p>","protected":false},"excerpt":{"rendered":"<p>MYC-VAC Mycoplasma gallisepticum infeksiyas\u0131na qar\u015f\u0131 inaktivl\u0259\u015fdirilmi\u015f peyv\u0259nd T\u0259sviri MYC-VAC, y\u00fcks\u0259k immunogenliy\u0259 malik Mycoplasma gallisepticum \u015ftamlar\u0131ndan haz\u0131rlanm\u0131\u015f, y\u00fcng\u00fcl mineral ya\u011fla emulsiyala\u015fd\u0131r\u0131lm\u0131\u015f inaktiv peyv\u0259nddir. Qu\u015flarda uzunm\u00fcdd\u0259tli v\u0259 g\u00fccl\u00fc immunitet yarad\u0131r. \u0130stifad\u0259 sah\u0259si Toyuq v\u0259 hindu\u015fkalarda Mycoplasma gallisepticum infeksiyas\u0131n\u0131n qar\u015f\u0131s\u0131n\u0131 almaq m\u0259qs\u0259dil\u0259 istifad\u0259 olunur. T\u0259tbiq qaydas\u0131 v\u0259 doz \u0130nyeksiya yolu: D\u0259rinin alt\u0131na (boynun arxas\u0131na) Doz: 0.5 ml \/&#8230;<\/p>","protected":false},"featured_media":989571,"comment_status":"closed","ping_status":"closed","template":"","meta":{"nf_dc_page":"","_monsterinsights_skip_tracking":false,"_monsterinsights_sitenote_active":false,"_monsterinsights_sitenote_note":"","_monsterinsights_sitenote_category":0},"product_brand":[],"product_cat":[234,235,68],"product_tag":[],"class_list":{"0":"post-989570","1":"product","2":"type-product","3":"status-publish","4":"has-post-thumbnail","6":"product_cat-vaksinler","7":"product_cat-inaktiv","8":"product_cat-poultry","10":"first","11":"instock","12":"shipping-taxable","13":"product-type-simple"},"jetpack_sharing_enabled":true,"_links":{"self":[{"href":"https:\/\/agrovetazerbaijan.az\/en\/wp-json\/wp\/v2\/product\/989570","targetHints":{"allow":["GET"]}}],"collection":[{"href":"https:\/\/agrovetazerbaijan.az\/en\/wp-json\/wp\/v2\/product"}],"about":[{"href":"https:\/\/agrovetazerbaijan.az\/en\/wp-json\/wp\/v2\/types\/product"}],"replies":[{"embeddable":true,"href":"https:\/\/agrovetazerbaijan.az\/en\/wp-json\/wp\/v2\/comments?post=989570"}],"version-history":[{"count":2,"href":"https:\/\/agrovetazerbaijan.az\/en\/wp-json\/wp\/v2\/product\/989570\/revisions"}],"predecessor-version":[{"id":989841,"href":"https:\/\/agrovetazerbaijan.az\/en\/wp-json\/wp\/v2\/product\/989570\/revisions\/989841"}],"wp:featuredmedia":[{"embeddable":true,"href":"https:\/\/agrovetazerbaijan.az\/en\/wp-json\/wp\/v2\/media\/989571"}],"wp:attachment":[{"href":"https:\/\/agrovetazerbaijan.az\/en\/wp-json\/wp\/v2\/media?parent=989570"}],"wp:term":[{"taxonomy":"product_brand","embeddable":true,"href":"https:\/\/agrovetazerbaijan.az\/en\/wp-json\/wp\/v2\/product_brand?post=989570"},{"taxonomy":"product_cat","embeddable":true,"href":"https:\/\/agrovetazerbaijan.az\/en\/wp-json\/wp\/v2\/product_cat?post=989570"},{"taxonomy":"product_tag","embeddable":true,"href":"https:\/\/agrovetazerbaijan.az\/en\/wp-json\/wp\/v2\/product_tag?post=989570"}],"curies":[{"name":"wp","href":"https:\/\/api.w.org\/{rel}","templated":true}]}}