{"id":989567,"date":"2025-05-27T22:29:20","date_gmt":"2025-05-27T22:29:20","guid":{"rendered":"https:\/\/agrovetazerbaijan.az\/?post_type=product&#038;p=989567"},"modified":"2025-07-11T12:29:17","modified_gmt":"2025-07-11T12:29:17","slug":"larvac","status":"publish","type":"product","link":"https:\/\/agrovetazerbaijan.az\/en\/product\/larvac\/","title":{"rendered":"LARVAC"},"content":{"rendered":"<div class=\"vgblk-rw-wrapper limit-wrapper\">\n<p data-start=\"0\" data-end=\"94\">LAR-VAC<br data-start=\"7\" data-end=\"10\" \/>\u0130nfeksiyoz Laringotrakit vaksini, y\u00fcks\u0259k z\u0259ifl\u0259dilmi\u015f virus \u015ftamm\u0131 il\u0259 haz\u0131rlan\u0131r.<\/p>\n<p data-start=\"96\" data-end=\"192\"><strong data-start=\"96\" data-end=\"110\">Immunity:<\/strong> 10-15 g\u00fcn sonra yaran\u0131r, amma bir ne\u00e7\u0259 g\u00fcnd\u0259n sonra qism\u0259n qoruma t\u0259min edilir.<\/p>\n<p data-start=\"194\" data-end=\"254\"><strong data-start=\"194\" data-end=\"206\">Ingredients:<\/strong> 1 doza minimum 10\u00b3\u00b2 TCID\u2085\u2080 virus ehtiva edir.<\/p>\n<p data-start=\"256\" data-end=\"271\"><strong data-start=\"256\" data-end=\"269\">Usage:<\/strong><\/p>\n<ul data-start=\"272\" data-end=\"371\">\n<li data-start=\"272\" data-end=\"317\">\n<p data-start=\"274\" data-end=\"317\">G\u00f6zd\u0259n v\u0259 burundan 1 damla t\u0259tbiq edilir.<\/p>\n<\/li>\n<li data-start=\"318\" data-end=\"371\">\n<p data-start=\"320\" data-end=\"371\">21 g\u00fcnd\u0259n yuxar\u0131 sa\u011flam qu\u015flarda istifad\u0259 olunur.<\/p>\n<\/li>\n<\/ul>\n<p data-start=\"373\" data-end=\"395\"><strong data-start=\"373\" data-end=\"393\">Peyv\u0259nd c\u0259dv\u0259li:<\/strong><\/p>\n<ul data-start=\"396\" data-end=\"544\">\n<li data-start=\"396\" data-end=\"455\">\n<p data-start=\"398\" data-end=\"455\">Broilerl\u0259r: 1-ci peyv\u0259nd 21-28 g\u00fcn, 2-ci peyv\u0259nd 40 g\u00fcn<\/p>\n<\/li>\n<li data-start=\"456\" data-end=\"544\">\n<p data-start=\"458\" data-end=\"544\">Yumurtlayanlar: 1-ci peyv\u0259nd 4-6 h\u0259ft\u0259, 2-ci peyv\u0259nd yumurtlama \u00f6nc\u0259si (15-20 h\u0259ft\u0259)<\/p>\n<\/li>\n<\/ul>\n<p data-start=\"546\" data-end=\"629\"><strong data-start=\"546\" data-end=\"555\">Note:<\/strong> Flakonlar istifad\u0259 sonras\u0131 yand\u0131r\u0131lmal\u0131 v\u0259 ya dezinfeksiya edilm\u0259lidir.<\/p>\n<p data-start=\"631\" data-end=\"657\"><strong data-start=\"631\" data-end=\"643\">Storage:<\/strong> +2\u00b0C \u2013 +8\u00b0C<\/p>\n<p data-start=\"659\" data-end=\"687\"><strong data-start=\"659\" data-end=\"679\">Shelf life:<\/strong> 18 months<\/p>\n<p data-start=\"689\" data-end=\"737\"><strong data-start=\"689\" data-end=\"705\">Packaging:<\/strong> 1000 dozal\u0131 flakon v\u0259 diluent<\/p>\n<\/div>\n<p><!-- .vgblk-rw-wrapper --><\/p>","protected":false},"excerpt":{"rendered":"<p>LAR-VAC\u0130nfeksiyoz Laringotrakit vaksini, y\u00fcks\u0259k z\u0259ifl\u0259dilmi\u015f virus \u015ftamm\u0131 il\u0259 haz\u0131rlan\u0131r. \u0130mmunitet: 10-15 g\u00fcn sonra yaran\u0131r, amma bir ne\u00e7\u0259 g\u00fcnd\u0259n sonra qism\u0259n qoruma t\u0259min edilir. T\u0259rkibi: 1 doza minimum 10\u00b3\u00b2 TCID\u2085\u2080 virus ehtiva edir. \u0130stifad\u0259: G\u00f6zd\u0259n v\u0259 burundan 1 damla t\u0259tbiq edilir. 21 g\u00fcnd\u0259n yuxar\u0131 sa\u011flam qu\u015flarda istifad\u0259 olunur. Peyv\u0259nd c\u0259dv\u0259li: Broilerl\u0259r: 1-ci peyv\u0259nd 21-28 g\u00fcn, 2-ci&#8230;<\/p>","protected":false},"featured_media":989568,"comment_status":"closed","ping_status":"closed","template":"","meta":{"nf_dc_page":"","_monsterinsights_skip_tracking":false,"_monsterinsights_sitenote_active":false,"_monsterinsights_sitenote_note":"","_monsterinsights_sitenote_category":0},"product_brand":[],"product_cat":[234,237,68],"product_tag":[],"class_list":{"0":"post-989567","1":"product","2":"type-product","3":"status-publish","4":"has-post-thumbnail","6":"product_cat-vaksinler","7":"product_cat-aktiv-vaksinler","8":"product_cat-poultry","10":"first","11":"instock","12":"shipping-taxable","13":"product-type-simple"},"jetpack_sharing_enabled":true,"_links":{"self":[{"href":"https:\/\/agrovetazerbaijan.az\/en\/wp-json\/wp\/v2\/product\/989567","targetHints":{"allow":["GET"]}}],"collection":[{"href":"https:\/\/agrovetazerbaijan.az\/en\/wp-json\/wp\/v2\/product"}],"about":[{"href":"https:\/\/agrovetazerbaijan.az\/en\/wp-json\/wp\/v2\/types\/product"}],"replies":[{"embeddable":true,"href":"https:\/\/agrovetazerbaijan.az\/en\/wp-json\/wp\/v2\/comments?post=989567"}],"version-history":[{"count":2,"href":"https:\/\/agrovetazerbaijan.az\/en\/wp-json\/wp\/v2\/product\/989567\/revisions"}],"predecessor-version":[{"id":989838,"href":"https:\/\/agrovetazerbaijan.az\/en\/wp-json\/wp\/v2\/product\/989567\/revisions\/989838"}],"wp:featuredmedia":[{"embeddable":true,"href":"https:\/\/agrovetazerbaijan.az\/en\/wp-json\/wp\/v2\/media\/989568"}],"wp:attachment":[{"href":"https:\/\/agrovetazerbaijan.az\/en\/wp-json\/wp\/v2\/media?parent=989567"}],"wp:term":[{"taxonomy":"product_brand","embeddable":true,"href":"https:\/\/agrovetazerbaijan.az\/en\/wp-json\/wp\/v2\/product_brand?post=989567"},{"taxonomy":"product_cat","embeddable":true,"href":"https:\/\/agrovetazerbaijan.az\/en\/wp-json\/wp\/v2\/product_cat?post=989567"},{"taxonomy":"product_tag","embeddable":true,"href":"https:\/\/agrovetazerbaijan.az\/en\/wp-json\/wp\/v2\/product_tag?post=989567"}],"curies":[{"name":"wp","href":"https:\/\/api.w.org\/{rel}","templated":true}]}}