{"id":989560,"date":"2025-05-27T22:26:08","date_gmt":"2025-05-27T22:26:08","guid":{"rendered":"https:\/\/agrovetazerbaijan.az\/?post_type=product&#038;p=989560"},"modified":"2025-07-11T12:25:03","modified_gmt":"2025-07-11T12:25:03","slug":"iba-vac","status":"publish","type":"product","link":"https:\/\/agrovetazerbaijan.az\/en\/product\/iba-vac\/","title":{"rendered":"IBA-VAC"},"content":{"rendered":"<div class=\"vgblk-rw-wrapper limit-wrapper\">\n<p data-start=\"0\" data-end=\"106\">IBA-VAC<br data-start=\"7\" data-end=\"10\" \/>The live-frozen Infectious Bursal Disease vaccine is made with a weakened virus strain.<\/p>\n<p data-start=\"108\" data-end=\"123\"><strong data-start=\"108\" data-end=\"121\">Usage:<\/strong><\/p>\n<ul data-start=\"124\" data-end=\"442\">\n<li data-start=\"124\" data-end=\"222\">\n<p data-start=\"126\" data-end=\"222\">In the 3rd week or 12-15 days of age, to reduce the effect of passive maternal antibodies<\/p>\n<\/li>\n<li data-start=\"223\" data-end=\"266\">\n<p data-start=\"225\" data-end=\"266\">Mixed with water, 10-20 ml\/per bird<\/p>\n<\/li>\n<li data-start=\"267\" data-end=\"362\">\n<p data-start=\"269\" data-end=\"362\">Water cut, clean and disinfected drinking bowls, protection of water from sunlight and heat<\/p>\n<\/li>\n<li data-start=\"363\" data-end=\"442\">\n<p data-start=\"365\" data-end=\"442\">The vaccine should be used immediately after preparation, and group vaccination should be performed within 2-3 hours.<\/p>\n<\/li>\n<\/ul>\n<p data-start=\"444\" data-end=\"534\"><strong data-start=\"444\" data-end=\"458\">Immunity:<\/strong><br data-start=\"458\" data-end=\"461\" \/>It appears after 10-15 days, and once vaccinated, it provides long-term protection.<\/p>\n<p data-start=\"536\" data-end=\"547\"><strong data-start=\"536\" data-end=\"545\">Note:<\/strong><\/p>\n<ul data-start=\"548\" data-end=\"622\">\n<li data-start=\"548\" data-end=\"622\">\n<p data-start=\"550\" data-end=\"622\">Vials should be burned or disinfected after use.<\/p>\n<\/li>\n<\/ul>\n<p data-start=\"624\" data-end=\"652\"><strong data-start=\"624\" data-end=\"636\">Storage:<\/strong><br data-start=\"636\" data-end=\"639\" \/>+2\u00b0C \u2013 +8\u00b0C<\/p>\n<p data-start=\"654\" data-end=\"684\"><strong data-start=\"654\" data-end=\"674\">Shelf life:<\/strong><br data-start=\"674\" data-end=\"677\" \/>18 months<\/p>\n<p data-start=\"686\" data-end=\"740\"><strong data-start=\"686\" data-end=\"702\">Packaging:<\/strong><br data-start=\"702\" data-end=\"705\" \/>1000, 2500, 5000 dose vials<\/p>\n<\/div>\n<p><!-- .vgblk-rw-wrapper --><\/p>","protected":false},"excerpt":{"rendered":"<p>IBA-VACCanl\u0131 dondurulmu\u015f \u0130nfeksiyoz Bursal X\u0259st\u0259liyi vaksini, z\u0259ifl\u0259dilmi\u015f virus \u015ftamm\u0131 il\u0259 haz\u0131rlan\u0131r. \u0130stifad\u0259: 3-c\u00fc h\u0259ft\u0259d\u0259 v\u0259 ya 12-15 g\u00fcnl\u00fck civ\u0259l\u0259r\u0259, pasif maternal anticisiml\u0259rin t\u0259sirini azaltmaq \u00fc\u00e7\u00fcn Suya qat\u0131l\u0131b, 10-20 ml\/saxlama qu\u015f \u00fc\u00e7\u00fcn Su k\u0259simi, t\u0259miz v\u0259 dezinfeksiyas\u0131z i\u00e7m\u0259 qablar\u0131, suyun g\u00fcn\u0259\u015f i\u015f\u0131\u011f\u0131 v\u0259 istilikd\u0259n qorunmas\u0131 Vaksin haz\u0131rlanandan d\u0259rhal istifad\u0259, 2-3 saat i\u00e7ind\u0259 qrup peyv\u0259nd olunmal\u0131 \u0130mmunitet:10-15&#8230;<\/p>","protected":false},"featured_media":989561,"comment_status":"closed","ping_status":"closed","template":"","meta":{"nf_dc_page":"","_monsterinsights_skip_tracking":false,"_monsterinsights_sitenote_active":false,"_monsterinsights_sitenote_note":"","_monsterinsights_sitenote_category":0},"product_brand":[],"product_cat":[234,237,68],"product_tag":[],"class_list":{"0":"post-989560","1":"product","2":"type-product","3":"status-publish","4":"has-post-thumbnail","6":"product_cat-vaksinler","7":"product_cat-aktiv-vaksinler","8":"product_cat-poultry","10":"first","11":"instock","12":"shipping-taxable","13":"product-type-simple"},"jetpack_sharing_enabled":true,"_links":{"self":[{"href":"https:\/\/agrovetazerbaijan.az\/en\/wp-json\/wp\/v2\/product\/989560","targetHints":{"allow":["GET"]}}],"collection":[{"href":"https:\/\/agrovetazerbaijan.az\/en\/wp-json\/wp\/v2\/product"}],"about":[{"href":"https:\/\/agrovetazerbaijan.az\/en\/wp-json\/wp\/v2\/types\/product"}],"replies":[{"embeddable":true,"href":"https:\/\/agrovetazerbaijan.az\/en\/wp-json\/wp\/v2\/comments?post=989560"}],"version-history":[{"count":2,"href":"https:\/\/agrovetazerbaijan.az\/en\/wp-json\/wp\/v2\/product\/989560\/revisions"}],"predecessor-version":[{"id":989836,"href":"https:\/\/agrovetazerbaijan.az\/en\/wp-json\/wp\/v2\/product\/989560\/revisions\/989836"}],"wp:featuredmedia":[{"embeddable":true,"href":"https:\/\/agrovetazerbaijan.az\/en\/wp-json\/wp\/v2\/media\/989561"}],"wp:attachment":[{"href":"https:\/\/agrovetazerbaijan.az\/en\/wp-json\/wp\/v2\/media?parent=989560"}],"wp:term":[{"taxonomy":"product_brand","embeddable":true,"href":"https:\/\/agrovetazerbaijan.az\/en\/wp-json\/wp\/v2\/product_brand?post=989560"},{"taxonomy":"product_cat","embeddable":true,"href":"https:\/\/agrovetazerbaijan.az\/en\/wp-json\/wp\/v2\/product_cat?post=989560"},{"taxonomy":"product_tag","embeddable":true,"href":"https:\/\/agrovetazerbaijan.az\/en\/wp-json\/wp\/v2\/product_tag?post=989560"}],"curies":[{"name":"wp","href":"https:\/\/api.w.org\/{rel}","templated":true}]}}