{"id":989555,"date":"2025-05-27T22:21:52","date_gmt":"2025-05-27T22:21:52","guid":{"rendered":"https:\/\/agrovetazerbaijan.az\/?post_type=product&#038;p=989555"},"modified":"2025-07-11T12:31:30","modified_gmt":"2025-07-11T12:31:30","slug":"g-olvac","status":"publish","type":"product","link":"https:\/\/agrovetazerbaijan.az\/en\/product\/g-olvac\/","title":{"rendered":"G-OLVAC"},"content":{"rendered":"<div class=\"vgblk-rw-wrapper limit-wrapper\">\n<p data-start=\"0\" data-end=\"108\">G-OLVAC<br data-start=\"7\" data-end=\"10\" \/>Inactivated vaccine against Newcastle Disease and Infectious Bursal Disease (IBD).<\/p>\n<p data-start=\"110\" data-end=\"221\"><strong data-start=\"110\" data-end=\"128\">Features:<\/strong><br data-start=\"128\" data-end=\"131\" \/>It is prepared from highly immunogenic antigens, adjuvant in an emulsion in light mineral oil.<\/p>\n<p data-start=\"223\" data-end=\"237\"><strong data-start=\"223\" data-end=\"235\">Ingredients:<\/strong><\/p>\n<ul data-start=\"238\" data-end=\"347\">\n<li data-start=\"238\" data-end=\"299\">\n<p data-start=\"240\" data-end=\"299\">Inactivated Newcastle Disease virus: \u226510\u2078\u2075 EID\u2085\u2080<\/p>\n<\/li>\n<li data-start=\"300\" data-end=\"347\">\n<p data-start=\"302\" data-end=\"347\">Inactivated IBD virus: \u226510\u2075\u2075 EID\u2085\u2080<\/p>\n<\/li>\n<\/ul>\n<p data-start=\"349\" data-end=\"364\"><strong data-start=\"349\" data-end=\"362\">Usage:<\/strong><\/p>\n<ul data-start=\"365\" data-end=\"496\">\n<li data-start=\"365\" data-end=\"431\">\n<p data-start=\"367\" data-end=\"431\">Prevention of Newcastle Disease and Infectious Bursal Disease.<\/p>\n<\/li>\n<li data-start=\"432\" data-end=\"496\">\n<p data-start=\"434\" data-end=\"496\">Future breeders should be vaccinated at 18 weeks of age.<\/p>\n<\/li>\n<\/ul>\n<p data-start=\"498\" data-end=\"518\"><strong data-start=\"498\" data-end=\"516\">Vaccination schedule:<\/strong><\/p>\n<ul data-start=\"519\" data-end=\"744\">\n<li data-start=\"519\" data-end=\"647\">\n<p data-start=\"521\" data-end=\"647\">First, Newcastle Disease is administered with the B1 or La Sota live attenuated vaccine, and at 6 weeks of age, the IBD live vaccine is administered.<\/p>\n<\/li>\n<li data-start=\"648\" data-end=\"744\">\n<p data-start=\"650\" data-end=\"744\">Then, 0.5 ml of the vaccine is administered subcutaneously (back of the neck) or intramuscularly (chest).<\/p>\n<\/li>\n<\/ul>\n<p data-start=\"746\" data-end=\"757\"><strong data-start=\"746\" data-end=\"755\">Note:<\/strong><\/p>\n<ul data-start=\"758\" data-end=\"817\">\n<li data-start=\"758\" data-end=\"817\">\n<p data-start=\"760\" data-end=\"817\">Bring the vaccine to room temperature and shake well.<\/p>\n<\/li>\n<\/ul>\n<p data-start=\"819\" data-end=\"951\"><strong data-start=\"819\" data-end=\"831\">Storage:<\/strong> Store at +2\u00b0C \u2013 +8\u00b0C, protect from freezing.<br data-start=\"865\" data-end=\"868\" \/><strong data-start=\"868\" data-end=\"888\">Shelf life:<\/strong> 24 months<br data-start=\"894\" data-end=\"897\" \/><strong data-start=\"897\" data-end=\"913\">Packaging:<\/strong> 250 ml (500 doses), 500 ml (1000 doses)<\/p>\n<\/div>\n<p><!-- .vgblk-rw-wrapper --><\/p>","protected":false},"excerpt":{"rendered":"<p>G-OLVACQeyri-aktivl\u0259\u015fdirilmi\u015f vaksin, Newcastle Disease v\u0259 Infectious Bursal Disease (IBD) \u0259leyhin\u0259dir. X\u00fcsusiyy\u0259tl\u0259r:Y\u00fcks\u0259k immunogen antigenl\u0259rd\u0259n haz\u0131rlan\u0131b, y\u00fcng\u00fcl mineral ya\u011fda emulsiyada adjuvantedir. T\u0259rkibi: \u0130nnaktivl\u0259\u015fdirilmi\u015f Newcastle Disease virusu: \u226510\u2078\u2075 EID\u2085\u2080 \u0130nnaktivl\u0259\u015fdirilmi\u015f IBD virusu: \u226510\u2075\u2075 EID\u2085\u2080 \u0130stifad\u0259: Newcastle Disease v\u0259 Infectious Bursal Disease profilaktikas\u0131. G\u0259l\u0259c\u0259k yeti\u015fdiricil\u0259r 18 h\u0259ft\u0259 ya\u015f\u0131nda peyv\u0259nd olunmal\u0131d\u0131r. Peyv\u0259nd sxemi: \u018fvv\u0259lc\u0259 B1 v\u0259 ya La Sota canl\u0131&#8230;<\/p>","protected":false},"featured_media":989556,"comment_status":"closed","ping_status":"closed","template":"","meta":{"nf_dc_page":"","_monsterinsights_skip_tracking":false,"_monsterinsights_sitenote_active":false,"_monsterinsights_sitenote_note":"","_monsterinsights_sitenote_category":0},"product_brand":[],"product_cat":[235,68,234],"product_tag":[],"class_list":{"0":"post-989555","1":"product","2":"type-product","3":"status-publish","4":"has-post-thumbnail","6":"product_cat-inaktiv","7":"product_cat-poultry","8":"product_cat-vaksinler","10":"first","11":"instock","12":"shipping-taxable","13":"product-type-simple"},"jetpack_sharing_enabled":true,"_links":{"self":[{"href":"https:\/\/agrovetazerbaijan.az\/en\/wp-json\/wp\/v2\/product\/989555","targetHints":{"allow":["GET"]}}],"collection":[{"href":"https:\/\/agrovetazerbaijan.az\/en\/wp-json\/wp\/v2\/product"}],"about":[{"href":"https:\/\/agrovetazerbaijan.az\/en\/wp-json\/wp\/v2\/types\/product"}],"replies":[{"embeddable":true,"href":"https:\/\/agrovetazerbaijan.az\/en\/wp-json\/wp\/v2\/comments?post=989555"}],"version-history":[{"count":2,"href":"https:\/\/agrovetazerbaijan.az\/en\/wp-json\/wp\/v2\/product\/989555\/revisions"}],"predecessor-version":[{"id":989839,"href":"https:\/\/agrovetazerbaijan.az\/en\/wp-json\/wp\/v2\/product\/989555\/revisions\/989839"}],"wp:featuredmedia":[{"embeddable":true,"href":"https:\/\/agrovetazerbaijan.az\/en\/wp-json\/wp\/v2\/media\/989556"}],"wp:attachment":[{"href":"https:\/\/agrovetazerbaijan.az\/en\/wp-json\/wp\/v2\/media?parent=989555"}],"wp:term":[{"taxonomy":"product_brand","embeddable":true,"href":"https:\/\/agrovetazerbaijan.az\/en\/wp-json\/wp\/v2\/product_brand?post=989555"},{"taxonomy":"product_cat","embeddable":true,"href":"https:\/\/agrovetazerbaijan.az\/en\/wp-json\/wp\/v2\/product_cat?post=989555"},{"taxonomy":"product_tag","embeddable":true,"href":"https:\/\/agrovetazerbaijan.az\/en\/wp-json\/wp\/v2\/product_tag?post=989555"}],"curies":[{"name":"wp","href":"https:\/\/api.w.org\/{rel}","templated":true}]}}