{"id":989552,"date":"2025-05-27T22:18:31","date_gmt":"2025-05-27T22:18:31","guid":{"rendered":"https:\/\/agrovetazerbaijan.az\/?post_type=product&#038;p=989552"},"modified":"2025-07-11T12:19:35","modified_gmt":"2025-07-11T12:19:35","slug":"encefal-vac","status":"publish","type":"product","link":"https:\/\/agrovetazerbaijan.az\/en\/product\/encefal-vac\/","title":{"rendered":"ENCEFAL-VAC"},"content":{"rendered":"<div class=\"vgblk-rw-wrapper limit-wrapper\">\n<p data-start=\"0\" data-end=\"124\">ENCEFAL-VAC<br data-start=\"11\" data-end=\"14\" \/>Live frozen avian encephalomyelitis vaccine is prepared with the Calnek 1143 strain. It provides high immunity.<\/p>\n<p data-start=\"126\" data-end=\"141\"><strong data-start=\"126\" data-end=\"139\">Usage:<\/strong><\/p>\n<ul data-start=\"142\" data-end=\"471\">\n<li data-start=\"142\" data-end=\"209\">\n<p data-start=\"144\" data-end=\"209\">To healthy birds aged 3-4 months, at least 1 month before the laying period<\/p>\n<\/li>\n<li data-start=\"210\" data-end=\"261\">\n<p data-start=\"212\" data-end=\"261\">It is given mixed with water, 20-30 ml\/per bird.<\/p>\n<\/li>\n<li data-start=\"262\" data-end=\"332\">\n<p data-start=\"264\" data-end=\"332\">Water cut (approximately 2 hours), clean and disinfected drinking bowls<\/p>\n<\/li>\n<li data-start=\"333\" data-end=\"419\">\n<p data-start=\"335\" data-end=\"419\">The vaccine should be used immediately after preparation, and the entire group should be vaccinated within 2-3 hours.<\/p>\n<\/li>\n<li data-start=\"420\" data-end=\"471\">\n<p data-start=\"422\" data-end=\"471\">A 14-day break from other vaccines is required.<\/p>\n<\/li>\n<\/ul>\n<p data-start=\"473\" data-end=\"584\"><strong data-start=\"473\" data-end=\"487\">Immunity:<\/strong><br data-start=\"487\" data-end=\"490\" \/>It appears about 1 month later and lasts the entire egg-laying period. It is transmitted from the mother bird to the chicks.<\/p>\n<p data-start=\"586\" data-end=\"597\"><strong data-start=\"586\" data-end=\"595\">Note:<\/strong><\/p>\n<ul data-start=\"598\" data-end=\"731\">\n<li data-start=\"598\" data-end=\"656\">\n<p data-start=\"600\" data-end=\"656\">Should not be given to birds younger than 2 months old and laying hens<\/p>\n<\/li>\n<li data-start=\"657\" data-end=\"731\">\n<p data-start=\"659\" data-end=\"731\">Vials should be burned or disinfected after use.<\/p>\n<\/li>\n<\/ul>\n<p data-start=\"733\" data-end=\"761\"><strong data-start=\"733\" data-end=\"745\">Storage:<\/strong><br data-start=\"745\" data-end=\"748\" \/>+2\u00b0C \u2013 +8\u00b0C<\/p>\n<p data-start=\"763\" data-end=\"793\"><strong data-start=\"763\" data-end=\"783\">Shelf life:<\/strong><br data-start=\"783\" data-end=\"786\" \/>18 months<\/p>\n<p data-start=\"795\" data-end=\"837\"><strong data-start=\"795\" data-end=\"811\">Packaging:<\/strong><br data-start=\"811\" data-end=\"814\" \/>1000 dose vials<\/p>\n<\/div>\n<p><!-- .vgblk-rw-wrapper --><\/p>","protected":false},"excerpt":{"rendered":"<p>ENCEFAL-VACCanl\u0131 dondurulmu\u015f qu\u015f ensefalomieliti vaksini, Calnek 1143 \u015ftamm\u0131 il\u0259 haz\u0131rlan\u0131r. Y\u00fcks\u0259k immunitet t\u0259min edir. \u0130stifad\u0259: 3-4 ayl\u0131q sa\u011flam qu\u015flara, yumurtlama d\u00f6vr\u00fcnd\u0259n \u0259n az 1 ay \u0259vv\u0259l Suya qat\u0131l\u0131b verilir, 20-30 ml\/saxlama qu\u015f \u00fc\u00e7\u00fcn Su k\u0259simi (t\u0259xmin\u0259n 2 saat), t\u0259miz v\u0259 dezinfeksiyas\u0131z i\u00e7m\u0259 qablar\u0131 Vaksin haz\u0131rlanandan d\u0259rhal istifad\u0259, 2-3 saat i\u00e7ind\u0259 tam qrup peyv\u0259nd olunmal\u0131d\u0131r Dig\u0259r&#8230;<\/p>","protected":false},"featured_media":989553,"comment_status":"closed","ping_status":"closed","template":"","meta":{"nf_dc_page":"","_monsterinsights_skip_tracking":false,"_monsterinsights_sitenote_active":false,"_monsterinsights_sitenote_note":"","_monsterinsights_sitenote_category":0},"product_brand":[],"product_cat":[234,237,68],"product_tag":[],"class_list":{"0":"post-989552","1":"product","2":"type-product","3":"status-publish","4":"has-post-thumbnail","6":"product_cat-vaksinler","7":"product_cat-aktiv-vaksinler","8":"product_cat-poultry","10":"first","11":"instock","12":"shipping-taxable","13":"product-type-simple"},"jetpack_sharing_enabled":true,"_links":{"self":[{"href":"https:\/\/agrovetazerbaijan.az\/en\/wp-json\/wp\/v2\/product\/989552","targetHints":{"allow":["GET"]}}],"collection":[{"href":"https:\/\/agrovetazerbaijan.az\/en\/wp-json\/wp\/v2\/product"}],"about":[{"href":"https:\/\/agrovetazerbaijan.az\/en\/wp-json\/wp\/v2\/types\/product"}],"replies":[{"embeddable":true,"href":"https:\/\/agrovetazerbaijan.az\/en\/wp-json\/wp\/v2\/comments?post=989552"}],"version-history":[{"count":2,"href":"https:\/\/agrovetazerbaijan.az\/en\/wp-json\/wp\/v2\/product\/989552\/revisions"}],"predecessor-version":[{"id":989835,"href":"https:\/\/agrovetazerbaijan.az\/en\/wp-json\/wp\/v2\/product\/989552\/revisions\/989835"}],"wp:featuredmedia":[{"embeddable":true,"href":"https:\/\/agrovetazerbaijan.az\/en\/wp-json\/wp\/v2\/media\/989553"}],"wp:attachment":[{"href":"https:\/\/agrovetazerbaijan.az\/en\/wp-json\/wp\/v2\/media?parent=989552"}],"wp:term":[{"taxonomy":"product_brand","embeddable":true,"href":"https:\/\/agrovetazerbaijan.az\/en\/wp-json\/wp\/v2\/product_brand?post=989552"},{"taxonomy":"product_cat","embeddable":true,"href":"https:\/\/agrovetazerbaijan.az\/en\/wp-json\/wp\/v2\/product_cat?post=989552"},{"taxonomy":"product_tag","embeddable":true,"href":"https:\/\/agrovetazerbaijan.az\/en\/wp-json\/wp\/v2\/product_tag?post=989552"}],"curies":[{"name":"wp","href":"https:\/\/api.w.org\/{rel}","templated":true}]}}