{"id":989546,"date":"2025-05-27T22:14:08","date_gmt":"2025-05-27T22:14:08","guid":{"rendered":"https:\/\/agrovetazerbaijan.az\/?post_type=product&#038;p=989546"},"modified":"2025-07-11T12:11:45","modified_gmt":"2025-07-11T12:11:45","slug":"bio-vac-reo","status":"publish","type":"product","link":"https:\/\/agrovetazerbaijan.az\/en\/product\/bio-vac-reo\/","title":{"rendered":"BIO-VAC-REO"},"content":{"rendered":"<div class=\"vgblk-rw-wrapper limit-wrapper\">\n<p data-start=\"44\" data-end=\"221\"><strong data-start=\"44\" data-end=\"59\">BIO-VAC REO<\/strong><br data-start=\"59\" data-end=\"62\" \/>\ud83e\udda0 Live frozen vaccine against Viral Arthritis<br data-start=\"109\" data-end=\"112\" \/>\ud83e\uddeb S-1133 Avian Reovirus strain (attenuated)<br data-start=\"157\" data-end=\"160\" \/>\ud83d\udc89 Anti-inflammatory vaccine, mainly for breeding birds<\/p>\n<p data-start=\"223\" data-end=\"247\"><strong data-start=\"223\" data-end=\"245\">Dosage and Usage:<\/strong><\/p>\n<ul data-start=\"248\" data-end=\"395\">\n<li data-start=\"248\" data-end=\"284\">\n<p data-start=\"250\" data-end=\"284\">0.2 ml subcutaneously into the neck<\/p>\n<\/li>\n<li data-start=\"285\" data-end=\"329\">\n<p data-start=\"287\" data-end=\"329\">3 vaccinations: at 7-8 days, 5 and 9 weeks<\/p>\n<\/li>\n<li data-start=\"330\" data-end=\"395\">\n<p data-start=\"332\" data-end=\"395\">Booster with inactivated vaccine is recommended at 17-18 weeks<\/p>\n<\/li>\n<\/ul>\n<p data-start=\"397\" data-end=\"408\"><strong data-start=\"397\" data-end=\"406\">Note:<\/strong><\/p>\n<ul data-start=\"409\" data-end=\"660\">\n<li data-start=\"409\" data-end=\"469\">\n<p data-start=\"411\" data-end=\"469\">Use within 1 hour after reconstitution.<\/p>\n<\/li>\n<li data-start=\"470\" data-end=\"500\">\n<p data-start=\"472\" data-end=\"500\">Apply to healthy birds<\/p>\n<\/li>\n<li data-start=\"501\" data-end=\"576\">\n<p data-start=\"503\" data-end=\"576\">Vaccinate 12 weeks before the ovulatory period, not during ovulation<\/p>\n<\/li>\n<li data-start=\"577\" data-end=\"602\">\n<p data-start=\"579\" data-end=\"602\">Store at +2\u00b0C\u2013+8\u00b0C<\/p>\n<\/li>\n<li data-start=\"603\" data-end=\"635\">\n<p data-start=\"605\" data-end=\"635\">1000 dose vial + diluent<\/p>\n<\/li>\n<li data-start=\"636\" data-end=\"660\">\n<p data-start=\"638\" data-end=\"660\">Shelf life: 18 months<\/p>\n<\/li>\n<\/ul>\n<\/div>\n<p><!-- .vgblk-rw-wrapper --><\/p>","protected":false},"excerpt":{"rendered":"<p>BIO-VAC REO\ud83e\udda0 Viral Artrit\u0259 qar\u015f\u0131 canl\u0131 dondurulmu\u015f vaksin\ud83e\uddeb S-1133 Avian Reovirus \u015ftamm\u0131 (attentuated)\ud83d\udc89 \u0130ltihab \u0259leyhin\u0259 peyv\u0259nd, \u0259sas\u0259n yeti\u015fdirici qu\u015flar \u00fc\u00e7\u00fcn Dozaj v\u0259 \u0130stifad\u0259: 0.2 ml subkutan boyun nahiy\u0259sin\u0259 3 peyv\u0259nd: 7-8 g\u00fcnl\u00fck, 5 v\u0259 9 h\u0259ft\u0259likd\u0259 17-18 h\u0259ft\u0259d\u0259 inaktiv vaksinl\u0259 g\u00fccl\u0259ndirilm\u0259si t\u00f6vsiy\u0259 olunur Qeyd: Yenid\u0259n haz\u0131rlanandan sonra 1 saat \u0259rzind\u0259 istifad\u0259 edin Sa\u011flam qu\u015flara t\u0259tbiq&#8230;<\/p>","protected":false},"featured_media":989547,"comment_status":"closed","ping_status":"closed","template":"","meta":{"nf_dc_page":"","_monsterinsights_skip_tracking":false,"_monsterinsights_sitenote_active":false,"_monsterinsights_sitenote_note":"","_monsterinsights_sitenote_category":0},"product_brand":[],"product_cat":[234,237,68],"product_tag":[],"class_list":{"0":"post-989546","1":"product","2":"type-product","3":"status-publish","4":"has-post-thumbnail","6":"product_cat-vaksinler","7":"product_cat-aktiv-vaksinler","8":"product_cat-poultry","10":"first","11":"instock","12":"shipping-taxable","13":"product-type-simple"},"jetpack_sharing_enabled":true,"_links":{"self":[{"href":"https:\/\/agrovetazerbaijan.az\/en\/wp-json\/wp\/v2\/product\/989546","targetHints":{"allow":["GET"]}}],"collection":[{"href":"https:\/\/agrovetazerbaijan.az\/en\/wp-json\/wp\/v2\/product"}],"about":[{"href":"https:\/\/agrovetazerbaijan.az\/en\/wp-json\/wp\/v2\/types\/product"}],"replies":[{"embeddable":true,"href":"https:\/\/agrovetazerbaijan.az\/en\/wp-json\/wp\/v2\/comments?post=989546"}],"version-history":[{"count":2,"href":"https:\/\/agrovetazerbaijan.az\/en\/wp-json\/wp\/v2\/product\/989546\/revisions"}],"predecessor-version":[{"id":989833,"href":"https:\/\/agrovetazerbaijan.az\/en\/wp-json\/wp\/v2\/product\/989546\/revisions\/989833"}],"wp:featuredmedia":[{"embeddable":true,"href":"https:\/\/agrovetazerbaijan.az\/en\/wp-json\/wp\/v2\/media\/989547"}],"wp:attachment":[{"href":"https:\/\/agrovetazerbaijan.az\/en\/wp-json\/wp\/v2\/media?parent=989546"}],"wp:term":[{"taxonomy":"product_brand","embeddable":true,"href":"https:\/\/agrovetazerbaijan.az\/en\/wp-json\/wp\/v2\/product_brand?post=989546"},{"taxonomy":"product_cat","embeddable":true,"href":"https:\/\/agrovetazerbaijan.az\/en\/wp-json\/wp\/v2\/product_cat?post=989546"},{"taxonomy":"product_tag","embeddable":true,"href":"https:\/\/agrovetazerbaijan.az\/en\/wp-json\/wp\/v2\/product_tag?post=989546"}],"curies":[{"name":"wp","href":"https:\/\/api.w.org\/{rel}","templated":true}]}}