{"id":989544,"date":"2025-05-27T22:16:26","date_gmt":"2025-05-27T22:16:26","guid":{"rendered":"https:\/\/agrovetazerbaijan.az\/?post_type=product&#038;p=989544"},"modified":"2025-07-11T11:55:06","modified_gmt":"2025-07-11T11:55:06","slug":"bi-vac-1","status":"publish","type":"product","link":"https:\/\/agrovetazerbaijan.az\/en\/product\/bi-vac-1\/","title":{"rendered":"BI-VAC 1\u00b0"},"content":{"rendered":"<div class=\"vgblk-rw-wrapper limit-wrapper\">\n<h3 data-start=\"86\" data-end=\"152\"><strong data-start=\"90\" data-end=\"150\">BI-VAC 1\u00b0 \u2013 Live Vaccine Against Infectious Bronchitis (H120)<\/strong><\/h3>\n<p data-start=\"153\" data-end=\"256\">Designed for primary vaccination. It is a live attenuated virus based on the H120 strain.<\/p>\n<p data-start=\"258\" data-end=\"386\"><strong data-start=\"258\" data-end=\"271\">Usage:<\/strong> It is applied with drinking water.<br data-start=\"300\" data-end=\"303\" \/><strong data-start=\"303\" data-end=\"312\">Dosage:<\/strong> With 7\u201380 ml of water, depending on the age of the bird.<br data-start=\"346\" data-end=\"349\" \/><strong data-start=\"349\" data-end=\"363\">Immunity:<\/strong> It forms in 10\u201315 days.<\/p>\n<p data-start=\"388\" data-end=\"524\">\ud83d\udd01 Revaccination: at 8\u201312 weeks with BI-VAC 2\u00b0.<br data-start=\"436\" data-end=\"439\" \/>\u26a0\ufe0f Use water without disinfectant. Use the vaccine immediately after reconstitution.<\/p>\n<p data-start=\"526\" data-end=\"594\"><strong data-start=\"526\" data-end=\"539\">Storage:<\/strong> +2\u00b0C \u2013 +8\u00b0C<br data-start=\"551\" data-end=\"554\" \/><strong data-start=\"554\" data-end=\"570\">Packaging:<\/strong> 1000 \/ 2500 \/ 5000 doses<\/p>\n<\/div>\n<p><!-- .vgblk-rw-wrapper --><\/p>","protected":false},"excerpt":{"rendered":"<p>BI-VAC 1\u00b0 \u2013 \u0130nfeksion Bronxit\u0259 Qar\u015f\u0131 Canl\u0131 Vaksin (H120) \u0130lk vaksinasiya \u00fc\u00e7\u00fcn n\u0259z\u0259rd\u0259 tutulmu\u015fdur. H120 \u015ftamm\u0131 \u0259sas\u0131nda haz\u0131rlanm\u0131\u015f z\u0259ifl\u0259dilmi\u015f canl\u0131 virusdur. \u0130stifad\u0259: \u0130\u00e7m\u0259li su il\u0259 t\u0259tbiq edilir.Doza: Qu\u015fun ya\u015f\u0131na g\u00f6r\u0259 7\u201380 ml su il\u0259.\u0130mmunitet: 10\u201315 g\u00fcn\u0259 formala\u015f\u0131r. \ud83d\udd01 Revaksinasiya: 8\u201312-ci h\u0259ft\u0259d\u0259 BI-VAC 2\u00b0 il\u0259.\u26a0\ufe0f Dezinfektans\u0131z su istifad\u0259 edin. Vaksini h\u0259ll etdikd\u0259n d\u0259rhal sonra istifad\u0259 edin&#8230;.<\/p>","protected":false},"featured_media":989550,"comment_status":"closed","ping_status":"closed","template":"","meta":{"nf_dc_page":"","_monsterinsights_skip_tracking":false,"_monsterinsights_sitenote_active":false,"_monsterinsights_sitenote_note":"","_monsterinsights_sitenote_category":0},"product_brand":[],"product_cat":[234,237,68],"product_tag":[],"class_list":{"0":"post-989544","1":"product","2":"type-product","3":"status-publish","4":"has-post-thumbnail","6":"product_cat-vaksinler","7":"product_cat-aktiv-vaksinler","8":"product_cat-poultry","10":"first","11":"instock","12":"shipping-taxable","13":"product-type-simple"},"jetpack_sharing_enabled":true,"_links":{"self":[{"href":"https:\/\/agrovetazerbaijan.az\/en\/wp-json\/wp\/v2\/product\/989544","targetHints":{"allow":["GET"]}}],"collection":[{"href":"https:\/\/agrovetazerbaijan.az\/en\/wp-json\/wp\/v2\/product"}],"about":[{"href":"https:\/\/agrovetazerbaijan.az\/en\/wp-json\/wp\/v2\/types\/product"}],"replies":[{"embeddable":true,"href":"https:\/\/agrovetazerbaijan.az\/en\/wp-json\/wp\/v2\/comments?post=989544"}],"version-history":[{"count":2,"href":"https:\/\/agrovetazerbaijan.az\/en\/wp-json\/wp\/v2\/product\/989544\/revisions"}],"predecessor-version":[{"id":989829,"href":"https:\/\/agrovetazerbaijan.az\/en\/wp-json\/wp\/v2\/product\/989544\/revisions\/989829"}],"wp:featuredmedia":[{"embeddable":true,"href":"https:\/\/agrovetazerbaijan.az\/en\/wp-json\/wp\/v2\/media\/989550"}],"wp:attachment":[{"href":"https:\/\/agrovetazerbaijan.az\/en\/wp-json\/wp\/v2\/media?parent=989544"}],"wp:term":[{"taxonomy":"product_brand","embeddable":true,"href":"https:\/\/agrovetazerbaijan.az\/en\/wp-json\/wp\/v2\/product_brand?post=989544"},{"taxonomy":"product_cat","embeddable":true,"href":"https:\/\/agrovetazerbaijan.az\/en\/wp-json\/wp\/v2\/product_cat?post=989544"},{"taxonomy":"product_tag","embeddable":true,"href":"https:\/\/agrovetazerbaijan.az\/en\/wp-json\/wp\/v2\/product_tag?post=989544"}],"curies":[{"name":"wp","href":"https:\/\/api.w.org\/{rel}","templated":true}]}}