{"id":989542,"date":"2025-05-27T22:12:58","date_gmt":"2025-05-27T22:12:58","guid":{"rendered":"https:\/\/agrovetazerbaijan.az\/?post_type=product&#038;p=989542"},"modified":"2025-07-14T21:22:17","modified_gmt":"2025-07-14T21:22:17","slug":"bio-vac-ndv-6-10-h120-2","status":"publish","type":"product","link":"https:\/\/agrovetazerbaijan.az\/en\/product\/bio-vac-ndv-6-10-h120-2\/","title":{"rendered":"BIO-VAC NDV 6\/10 \u2013 H120"},"content":{"rendered":"<div class=\"vgblk-rw-wrapper limit-wrapper\">\n<p data-start=\"76\" data-end=\"269\"><strong data-start=\"76\" data-end=\"103\">BIO-VAC NDV 6\/10 \u2013 H120<\/strong><br data-start=\"103\" data-end=\"106\" \/>\ud83e\udda0 Live vaccine against Newcastle and Infectious Bronchitis<br data-start=\"159\" data-end=\"162\" \/>\ud83d\udc89 Strains: NDV 6\/10 (pathogenic), H120 (IBV)<br data-start=\"204\" data-end=\"207\" \/>\ud83d\udcc6 Immunity: Full in 10\u201315 days, but initial protection in a few days<\/p>\n<p data-start=\"271\" data-end=\"286\"><strong data-start=\"271\" data-end=\"284\">Usage:<\/strong><\/p>\n<ul data-start=\"287\" data-end=\"356\">\n<li data-start=\"287\" data-end=\"296\">\n<p data-start=\"289\" data-end=\"296\">Spray<\/p>\n<\/li>\n<li data-start=\"297\" data-end=\"318\">\n<p data-start=\"299\" data-end=\"318\">Eye\/nose drops<\/p>\n<\/li>\n<li data-start=\"319\" data-end=\"356\">\n<p data-start=\"321\" data-end=\"356\">With drinking water (7\u201380 ml depending on age)<\/p>\n<\/li>\n<\/ul>\n<p data-start=\"358\" data-end=\"491\"><strong data-start=\"358\" data-end=\"368\">Dosage:<\/strong><br data-start=\"368\" data-end=\"371\" \/>\ud83d\udc23 Starting dose in week 1<br data-start=\"400\" data-end=\"403\" \/>\ud83d\udd01 Repeat after 2\u20133 weeks<br data-start=\"428\" data-end=\"431\" \/>\ud83d\udc14 Laying hens: 3rd dose at 15\u201320 weeks, then every 4 months<\/p>\n<p data-start=\"493\" data-end=\"504\"><strong data-start=\"493\" data-end=\"502\">Note:<\/strong><\/p>\n<ul data-start=\"505\" data-end=\"642\">\n<li data-start=\"505\" data-end=\"556\">\n<p data-start=\"507\" data-end=\"556\">Use within 1-2 hours after dilution.<\/p>\n<\/li>\n<li data-start=\"557\" data-end=\"582\">\n<p data-start=\"559\" data-end=\"582\">Store at +2\u00b0C\u2013+8\u00b0C<\/p>\n<\/li>\n<li data-start=\"583\" data-end=\"622\">\n<p data-start=\"585\" data-end=\"622\">1000 \/ 2500 \/ 5000 dose vials<\/p>\n<\/li>\n<li data-start=\"623\" data-end=\"642\">\n<p data-start=\"625\" data-end=\"642\">Shelf life: 18 months<\/p>\n<\/li>\n<\/ul>\n<\/div>\n<p><!-- .vgblk-rw-wrapper --><\/p>","protected":false},"excerpt":{"rendered":"<p>BIO-VAC NDV 6\/10 &#8211; H120\ud83e\udda0 Newcastle v\u0259 \u0130nfeksion Bronxit\u0259 qar\u015f\u0131 canl\u0131 vaksin\ud83d\udc89 \u015etamlar: NDV 6\/10 (patogen), H120 (IBV)\ud83d\udcc6 \u0130mmunitet: 10\u201315 g\u00fcn\u0259 tam, lakin bir ne\u00e7\u0259 g\u00fcn\u0259 ilkin qoruma \u0130stifad\u0259: Sprey G\u00f6z\/burun damc\u0131s\u0131 \u0130\u00e7m\u0259li su il\u0259 (ya\u015fa g\u00f6r\u0259 7\u201380 ml) Dozaj:\ud83d\udc23 1-ci h\u0259ft\u0259d\u0259 ba\u015flan\u011f\u0131c doz\ud83d\udd01 2\u20133 h\u0259ft\u0259 sonra t\u0259krar\ud83d\udc14 Yumurtac\u0131lar: 15\u201320-ci h\u0259ft\u0259d\u0259 3-c\u00fc doz, sonra 4&#8230;<\/p>","protected":false},"featured_media":989991,"comment_status":"closed","ping_status":"closed","template":"","meta":{"nf_dc_page":"","_monsterinsights_skip_tracking":false,"_monsterinsights_sitenote_active":false,"_monsterinsights_sitenote_note":"","_monsterinsights_sitenote_category":0},"product_brand":[],"product_cat":[234,237,68],"product_tag":[],"class_list":{"0":"post-989542","1":"product","2":"type-product","3":"status-publish","4":"has-post-thumbnail","6":"product_cat-vaksinler","7":"product_cat-aktiv-vaksinler","8":"product_cat-poultry","10":"first","11":"instock","12":"shipping-taxable","13":"product-type-simple"},"jetpack_sharing_enabled":true,"_links":{"self":[{"href":"https:\/\/agrovetazerbaijan.az\/en\/wp-json\/wp\/v2\/product\/989542","targetHints":{"allow":["GET"]}}],"collection":[{"href":"https:\/\/agrovetazerbaijan.az\/en\/wp-json\/wp\/v2\/product"}],"about":[{"href":"https:\/\/agrovetazerbaijan.az\/en\/wp-json\/wp\/v2\/types\/product"}],"replies":[{"embeddable":true,"href":"https:\/\/agrovetazerbaijan.az\/en\/wp-json\/wp\/v2\/comments?post=989542"}],"version-history":[{"count":2,"href":"https:\/\/agrovetazerbaijan.az\/en\/wp-json\/wp\/v2\/product\/989542\/revisions"}],"predecessor-version":[{"id":989832,"href":"https:\/\/agrovetazerbaijan.az\/en\/wp-json\/wp\/v2\/product\/989542\/revisions\/989832"}],"wp:featuredmedia":[{"embeddable":true,"href":"https:\/\/agrovetazerbaijan.az\/en\/wp-json\/wp\/v2\/media\/989991"}],"wp:attachment":[{"href":"https:\/\/agrovetazerbaijan.az\/en\/wp-json\/wp\/v2\/media?parent=989542"}],"wp:term":[{"taxonomy":"product_brand","embeddable":true,"href":"https:\/\/agrovetazerbaijan.az\/en\/wp-json\/wp\/v2\/product_brand?post=989542"},{"taxonomy":"product_cat","embeddable":true,"href":"https:\/\/agrovetazerbaijan.az\/en\/wp-json\/wp\/v2\/product_cat?post=989542"},{"taxonomy":"product_tag","embeddable":true,"href":"https:\/\/agrovetazerbaijan.az\/en\/wp-json\/wp\/v2\/product_tag?post=989542"}],"curies":[{"name":"wp","href":"https:\/\/api.w.org\/{rel}","templated":true}]}}