{"id":989535,"date":"2025-05-27T22:03:59","date_gmt":"2025-05-27T22:03:59","guid":{"rendered":"https:\/\/agrovetazerbaijan.az\/?post_type=product&#038;p=989535"},"modified":"2025-07-11T12:04:02","modified_gmt":"2025-07-11T12:04:02","slug":"bio-vac-nd-ib","status":"publish","type":"product","link":"https:\/\/agrovetazerbaijan.az\/en\/product\/bio-vac-nd-ib\/","title":{"rendered":"BIO-VAC ND-IB"},"content":{"rendered":"<div class=\"vgblk-rw-wrapper limit-wrapper\">\n<p data-start=\"71\" data-end=\"214\"><strong data-start=\"71\" data-end=\"88\">BIO-VAC ND-IB<\/strong><br data-start=\"88\" data-end=\"91\" \/>\ud83e\udda0 Live vaccine against Newcastle and Infectious Bronchitis<br data-start=\"144\" data-end=\"147\" \/>\ud83d\udc89 Strains: B1 (NDV), H120 (IBV)<br data-start=\"179\" data-end=\"182\" \/>\ud83d\udcc6 Immunity: develops in 10\u201315 days<\/p>\n<p data-start=\"216\" data-end=\"231\"><strong data-start=\"216\" data-end=\"229\">Usage:<\/strong><\/p>\n<ul data-start=\"232\" data-end=\"301\">\n<li data-start=\"232\" data-end=\"241\">\n<p data-start=\"234\" data-end=\"241\">Spray<\/p>\n<\/li>\n<li data-start=\"242\" data-end=\"263\">\n<p data-start=\"244\" data-end=\"263\">Eye\/nose drops<\/p>\n<\/li>\n<li data-start=\"264\" data-end=\"301\">\n<p data-start=\"266\" data-end=\"301\">With drinking water (7\u201380 ml depending on age)<\/p>\n<\/li>\n<\/ul>\n<p data-start=\"303\" data-end=\"429\"><strong data-start=\"303\" data-end=\"313\">Dosage:<\/strong><br data-start=\"313\" data-end=\"316\" \/>\ud83d\udc23 1st dose at 4\u20138 days<br data-start=\"340\" data-end=\"343\" \/>\ud83d\udd01 Repeat after 3 weeks<br data-start=\"366\" data-end=\"369\" \/>\ud83d\udc14 Laying hens: 3rd dose at 15\u201320 weeks, then every 4 months<\/p>\n<p data-start=\"431\" data-end=\"442\"><strong data-start=\"431\" data-end=\"440\">Note:<\/strong><\/p>\n<ul data-start=\"443\" data-end=\"573\">\n<li data-start=\"443\" data-end=\"493\">\n<p data-start=\"445\" data-end=\"493\">Use within 1-2 hours after dilution.<\/p>\n<\/li>\n<li data-start=\"494\" data-end=\"519\">\n<p data-start=\"496\" data-end=\"519\">Store at +2\u00b0C\u2013+8\u00b0C<\/p>\n<\/li>\n<li data-start=\"520\" data-end=\"553\">\n<p data-start=\"522\" data-end=\"553\">1000 and 2500 dose vials<\/p>\n<\/li>\n<li data-start=\"554\" data-end=\"573\">\n<p data-start=\"556\" data-end=\"573\">Shelf life: 18 months<\/p>\n<\/li>\n<\/ul>\n<\/div>\n<p><!-- .vgblk-rw-wrapper --><\/p>","protected":false},"excerpt":{"rendered":"<p>BIO-VAC ND-IB\ud83e\udda0 Newcastle v\u0259 \u0130nfeksion Bronxit\u0259 qar\u015f\u0131 canl\u0131 vaksin\ud83d\udc89 \u015etamlar: B1 (NDV), H120 (IBV)\ud83d\udcc6 \u0130mmunitet: 10\u201315 g\u00fcn\u0259 yaran\u0131r \u0130stifad\u0259: Sprey G\u00f6z\/burun damc\u0131s\u0131 \u0130\u00e7m\u0259li su il\u0259 (ya\u015fa g\u00f6r\u0259 7\u201380 ml) Dozaj:\ud83d\udc23 4\u20138 g\u00fcnl\u00fckd\u0259 1-ci doz\ud83d\udd01 3 h\u0259ft\u0259 sonra t\u0259krar\ud83d\udc14 Yumurtac\u0131lar: 15\u201320-ci h\u0259ft\u0259d\u0259 3-c\u00fc doz, sonra 4 ayda bir Qeyd: Suland\u0131r\u0131ld\u0131qdan sonra 1-2 saata istifad\u0259 edin +2\u00b0C\u2013+8\u00b0C-d\u0259&#8230;<\/p>","protected":false},"featured_media":989536,"comment_status":"closed","ping_status":"closed","template":"","meta":{"nf_dc_page":"","_monsterinsights_skip_tracking":false,"_monsterinsights_sitenote_active":false,"_monsterinsights_sitenote_note":"","_monsterinsights_sitenote_category":0},"product_brand":[],"product_cat":[234,237],"product_tag":[],"class_list":{"0":"post-989535","1":"product","2":"type-product","3":"status-publish","4":"has-post-thumbnail","6":"product_cat-vaksinler","7":"product_cat-aktiv-vaksinler","9":"first","10":"instock","11":"shipping-taxable","12":"product-type-simple"},"jetpack_sharing_enabled":true,"_links":{"self":[{"href":"https:\/\/agrovetazerbaijan.az\/en\/wp-json\/wp\/v2\/product\/989535","targetHints":{"allow":["GET"]}}],"collection":[{"href":"https:\/\/agrovetazerbaijan.az\/en\/wp-json\/wp\/v2\/product"}],"about":[{"href":"https:\/\/agrovetazerbaijan.az\/en\/wp-json\/wp\/v2\/types\/product"}],"replies":[{"embeddable":true,"href":"https:\/\/agrovetazerbaijan.az\/en\/wp-json\/wp\/v2\/comments?post=989535"}],"version-history":[{"count":2,"href":"https:\/\/agrovetazerbaijan.az\/en\/wp-json\/wp\/v2\/product\/989535\/revisions"}],"predecessor-version":[{"id":989831,"href":"https:\/\/agrovetazerbaijan.az\/en\/wp-json\/wp\/v2\/product\/989535\/revisions\/989831"}],"wp:featuredmedia":[{"embeddable":true,"href":"https:\/\/agrovetazerbaijan.az\/en\/wp-json\/wp\/v2\/media\/989536"}],"wp:attachment":[{"href":"https:\/\/agrovetazerbaijan.az\/en\/wp-json\/wp\/v2\/media?parent=989535"}],"wp:term":[{"taxonomy":"product_brand","embeddable":true,"href":"https:\/\/agrovetazerbaijan.az\/en\/wp-json\/wp\/v2\/product_brand?post=989535"},{"taxonomy":"product_cat","embeddable":true,"href":"https:\/\/agrovetazerbaijan.az\/en\/wp-json\/wp\/v2\/product_cat?post=989535"},{"taxonomy":"product_tag","embeddable":true,"href":"https:\/\/agrovetazerbaijan.az\/en\/wp-json\/wp\/v2\/product_tag?post=989535"}],"curies":[{"name":"wp","href":"https:\/\/api.w.org\/{rel}","templated":true}]}}