{"id":989529,"date":"2025-05-27T22:00:41","date_gmt":"2025-05-27T22:00:41","guid":{"rendered":"https:\/\/agrovetazerbaijan.az\/?post_type=product&#038;p=989529"},"modified":"2025-07-11T12:14:12","modified_gmt":"2025-07-11T12:14:12","slug":"biovac-clone","status":"publish","type":"product","link":"https:\/\/agrovetazerbaijan.az\/en\/product\/biovac-clone\/","title":{"rendered":"BIOVAC-CLONE"},"content":{"rendered":"<div class=\"vgblk-rw-wrapper limit-wrapper\">\n<p data-start=\"0\" data-end=\"198\">BIO-VAC CLONE<br data-start=\"13\" data-end=\"16\" \/>Live frozen Newcastle disease vaccine. Made with Clone CL strain, it provides high immunity and long-lasting protection. It is more potent than Hitchner B1, suitable for endemic areas.<\/p>\n<p data-start=\"200\" data-end=\"215\"><strong data-start=\"200\" data-end=\"213\">Usage:<\/strong><\/p>\n<ul data-start=\"216\" data-end=\"392\">\n<li data-start=\"216\" data-end=\"252\">\n<p data-start=\"218\" data-end=\"252\">Intraocular, with spray or water<\/p>\n<\/li>\n<li data-start=\"253\" data-end=\"327\">\n<p data-start=\"255\" data-end=\"327\">With water: in birds over 5 days old, clean water, water cut, immediate use<\/p>\n<\/li>\n<li data-start=\"328\" data-end=\"392\">\n<p data-start=\"330\" data-end=\"392\">2 doses of vaccine, 3 weeks apart; repeat at 8 weeks and every 6 months<\/p>\n<\/li>\n<\/ul>\n<p data-start=\"394\" data-end=\"447\"><strong data-start=\"394\" data-end=\"403\">Dosage:<\/strong><br data-start=\"403\" data-end=\"406\" \/>Amount of water depending on age: 7-80 ml<\/p>\n<p data-start=\"449\" data-end=\"460\"><strong data-start=\"449\" data-end=\"458\">Note:<\/strong><\/p>\n<ul data-start=\"461\" data-end=\"570\">\n<li data-start=\"461\" data-end=\"512\">\n<p data-start=\"463\" data-end=\"512\">Use within 1-2 hours after reconstitution<\/p>\n<\/li>\n<li data-start=\"513\" data-end=\"570\">\n<p data-start=\"515\" data-end=\"570\">Vials should be burned or disinfected<\/p>\n<\/li>\n<\/ul>\n<p data-start=\"572\" data-end=\"616\"><strong data-start=\"572\" data-end=\"584\">Storage:<\/strong><br data-start=\"584\" data-end=\"587\" \/>+2\u00b0C \u2013 +8\u00b0C, in a dark place<\/p>\n<p data-start=\"618\" data-end=\"648\"><strong data-start=\"618\" data-end=\"638\">Shelf life:<\/strong><br data-start=\"638\" data-end=\"641\" \/>18 months<\/p>\n<p data-start=\"650\" data-end=\"704\"><strong data-start=\"650\" data-end=\"666\">Packaging:<\/strong><br data-start=\"666\" data-end=\"669\" \/>1000, 2500, 5000 dose vials<\/p>\n<\/div>\n<p><!-- .vgblk-rw-wrapper --><\/p>","protected":false},"excerpt":{"rendered":"<p>BIO-VAC CLONECanl\u0131 dondurulmu\u015f Newcastle x\u0259st\u0259liyi vaksini. Clone CL \u015ftamm\u0131 il\u0259 haz\u0131rlan\u0131b, y\u00fcks\u0259k immunitet v\u0259 uzunm\u00fcdd\u0259tli qoruma verir. Hitchner B1-d\u0259n g\u00fccl\u00fcd\u00fcr, endemik zonalar \u00fc\u00e7\u00fcn uy\u011fundur. \u0130stifad\u0259: \u0130ntraokulyar, sprey v\u0259 ya su il\u0259 Su il\u0259: 5 g\u00fcnd\u0259n yuxar\u0131 qu\u015flarda, t\u0259miz su, su k\u0259simi, d\u0259rhal istifad\u0259 2 doz peyv\u0259nd, aras\u0131 3 h\u0259ft\u0259; 8 h\u0259ft\u0259d\u0259 v\u0259 h\u0259r 6 ayda&#8230;<\/p>","protected":false},"featured_media":989530,"comment_status":"closed","ping_status":"closed","template":"","meta":{"nf_dc_page":"","_monsterinsights_skip_tracking":false,"_monsterinsights_sitenote_active":false,"_monsterinsights_sitenote_note":"","_monsterinsights_sitenote_category":0},"product_brand":[],"product_cat":[234,237,68],"product_tag":[],"class_list":{"0":"post-989529","1":"product","2":"type-product","3":"status-publish","4":"has-post-thumbnail","6":"product_cat-vaksinler","7":"product_cat-aktiv-vaksinler","8":"product_cat-poultry","10":"first","11":"instock","12":"shipping-taxable","13":"product-type-simple"},"jetpack_sharing_enabled":true,"_links":{"self":[{"href":"https:\/\/agrovetazerbaijan.az\/en\/wp-json\/wp\/v2\/product\/989529","targetHints":{"allow":["GET"]}}],"collection":[{"href":"https:\/\/agrovetazerbaijan.az\/en\/wp-json\/wp\/v2\/product"}],"about":[{"href":"https:\/\/agrovetazerbaijan.az\/en\/wp-json\/wp\/v2\/types\/product"}],"replies":[{"embeddable":true,"href":"https:\/\/agrovetazerbaijan.az\/en\/wp-json\/wp\/v2\/comments?post=989529"}],"version-history":[{"count":2,"href":"https:\/\/agrovetazerbaijan.az\/en\/wp-json\/wp\/v2\/product\/989529\/revisions"}],"predecessor-version":[{"id":989834,"href":"https:\/\/agrovetazerbaijan.az\/en\/wp-json\/wp\/v2\/product\/989529\/revisions\/989834"}],"wp:featuredmedia":[{"embeddable":true,"href":"https:\/\/agrovetazerbaijan.az\/en\/wp-json\/wp\/v2\/media\/989530"}],"wp:attachment":[{"href":"https:\/\/agrovetazerbaijan.az\/en\/wp-json\/wp\/v2\/media?parent=989529"}],"wp:term":[{"taxonomy":"product_brand","embeddable":true,"href":"https:\/\/agrovetazerbaijan.az\/en\/wp-json\/wp\/v2\/product_brand?post=989529"},{"taxonomy":"product_cat","embeddable":true,"href":"https:\/\/agrovetazerbaijan.az\/en\/wp-json\/wp\/v2\/product_cat?post=989529"},{"taxonomy":"product_tag","embeddable":true,"href":"https:\/\/agrovetazerbaijan.az\/en\/wp-json\/wp\/v2\/product_tag?post=989529"}],"curies":[{"name":"wp","href":"https:\/\/api.w.org\/{rel}","templated":true}]}}