{"id":989526,"date":"2025-05-27T21:57:44","date_gmt":"2025-05-27T21:57:44","guid":{"rendered":"https:\/\/agrovetazerbaijan.az\/?post_type=product&#038;p=989526"},"modified":"2025-07-11T11:50:57","modified_gmt":"2025-07-11T11:50:57","slug":"ai-vac-h9","status":"publish","type":"product","link":"https:\/\/agrovetazerbaijan.az\/en\/product\/ai-vac-h9\/","title":{"rendered":"AI-VAC H9"},"content":{"rendered":"<div class=\"vgblk-rw-wrapper limit-wrapper\">\n<h3 data-start=\"129\" data-end=\"185\"><strong data-start=\"133\" data-end=\"185\">AI-VAC H9 \u2013 H9N2 Avian \u0130nfluenza \u018fleyhin\u0259 Vaksin<\/strong><\/h3>\n<p data-start=\"187\" data-end=\"247\"><strong data-start=\"187\" data-end=\"199\">T\u0259yinat:<\/strong> Qu\u015flarda H9 alt tipli Avian qrip\u0259 qar\u015f\u0131 qoruma.<\/p>\n<p data-start=\"249\" data-end=\"337\"><strong data-start=\"249\" data-end=\"260\">Composition:<\/strong><br data-start=\"260\" data-end=\"263\" \/>\ud83d\udd39 \u0130naktiv H9N2 virusu \u2013 \u226510\u2077.\u2075 EID\u2085\u2080<br data-start=\"300\" data-end=\"303\" \/>\ud83d\udd39 Mineral ya\u011f bazal\u0131 emulsiyad\u0131r.<\/p>\n<p data-start=\"339\" data-end=\"513\"><strong data-start=\"339\" data-end=\"358\">Doza v\u0259 t\u0259tbiq:<\/strong><br data-start=\"358\" data-end=\"361\" \/>\ud83d\udc89 0.5 ml \u2013 b\u00f6y\u00fckl\u0259r \u00fc\u00e7\u00fcn<br data-start=\"386\" data-end=\"389\" \/>\ud83d\udc89 0.2 ml \u2013 3-4 h\u0259ft\u0259d\u0259n ki\u00e7ik c\u00fcc\u0259l\u0259r<br data-start=\"427\" data-end=\"430\" \/>\ud83d\udccd Subkutan (boyun) v\u0259 ya intram\u00fcskulyar (sin\u0259)<br data-start=\"477\" data-end=\"480\" \/>\ud83d\udd01 Revaksinasiya: 4\u20136 h\u0259ft\u0259 sonra<\/p>\n<p data-start=\"515\" data-end=\"632\"><strong data-start=\"515\" data-end=\"525\">Vacib:<\/strong><br data-start=\"525\" data-end=\"528\" \/>\u2714\ufe0f Otaq temperaturuna g\u0259tirin<br data-start=\"557\" data-end=\"560\" \/>\u2714\ufe0f \u0130stifad\u0259 zaman\u0131 \u00e7alxalay\u0131n<br data-start=\"589\" data-end=\"592\" \/>\u2744\ufe0f +2\u00b0C \u2013 +8\u00b0C-d\u0259 saxlay\u0131n (dondurmay\u0131n)<\/p>\n<p data-start=\"634\" data-end=\"697\"><strong data-start=\"634\" data-end=\"650\">Packaging:<\/strong><br data-start=\"650\" data-end=\"653\" \/>\ud83d\udd39 250 ml (500 doza)<br data-start=\"673\" data-end=\"676\" \/>\ud83d\udd39 500 ml (1000 doza)<\/p>\n<p data-start=\"699\" data-end=\"721\">\n<\/div>\n<p><!-- .vgblk-rw-wrapper --><\/p>","protected":false},"excerpt":{"rendered":"<p>AI-VAC H9 \u2013 H9N2 Avian \u0130nfluenza \u018fleyhin\u0259 Vaksin T\u0259yinat: Qu\u015flarda H9 alt tipli Avian qrip\u0259 qar\u015f\u0131 qoruma. T\u0259rkib:\ud83d\udd39 \u0130naktiv H9N2 virusu \u2013 \u226510\u2077.\u2075 EID\u2085\u2080\ud83d\udd39 Mineral ya\u011f bazal\u0131 emulsiyad\u0131r. Doza v\u0259 t\u0259tbiq:\ud83d\udc89 0.5 ml \u2013 b\u00f6y\u00fckl\u0259r \u00fc\u00e7\u00fcn\ud83d\udc89 0.2 ml \u2013 3-4 h\u0259ft\u0259d\u0259n ki\u00e7ik c\u00fcc\u0259l\u0259r\ud83d\udccd Subkutan (boyun) v\u0259 ya intram\u00fcskulyar (sin\u0259)\ud83d\udd01 Revaksinasiya: 4\u20136 h\u0259ft\u0259 sonra Vacib:\u2714\ufe0f Otaq&#8230;<\/p>","protected":false},"featured_media":989527,"comment_status":"closed","ping_status":"closed","template":"","meta":{"nf_dc_page":"","_monsterinsights_skip_tracking":false,"_monsterinsights_sitenote_active":false,"_monsterinsights_sitenote_note":"","_monsterinsights_sitenote_category":0},"product_brand":[],"product_cat":[234,235,68],"product_tag":[],"class_list":{"0":"post-989526","1":"product","2":"type-product","3":"status-publish","4":"has-post-thumbnail","6":"product_cat-vaksinler","7":"product_cat-inaktiv","8":"product_cat-poultry","10":"first","11":"instock","12":"shipping-taxable","13":"product-type-simple"},"jetpack_sharing_enabled":true,"_links":{"self":[{"href":"https:\/\/agrovetazerbaijan.az\/en\/wp-json\/wp\/v2\/product\/989526","targetHints":{"allow":["GET"]}}],"collection":[{"href":"https:\/\/agrovetazerbaijan.az\/en\/wp-json\/wp\/v2\/product"}],"about":[{"href":"https:\/\/agrovetazerbaijan.az\/en\/wp-json\/wp\/v2\/types\/product"}],"replies":[{"embeddable":true,"href":"https:\/\/agrovetazerbaijan.az\/en\/wp-json\/wp\/v2\/comments?post=989526"}],"version-history":[{"count":2,"href":"https:\/\/agrovetazerbaijan.az\/en\/wp-json\/wp\/v2\/product\/989526\/revisions"}],"predecessor-version":[{"id":989828,"href":"https:\/\/agrovetazerbaijan.az\/en\/wp-json\/wp\/v2\/product\/989526\/revisions\/989828"}],"wp:featuredmedia":[{"embeddable":true,"href":"https:\/\/agrovetazerbaijan.az\/en\/wp-json\/wp\/v2\/media\/989527"}],"wp:attachment":[{"href":"https:\/\/agrovetazerbaijan.az\/en\/wp-json\/wp\/v2\/media?parent=989526"}],"wp:term":[{"taxonomy":"product_brand","embeddable":true,"href":"https:\/\/agrovetazerbaijan.az\/en\/wp-json\/wp\/v2\/product_brand?post=989526"},{"taxonomy":"product_cat","embeddable":true,"href":"https:\/\/agrovetazerbaijan.az\/en\/wp-json\/wp\/v2\/product_cat?post=989526"},{"taxonomy":"product_tag","embeddable":true,"href":"https:\/\/agrovetazerbaijan.az\/en\/wp-json\/wp\/v2\/product_tag?post=989526"}],"curies":[{"name":"wp","href":"https:\/\/api.w.org\/{rel}","templated":true}]}}