{"id":989511,"date":"2025-05-26T13:40:09","date_gmt":"2025-05-26T13:40:09","guid":{"rendered":"https:\/\/agrovetazerbaijan.az\/?post_type=product&#038;p=989511"},"modified":"2025-06-20T16:02:59","modified_gmt":"2025-06-20T16:02:59","slug":"coryvac","status":"publish","type":"product","link":"https:\/\/agrovetazerbaijan.az\/en\/product\/coryvac\/","title":{"rendered":"CORYVAC\u2122"},"content":{"rendered":"<div class=\"vgblk-rw-wrapper limit-wrapper\">\n<h1 data-start=\"85\" data-end=\"97\">CORYVAC\u2122<\/h1>\n<p data-start=\"98\" data-end=\"161\"><strong data-start=\"98\" data-end=\"161\">Inactivated trivalent vaccine against infectious coryza disease<\/strong><\/p>\n<hr data-start=\"163\" data-end=\"166\" \/>\n<h3 data-start=\"168\" data-end=\"187\">General information<\/h3>\n<p data-start=\"188\" data-end=\"376\">CORYVAC\u2122 <em data-start=\"197\" data-end=\"226\">Avibacterium paragallinarum<\/em> It is an inactivated trivalent vaccine designed for the immunization of chickens against Infectious Coryza disease caused by serotypes A, B and C.<\/p>\n<hr data-start=\"378\" data-end=\"381\" \/>\n<h3 data-start=\"383\" data-end=\"401\">Target animal<\/h3>\n<ul data-start=\"402\" data-end=\"412\">\n<li data-start=\"402\" data-end=\"412\">\n<p data-start=\"404\" data-end=\"412\">Chickens<\/p>\n<\/li>\n<\/ul>\n<hr data-start=\"414\" data-end=\"417\" \/>\n<h3 data-start=\"419\" data-end=\"455\">Ingredients (not inactivated)<\/h3>\n<ul data-start=\"456\" data-end=\"610\">\n<li data-start=\"456\" data-end=\"530\">\n<p data-start=\"458\" data-end=\"530\">Inactive trivalent water-oil emulsion against infectious coryza disease<\/p>\n<\/li>\n<li data-start=\"531\" data-end=\"610\">\n<p data-start=\"533\" data-end=\"610\">At least 1.5 x 10\u2078 of each serotype <em data-start=\"569\" data-end=\"598\">Avibacterium paragallinarum<\/em> bacteria<\/p>\n<\/li>\n<\/ul>\n<hr data-start=\"612\" data-end=\"615\" \/>\n<h3 data-start=\"617\" data-end=\"645\">Indications for use<\/h3>\n<p data-start=\"646\" data-end=\"757\">It is used to protect chickens from clinical signs and mortality of Infectious Coryza disease.<\/p>\n<hr data-start=\"759\" data-end=\"762\" \/>\n<h3 data-start=\"764\" data-end=\"790\">Vaccination program<\/h3>\n<ul data-start=\"791\" data-end=\"1231\">\n<li data-start=\"791\" data-end=\"895\">\n<p data-start=\"793\" data-end=\"895\"><strong data-start=\"793\" data-end=\"815\">Vaccination time:<\/strong> It is applied to chickens aged 8-16 weeks, based on the recommendation of your veterinarian.<\/p>\n<\/li>\n<li data-start=\"896\" data-end=\"1007\">\n<p data-start=\"898\" data-end=\"1007\"><strong data-start=\"898\" data-end=\"914\">Second dose:<\/strong> It should be injected 3-4 weeks after the first dose, at least 2 weeks before ovulation begins.<\/p>\n<\/li>\n<li data-start=\"1008\" data-end=\"1092\">\n<p data-start=\"1010\" data-end=\"1092\"><strong data-start=\"1010\" data-end=\"1036\">Development of immunity:<\/strong> After 3 weeks after the first vaccination.<\/p>\n<\/li>\n<li data-start=\"1093\" data-end=\"1231\">\n<p data-start=\"1095\" data-end=\"1231\"><strong data-start=\"1095\" data-end=\"1119\">Duration of immunity:<\/strong> A two-dose regimen provides protection for 6-8 weeks. A repeat dose is required for laying and breeding hens.<\/p>\n<\/li>\n<\/ul>\n<p data-start=\"1233\" data-end=\"1349\"><strong data-start=\"1233\" data-end=\"1242\">Note:<\/strong> Sick or immunocompromised chickens should not be vaccinated. Do not mix with other veterinary products.<\/p>\n<hr data-start=\"1351\" data-end=\"1354\" \/>\n<h3 data-start=\"1356\" data-end=\"1382\">Dosage and method of administration<\/h3>\n<ul data-start=\"1383\" data-end=\"1671\">\n<li data-start=\"1383\" data-end=\"1414\">\n<p data-start=\"1385\" data-end=\"1414\"><strong data-start=\"1385\" data-end=\"1394\">Dosage:<\/strong> 0.5 mL per chicken<\/p>\n<\/li>\n<li data-start=\"1415\" data-end=\"1671\">\n<p data-start=\"1417\" data-end=\"1436\"><strong data-start=\"1417\" data-end=\"1434\">Application method:<\/strong><\/p>\n<ul data-start=\"1439\" data-end=\"1671\">\n<li data-start=\"1439\" data-end=\"1541\">\n<p data-start=\"1441\" data-end=\"1541\">Subcutaneous injection into the lower neck (needle under the skin, away from the head, in a straight line).<\/p>\n<\/li>\n<li data-start=\"1544\" data-end=\"1671\">\n<p data-start=\"1546\" data-end=\"1671\">Intramuscular injection into the pectoral or thigh muscle (the needle should be inserted at a 45\u00b0 angle, taking care not to enter the abdominal cavity).<\/p>\n<\/li>\n<\/ul>\n<\/li>\n<\/ul>\n<hr data-start=\"1673\" data-end=\"1676\" \/>\n<h3 data-start=\"1678\" data-end=\"1695\">Packaging<\/h3>\n<ul data-start=\"1696\" data-end=\"1736\">\n<li data-start=\"1696\" data-end=\"1736\">\n<p data-start=\"1698\" data-end=\"1736\">500 mL (1000 doses) polyethylene bottle.<\/p>\n<\/li>\n<\/ul>\n<\/div>\n<p><!-- .vgblk-rw-wrapper --><\/p>","protected":false},"excerpt":{"rendered":"<p>CORYVAC\u2122 \u0130nfeksion Koryza x\u0259st\u0259liyin\u0259 qar\u015f\u0131 inkativ trivalent vaksin \u00dcmumi m\u0259lumat CORYVAC\u2122 Avibacterium paragallinarum serotipl\u0259ri A, B v\u0259 C t\u0259r\u0259find\u0259n t\u00f6r\u0259dil\u0259n \u0130nfeksion Koryza x\u0259st\u0259liyin\u0259 qar\u015f\u0131 toyuqlar\u0131n immunizasiyas\u0131 \u00fc\u00e7\u00fcn haz\u0131rlanm\u0131\u015f inkativ trivalent vaksindir. H\u0259d\u0259f heyvan Toyuqlar T\u0259rkibi (inkativl\u0259\u015fdirilm\u0259mi\u015f) \u0130nfeksion Koryza x\u0259st\u0259liyin\u0259 qar\u015f\u0131 inkativ trivalent su-ya\u011f emulsiyas\u0131 H\u0259r bir serotipd\u0259n \u0259n az\u0131 1.5 x 10\u2078 Avibacterium paragallinarum bakteriyas\u0131&#8230;<\/p>","protected":false},"featured_media":989512,"comment_status":"closed","ping_status":"closed","template":"","meta":{"nf_dc_page":"","_monsterinsights_skip_tracking":false,"_monsterinsights_sitenote_active":false,"_monsterinsights_sitenote_note":"","_monsterinsights_sitenote_category":0},"product_brand":[],"product_cat":[234,235,68],"product_tag":[],"class_list":{"0":"post-989511","1":"product","2":"type-product","3":"status-publish","4":"has-post-thumbnail","6":"product_cat-vaksinler","7":"product_cat-inaktiv","8":"product_cat-poultry","10":"first","11":"instock","12":"shipping-taxable","13":"product-type-simple"},"jetpack_sharing_enabled":true,"_links":{"self":[{"href":"https:\/\/agrovetazerbaijan.az\/en\/wp-json\/wp\/v2\/product\/989511","targetHints":{"allow":["GET"]}}],"collection":[{"href":"https:\/\/agrovetazerbaijan.az\/en\/wp-json\/wp\/v2\/product"}],"about":[{"href":"https:\/\/agrovetazerbaijan.az\/en\/wp-json\/wp\/v2\/types\/product"}],"replies":[{"embeddable":true,"href":"https:\/\/agrovetazerbaijan.az\/en\/wp-json\/wp\/v2\/comments?post=989511"}],"version-history":[{"count":2,"href":"https:\/\/agrovetazerbaijan.az\/en\/wp-json\/wp\/v2\/product\/989511\/revisions"}],"predecessor-version":[{"id":989720,"href":"https:\/\/agrovetazerbaijan.az\/en\/wp-json\/wp\/v2\/product\/989511\/revisions\/989720"}],"wp:featuredmedia":[{"embeddable":true,"href":"https:\/\/agrovetazerbaijan.az\/en\/wp-json\/wp\/v2\/media\/989512"}],"wp:attachment":[{"href":"https:\/\/agrovetazerbaijan.az\/en\/wp-json\/wp\/v2\/media?parent=989511"}],"wp:term":[{"taxonomy":"product_brand","embeddable":true,"href":"https:\/\/agrovetazerbaijan.az\/en\/wp-json\/wp\/v2\/product_brand?post=989511"},{"taxonomy":"product_cat","embeddable":true,"href":"https:\/\/agrovetazerbaijan.az\/en\/wp-json\/wp\/v2\/product_cat?post=989511"},{"taxonomy":"product_tag","embeddable":true,"href":"https:\/\/agrovetazerbaijan.az\/en\/wp-json\/wp\/v2\/product_tag?post=989511"}],"curies":[{"name":"wp","href":"https:\/\/api.w.org\/{rel}","templated":true}]}}