{"id":989507,"date":"2025-05-26T13:35:22","date_gmt":"2025-05-26T13:35:22","guid":{"rendered":"https:\/\/agrovetazerbaijan.az\/?post_type=product&#038;p=989507"},"modified":"2025-06-20T16:03:56","modified_gmt":"2025-06-20T16:03:56","slug":"mevac-multi-ibh9nd","status":"publish","type":"product","link":"https:\/\/agrovetazerbaijan.az\/en\/product\/mevac-multi-ibh9nd\/","title":{"rendered":"MEVAC\u2122 MULTI IB+H9+ND"},"content":{"rendered":"<div class=\"vgblk-rw-wrapper limit-wrapper\">\n<h1 data-start=\"108\" data-end=\"133\">MEVAC\u2122 MULTI IB+H9+ND<\/h1>\n<p data-start=\"134\" data-end=\"295\"><strong data-start=\"134\" data-end=\"164\">\u0130nkativ Pentavalent Vaksin<\/strong><br data-start=\"164\" data-end=\"167\" \/>Avian \u0130nfeksion Bronxit Virusuna (IBV), A\u015fa\u011f\u0131 Patogenli Qu\u015f qripi H9N2 subtipin\u0259 v\u0259 Newcastl X\u0259st\u0259liyin\u0259 qar\u015f\u0131 immunizasiya \u00fc\u00e7\u00fcn<\/p>\n<hr data-start=\"297\" data-end=\"300\" \/>\n<h3 data-start=\"302\" data-end=\"320\">H\u0259d\u0259f Heyvan<\/h3>\n<ul data-start=\"321\" data-end=\"331\">\n<li data-start=\"321\" data-end=\"331\">\n<p data-start=\"323\" data-end=\"331\">Toyuqlar<\/p>\n<\/li>\n<\/ul>\n<hr data-start=\"333\" data-end=\"336\" \/>\n<h3 data-start=\"338\" data-end=\"374\">T\u0259rkibi (inkativl\u0259\u015fdirilm\u0259mi\u015f)<\/h3>\n<ul data-start=\"375\" data-end=\"914\">\n<li data-start=\"375\" data-end=\"485\">\n<p data-start=\"377\" data-end=\"485\">\u0130nkativ Avian \u0130nfeksion Bronxit Virusu, GI-1 x\u0259tti (klassik) [IBV-EG\/M41-ME01\/2011] \u2265 7.0 log10 EID50\/doza<\/p>\n<\/li>\n<li data-start=\"486\" data-end=\"589\">\n<p data-start=\"488\" data-end=\"589\">\u0130nkativ Avian \u0130nfeksion Bronxit Virusu, GI-13 (variant-1) [ME\/IBV-VAR1\/2017] \u2265 7.0 log10 EID50\/doza<\/p>\n<\/li>\n<li data-start=\"590\" data-end=\"685\">\n<p data-start=\"592\" data-end=\"685\">\u0130nkativ Avian \u0130nfeksion Bronxit Virusu, GI-23 (variant-2) [Eg\/1212B] \u2265 7.0 log10 EID50\/doza<\/p>\n<\/li>\n<li data-start=\"686\" data-end=\"802\">\n<p data-start=\"688\" data-end=\"802\">\u0130nkativ A\u015fa\u011f\u0131 Patogenli Qu\u015f qripi H9N2 subtipi [A\/Chicken\/Egypt\/ME543V\/2016] G1 x\u0259ttind\u0259n \u2265 8.5 log10 EID50\/doza<\/p>\n<\/li>\n<li data-start=\"803\" data-end=\"914\">\n<p data-start=\"805\" data-end=\"914\">\u0130nkativ Newcastl X\u0259st\u0259liyi Virusunun GII LaSota \u015ftam\u0131 [NDV\/Chicken\/Egypt\/11478AF\/2011] \u2265 8.5 log10 EID50\/doza<\/p>\n<\/li>\n<\/ul>\n<hr data-start=\"916\" data-end=\"919\" \/>\n<h3 data-start=\"921\" data-end=\"948\">\u0130stifad\u0259 G\u00f6st\u0259ri\u015fl\u0259ri<\/h3>\n<p data-start=\"949\" data-end=\"1132\">Toyuqlar\u0131 Avian \u0130nfeksion Bronxit (GI-1, GI-13 v\u0259 GI-23 x\u0259ttl\u0259ri), A\u015fa\u011f\u0131 Patogenli Qu\u015f qripi H9N2 subtipi v\u0259 Newcastl X\u0259st\u0259liyin\u0259 qar\u015f\u0131 t\u0259krar immunizasiya etm\u0259k \u00fc\u00e7\u00fcn istifad\u0259 olunur.<\/p>\n<hr data-start=\"1134\" data-end=\"1137\" \/>\n<h3 data-start=\"1139\" data-end=\"1165\">Vaksinasiya Proqram\u0131<\/h3>\n<ul data-start=\"1166\" data-end=\"1439\">\n<li data-start=\"1166\" data-end=\"1266\">\n<p data-start=\"1168\" data-end=\"1266\">Toyuqlar 14 g\u00fcnl\u00fckd\u0259n ba\u015flayaraq, baytar h\u0259kiminizin m\u0259sl\u0259h\u0259tin\u0259 \u0259sas\u0259n vaksinasiya oluna bil\u0259r.<\/p>\n<\/li>\n<li data-start=\"1267\" data-end=\"1343\">\n<p data-start=\"1269\" data-end=\"1343\">Riskli m\u00f6vs\u00fcml\u0259rd\u0259 v\u0259 b\u00f6lg\u0259l\u0259rd\u0259 \u0259lav\u0259 doza (booster) t\u0259l\u0259b oluna bil\u0259r.<\/p>\n<\/li>\n<li data-start=\"1344\" data-end=\"1439\">\n<p data-start=\"1346\" data-end=\"1439\">Optimal t\u0259sir \u00fc\u00e7\u00fcn toyuqlar \u0259vv\u0259lc\u0259 canl\u0131 NDV v\u0259 IBV vaksinl\u0259ri il\u0259 immunizasiya olunmal\u0131d\u0131r.<\/p>\n<\/li>\n<\/ul>\n<hr data-start=\"1441\" data-end=\"1444\" \/>\n<h3 data-start=\"1446\" data-end=\"1467\">Dozaj v\u0259 T\u0259tbiq<\/h3>\n<ul data-start=\"1468\" data-end=\"1735\">\n<li data-start=\"1468\" data-end=\"1499\">\n<p data-start=\"1470\" data-end=\"1499\"><strong data-start=\"1470\" data-end=\"1479\">Doza:<\/strong> 0.5 mL h\u0259r toyu\u011fa<\/p>\n<\/li>\n<li data-start=\"1500\" data-end=\"1735\">\n<p data-start=\"1502\" data-end=\"1521\"><strong data-start=\"1502\" data-end=\"1519\">T\u0259tbiq \u00fcsulu:<\/strong><\/p>\n<ul data-start=\"1524\" data-end=\"1735\">\n<li data-start=\"1524\" data-end=\"1626\">\n<p data-start=\"1526\" data-end=\"1626\">Boynun a\u015fa\u011f\u0131 hiss\u0259sin\u0259 subkutan inyeksiya (iyn\u0259 d\u0259rialt\u0131, ba\u015fdan uzaq istiqam\u0259td\u0259, d\u00fcz x\u0259tt \u00fczr\u0259).<\/p>\n<\/li>\n<li data-start=\"1629\" data-end=\"1735\">\n<p data-start=\"1631\" data-end=\"1735\">D\u00f6\u015f v\u0259 ya bud \u0259z\u0259l\u0259sin\u0259 intram\u00fcskulyar inyeksiya (iyn\u0259 45\u00b0 bucaq alt\u0131nda, qar\u0131n bo\u015flu\u011funa ke\u00e7m\u0259m\u0259lidir).<\/p>\n<\/li>\n<\/ul>\n<\/li>\n<\/ul>\n<hr data-start=\"1737\" data-end=\"1740\" \/>\n<h3 data-start=\"1742\" data-end=\"1759\">Qabla\u015fd\u0131rma<\/h3>\n<ul data-start=\"1760\" data-end=\"1849\">\n<li data-start=\"1760\" data-end=\"1782\">\n<p data-start=\"1762\" data-end=\"1782\">250 mL (500 doza),<\/p>\n<\/li>\n<li data-start=\"1783\" data-end=\"1805\">\n<p data-start=\"1785\" data-end=\"1805\">300 mL (600 doza),<\/p>\n<\/li>\n<li data-start=\"1806\" data-end=\"1849\">\n<p data-start=\"1808\" data-end=\"1849\">500 mL (1000 doza) polietilen butulkalar.<\/p>\n<\/li>\n<\/ul>\n<\/div>\n<p><!-- .vgblk-rw-wrapper --><\/p>\n","protected":false},"excerpt":{"rendered":"<p>MEVAC\u2122 MULTI IB+H9+ND \u0130nkativ Pentavalent VaksinAvian \u0130nfeksion Bronxit Virusuna (IBV), A\u015fa\u011f\u0131 Patogenli Qu\u015f qripi H9N2 subtipin\u0259 v\u0259 Newcastl X\u0259st\u0259liyin\u0259 qar\u015f\u0131 immunizasiya \u00fc\u00e7\u00fcn H\u0259d\u0259f Heyvan Toyuqlar T\u0259rkibi (inkativl\u0259\u015fdirilm\u0259mi\u015f) \u0130nkativ Avian \u0130nfeksion Bronxit Virusu, GI-1 x\u0259tti (klassik) [IBV-EG\/M41-ME01\/2011] \u2265 7.0 log10 EID50\/doza \u0130nkativ Avian \u0130nfeksion Bronxit Virusu, GI-13 (variant-1) [ME\/IBV-VAR1\/2017] \u2265 7.0 log10 EID50\/doza \u0130nkativ Avian \u0130nfeksion&#8230;<\/p>\n","protected":false},"featured_media":989510,"comment_status":"closed","ping_status":"closed","template":"","meta":{"nf_dc_page":"","_monsterinsights_skip_tracking":false,"_monsterinsights_sitenote_active":false,"_monsterinsights_sitenote_note":"","_monsterinsights_sitenote_category":0},"product_brand":[],"product_cat":[234,235,68],"product_tag":[],"class_list":{"0":"post-989507","1":"product","2":"type-product","3":"status-publish","4":"has-post-thumbnail","6":"product_cat-vaksinler","7":"product_cat-inaktiv","8":"product_cat-poultry","10":"first","11":"instock","12":"shipping-taxable","13":"product-type-simple"},"jetpack_sharing_enabled":true,"_links":{"self":[{"href":"https:\/\/agrovetazerbaijan.az\/en\/wp-json\/wp\/v2\/product\/989507","targetHints":{"allow":["GET"]}}],"collection":[{"href":"https:\/\/agrovetazerbaijan.az\/en\/wp-json\/wp\/v2\/product"}],"about":[{"href":"https:\/\/agrovetazerbaijan.az\/en\/wp-json\/wp\/v2\/types\/product"}],"replies":[{"embeddable":true,"href":"https:\/\/agrovetazerbaijan.az\/en\/wp-json\/wp\/v2\/comments?post=989507"}],"version-history":[{"count":2,"href":"https:\/\/agrovetazerbaijan.az\/en\/wp-json\/wp\/v2\/product\/989507\/revisions"}],"predecessor-version":[{"id":989721,"href":"https:\/\/agrovetazerbaijan.az\/en\/wp-json\/wp\/v2\/product\/989507\/revisions\/989721"}],"wp:featuredmedia":[{"embeddable":true,"href":"https:\/\/agrovetazerbaijan.az\/en\/wp-json\/wp\/v2\/media\/989510"}],"wp:attachment":[{"href":"https:\/\/agrovetazerbaijan.az\/en\/wp-json\/wp\/v2\/media?parent=989507"}],"wp:term":[{"taxonomy":"product_brand","embeddable":true,"href":"https:\/\/agrovetazerbaijan.az\/en\/wp-json\/wp\/v2\/product_brand?post=989507"},{"taxonomy":"product_cat","embeddable":true,"href":"https:\/\/agrovetazerbaijan.az\/en\/wp-json\/wp\/v2\/product_cat?post=989507"},{"taxonomy":"product_tag","embeddable":true,"href":"https:\/\/agrovetazerbaijan.az\/en\/wp-json\/wp\/v2\/product_tag?post=989507"}],"curies":[{"name":"wp","href":"https:\/\/api.w.org\/{rel}","templated":true}]}}