{"id":989501,"date":"2025-05-26T13:30:33","date_gmt":"2025-05-26T13:30:33","guid":{"rendered":"https:\/\/agrovetazerbaijan.az\/?post_type=product&#038;p=989501"},"modified":"2025-06-20T16:07:15","modified_gmt":"2025-06-20T16:07:15","slug":"mevac-ibd-818","status":"publish","type":"product","link":"https:\/\/agrovetazerbaijan.az\/en\/product\/mevac-ibd-818\/","title":{"rendered":"MEVAC\u2122 IBD 818"},"content":{"rendered":"<div class=\"vgblk-rw-wrapper limit-wrapper\">\n<h1 data-start=\"101\" data-end=\"119\">MEVAC\u2122 IBD 818<\/h1>\n<p data-start=\"120\" data-end=\"267\"><strong data-start=\"120\" data-end=\"181\">Ya\u015fay\u0131b z\u0259ifl\u0259dilmi\u015f, intermediate plus monovalent vaksin<\/strong><br data-start=\"181\" data-end=\"184\" \/>Klassik v\u0259 y\u00fcks\u0259k virulent \u0130nfeksion Bursal X\u0259st\u0259liyin\u0259 (Gumboro x\u0259st\u0259liyi) qar\u015f\u0131<\/p>\n<hr data-start=\"269\" data-end=\"272\" \/>\n<h3 data-start=\"274\" data-end=\"292\">H\u0259d\u0259f Heyvan<\/h3>\n<ul data-start=\"293\" data-end=\"303\">\n<li data-start=\"293\" data-end=\"303\">\n<p data-start=\"295\" data-end=\"303\">Toyuqlar<\/p>\n<\/li>\n<\/ul>\n<hr data-start=\"305\" data-end=\"308\" \/>\n<h3 data-start=\"310\" data-end=\"323\">T\u0259rkibi<\/h3>\n<ul data-start=\"324\" data-end=\"518\">\n<li data-start=\"324\" data-end=\"422\">\n<p data-start=\"326\" data-end=\"422\">\u0130nfeksion Bursal X\u0259st\u0259liyi \u201cGumboro\u201d Virus [N\/ME-IBD\/IM-818 (IBD-7)] \u201cintermediate plus\u201d \u015ftam\u0131<\/p>\n<\/li>\n<li data-start=\"423\" data-end=\"484\">\n<p data-start=\"425\" data-end=\"484\">SPF inkubasiya olunmu\u015f toyuq yumurtalar\u0131nda yeti\u015fdirilmi\u015f<\/p>\n<\/li>\n<li data-start=\"485\" data-end=\"518\">\n<p data-start=\"487\" data-end=\"518\">H\u0259r doza \u00fc\u00e7\u00fcn \u2265 2.0 log10 EID50<\/p>\n<\/li>\n<\/ul>\n<hr data-start=\"520\" data-end=\"523\" \/>\n<h3 data-start=\"525\" data-end=\"552\">\u0130stifad\u0259 G\u00f6st\u0259ri\u015fl\u0259ri<\/h3>\n<ul data-start=\"553\" data-end=\"637\">\n<li data-start=\"553\" data-end=\"637\">\n<p data-start=\"555\" data-end=\"637\">Ticar\u0259t toyuqlar\u0131n\u0131n \u0130nfeksion Bursal X\u0259st\u0259liyin\u0259 qar\u015f\u0131 aktiv immunizasiyas\u0131 \u00fc\u00e7\u00fcn.<\/p>\n<\/li>\n<\/ul>\n<hr data-start=\"639\" data-end=\"642\" \/>\n<h3 data-start=\"644\" data-end=\"670\">Vaksinasiya Proqram\u0131<\/h3>\n<ul data-start=\"671\" data-end=\"1088\">\n<li data-start=\"671\" data-end=\"767\">\n<p data-start=\"673\" data-end=\"767\">Toyuqlar 12 g\u00fcnl\u00fck olduqdan sonra, baytar h\u0259kiminizin m\u0259sl\u0259h\u0259ti il\u0259 vaksinasiya oluna bil\u0259r.<\/p>\n<\/li>\n<li data-start=\"768\" data-end=\"836\">\n<p data-start=\"770\" data-end=\"836\"><strong data-start=\"770\" data-end=\"796\">\u0130mmunitetin yaranmas\u0131:<\/strong> Birinci vaksinasiyadan 2 h\u0259ft\u0259 sonra.<\/p>\n<\/li>\n<li data-start=\"837\" data-end=\"910\">\n<p data-start=\"839\" data-end=\"910\"><strong data-start=\"839\" data-end=\"863\">\u0130mmunitetin m\u00fcdd\u0259ti:<\/strong> T\u0259k doza il\u0259 6 h\u0259ft\u0259y\u0259 q\u0259d\u0259r qoruyucu t\u0259sir.<\/p>\n<\/li>\n<li data-start=\"911\" data-end=\"969\">\n<p data-start=\"913\" data-end=\"969\">\u0130mmunosupressiv toyuqlara vaksin t\u0259tbiq olunmamal\u0131d\u0131r.<\/p>\n<\/li>\n<li data-start=\"970\" data-end=\"1088\">\n<p data-start=\"972\" data-end=\"1088\">Vaksinasiya \u00fc\u00e7\u00fcn optimal ya\u015f, analar\u0131n \u00f6t\u00fcrd\u00fcy\u00fc antikor (MDA) s\u0259viyy\u0259si m\u00fc\u0259yy\u0259n edildikd\u0259n sonra q\u0259rar verilm\u0259lidir.<\/p>\n<\/li>\n<\/ul>\n<hr data-start=\"1090\" data-end=\"1093\" \/>\n<h3 data-start=\"1095\" data-end=\"1113\">T\u0259tbiq \u00fcsulu<\/h3>\n<ul data-start=\"1114\" data-end=\"1648\">\n<li data-start=\"1114\" data-end=\"1160\">\n<p data-start=\"1116\" data-end=\"1160\">Vaksin i\u00e7m\u0259li su vasit\u0259sil\u0259 t\u0259tbiq edilir.<\/p>\n<\/li>\n<li data-start=\"1161\" data-end=\"1300\">\n<p data-start=\"1163\" data-end=\"1300\">Vaksin liofiliz\u0259 edilmi\u015f pellet \u015f\u0259klind\u0259dir v\u0259 istifad\u0259 \u00f6nc\u0259si dezinfeksiya v\u0259 antiseptikd\u0259n azad, xlor olmayan su il\u0259 haz\u0131rlanmal\u0131d\u0131r.<\/p>\n<\/li>\n<li data-start=\"1301\" data-end=\"1364\">\n<p data-start=\"1303\" data-end=\"1364\">Vaksinasiya \u0259r\u0259f\u0259sind\u0259 toyuqlar 2 saat susuz saxlanmal\u0131d\u0131r.<\/p>\n<\/li>\n<li data-start=\"1365\" data-end=\"1521\">\n<p data-start=\"1367\" data-end=\"1521\">1000 toyuq \u00fc\u00e7\u00fcn, 1000 dozal\u0131 pellet 3-5 ml xlor olmayan su il\u0259 h\u0259ll edilir v\u0259 sonra 1-2 saat \u0259rzind\u0259 i\u00e7il\u0259c\u0259k \u00fcmumi xlor olmayan su h\u0259cmin\u0259 seyreltilir.<\/p>\n<\/li>\n<li data-start=\"1522\" data-end=\"1648\">\n<p data-start=\"1524\" data-end=\"1648\">Musluk suyu istifad\u0259 olunursa, suyun xlorunu neytralla\u015fd\u0131rmaq \u00fc\u00e7\u00fcn h\u0259r litr suya 2.5 qram ya\u011fs\u0131z s\u00fcd tozu \u0259lav\u0259 edilm\u0259lidir.<\/p>\n<\/li>\n<\/ul>\n<hr data-start=\"1650\" data-end=\"1653\" \/>\n<h3 data-start=\"1655\" data-end=\"1672\">Qabla\u015fd\u0131rma<\/h3>\n<ul data-start=\"1673\" data-end=\"1831\">\n<li data-start=\"1673\" data-end=\"1715\">\n<p data-start=\"1675\" data-end=\"1715\">Karton qutu i\u00e7ind\u0259 10 \u0259d\u0259d \u015f\u00fc\u015f\u0259 flakon<\/p>\n<\/li>\n<li data-start=\"1716\" data-end=\"1767\">\n<p data-start=\"1718\" data-end=\"1767\">H\u0259r flakon 6 ml, 8 ml v\u0259 ya 10 ml m\u0259zmunlu olur<\/p>\n<\/li>\n<li data-start=\"1768\" data-end=\"1831\">\n<p data-start=\"1770\" data-end=\"1831\">H\u0259r flakon 500, 1,000, 2,500 v\u0259 ya 5,000 dozada t\u0259qdim olunur<\/p>\n<\/li>\n<\/ul>\n<\/div>\n<p><!-- .vgblk-rw-wrapper --><\/p>\n","protected":false},"excerpt":{"rendered":"<p>MEVAC\u2122 IBD 818 Ya\u015fay\u0131b z\u0259ifl\u0259dilmi\u015f, intermediate plus monovalent vaksinKlassik v\u0259 y\u00fcks\u0259k virulent \u0130nfeksion Bursal X\u0259st\u0259liyin\u0259 (Gumboro x\u0259st\u0259liyi) qar\u015f\u0131 H\u0259d\u0259f Heyvan Toyuqlar T\u0259rkibi \u0130nfeksion Bursal X\u0259st\u0259liyi \u201cGumboro\u201d Virus [N\/ME-IBD\/IM-818 (IBD-7)] \u201cintermediate plus\u201d \u015ftam\u0131 SPF inkubasiya olunmu\u015f toyuq yumurtalar\u0131nda yeti\u015fdirilmi\u015f H\u0259r doza \u00fc\u00e7\u00fcn \u2265 2.0 log10 EID50 \u0130stifad\u0259 G\u00f6st\u0259ri\u015fl\u0259ri Ticar\u0259t toyuqlar\u0131n\u0131n \u0130nfeksion Bursal X\u0259st\u0259liyin\u0259 qar\u015f\u0131 aktiv immunizasiyas\u0131&#8230;<\/p>\n","protected":false},"featured_media":989502,"comment_status":"closed","ping_status":"closed","template":"","meta":{"nf_dc_page":"","_monsterinsights_skip_tracking":false,"_monsterinsights_sitenote_active":false,"_monsterinsights_sitenote_note":"","_monsterinsights_sitenote_category":0},"product_brand":[],"product_cat":[234,237,68],"product_tag":[],"class_list":{"0":"post-989501","1":"product","2":"type-product","3":"status-publish","4":"has-post-thumbnail","6":"product_cat-vaksinler","7":"product_cat-aktiv-vaksinler","8":"product_cat-poultry","10":"first","11":"instock","12":"shipping-taxable","13":"product-type-simple"},"jetpack_sharing_enabled":true,"_links":{"self":[{"href":"https:\/\/agrovetazerbaijan.az\/en\/wp-json\/wp\/v2\/product\/989501","targetHints":{"allow":["GET"]}}],"collection":[{"href":"https:\/\/agrovetazerbaijan.az\/en\/wp-json\/wp\/v2\/product"}],"about":[{"href":"https:\/\/agrovetazerbaijan.az\/en\/wp-json\/wp\/v2\/types\/product"}],"replies":[{"embeddable":true,"href":"https:\/\/agrovetazerbaijan.az\/en\/wp-json\/wp\/v2\/comments?post=989501"}],"version-history":[{"count":2,"href":"https:\/\/agrovetazerbaijan.az\/en\/wp-json\/wp\/v2\/product\/989501\/revisions"}],"predecessor-version":[{"id":989724,"href":"https:\/\/agrovetazerbaijan.az\/en\/wp-json\/wp\/v2\/product\/989501\/revisions\/989724"}],"wp:featuredmedia":[{"embeddable":true,"href":"https:\/\/agrovetazerbaijan.az\/en\/wp-json\/wp\/v2\/media\/989502"}],"wp:attachment":[{"href":"https:\/\/agrovetazerbaijan.az\/en\/wp-json\/wp\/v2\/media?parent=989501"}],"wp:term":[{"taxonomy":"product_brand","embeddable":true,"href":"https:\/\/agrovetazerbaijan.az\/en\/wp-json\/wp\/v2\/product_brand?post=989501"},{"taxonomy":"product_cat","embeddable":true,"href":"https:\/\/agrovetazerbaijan.az\/en\/wp-json\/wp\/v2\/product_cat?post=989501"},{"taxonomy":"product_tag","embeddable":true,"href":"https:\/\/agrovetazerbaijan.az\/en\/wp-json\/wp\/v2\/product_tag?post=989501"}],"curies":[{"name":"wp","href":"https:\/\/api.w.org\/{rel}","templated":true}]}}