{"id":989460,"date":"2025-05-26T11:47:26","date_gmt":"2025-05-26T11:47:26","guid":{"rendered":"https:\/\/agrovetazerbaijan.az\/?post_type=product&#038;p=989460"},"modified":"2025-06-20T16:10:08","modified_gmt":"2025-06-20T16:10:08","slug":"mefluvac-h9-nd-16","status":"publish","type":"product","link":"https:\/\/agrovetazerbaijan.az\/en\/product\/mefluvac-h9-nd-16\/","title":{"rendered":"MEFLUVAC\u2122 H9 ND-16"},"content":{"rendered":"<div class=\"vgblk-rw-wrapper limit-wrapper\">\n<h1 data-start=\"90\" data-end=\"112\">MEFLUVAC\u2122 H9 ND-16<\/h1>\n<p data-start=\"113\" data-end=\"241\"><strong data-start=\"113\" data-end=\"151\">\u0130naktivl\u0259\u015fdirilmi\u015f bivalent vaksin<\/strong><br data-start=\"151\" data-end=\"154\" \/>A\u015fa\u011f\u0131 patogenli Qu\u015f qripi H9N2 subtipi v\u0259 Newcastle x\u0259st\u0259liyin\u0259 qar\u015f\u0131 immunizasiya \u00fc\u00e7\u00fcn<\/p>\n<hr data-start=\"243\" data-end=\"246\" \/>\n<h3 data-start=\"248\" data-end=\"266\">H\u0259d\u0259f Heyvan<\/h3>\n<ul data-start=\"267\" data-end=\"277\">\n<li data-start=\"267\" data-end=\"277\">\n<p data-start=\"269\" data-end=\"277\">Toyuqlar<\/p>\n<\/li>\n<\/ul>\n<hr data-start=\"279\" data-end=\"282\" \/>\n<h3 data-start=\"284\" data-end=\"327\">T\u0259rkibi (inaktivl\u0259\u015fdirilm\u0259zd\u0259n \u0259vv\u0259l)<\/h3>\n<ul data-start=\"328\" data-end=\"540\">\n<li data-start=\"328\" data-end=\"440\">\n<p data-start=\"330\" data-end=\"440\">A\u015fa\u011f\u0131 patogenli Qu\u015f qripi H9N2 subtipi, G1 x\u0259tti [A\/Chicken\/Egypt\/ME\/543V\/2016(H9N2)] \u2265 8.0 log10 EID50\/doza<\/p>\n<\/li>\n<li data-start=\"441\" data-end=\"540\">\n<p data-start=\"443\" data-end=\"540\">Newcastle x\u0259st\u0259liyi virusu LaSota \u015ftam\u0131 [(NDV\/Chicken\/Egypt\/11478AF\/2011)] \u2265 8.0 log10 EID50\/doza<\/p>\n<\/li>\n<\/ul>\n<hr data-start=\"542\" data-end=\"545\" \/>\n<h3 data-start=\"547\" data-end=\"574\">\u0130stifad\u0259 G\u00f6st\u0259ri\u015fl\u0259ri<\/h3>\n<ul data-start=\"575\" data-end=\"692\">\n<li data-start=\"575\" data-end=\"692\">\n<p data-start=\"577\" data-end=\"692\">Ticar\u0259t qu\u015flar\u0131n\u0131n A\u015fa\u011f\u0131 patogenli Qu\u015f qripi H9N2 subtipi v\u0259 Newcastle x\u0259st\u0259liyin\u0259 qar\u015f\u0131 aktiv immunizasiyas\u0131 \u00fc\u00e7\u00fcn.<\/p>\n<\/li>\n<\/ul>\n<hr data-start=\"694\" data-end=\"697\" \/>\n<h3 data-start=\"699\" data-end=\"725\">Vaksinasiya Proqram\u0131<\/h3>\n<ul data-start=\"726\" data-end=\"1083\">\n<li data-start=\"726\" data-end=\"821\">\n<p data-start=\"728\" data-end=\"821\">Toyuqlar 7 g\u00fcnl\u00fck olduqdan sonra, baytar h\u0259kiminizin m\u0259sl\u0259h\u0259ti il\u0259 vaksinasiya edil\u0259 bil\u0259r.<\/p>\n<\/li>\n<li data-start=\"822\" data-end=\"917\">\n<p data-start=\"824\" data-end=\"917\">Optimal t\u0259krar t\u0259sir \u00fc\u00e7\u00fcn toyuqlar canl\u0131 NDV vaksinl\u0259ri il\u0259 ilkin immunizasiya edilm\u0259lidir.<\/p>\n<\/li>\n<li data-start=\"918\" data-end=\"982\">\n<p data-start=\"920\" data-end=\"982\"><strong data-start=\"920\" data-end=\"946\">\u0130mmunitetin yaranmas\u0131:<\/strong> \u0130lk vaksinasiyadan 3 h\u0259ft\u0259 sonra.<\/p>\n<\/li>\n<li data-start=\"983\" data-end=\"1083\">\n<p data-start=\"985\" data-end=\"1083\"><strong data-start=\"985\" data-end=\"1009\">\u0130mmunitetin m\u00fcdd\u0259ti:<\/strong> Yerli epidemioloji v\u0259ziyy\u0259t\u0259 uy\u011fun olaraq vaksinasiya sxemind\u0259n as\u0131l\u0131d\u0131r.<\/p>\n<\/li>\n<\/ul>\n<hr data-start=\"1085\" data-end=\"1088\" \/>\n<h3 data-start=\"1090\" data-end=\"1108\">T\u0259tbiq \u00fcsulu<\/h3>\n<ul data-start=\"1109\" data-end=\"1371\">\n<li data-start=\"1109\" data-end=\"1240\">\n<p data-start=\"1111\" data-end=\"1240\"><strong data-start=\"1111\" data-end=\"1134\">Subkutan inyeksiya:<\/strong> Boynun a\u015fa\u011f\u0131 hiss\u0259sind\u0259. \u0130yn\u0259 d\u0259rinin alt\u0131na, ba\u015fdan uza\u011fa v\u0259 boyunla d\u00fcz x\u0259tt \u00fczr\u0259 yerl\u0259\u015fdirilm\u0259lidir.<\/p>\n<\/li>\n<li data-start=\"1241\" data-end=\"1371\">\n<p data-start=\"1243\" data-end=\"1371\"><strong data-start=\"1243\" data-end=\"1272\">\u0130ntram\u00fcskulyar inyeksiya:<\/strong> D\u00f6\u015f \u0259z\u0259l\u0259l\u0259rind\u0259, iyn\u0259 45\u00b0 bucaqla yerl\u0259\u015fdirilm\u0259li v\u0259 intraperitoneal inyeksiyadan qa\u00e7\u0131n\u0131lmal\u0131d\u0131r.<\/p>\n<\/li>\n<\/ul>\n<hr data-start=\"1373\" data-end=\"1376\" \/>\n<h3 data-start=\"1378\" data-end=\"1388\">Doza<\/h3>\n<ul data-start=\"1389\" data-end=\"1437\">\n<li data-start=\"1389\" data-end=\"1437\">\n<p data-start=\"1391\" data-end=\"1437\">H\u0259r toyu\u011fa tam 0.5 ml doza t\u0259tbiq olunmal\u0131d\u0131r.<\/p>\n<\/li>\n<\/ul>\n<hr data-start=\"1439\" data-end=\"1442\" \/>\n<h3 data-start=\"1444\" data-end=\"1461\">Qabla\u015fd\u0131rma<\/h3>\n<ul data-start=\"1462\" data-end=\"1521\">\n<li data-start=\"1462\" data-end=\"1521\">\n<p data-start=\"1464\" data-end=\"1521\">500 ml (1000 doza) \u015f\u00fc\u015f\u0259 butulkalar \u015f\u0259klind\u0259 t\u0259qdim olunur<\/p>\n<\/li>\n<\/ul>\n<\/div>\n<p><!-- .vgblk-rw-wrapper --><\/p>\n","protected":false},"excerpt":{"rendered":"<p>MEFLUVAC\u2122 H9 ND-16 \u0130naktivl\u0259\u015fdirilmi\u015f bivalent vaksinA\u015fa\u011f\u0131 patogenli Qu\u015f qripi H9N2 subtipi v\u0259 Newcastle x\u0259st\u0259liyin\u0259 qar\u015f\u0131 immunizasiya \u00fc\u00e7\u00fcn H\u0259d\u0259f Heyvan Toyuqlar T\u0259rkibi (inaktivl\u0259\u015fdirilm\u0259zd\u0259n \u0259vv\u0259l) A\u015fa\u011f\u0131 patogenli Qu\u015f qripi H9N2 subtipi, G1 x\u0259tti [A\/Chicken\/Egypt\/ME\/543V\/2016(H9N2)] \u2265 8.0 log10 EID50\/doza Newcastle x\u0259st\u0259liyi virusu LaSota \u015ftam\u0131 [(NDV\/Chicken\/Egypt\/11478AF\/2011)] \u2265 8.0 log10 EID50\/doza \u0130stifad\u0259 G\u00f6st\u0259ri\u015fl\u0259ri Ticar\u0259t qu\u015flar\u0131n\u0131n A\u015fa\u011f\u0131 patogenli Qu\u015f qripi H9N2&#8230;<\/p>\n","protected":false},"featured_media":989461,"comment_status":"closed","ping_status":"closed","template":"","meta":{"nf_dc_page":"","_monsterinsights_skip_tracking":false,"_monsterinsights_sitenote_active":false,"_monsterinsights_sitenote_note":"","_monsterinsights_sitenote_category":0},"product_brand":[],"product_cat":[68,235,234],"product_tag":[],"class_list":{"0":"post-989460","1":"product","2":"type-product","3":"status-publish","4":"has-post-thumbnail","6":"product_cat-poultry","7":"product_cat-inaktiv","8":"product_cat-vaksinler","10":"first","11":"instock","12":"shipping-taxable","13":"product-type-simple"},"jetpack_sharing_enabled":true,"_links":{"self":[{"href":"https:\/\/agrovetazerbaijan.az\/en\/wp-json\/wp\/v2\/product\/989460","targetHints":{"allow":["GET"]}}],"collection":[{"href":"https:\/\/agrovetazerbaijan.az\/en\/wp-json\/wp\/v2\/product"}],"about":[{"href":"https:\/\/agrovetazerbaijan.az\/en\/wp-json\/wp\/v2\/types\/product"}],"replies":[{"embeddable":true,"href":"https:\/\/agrovetazerbaijan.az\/en\/wp-json\/wp\/v2\/comments?post=989460"}],"version-history":[{"count":2,"href":"https:\/\/agrovetazerbaijan.az\/en\/wp-json\/wp\/v2\/product\/989460\/revisions"}],"predecessor-version":[{"id":989726,"href":"https:\/\/agrovetazerbaijan.az\/en\/wp-json\/wp\/v2\/product\/989460\/revisions\/989726"}],"wp:featuredmedia":[{"embeddable":true,"href":"https:\/\/agrovetazerbaijan.az\/en\/wp-json\/wp\/v2\/media\/989461"}],"wp:attachment":[{"href":"https:\/\/agrovetazerbaijan.az\/en\/wp-json\/wp\/v2\/media?parent=989460"}],"wp:term":[{"taxonomy":"product_brand","embeddable":true,"href":"https:\/\/agrovetazerbaijan.az\/en\/wp-json\/wp\/v2\/product_brand?post=989460"},{"taxonomy":"product_cat","embeddable":true,"href":"https:\/\/agrovetazerbaijan.az\/en\/wp-json\/wp\/v2\/product_cat?post=989460"},{"taxonomy":"product_tag","embeddable":true,"href":"https:\/\/agrovetazerbaijan.az\/en\/wp-json\/wp\/v2\/product_tag?post=989460"}],"curies":[{"name":"wp","href":"https:\/\/api.w.org\/{rel}","templated":true}]}}