{"id":989226,"date":"2025-03-23T15:40:04","date_gmt":"2025-03-23T15:40:04","guid":{"rendered":"https:\/\/agrovetazerbaijan.az\/?post_type=product&#038;p=989226"},"modified":"2025-07-28T10:51:29","modified_gmt":"2025-07-28T10:51:29","slug":"albenol-25-oral","status":"publish","type":"product","link":"https:\/\/agrovetazerbaijan.az\/en\/product\/albenol-25-oral\/","title":{"rendered":"Albenol-25 Oral"},"content":{"rendered":"<div class=\"vgblk-rw-wrapper limit-wrapper\">\n<h1 data-start=\"89\" data-end=\"122\">Albendazole 2.5% Oral Solution<\/h1>\n<hr data-start=\"124\" data-end=\"127\" \/>\n<h3 data-start=\"129\" data-end=\"142\">Ingredients<\/h3>\n<ul data-start=\"143\" data-end=\"181\">\n<li data-start=\"143\" data-end=\"181\">\n<p data-start=\"145\" data-end=\"181\">In every 1 ml:<br data-start=\"157\" data-end=\"160\" \/>Albendazole \u2013 25 mg<\/p>\n<\/li>\n<\/ul>\n<hr data-start=\"183\" data-end=\"186\" \/>\n<h3 data-start=\"188\" data-end=\"201\">Description<\/h3>\n<p data-start=\"202\" data-end=\"400\">Albendazole is a synthetic anthelmintic and belongs to the benzimidazole derivatives. It has a broad spectrum of anthelmintic activity and, at high doses, is also effective against adult stages of liver flukes.<\/p>\n<hr data-start=\"402\" data-end=\"405\" \/>\n<h3 data-start=\"407\" data-end=\"434\">Instructions for Use<\/h3>\n<p data-start=\"435\" data-end=\"541\">It is used for the prevention and treatment of worm infections in cows, calves, sheep and goats.<\/p>\n<ul data-start=\"542\" data-end=\"895\">\n<li data-start=\"542\" data-end=\"751\">\n<p data-start=\"544\" data-end=\"751\">Gastrointestinal worms: <em data-start=\"568\" data-end=\"585\">Bunostomum spp.<\/em>, <em data-start=\"587\" data-end=\"602\">Cooperia spp.<\/em>, <em data-start=\"604\" data-end=\"620\">Chabertia spp.<\/em>, <em data-start=\"622\" data-end=\"639\">Haemonchus spp.<\/em>, <em data-start=\"641\" data-end=\"659\">Nematodirus spp.<\/em>, <em data-start=\"661\" data-end=\"683\">Oesophagostomum spp.<\/em>, <em data-start=\"685\" data-end=\"702\">Ostertagia spp.<\/em>, <em data-start=\"704\" data-end=\"724\">Strongyloides spp.<\/em>, <em data-start=\"726\" data-end=\"749\">Trichostrongylus spp.<\/em><\/p>\n<\/li>\n<li data-start=\"752\" data-end=\"814\">\n<p data-start=\"754\" data-end=\"814\">Lungworms: <em data-start=\"772\" data-end=\"796\">Dictyocaulus viviparus<\/em> and <em data-start=\"800\" data-end=\"812\">D. filaria<\/em><\/p>\n<\/li>\n<li data-start=\"815\" data-end=\"849\">\n<p data-start=\"817\" data-end=\"849\">Cutworms: <em data-start=\"833\" data-end=\"847\">Monieza spp.<\/em><\/p>\n<\/li>\n<li data-start=\"850\" data-end=\"895\">\n<p data-start=\"852\" data-end=\"895\">Liverworm: Adult <em data-start=\"876\" data-end=\"895\">Fasciola hepatica<\/em><\/p>\n<\/li>\n<\/ul>\n<hr data-start=\"897\" data-end=\"900\" \/>\n<h3 data-start=\"902\" data-end=\"917\">Prohibitions<\/h3>\n<ul data-start=\"918\" data-end=\"968\">\n<li data-start=\"918\" data-end=\"968\">\n<p data-start=\"920\" data-end=\"968\">It should not be used in the first 45 days of pregnancy.<\/p>\n<\/li>\n<\/ul>\n<hr data-start=\"970\" data-end=\"973\" \/>\n<h3 data-start=\"975\" data-end=\"993\">Side Effects<\/h3>\n<ul data-start=\"994\" data-end=\"1029\">\n<li data-start=\"994\" data-end=\"1029\">\n<p data-start=\"996\" data-end=\"1029\">Hypersensitivity reactions are possible.<\/p>\n<\/li>\n<\/ul>\n<hr data-start=\"1031\" data-end=\"1034\" \/>\n<h3 data-start=\"1036\" data-end=\"1047\">Dosage<\/h3>\n<ul data-start=\"1048\" data-end=\"1289\">\n<li data-start=\"1048\" data-end=\"1080\">\n<p data-start=\"1050\" data-end=\"1080\">It is administered orally.<\/p>\n<\/li>\n<li data-start=\"1081\" data-end=\"1129\">\n<p data-start=\"1083\" data-end=\"1129\">Cows and calves: 1 ml per 3 kg body weight.<\/p>\n<\/li>\n<li data-start=\"1130\" data-end=\"1186\">\n<p data-start=\"1132\" data-end=\"1186\">For liver flukes: 1 ml per 2.5 kg body weight.<\/p>\n<\/li>\n<li data-start=\"1187\" data-end=\"1234\">\n<p data-start=\"1189\" data-end=\"1234\">Sheep and goats: 1 ml per 5 kg body weight.<\/p>\n<\/li>\n<li data-start=\"1235\" data-end=\"1289\">\n<p data-start=\"1237\" data-end=\"1289\">For liver flukes: 1 ml per 3 kg of body weight.<\/p>\n<\/li>\n<\/ul>\n<p data-start=\"1291\" data-end=\"1328\">Shake well before use.<\/p>\n<hr data-start=\"1330\" data-end=\"1333\" \/>\n<h3 data-start=\"1335\" data-end=\"1359\">Waiting Periods<\/h3>\n<ul data-start=\"1360\" data-end=\"1397\">\n<li data-start=\"1360\" data-end=\"1379\">\n<p data-start=\"1362\" data-end=\"1379\">For meat: 12 days<\/p>\n<\/li>\n<li data-start=\"1380\" data-end=\"1397\">\n<p data-start=\"1382\" data-end=\"1397\">For milk: 4 days<\/p>\n<\/li>\n<\/ul>\n<hr data-start=\"1399\" data-end=\"1402\" \/>\n<h3 data-start=\"1404\" data-end=\"1421\">Packaging<\/h3>\n<ul data-start=\"1422\" data-end=\"1453\">\n<li data-start=\"1422\" data-end=\"1453\">\n<p data-start=\"1424\" data-end=\"1453\">500 ml and 1000 ml jerrycans<\/p>\n<\/li>\n<\/ul>\n<\/div>\n<p><!-- .vgblk-rw-wrapper --><\/p>","protected":false},"excerpt":{"rendered":"<p>Albendazole 2.5% Oral M\u0259hlulu T\u0259rkibi H\u0259r 1 ml-d\u0259:Albendazole \u2013 25 mg T\u0259sviri Albendazole sintetik anthelmintikdir v\u0259 benzimidazol t\u00f6r\u0259m\u0259l\u0259rin\u0259 aiddir. Geni\u015f spektrli qurd \u0259leyhin\u0259 t\u0259siri var v\u0259 y\u00fcks\u0259k dozada qaraciy\u0259r qurdlar\u0131n\u0131n yetkin m\u0259rh\u0259l\u0259l\u0259rin\u0259 qar\u015f\u0131 da t\u0259sir g\u00f6st\u0259rir. \u0130stifad\u0259 G\u00f6st\u0259ri\u015fl\u0259ri \u0130n\u0259k, buza\u011f\u0131, qoyun v\u0259 ke\u00e7il\u0259rd\u0259 qurd infeksiyalar\u0131n\u0131n profilaktikas\u0131 v\u0259 m\u00fcalic\u0259si \u00fc\u00e7\u00fcn istifad\u0259 olunur. M\u0259d\u0259-ba\u011f\u0131rsaq qurdlar\u0131: Bunostomum spp.,&#8230;<\/p>","protected":false},"featured_media":989227,"comment_status":"closed","ping_status":"closed","template":"","meta":{"nf_dc_page":"","_monsterinsights_skip_tracking":false,"_monsterinsights_sitenote_active":false,"_monsterinsights_sitenote_note":"","_monsterinsights_sitenote_category":0},"product_brand":[],"product_cat":[108,251,114],"product_tag":[],"class_list":{"0":"post-989226","1":"product","2":"type-product","3":"status-publish","4":"has-post-thumbnail","6":"product_cat-cow","7":"product_cat-veterinary-products","8":"product_cat-sheep","10":"first","11":"instock","12":"shipping-taxable","13":"product-type-simple"},"jetpack_sharing_enabled":true,"_links":{"self":[{"href":"https:\/\/agrovetazerbaijan.az\/en\/wp-json\/wp\/v2\/product\/989226","targetHints":{"allow":["GET"]}}],"collection":[{"href":"https:\/\/agrovetazerbaijan.az\/en\/wp-json\/wp\/v2\/product"}],"about":[{"href":"https:\/\/agrovetazerbaijan.az\/en\/wp-json\/wp\/v2\/types\/product"}],"replies":[{"embeddable":true,"href":"https:\/\/agrovetazerbaijan.az\/en\/wp-json\/wp\/v2\/comments?post=989226"}],"version-history":[{"count":2,"href":"https:\/\/agrovetazerbaijan.az\/en\/wp-json\/wp\/v2\/product\/989226\/revisions"}],"predecessor-version":[{"id":989728,"href":"https:\/\/agrovetazerbaijan.az\/en\/wp-json\/wp\/v2\/product\/989226\/revisions\/989728"}],"wp:featuredmedia":[{"embeddable":true,"href":"https:\/\/agrovetazerbaijan.az\/en\/wp-json\/wp\/v2\/media\/989227"}],"wp:attachment":[{"href":"https:\/\/agrovetazerbaijan.az\/en\/wp-json\/wp\/v2\/media?parent=989226"}],"wp:term":[{"taxonomy":"product_brand","embeddable":true,"href":"https:\/\/agrovetazerbaijan.az\/en\/wp-json\/wp\/v2\/product_brand?post=989226"},{"taxonomy":"product_cat","embeddable":true,"href":"https:\/\/agrovetazerbaijan.az\/en\/wp-json\/wp\/v2\/product_cat?post=989226"},{"taxonomy":"product_tag","embeddable":true,"href":"https:\/\/agrovetazerbaijan.az\/en\/wp-json\/wp\/v2\/product_tag?post=989226"}],"curies":[{"name":"wp","href":"https:\/\/api.w.org\/{rel}","templated":true}]}}