{"id":989223,"date":"2025-03-23T15:38:28","date_gmt":"2025-03-23T15:38:28","guid":{"rendered":"https:\/\/agrovetazerbaijan.az\/?post_type=product&#038;p=989223"},"modified":"2025-07-28T10:19:58","modified_gmt":"2025-07-28T10:19:58","slug":"albenol-100-oral","status":"publish","type":"product","link":"https:\/\/agrovetazerbaijan.az\/en\/product\/albenol-100-oral\/","title":{"rendered":"Albenol-100 Oral"},"content":{"rendered":"<div class=\"vgblk-rw-wrapper limit-wrapper\">\n<p data-start=\"117\" data-end=\"152\"><strong data-start=\"117\" data-end=\"152\">Albendazole 10% oral suspension<\/strong><\/p>\n<hr data-start=\"154\" data-end=\"157\" \/>\n<p data-start=\"159\" data-end=\"206\"><strong data-start=\"159\" data-end=\"171\">Ingredients:<\/strong><br data-start=\"171\" data-end=\"174\" \/>Albendazole in each 1 ml \u2013 100 mg.<\/p>\n<hr data-start=\"208\" data-end=\"211\" \/>\n<p data-start=\"213\" data-end=\"410\"><strong data-start=\"213\" data-end=\"225\">Description:<\/strong><br data-start=\"225\" data-end=\"228\" \/>Albendazole is a synthetic antiparasitic drug. It is effective against a wide range of worm infections and, at high doses, is also effective against adult stages of liver flukes.<\/p>\n<hr data-start=\"412\" data-end=\"415\" \/>\n<p data-start=\"417\" data-end=\"528\"><strong data-start=\"417\" data-end=\"437\">Area of use:<\/strong><br data-start=\"437\" data-end=\"440\" \/>For the prevention and treatment of the following worms in cows, calves, sheep and goats:<\/p>\n<ul data-start=\"529\" data-end=\"835\">\n<li data-start=\"529\" data-end=\"676\">\n<p data-start=\"531\" data-end=\"676\">Gastrointestinal worms: Bunostomum, Cooperia, Chabertia, Haemonchus, Nematodirus, Oesophagostomum, Ostertagia, Strongyloides, Trichostrongylus.<\/p>\n<\/li>\n<li data-start=\"677\" data-end=\"736\">\n<p data-start=\"679\" data-end=\"736\">Lungworms: Dictyocaulus viviparus and D. filaria.<\/p>\n<\/li>\n<li data-start=\"737\" data-end=\"787\">\n<p data-start=\"739\" data-end=\"787\">Cutworms (causative agents): Monieza species.<\/p>\n<\/li>\n<li data-start=\"788\" data-end=\"835\">\n<p data-start=\"790\" data-end=\"835\">Liver flukes: adult Fasciola hepatica.<\/p>\n<\/li>\n<\/ul>\n<hr data-start=\"837\" data-end=\"840\" \/>\n<p data-start=\"842\" data-end=\"909\"><strong data-start=\"842\" data-end=\"856\">Prohibitions:<\/strong><br data-start=\"856\" data-end=\"859\" \/>It should not be used in the first 45 days of pregnancy.<\/p>\n<hr data-start=\"911\" data-end=\"914\" \/>\n<p data-start=\"916\" data-end=\"973\"><strong data-start=\"916\" data-end=\"933\">Side effects:<\/strong><br data-start=\"933\" data-end=\"936\" \/>Sometimes allergic reactions may occur.<\/p>\n<hr data-start=\"975\" data-end=\"978\" \/>\n<p data-start=\"980\" data-end=\"1037\"><strong data-start=\"980\" data-end=\"1010\">Directions for use and dosage:<\/strong><br data-start=\"1010\" data-end=\"1013\" \/>Administered orally:<\/p>\n<ul data-start=\"1038\" data-end=\"1258\">\n<li data-start=\"1038\" data-end=\"1103\">\n<p data-start=\"1040\" data-end=\"1103\">For cows and calves: 1 ml of the drug per 12 kg of body weight.<\/p>\n<\/li>\n<li data-start=\"1104\" data-end=\"1159\">\n<p data-start=\"1106\" data-end=\"1159\">In the treatment of liver flukes: 1 ml per 10 kg.<\/p>\n<\/li>\n<li data-start=\"1160\" data-end=\"1202\">\n<p data-start=\"1162\" data-end=\"1202\">For sheep and goats: 1 ml per 20 kg.<\/p>\n<\/li>\n<li data-start=\"1203\" data-end=\"1258\">\n<p data-start=\"1205\" data-end=\"1258\">In the treatment of liver flukes: 1 ml per 12 kg.<\/p>\n<\/li>\n<\/ul>\n<p data-start=\"1260\" data-end=\"1297\">Shake well before use.<\/p>\n<hr data-start=\"1299\" data-end=\"1302\" \/>\n<p data-start=\"1304\" data-end=\"1326\"><strong data-start=\"1304\" data-end=\"1324\">Waiting time:<\/strong><\/p>\n<ul data-start=\"1327\" data-end=\"1385\">\n<li data-start=\"1327\" data-end=\"1366\">\n<p data-start=\"1329\" data-end=\"1366\">For meat and offal: 12 days.<\/p>\n<\/li>\n<li data-start=\"1367\" data-end=\"1385\">\n<p data-start=\"1369\" data-end=\"1385\">For milk: 4 days.<\/p>\n<\/li>\n<\/ul>\n<hr data-start=\"1387\" data-end=\"1390\" \/>\n<p data-start=\"1392\" data-end=\"1447\"><strong data-start=\"1392\" data-end=\"1408\">Packaging:<\/strong><br data-start=\"1408\" data-end=\"1411\" \/>In 500 ml and 1000 ml jerrycans.<\/p>\n<\/div>\n<p><!-- .vgblk-rw-wrapper --><\/p>","protected":false},"excerpt":{"rendered":"<p>Albendazol 10% oral s\u00fcspansiyon T\u0259rkibi:H\u0259r 1 ml-d\u0259 Albendazol \u2013 100 mq. T\u0259sviri:Albendazol sintetik antiparazitik d\u0259rmand\u0131r. Bu d\u0259rman geni\u015f \u00e7e\u015fidd\u0259 qurd infeksiyalar\u0131na t\u0259sirlidir v\u0259 y\u00fcks\u0259k dozada qaraciy\u0259r qurdlar\u0131n\u0131n yetkin m\u0259rh\u0259l\u0259l\u0259rin\u0259 qar\u015f\u0131 da effektlidir. \u0130stifad\u0259 sah\u0259si:\u0130n\u0259k, buza\u011f\u0131, qoyun v\u0259 ke\u00e7il\u0259rd\u0259 a\u015fa\u011f\u0131dak\u0131 qurdlar\u0131n profilaktikas\u0131 v\u0259 m\u00fcalic\u0259si \u00fc\u00e7\u00fcn: M\u0259d\u0259-ba\u011f\u0131rsaq qurdlar\u0131: Bunostomum, Cooperia, Chabertia, Haemonchus, Nematodirus, Oesophagostomum, Ostertagia, Strongyloides, Trichostrongylus&#8230;.<\/p>","protected":false},"featured_media":989224,"comment_status":"closed","ping_status":"closed","template":"","meta":{"nf_dc_page":"","_monsterinsights_skip_tracking":false,"_monsterinsights_sitenote_active":false,"_monsterinsights_sitenote_note":"","_monsterinsights_sitenote_category":0},"product_brand":[],"product_cat":[108,251,114],"product_tag":[],"class_list":{"0":"post-989223","1":"product","2":"type-product","3":"status-publish","4":"has-post-thumbnail","6":"product_cat-cow","7":"product_cat-veterinary-products","8":"product_cat-sheep","10":"first","11":"instock","12":"shipping-taxable","13":"product-type-simple"},"jetpack_sharing_enabled":true,"_links":{"self":[{"href":"https:\/\/agrovetazerbaijan.az\/en\/wp-json\/wp\/v2\/product\/989223","targetHints":{"allow":["GET"]}}],"collection":[{"href":"https:\/\/agrovetazerbaijan.az\/en\/wp-json\/wp\/v2\/product"}],"about":[{"href":"https:\/\/agrovetazerbaijan.az\/en\/wp-json\/wp\/v2\/types\/product"}],"replies":[{"embeddable":true,"href":"https:\/\/agrovetazerbaijan.az\/en\/wp-json\/wp\/v2\/comments?post=989223"}],"version-history":[{"count":2,"href":"https:\/\/agrovetazerbaijan.az\/en\/wp-json\/wp\/v2\/product\/989223\/revisions"}],"predecessor-version":[{"id":989729,"href":"https:\/\/agrovetazerbaijan.az\/en\/wp-json\/wp\/v2\/product\/989223\/revisions\/989729"}],"wp:featuredmedia":[{"embeddable":true,"href":"https:\/\/agrovetazerbaijan.az\/en\/wp-json\/wp\/v2\/media\/989224"}],"wp:attachment":[{"href":"https:\/\/agrovetazerbaijan.az\/en\/wp-json\/wp\/v2\/media?parent=989223"}],"wp:term":[{"taxonomy":"product_brand","embeddable":true,"href":"https:\/\/agrovetazerbaijan.az\/en\/wp-json\/wp\/v2\/product_brand?post=989223"},{"taxonomy":"product_cat","embeddable":true,"href":"https:\/\/agrovetazerbaijan.az\/en\/wp-json\/wp\/v2\/product_cat?post=989223"},{"taxonomy":"product_tag","embeddable":true,"href":"https:\/\/agrovetazerbaijan.az\/en\/wp-json\/wp\/v2\/product_tag?post=989223"}],"curies":[{"name":"wp","href":"https:\/\/api.w.org\/{rel}","templated":true}]}}