{"id":989220,"date":"2025-03-23T15:32:11","date_gmt":"2025-03-23T15:32:11","guid":{"rendered":"https:\/\/agrovetazerbaijan.az\/?post_type=product&#038;p=989220"},"modified":"2025-08-05T00:26:22","modified_gmt":"2025-08-05T00:26:22","slug":"sulfadimidin-ws","status":"publish","type":"product","link":"https:\/\/agrovetazerbaijan.az\/en\/product\/sulfadimidin-ws\/","title":{"rendered":"Sulfadimidine WS"},"content":{"rendered":"<div class=\"vgblk-rw-wrapper limit-wrapper\">\n<p data-start=\"94\" data-end=\"137\"><strong data-start=\"94\" data-end=\"137\">Sulfadimidine 100% water soluble powder<\/strong><\/p>\n<hr data-start=\"139\" data-end=\"142\" \/>\n<p data-start=\"144\" data-end=\"203\"><strong data-start=\"144\" data-end=\"156\">Ingredients:<\/strong><br data-start=\"156\" data-end=\"159\" \/>Sulfadimidine sodium \u2014 1000 mg (per gram).<\/p>\n<hr data-start=\"205\" data-end=\"208\" \/>\n<p data-start=\"210\" data-end=\"558\"><strong data-start=\"210\" data-end=\"222\">Description:<\/strong><br data-start=\"222\" data-end=\"225\" \/>Sulfadimidine is primarily bactericidal and is active against a wide range of Gram-positive and Gram-negative microorganisms, including: <em data-start=\"339\" data-end=\"348\">E. coli<\/em>, <em data-start=\"350\" data-end=\"366\">Staphylococcus<\/em> spp., <em data-start=\"373\" data-end=\"388\">Streptococcus<\/em> spp., <em data-start=\"395\" data-end=\"407\">Salmonella<\/em> spp., <em data-start=\"414\" data-end=\"427\">Pasteurella<\/em> spp. and <em data-start=\"436\" data-end=\"445\">Eimeria<\/em> spp. It is effective against sulfadiazine. It inhibits microbial growth by blocking bacterial purine synthesis.<\/p>\n<hr data-start=\"560\" data-end=\"563\" \/>\n<p data-start=\"565\" data-end=\"776\"><strong data-start=\"565\" data-end=\"587\">Areas of use:<\/strong><br data-start=\"587\" data-end=\"590\" \/>It is used to treat gastrointestinal, respiratory, and genitourinary tract infections caused by sulfadimidine-sensitive microorganisms. These include:<\/p>\n<ul data-start=\"777\" data-end=\"967\">\n<li data-start=\"777\" data-end=\"922\">\n<p data-start=\"779\" data-end=\"922\">In cows, calves, sheep, goats, pigs and birds <em data-start=\"824\" data-end=\"833\">E. coli<\/em>, <em data-start=\"835\" data-end=\"851\">Staphylococcus<\/em> spp., <em data-start=\"858\" data-end=\"873\">Streptococcus<\/em> spp., <em data-start=\"880\" data-end=\"893\">Pasteurella<\/em> Infections caused by spp.<\/p>\n<\/li>\n<li data-start=\"923\" data-end=\"967\">\n<p data-start=\"925\" data-end=\"967\">In birds <em data-start=\"934\" data-end=\"943\">Eimeria<\/em> Coccidiosis caused by spp.<\/p>\n<\/li>\n<\/ul>\n<hr data-start=\"969\" data-end=\"972\" \/>\n<p data-start=\"974\" data-end=\"990\"><strong data-start=\"974\" data-end=\"988\">Prohibitions:<\/strong><\/p>\n<ul data-start=\"991\" data-end=\"1212\">\n<li data-start=\"991\" data-end=\"1026\">\n<p data-start=\"993\" data-end=\"1026\">Sensitivity to sulfonamides.<\/p>\n<\/li>\n<li data-start=\"1027\" data-end=\"1117\">\n<p data-start=\"1029\" data-end=\"1117\">Use in animals with severe kidney or liver disease is prohibited.<\/p>\n<\/li>\n<li data-start=\"1118\" data-end=\"1212\">\n<p data-start=\"1120\" data-end=\"1212\">It should not be used in animals with blood diseases and active microbiological digestion processes.<\/p>\n<\/li>\n<\/ul>\n<hr data-start=\"1214\" data-end=\"1217\" \/>\n<p data-start=\"1219\" data-end=\"1238\"><strong data-start=\"1219\" data-end=\"1236\">Side effects:<\/strong><\/p>\n<ul data-start=\"1239\" data-end=\"1381\">\n<li data-start=\"1239\" data-end=\"1381\">\n<p data-start=\"1241\" data-end=\"1381\">Crystallization in the urine (crystalluria), anemia, leukopenia (decrease in white blood cells) and thrombocytopenia (decrease in blood clots).<\/p>\n<\/li>\n<\/ul>\n<hr data-start=\"1383\" data-end=\"1386\" \/>\n<p data-start=\"1388\" data-end=\"1439\"><strong data-start=\"1388\" data-end=\"1414\">Dosage and method of administration:<\/strong><br data-start=\"1414\" data-end=\"1417\" \/>It is given orally.<\/p>\n<ul data-start=\"1441\" data-end=\"1753\">\n<li data-start=\"1441\" data-end=\"1527\">\n<p data-start=\"1443\" data-end=\"1527\">Cows, calves, sheep and goats: 10 grams per 100 kg of body weight for 3-7 days.<\/p>\n<\/li>\n<li data-start=\"1528\" data-end=\"1600\">\n<p data-start=\"1530\" data-end=\"1600\">Pigs: 1 kilogram per 2000 liters of drinking water for 3-7 days.<\/p>\n<\/li>\n<li data-start=\"1601\" data-end=\"1753\">\n<p data-start=\"1603\" data-end=\"1753\">Birds: 1 kilogram per 2000 liters of drinking water for 3 days or according to the 3-2-3 scheme (given for 3 days, not given for 2 days, then given again for 3 days).<\/p>\n<\/li>\n<\/ul>\n<p data-start=\"1755\" data-end=\"1921\">Note: When administered to ruminants, there may sometimes be temporary disturbances in ruminal function and microflora activity. However, this usually resolves spontaneously.<\/p>\n<hr data-start=\"1923\" data-end=\"1926\" \/>\n<p data-start=\"1928\" data-end=\"1950\"><strong data-start=\"1928\" data-end=\"1948\">Waiting time:<\/strong><\/p>\n<ul data-start=\"1951\" data-end=\"2053\">\n<li data-start=\"1951\" data-end=\"2032\">\n<p data-start=\"1953\" data-end=\"1963\">For meat:<\/p>\n<ul data-start=\"1966\" data-end=\"2032\">\n<li data-start=\"1966\" data-end=\"2004\">\n<p data-start=\"1968\" data-end=\"2004\">Cow, calf, sheep, goat: 12 days.<\/p>\n<\/li>\n<li data-start=\"2007\" data-end=\"2032\">\n<p data-start=\"2009\" data-end=\"2032\">Pigs and poultry: 15 days.<\/p>\n<\/li>\n<\/ul>\n<\/li>\n<li data-start=\"2033\" data-end=\"2053\">\n<p data-start=\"2035\" data-end=\"2053\">For milk: 5 days.<\/p>\n<\/li>\n<\/ul>\n<p data-start=\"2055\" data-end=\"2111\">Not suitable for use in poultry egg production.<\/p>\n<hr data-start=\"2113\" data-end=\"2116\" \/>\n<p data-start=\"2118\" data-end=\"2181\"><strong data-start=\"2118\" data-end=\"2134\">Packaging:<\/strong><br data-start=\"2134\" data-end=\"2137\" \/>100 gram sachets and 1000 gram jars.<\/p>\n<\/div>\n<p><!-- .vgblk-rw-wrapper --><\/p>","protected":false},"excerpt":{"rendered":"<p>Sulfadimidine 100% suya h\u0259ll olunan toz T\u0259rkibi:Sulfadimidin natrium \u2014 1000 mq (h\u0259r qramda). T\u0259sviri:Sulfadimidin \u0259sas\u0259n bakterisid t\u0259sir g\u00f6st\u0259rir v\u0259 \u00e7oxsayl\u0131 Gram-m\u00fcsb\u0259t v\u0259 Gram-m\u0259nfi mikroorqanizml\u0259r\u0259, o c\u00fcml\u0259d\u0259n E. coli, Staphylococcus spp., Streptococcus spp., Salmonella spp., Pasteurella spp. v\u0259 Eimeria spp.-y\u0259 qar\u015f\u0131 t\u0259sirlidir. Sulfadimidin bakterial purin sintezini bloklayaraq mikroblar\u0131n \u00e7oxalmas\u0131n\u0131 \u0259ng\u0259ll\u0259yir. \u0130stifad\u0259 sah\u0259l\u0259ri:Sulfadimidin\u0259 h\u0259ssas mikroorqanizml\u0259r t\u0259r\u0259find\u0259n t\u00f6r\u0259dil\u0259n&#8230;<\/p>","protected":false},"featured_media":989221,"comment_status":"closed","ping_status":"closed","template":"","meta":{"nf_dc_page":"","_monsterinsights_skip_tracking":false,"_monsterinsights_sitenote_active":false,"_monsterinsights_sitenote_note":"","_monsterinsights_sitenote_category":0},"product_brand":[],"product_cat":[108,251,114,68],"product_tag":[],"class_list":{"0":"post-989220","1":"product","2":"type-product","3":"status-publish","4":"has-post-thumbnail","6":"product_cat-cow","7":"product_cat-veterinary-products","8":"product_cat-sheep","9":"product_cat-poultry","11":"first","12":"instock","13":"shipping-taxable","14":"product-type-simple"},"jetpack_sharing_enabled":true,"_links":{"self":[{"href":"https:\/\/agrovetazerbaijan.az\/en\/wp-json\/wp\/v2\/product\/989220","targetHints":{"allow":["GET"]}}],"collection":[{"href":"https:\/\/agrovetazerbaijan.az\/en\/wp-json\/wp\/v2\/product"}],"about":[{"href":"https:\/\/agrovetazerbaijan.az\/en\/wp-json\/wp\/v2\/types\/product"}],"replies":[{"embeddable":true,"href":"https:\/\/agrovetazerbaijan.az\/en\/wp-json\/wp\/v2\/comments?post=989220"}],"version-history":[{"count":2,"href":"https:\/\/agrovetazerbaijan.az\/en\/wp-json\/wp\/v2\/product\/989220\/revisions"}],"predecessor-version":[{"id":989730,"href":"https:\/\/agrovetazerbaijan.az\/en\/wp-json\/wp\/v2\/product\/989220\/revisions\/989730"}],"wp:featuredmedia":[{"embeddable":true,"href":"https:\/\/agrovetazerbaijan.az\/en\/wp-json\/wp\/v2\/media\/989221"}],"wp:attachment":[{"href":"https:\/\/agrovetazerbaijan.az\/en\/wp-json\/wp\/v2\/media?parent=989220"}],"wp:term":[{"taxonomy":"product_brand","embeddable":true,"href":"https:\/\/agrovetazerbaijan.az\/en\/wp-json\/wp\/v2\/product_brand?post=989220"},{"taxonomy":"product_cat","embeddable":true,"href":"https:\/\/agrovetazerbaijan.az\/en\/wp-json\/wp\/v2\/product_cat?post=989220"},{"taxonomy":"product_tag","embeddable":true,"href":"https:\/\/agrovetazerbaijan.az\/en\/wp-json\/wp\/v2\/product_tag?post=989220"}],"curies":[{"name":"wp","href":"https:\/\/api.w.org\/{rel}","templated":true}]}}