{"id":989217,"date":"2025-03-23T15:30:19","date_gmt":"2025-03-23T15:30:19","guid":{"rendered":"https:\/\/agrovetazerbaijan.az\/?post_type=product&#038;p=989217"},"modified":"2025-06-20T16:17:44","modified_gmt":"2025-06-20T16:17:44","slug":"piperin-ws","status":"publish","type":"product","link":"https:\/\/agrovetazerbaijan.az\/en\/product\/piperin-ws\/","title":{"rendered":"Piper WS"},"content":{"rendered":"<div class=\"vgblk-rw-wrapper limit-wrapper\">\n<h3 data-start=\"94\" data-end=\"134\">Piperazine 100% water soluble powder<\/h3>\n<hr data-start=\"136\" data-end=\"139\" \/>\n<p data-start=\"141\" data-end=\"196\"><strong data-start=\"141\" data-end=\"153\">Ingredients:<\/strong><br data-start=\"153\" data-end=\"156\" \/>Piperazine citrate \u2014 1000 mg (per gram).<\/p>\n<hr data-start=\"198\" data-end=\"201\" \/>\n<p data-start=\"203\" data-end=\"531\"><strong data-start=\"203\" data-end=\"215\">Description:<\/strong><br data-start=\"215\" data-end=\"218\" \/>Piperazine is an anthelmintic that is active against nematodes. It causes reversible flaccid paralysis in nematode parasites. This occurs by hyperpolarization of the cell membrane and suppression of spontaneous impulses. The paralyzed nematodes are then expelled from the intestine by normal peristaltic movements.<\/p>\n<hr data-start=\"533\" data-end=\"536\" \/>\n<p data-start=\"538\" data-end=\"562\"><strong data-start=\"538\" data-end=\"560\">Areas of use:<\/strong><\/p>\n<p data-start=\"564\" data-end=\"620\">It is used in the treatment of nematode infections:<\/p>\n<ul data-start=\"621\" data-end=\"926\">\n<li data-start=\"621\" data-end=\"708\">\n<p data-start=\"623\" data-end=\"708\"><strong data-start=\"623\" data-end=\"633\">Horses:<\/strong> <em data-start=\"634\" data-end=\"648\">Strongylosis<\/em> spp., <em data-start=\"655\" data-end=\"666\">Oxyurosis<\/em> spp., <em data-start=\"673\" data-end=\"685\">Trichonema<\/em> spp., <em data-start=\"692\" data-end=\"701\">Ascaris<\/em> spp.<\/p>\n<\/li>\n<li data-start=\"709\" data-end=\"821\">\n<p data-start=\"711\" data-end=\"821\"><strong data-start=\"711\" data-end=\"724\">Cattle:<\/strong> <em data-start=\"725\" data-end=\"734\">Ascaris<\/em> spp., <em data-start=\"741\" data-end=\"754\">Nematodirus<\/em> spp., <em data-start=\"761\" data-end=\"773\">Ostertagia<\/em> spp., <em data-start=\"780\" data-end=\"790\">Cooperia<\/em> spp., <em data-start=\"797\" data-end=\"814\">Oesophagostomum<\/em> spp.<\/p>\n<\/li>\n<li data-start=\"822\" data-end=\"878\">\n<p data-start=\"824\" data-end=\"878\"><strong data-start=\"824\" data-end=\"837\">Pigs:<\/strong> <em data-start=\"838\" data-end=\"855\">Oesophagostomum<\/em> spp., <em data-start=\"862\" data-end=\"871\">Ascaris<\/em> spp.<\/p>\n<\/li>\n<li data-start=\"879\" data-end=\"926\">\n<p data-start=\"881\" data-end=\"926\"><strong data-start=\"881\" data-end=\"892\">Birds:<\/strong> <em data-start=\"893\" data-end=\"902\">Ascaris<\/em> spp., <em data-start=\"909\" data-end=\"921\">Capillaria<\/em> spp.<\/p>\n<\/li>\n<\/ul>\n<hr data-start=\"928\" data-end=\"931\" \/>\n<p data-start=\"933\" data-end=\"949\"><strong data-start=\"933\" data-end=\"947\">Prohibitions:<\/strong><\/p>\n<ul data-start=\"950\" data-end=\"1061\">\n<li data-start=\"950\" data-end=\"981\">\n<p data-start=\"952\" data-end=\"981\">Hypersensitivity to piperazine.<\/p>\n<\/li>\n<li data-start=\"982\" data-end=\"1061\">\n<p data-start=\"984\" data-end=\"1061\">Use in animals with severe kidney or liver disease is prohibited.<\/p>\n<\/li>\n<\/ul>\n<hr data-start=\"1063\" data-end=\"1066\" \/>\n<p data-start=\"1068\" data-end=\"1170\"><strong data-start=\"1068\" data-end=\"1085\">Side effects:<\/strong><br data-start=\"1085\" data-end=\"1088\" \/>When higher than normal doses are used, the following conditions may be observed:<\/p>\n<ul data-start=\"1171\" data-end=\"1305\">\n<li data-start=\"1171\" data-end=\"1305\">\n<p data-start=\"1173\" data-end=\"1305\">Colic, coughing, excessive salivation, agitation, rapid breathing (hyperpnea), tearing, spasms, sweating, and vomiting.<\/p>\n<\/li>\n<\/ul>\n<hr data-start=\"1307\" data-end=\"1310\" \/>\n<p data-start=\"1312\" data-end=\"1340\"><strong data-start=\"1312\" data-end=\"1338\">Dosage and method of administration:<\/strong><\/p>\n<p data-start=\"1342\" data-end=\"1364\">It is given orally.<\/p>\n<ul data-start=\"1366\" data-end=\"1516\">\n<li data-start=\"1366\" data-end=\"1454\">\n<p data-start=\"1368\" data-end=\"1454\"><strong data-start=\"1368\" data-end=\"1400\">Horses, cattle and pigs:<\/strong> 1-2 grams per 10 kg of body weight through drinking water.<\/p>\n<\/li>\n<li data-start=\"1455\" data-end=\"1516\">\n<p data-start=\"1457\" data-end=\"1516\"><strong data-start=\"1457\" data-end=\"1468\">Birds:<\/strong> 1 kilogram per 1000 liters of drinking water for 2 days.<\/p>\n<\/li>\n<\/ul>\n<hr data-start=\"1518\" data-end=\"1521\" \/>\n<p data-start=\"1523\" data-end=\"1545\"><strong data-start=\"1523\" data-end=\"1543\">Waiting time:<\/strong><\/p>\n<ul data-start=\"1546\" data-end=\"1588\">\n<li data-start=\"1546\" data-end=\"1565\">\n<p data-start=\"1548\" data-end=\"1565\">For meat: 2 days.<\/p>\n<\/li>\n<li data-start=\"1566\" data-end=\"1588\">\n<p data-start=\"1568\" data-end=\"1588\">For eggs: 2 days.<\/p>\n<\/li>\n<\/ul>\n<hr data-start=\"1590\" data-end=\"1593\" \/>\n<p data-start=\"1595\" data-end=\"1658\"><strong data-start=\"1595\" data-end=\"1611\">Packaging:<\/strong><br data-start=\"1611\" data-end=\"1614\" \/>100 gram sachets and 1000 gram jars.<\/p>\n<\/div>\n<p><!-- .vgblk-rw-wrapper --><\/p>","protected":false},"excerpt":{"rendered":"<p>Piperazine 100% suya h\u0259ll olunan toz T\u0259rkibi:Piperazin sitrat \u2014 1000 mq (h\u0259r qramda). T\u0259sviri:Piperazin nematodlara qar\u015f\u0131 t\u0259sir g\u00f6st\u0259r\u0259n anthelmintikdir. O, nematod parazitl\u0259rd\u0259 geri d\u00f6n\u0259n bo\u015falm\u0131\u015f iflic\u0259 s\u0259b\u0259b olur. Bu, h\u00fcceyr\u0259 membran\u0131n\u0131n hiperpolarizasiyas\u0131 v\u0259 spontan impulslar\u0131n basd\u0131r\u0131lmas\u0131 il\u0259 ba\u015f verir. Paralizl\u0259nmi\u015f nematodlar is\u0259 normal peristaltik h\u0259r\u0259k\u0259tl\u0259r vasit\u0259sil\u0259 ba\u011f\u0131rsaqdan xaric olunur. \u0130stifad\u0259 sah\u0259l\u0259ri: Nematod infeksiyalar\u0131n\u0131n m\u00fcalic\u0259sind\u0259 istifad\u0259&#8230;<\/p>","protected":false},"featured_media":989218,"comment_status":"closed","ping_status":"closed","template":"","meta":{"nf_dc_page":"","_monsterinsights_skip_tracking":false,"_monsterinsights_sitenote_active":false,"_monsterinsights_sitenote_note":"","_monsterinsights_sitenote_category":0},"product_brand":[],"product_cat":[108,45,68],"product_tag":[],"class_list":{"0":"post-989217","1":"product","2":"type-product","3":"status-publish","4":"has-post-thumbnail","6":"product_cat-cow","7":"product_cat-horse","8":"product_cat-poultry","10":"first","11":"instock","12":"shipping-taxable","13":"product-type-simple"},"jetpack_sharing_enabled":true,"_links":{"self":[{"href":"https:\/\/agrovetazerbaijan.az\/en\/wp-json\/wp\/v2\/product\/989217","targetHints":{"allow":["GET"]}}],"collection":[{"href":"https:\/\/agrovetazerbaijan.az\/en\/wp-json\/wp\/v2\/product"}],"about":[{"href":"https:\/\/agrovetazerbaijan.az\/en\/wp-json\/wp\/v2\/types\/product"}],"replies":[{"embeddable":true,"href":"https:\/\/agrovetazerbaijan.az\/en\/wp-json\/wp\/v2\/comments?post=989217"}],"version-history":[{"count":2,"href":"https:\/\/agrovetazerbaijan.az\/en\/wp-json\/wp\/v2\/product\/989217\/revisions"}],"predecessor-version":[{"id":989731,"href":"https:\/\/agrovetazerbaijan.az\/en\/wp-json\/wp\/v2\/product\/989217\/revisions\/989731"}],"wp:featuredmedia":[{"embeddable":true,"href":"https:\/\/agrovetazerbaijan.az\/en\/wp-json\/wp\/v2\/media\/989218"}],"wp:attachment":[{"href":"https:\/\/agrovetazerbaijan.az\/en\/wp-json\/wp\/v2\/media?parent=989217"}],"wp:term":[{"taxonomy":"product_brand","embeddable":true,"href":"https:\/\/agrovetazerbaijan.az\/en\/wp-json\/wp\/v2\/product_brand?post=989217"},{"taxonomy":"product_cat","embeddable":true,"href":"https:\/\/agrovetazerbaijan.az\/en\/wp-json\/wp\/v2\/product_cat?post=989217"},{"taxonomy":"product_tag","embeddable":true,"href":"https:\/\/agrovetazerbaijan.az\/en\/wp-json\/wp\/v2\/product_tag?post=989217"}],"curies":[{"name":"wp","href":"https:\/\/api.w.org\/{rel}","templated":true}]}}