{"id":989214,"date":"2025-03-23T15:03:29","date_gmt":"2025-03-23T15:03:29","guid":{"rendered":"https:\/\/agrovetazerbaijan.az\/?post_type=product&#038;p=989214"},"modified":"2025-08-05T01:01:19","modified_gmt":"2025-08-05T01:01:19","slug":"neomix-700-ws","status":"publish","type":"product","link":"https:\/\/agrovetazerbaijan.az\/en\/product\/neomix-700-ws\/","title":{"rendered":"Neomix-700 WS"},"content":{"rendered":"<div class=\"vgblk-rw-wrapper limit-wrapper\">\n<h3 data-start=\"91\" data-end=\"128\">Neomycin 70% water soluble powder<\/h3>\n<hr data-start=\"130\" data-end=\"133\" \/>\n<p data-start=\"135\" data-end=\"188\"><strong data-start=\"135\" data-end=\"147\">Ingredients:<\/strong><br data-start=\"147\" data-end=\"150\" \/>Neomycin sulfate \u2014 700 mg (per gram).<\/p>\n<hr data-start=\"190\" data-end=\"193\" \/>\n<p data-start=\"195\" data-end=\"806\"><strong data-start=\"195\" data-end=\"207\">Description:<\/strong><br data-start=\"207\" data-end=\"210\" \/>Neomycin is a broad-spectrum bactericidal aminoglycoside antibiotic and is particularly active against some members of the Enterobacteriaceae family, such as <em data-start=\"340\" data-end=\"358\">Escherichia coli<\/em> It is effective against bacteria. The mechanism of action is at the ribosomal level. When administered orally, only a small part (&lt;5%) is absorbed systemically, while the rest remains in the digestive tract of the animal as an active substance. Neomycin is not inactivated by enzymes or food. Due to these properties, neomycin is an effective antibiotic for the prevention and treatment of infections caused by neomycin-sensitive bacteria in the digestive tract.<\/p>\n<hr data-start=\"808\" data-end=\"811\" \/>\n<p data-start=\"813\" data-end=\"1025\"><strong data-start=\"813\" data-end=\"835\">Areas of use:<\/strong><br data-start=\"835\" data-end=\"838\" \/>Neomix-700 WS is effective against these bacteria (e.g. <em data-start=\"886\" data-end=\"895\">E. coli<\/em>, <em data-start=\"897\" data-end=\"909\">Salmonella<\/em> spp. and <em data-start=\"918\" data-end=\"933\">Campylobacter<\/em> spp.) is used for the prevention and treatment of bacterial enteritis caused by:<\/p>\n<ul data-start=\"1026\" data-end=\"1087\">\n<li data-start=\"1026\" data-end=\"1038\">\n<p data-start=\"1028\" data-end=\"1038\">Calves<\/p>\n<\/li>\n<li data-start=\"1039\" data-end=\"1051\">\n<p data-start=\"1041\" data-end=\"1051\">Sheep<\/p>\n<\/li>\n<li data-start=\"1052\" data-end=\"1063\">\n<p data-start=\"1054\" data-end=\"1063\">Goats<\/p>\n<\/li>\n<li data-start=\"1064\" data-end=\"1076\">\n<p data-start=\"1066\" data-end=\"1076\">Pigs<\/p>\n<\/li>\n<li data-start=\"1077\" data-end=\"1087\">\n<p data-start=\"1079\" data-end=\"1087\">Birds<\/p>\n<\/li>\n<\/ul>\n<hr data-start=\"1089\" data-end=\"1092\" \/>\n<p data-start=\"1094\" data-end=\"1110\"><strong data-start=\"1094\" data-end=\"1108\">Prohibitions:<\/strong><\/p>\n<ul data-start=\"1111\" data-end=\"1408\">\n<li data-start=\"1111\" data-end=\"1141\">\n<p data-start=\"1113\" data-end=\"1141\">Sensitivity to neomycin.<\/p>\n<\/li>\n<li data-start=\"1142\" data-end=\"1217\">\n<p data-start=\"1144\" data-end=\"1217\">Use is prohibited in animals with severe renal dysfunction.<\/p>\n<\/li>\n<li data-start=\"1218\" data-end=\"1292\">\n<p data-start=\"1220\" data-end=\"1292\">It should not be used in animals with active microbiological digestion processes.<\/p>\n<\/li>\n<li data-start=\"1293\" data-end=\"1336\">\n<p data-start=\"1295\" data-end=\"1336\">Use during pregnancy is prohibited.<\/p>\n<\/li>\n<li data-start=\"1337\" data-end=\"1408\">\n<p data-start=\"1339\" data-end=\"1408\">Use in birds producing eggs for human consumption is prohibited.<\/p>\n<\/li>\n<\/ul>\n<hr data-start=\"1410\" data-end=\"1413\" \/>\n<p data-start=\"1415\" data-end=\"1644\"><strong data-start=\"1415\" data-end=\"1432\">Side effects:<\/strong><br data-start=\"1432\" data-end=\"1435\" \/>When neomycin is administered orally, its typical toxic effects (kidney damage, hearing loss, neuromuscular blockade) are usually not observed. Additional side effects are not expected if the dosage is administered correctly.<\/p>\n<hr data-start=\"1646\" data-end=\"1649\" \/>\n<p data-start=\"1651\" data-end=\"1704\"><strong data-start=\"1651\" data-end=\"1677\">Dosage and method of administration:<\/strong><br data-start=\"1677\" data-end=\"1680\" \/>It is given orally.<\/p>\n<ul data-start=\"1705\" data-end=\"2105\">\n<li data-start=\"1705\" data-end=\"1839\">\n<p data-start=\"1707\" data-end=\"1839\">Calves, sheep and goats: 10 mg neomycin sulfate per kilogram of body weight (14 mg\/kg as Neomix-700 WS) for 3\u20135 days.<\/p>\n<\/li>\n<li data-start=\"1840\" data-end=\"2105\">\n<p data-start=\"1842\" data-end=\"2105\">Pigs and poultry: 300 grams per 2000 liters of drinking water for 3\u20135 days.<br data-start=\"1909\" data-end=\"1912\" \/><strong data-start=\"1912\" data-end=\"1921\">Note:<\/strong> Intended only for calves, lambs and goats with an immature rumen system. Not for use in birds producing eggs for human consumption.<\/p>\n<\/li>\n<\/ul>\n<hr data-start=\"2107\" data-end=\"2110\" \/>\n<p data-start=\"2112\" data-end=\"2134\"><strong data-start=\"2112\" data-end=\"2132\">Waiting time:<\/strong><\/p>\n<ul data-start=\"2135\" data-end=\"2219\">\n<li data-start=\"2135\" data-end=\"2219\">\n<p data-start=\"2137\" data-end=\"2147\">For meat:<\/p>\n<ul data-start=\"2150\" data-end=\"2219\">\n<li data-start=\"2150\" data-end=\"2198\">\n<p data-start=\"2152\" data-end=\"2198\">In calves, sheep, goats and pigs: 21 days.<\/p>\n<\/li>\n<li data-start=\"2201\" data-end=\"2219\">\n<p data-start=\"2203\" data-end=\"2219\">In birds: 7 days.<\/p>\n<\/li>\n<\/ul>\n<\/li>\n<\/ul>\n<hr data-start=\"2221\" data-end=\"2224\" \/>\n<p data-start=\"2226\" data-end=\"2286\"><strong data-start=\"2226\" data-end=\"2242\">Packaging:<\/strong><br data-start=\"2242\" data-end=\"2245\" \/>100 gram sachet and 1000 gram jar.<\/p>\n<\/div>\n<p><!-- .vgblk-rw-wrapper --><\/p>","protected":false},"excerpt":{"rendered":"<p>Neomycin 70% suya h\u0259ll olunan toz T\u0259rkibi:Neomisin sulfat \u2014 700 mq (h\u0259r qramda). T\u0259sviri:Neomisin geni\u015f spektrli bakterisidal aminoglikozid antibiotikdir v\u0259 x\u00fcsusil\u0259 Enterobacteriaceae ail\u0259sinin b\u0259zi \u00fczvl\u0259rin\u0259, m\u0259s\u0259l\u0259n Escherichia coli bakteriyas\u0131na qar\u015f\u0131 t\u0259sirlidir. T\u0259sir mexanizmi ribosom s\u0259viyy\u0259sind\u0259dir. A\u011f\u0131z yolu il\u0259 t\u0259tbiq olunduqda, sistemik olaraq yaln\u0131z ki\u00e7ik hiss\u0259si (&lt;5%) sorulur, qalan\u0131 is\u0259 aktiv madd\u0259 kimi heyvan\u0131n h\u0259zm trakt\u0131nda&#8230;<\/p>","protected":false},"featured_media":989215,"comment_status":"closed","ping_status":"closed","template":"","meta":{"nf_dc_page":"","_monsterinsights_skip_tracking":false,"_monsterinsights_sitenote_active":false,"_monsterinsights_sitenote_note":"","_monsterinsights_sitenote_category":0},"product_brand":[],"product_cat":[108,251,114,68],"product_tag":[],"class_list":{"0":"post-989214","1":"product","2":"type-product","3":"status-publish","4":"has-post-thumbnail","6":"product_cat-cow","7":"product_cat-veterinary-products","8":"product_cat-sheep","9":"product_cat-poultry","11":"first","12":"instock","13":"shipping-taxable","14":"product-type-simple"},"jetpack_sharing_enabled":true,"_links":{"self":[{"href":"https:\/\/agrovetazerbaijan.az\/en\/wp-json\/wp\/v2\/product\/989214","targetHints":{"allow":["GET"]}}],"collection":[{"href":"https:\/\/agrovetazerbaijan.az\/en\/wp-json\/wp\/v2\/product"}],"about":[{"href":"https:\/\/agrovetazerbaijan.az\/en\/wp-json\/wp\/v2\/types\/product"}],"replies":[{"embeddable":true,"href":"https:\/\/agrovetazerbaijan.az\/en\/wp-json\/wp\/v2\/comments?post=989214"}],"version-history":[{"count":2,"href":"https:\/\/agrovetazerbaijan.az\/en\/wp-json\/wp\/v2\/product\/989214\/revisions"}],"predecessor-version":[{"id":989732,"href":"https:\/\/agrovetazerbaijan.az\/en\/wp-json\/wp\/v2\/product\/989214\/revisions\/989732"}],"wp:featuredmedia":[{"embeddable":true,"href":"https:\/\/agrovetazerbaijan.az\/en\/wp-json\/wp\/v2\/media\/989215"}],"wp:attachment":[{"href":"https:\/\/agrovetazerbaijan.az\/en\/wp-json\/wp\/v2\/media?parent=989214"}],"wp:term":[{"taxonomy":"product_brand","embeddable":true,"href":"https:\/\/agrovetazerbaijan.az\/en\/wp-json\/wp\/v2\/product_brand?post=989214"},{"taxonomy":"product_cat","embeddable":true,"href":"https:\/\/agrovetazerbaijan.az\/en\/wp-json\/wp\/v2\/product_cat?post=989214"},{"taxonomy":"product_tag","embeddable":true,"href":"https:\/\/agrovetazerbaijan.az\/en\/wp-json\/wp\/v2\/product_tag?post=989214"}],"curies":[{"name":"wp","href":"https:\/\/api.w.org\/{rel}","templated":true}]}}