{"id":989208,"date":"2025-03-23T15:00:57","date_gmt":"2025-03-23T15:00:57","guid":{"rendered":"https:\/\/agrovetazerbaijan.az\/?post_type=product&#038;p=989208"},"modified":"2025-08-05T01:04:03","modified_gmt":"2025-08-05T01:04:03","slug":"macrolan-ws","status":"publish","type":"product","link":"https:\/\/agrovetazerbaijan.az\/en\/product\/macrolan-ws\/","title":{"rendered":"Macrolan WS"},"content":{"rendered":"<div class=\"vgblk-rw-wrapper limit-wrapper\">\n<section>\n<div class=\"content-wrap\">\n<div class=\"container\">\n<div class=\"row product-media\">\n<div class=\"product-shop columns large-7 medium-7 small-12\">\n<h3 data-start=\"89\" data-end=\"126\">Tylosin 100% Water Soluble Powder<\/h3>\n<hr data-start=\"128\" data-end=\"131\" \/>\n<p data-start=\"133\" data-end=\"160\"><strong data-start=\"133\" data-end=\"158\">Ingredients (per gram):<\/strong><\/p>\n<ul data-start=\"161\" data-end=\"188\">\n<li data-start=\"161\" data-end=\"188\">\n<p data-start=\"163\" data-end=\"188\">Tylosin tartrate \u2014 1000 mg<\/p>\n<\/li>\n<\/ul>\n<hr data-start=\"190\" data-end=\"193\" \/>\n<p data-start=\"195\" data-end=\"439\"><strong data-start=\"195\" data-end=\"207\">Description:<\/strong><br data-start=\"207\" data-end=\"210\" \/>Tylosin is a macrolide antibiotic and has bacteriostatic activity against Gram-positive and Gram-negative bacteria such as Campylobacter spp., Mycoplasma spp., Pasteurella spp., Staphylococcus spp., Streptococcus spp. and Treponema spp.<\/p>\n<hr data-start=\"441\" data-end=\"444\" \/>\n<p data-start=\"446\" data-end=\"827\"><strong data-start=\"446\" data-end=\"468\">Areas of use:<\/strong><br data-start=\"468\" data-end=\"471\" \/>It is used for the treatment of gastrointestinal and respiratory tract infections caused by microorganisms sensitive to tylosin. These infections are caused by Campylobacter spp., Mycoplasma spp., Pasteurella spp., Staphylococcus spp., Streptococcus spp. and Treponema spp. Animals used: calves, sheep, goats, pigs and poultry.<\/p>\n<hr data-start=\"829\" data-end=\"832\" \/>\n<p data-start=\"834\" data-end=\"850\"><strong data-start=\"834\" data-end=\"848\">Prohibitions:<\/strong><\/p>\n<ul data-start=\"851\" data-end=\"1036\">\n<li data-start=\"851\" data-end=\"880\">\n<p data-start=\"853\" data-end=\"880\">Sensitivity to tylosin.<\/p>\n<\/li>\n<li data-start=\"881\" data-end=\"963\">\n<p data-start=\"883\" data-end=\"963\">It should not be given concurrently with penicillin, cephalosporin, quinolone, and cycloserine.<\/p>\n<\/li>\n<li data-start=\"964\" data-end=\"1036\">\n<p data-start=\"966\" data-end=\"1036\">It should not be used in animals with active microbiological digestion processes.<\/p>\n<\/li>\n<\/ul>\n<hr data-start=\"1038\" data-end=\"1041\" \/>\n<p data-start=\"1043\" data-end=\"1136\"><strong data-start=\"1043\" data-end=\"1060\">Side effects:<\/strong><br data-start=\"1060\" data-end=\"1063\" \/>Diarrhea, upper abdominal pain, and skin tenderness may occur.<\/p>\n<hr data-start=\"1138\" data-end=\"1141\" \/>\n<p data-start=\"1143\" data-end=\"1194\"><strong data-start=\"1143\" data-end=\"1169\">Dosage and method of administration:<\/strong><br data-start=\"1169\" data-end=\"1172\" \/>It is given orally.<\/p>\n<ul data-start=\"1196\" data-end=\"1424\">\n<li data-start=\"1196\" data-end=\"1300\">\n<p data-start=\"1198\" data-end=\"1300\">Calves, sheep and goats: twice a day, 5 grams per 220\u2013250 kg body weight, for 5\u20137 days.<\/p>\n<\/li>\n<li data-start=\"1301\" data-end=\"1363\">\n<p data-start=\"1303\" data-end=\"1363\">Pigs: 1 kg per 3000\u20134000 liters of drinking water for 5\u20137 days.<\/p>\n<\/li>\n<li data-start=\"1364\" data-end=\"1424\">\n<p data-start=\"1366\" data-end=\"1424\">Birds: 1 kg per 1500\u20132000 liters of drinking water for 3\u20135 days.<\/p>\n<\/li>\n<\/ul>\n<p data-start=\"1426\" data-end=\"1546\"><strong data-start=\"1426\" data-end=\"1435\">Note:<\/strong> It is intended only for calves, lambs and goats whose ruminal system has not yet been developed.<\/p>\n<hr data-start=\"1548\" data-end=\"1551\" \/>\n<p data-start=\"1553\" data-end=\"1575\"><strong data-start=\"1553\" data-end=\"1573\">Waiting time:<\/strong><\/p>\n<ul data-start=\"1576\" data-end=\"1659\">\n<li data-start=\"1576\" data-end=\"1659\">\n<p data-start=\"1578\" data-end=\"1588\">For meat:<\/p>\n<ul data-start=\"1591\" data-end=\"1659\">\n<li data-start=\"1591\" data-end=\"1639\">\n<p data-start=\"1593\" data-end=\"1639\">Calves, sheep, goats and poultry: 5 days<\/p>\n<\/li>\n<li data-start=\"1642\" data-end=\"1659\">\n<p data-start=\"1644\" data-end=\"1659\">Pigs: 3 days<\/p>\n<\/li>\n<\/ul>\n<\/li>\n<\/ul>\n<hr data-start=\"1661\" data-end=\"1664\" \/>\n<p data-start=\"1666\" data-end=\"1749\"><strong data-start=\"1666\" data-end=\"1682\">Packaging:<\/strong><br data-start=\"1682\" data-end=\"1685\" \/>10 gram, 30 gram and 100 gram sachets and 1000 gram jar.<\/p>\n<\/div>\n<\/div>\n<\/div>\n<\/div>\n<\/section>\n<\/div>\n<p><!-- .vgblk-rw-wrapper --><\/p>","protected":false},"excerpt":{"rendered":"<p>Tylosin 100% Suya H\u0259ll Olunan Toz T\u0259rkibi (h\u0259r qramda): Tylosin tartrat \u2014 1000 mq T\u0259sviri:Tylosin makrolid antibiotikdir v\u0259 Campylobacter spp., Mycoplasma spp., Pasteurella spp., Staphylococcus spp., Streptococcus spp. v\u0259 Treponema spp. kimi Gram-m\u00fcsb\u0259t v\u0259 Gram-m\u0259nfi bakteriyalara qar\u015f\u0131 bakteriyostatik t\u0259sir g\u00f6st\u0259rir. \u0130stifad\u0259 sah\u0259l\u0259ri:Tylosin-\u0259 h\u0259ssas mikroorqanizml\u0259rin yaratd\u0131\u011f\u0131 m\u0259d\u0259-ba\u011f\u0131rsaq v\u0259 t\u0259n\u0259ff\u00fcs yollar\u0131n\u0131n infeksiyalar\u0131n\u0131n m\u00fcalic\u0259sind\u0259 istifad\u0259 olunur. Bu infeksiyalar&#8230;<\/p>","protected":false},"featured_media":989209,"comment_status":"closed","ping_status":"closed","template":"","meta":{"nf_dc_page":"","_monsterinsights_skip_tracking":false,"_monsterinsights_sitenote_active":false,"_monsterinsights_sitenote_note":"","_monsterinsights_sitenote_category":0},"product_brand":[],"product_cat":[108,251,68],"product_tag":[],"class_list":{"0":"post-989208","1":"product","2":"type-product","3":"status-publish","4":"has-post-thumbnail","6":"product_cat-cow","7":"product_cat-veterinary-products","8":"product_cat-poultry","10":"first","11":"instock","12":"shipping-taxable","13":"product-type-simple"},"jetpack_sharing_enabled":true,"_links":{"self":[{"href":"https:\/\/agrovetazerbaijan.az\/en\/wp-json\/wp\/v2\/product\/989208","targetHints":{"allow":["GET"]}}],"collection":[{"href":"https:\/\/agrovetazerbaijan.az\/en\/wp-json\/wp\/v2\/product"}],"about":[{"href":"https:\/\/agrovetazerbaijan.az\/en\/wp-json\/wp\/v2\/types\/product"}],"replies":[{"embeddable":true,"href":"https:\/\/agrovetazerbaijan.az\/en\/wp-json\/wp\/v2\/comments?post=989208"}],"version-history":[{"count":2,"href":"https:\/\/agrovetazerbaijan.az\/en\/wp-json\/wp\/v2\/product\/989208\/revisions"}],"predecessor-version":[{"id":989734,"href":"https:\/\/agrovetazerbaijan.az\/en\/wp-json\/wp\/v2\/product\/989208\/revisions\/989734"}],"wp:featuredmedia":[{"embeddable":true,"href":"https:\/\/agrovetazerbaijan.az\/en\/wp-json\/wp\/v2\/media\/989209"}],"wp:attachment":[{"href":"https:\/\/agrovetazerbaijan.az\/en\/wp-json\/wp\/v2\/media?parent=989208"}],"wp:term":[{"taxonomy":"product_brand","embeddable":true,"href":"https:\/\/agrovetazerbaijan.az\/en\/wp-json\/wp\/v2\/product_brand?post=989208"},{"taxonomy":"product_cat","embeddable":true,"href":"https:\/\/agrovetazerbaijan.az\/en\/wp-json\/wp\/v2\/product_cat?post=989208"},{"taxonomy":"product_tag","embeddable":true,"href":"https:\/\/agrovetazerbaijan.az\/en\/wp-json\/wp\/v2\/product_tag?post=989208"}],"curies":[{"name":"wp","href":"https:\/\/api.w.org\/{rel}","templated":true}]}}