{"id":989202,"date":"2025-03-23T14:56:49","date_gmt":"2025-03-23T14:56:49","guid":{"rendered":"https:\/\/agrovetazerbaijan.az\/?post_type=product&#038;p=989202"},"modified":"2025-08-05T01:04:55","modified_gmt":"2025-08-05T01:04:55","slug":"limoxin-ws","status":"publish","type":"product","link":"https:\/\/agrovetazerbaijan.az\/en\/product\/limoxin-ws\/","title":{"rendered":"Limoxin WS"},"content":{"rendered":"<div class=\"vgblk-rw-wrapper limit-wrapper\">\n<h3 data-start=\"102\" data-end=\"146\">Oxytetracycline 40% Water Soluble Powder<\/h3>\n<hr data-start=\"148\" data-end=\"151\" \/>\n<p data-start=\"153\" data-end=\"180\"><strong data-start=\"153\" data-end=\"178\">Ingredients (per gram):<\/strong><\/p>\n<ul data-start=\"181\" data-end=\"219\">\n<li data-start=\"181\" data-end=\"219\">\n<p data-start=\"183\" data-end=\"219\">Oxytetracycline hydrochloride \u2014 400 mg<\/p>\n<\/li>\n<\/ul>\n<hr data-start=\"221\" data-end=\"224\" \/>\n<p data-start=\"226\" data-end=\"757\"><strong data-start=\"226\" data-end=\"238\">Description:<\/strong><br data-start=\"238\" data-end=\"241\" \/>Oxytetracycline belongs to the group of tetracyclines and has a bacteriostatic effect against a wide range of Gram-positive and Gram-negative bacteria, including Bordetella spp., Bacillus spp., Corynebacterium spp., Campylobacter spp., E. coli, Haemophilus spp., Pasteurella spp., Salmonella spp., Staphylococcus spp. and Streptococcus spp., as well as Mycoplasma spp., Rickettsia spp. and Chlamydia spp. Oxytetracycline inhibits bacterial protein synthesis. It is excreted mainly in the urine, with small amounts also excreted in bile and milk.<\/p>\n<hr data-start=\"759\" data-end=\"762\" \/>\n<p data-start=\"764\" data-end=\"1285\"><strong data-start=\"764\" data-end=\"786\">Areas of use:<\/strong><br data-start=\"786\" data-end=\"789\" \/>It is used to treat gastrointestinal and respiratory tract infections caused by bacteria sensitive to oxytetracycline. The bacteria causing the infection are: Bordetella spp., Bacillus spp., Corynebacterium spp., Campylobacter spp., E. coli, Haemophilus spp., Pasteurella spp., Salmonella spp., Staphylococcus spp., Streptococcus spp., Mycoplasma spp., Rickettsia spp. and Chlamydia spp.<br data-start=\"1207\" data-end=\"1210\" \/>Animals used: calves, sheep, goats, pigs and birds.<\/p>\n<hr data-start=\"1287\" data-end=\"1290\" \/>\n<p data-start=\"1292\" data-end=\"1308\"><strong data-start=\"1292\" data-end=\"1306\">Prohibitions:<\/strong><\/p>\n<ul data-start=\"1309\" data-end=\"1591\">\n<li data-start=\"1309\" data-end=\"1345\">\n<p data-start=\"1311\" data-end=\"1345\">Sensitivity to tetracyclines.<\/p>\n<\/li>\n<li data-start=\"1346\" data-end=\"1431\">\n<p data-start=\"1348\" data-end=\"1431\">Should not be used in animals with impaired renal and\/or hepatic function.<\/p>\n<\/li>\n<li data-start=\"1432\" data-end=\"1516\">\n<p data-start=\"1434\" data-end=\"1516\">It should not be used together with penicillin, cephalosporin, quinolone and cycloserine.<\/p>\n<\/li>\n<li data-start=\"1517\" data-end=\"1591\">\n<p data-start=\"1519\" data-end=\"1591\">Should not be used in animals with active microbiological digestion.<\/p>\n<\/li>\n<\/ul>\n<hr data-start=\"1593\" data-end=\"1596\" \/>\n<p data-start=\"1598\" data-end=\"1617\"><strong data-start=\"1598\" data-end=\"1615\">Side effects:<\/strong><\/p>\n<ul data-start=\"1618\" data-end=\"1693\">\n<li data-start=\"1618\" data-end=\"1667\">\n<p data-start=\"1620\" data-end=\"1667\">Tooth discoloration in young animals.<\/p>\n<\/li>\n<li data-start=\"1668\" data-end=\"1693\">\n<p data-start=\"1670\" data-end=\"1693\">Sensitivity reactions.<\/p>\n<\/li>\n<\/ul>\n<hr data-start=\"1695\" data-end=\"1698\" \/>\n<p data-start=\"1700\" data-end=\"1751\"><strong data-start=\"1700\" data-end=\"1726\">Dosage and method of administration:<\/strong><br data-start=\"1726\" data-end=\"1729\" \/>It is given orally.<\/p>\n<ul data-start=\"1753\" data-end=\"1921\">\n<li data-start=\"1753\" data-end=\"1855\">\n<p data-start=\"1755\" data-end=\"1855\">Calves, sheep and goats: twice a day, 1 gram per 20\u201340 kg body weight, for 3\u20135 days.<\/p>\n<\/li>\n<li data-start=\"1856\" data-end=\"1921\">\n<p data-start=\"1858\" data-end=\"1921\">Pigs and poultry: 1 kg per 2000 liters of drinking water for 3\u20135 days.<\/p>\n<\/li>\n<\/ul>\n<p data-start=\"1923\" data-end=\"2043\"><strong data-start=\"1923\" data-end=\"1932\">Note:<\/strong> It is intended only for calves, lambs and goats whose ruminal system has not yet been developed.<\/p>\n<hr data-start=\"2045\" data-end=\"2048\" \/>\n<p data-start=\"2050\" data-end=\"2072\"><strong data-start=\"2050\" data-end=\"2070\">Waiting time:<\/strong><\/p>\n<ul data-start=\"2073\" data-end=\"2156\">\n<li data-start=\"2073\" data-end=\"2156\">\n<p data-start=\"2075\" data-end=\"2085\">For meat:<\/p>\n<ul data-start=\"2088\" data-end=\"2156\">\n<li data-start=\"2088\" data-end=\"2138\">\n<p data-start=\"2090\" data-end=\"2138\">Calves, sheep, goats and pigs: 8 days<\/p>\n<\/li>\n<li data-start=\"2141\" data-end=\"2156\">\n<p data-start=\"2143\" data-end=\"2156\">Birds: 6 days<\/p>\n<\/li>\n<\/ul>\n<\/li>\n<\/ul>\n<hr data-start=\"2158\" data-end=\"2161\" \/>\n<p data-start=\"2163\" data-end=\"2243\"><strong data-start=\"2163\" data-end=\"2179\">Packaging:<\/strong><br data-start=\"2179\" data-end=\"2182\" \/>10 gram, 30 gram and 100 gram sachets and 1000 gram jar.<\/p>\n<\/div>\n<p><!-- .vgblk-rw-wrapper --><\/p>","protected":false},"excerpt":{"rendered":"<p>Oxytetracycline 40% Suya H\u0259ll Olunan Toz T\u0259rkibi (h\u0259r qramda): Oxytetracycline hidroxlorid \u2014 400 mq T\u0259sviri:Oxytetracycline tetrasiklinl\u0259r qrupuna aiddir v\u0259 Bordetella spp., Bacillus spp., Corynebacterium spp., Campylobacter spp., E. coli, Haemophilus spp., Pasteurella spp., Salmonella spp., Staphylococcus spp. v\u0259 Streptococcus spp., h\u0259m\u00e7inin Mycoplasma spp., Rickettsia spp. v\u0259 Chlamydia spp. kimi \u00e7oxsayl\u0131 Gram-m\u00fcsb\u0259t v\u0259 Gram-m\u0259nfi bakteriyalara qar\u015f\u0131&#8230;<\/p>","protected":false},"featured_media":989203,"comment_status":"closed","ping_status":"closed","template":"","meta":{"nf_dc_page":"","_monsterinsights_skip_tracking":false,"_monsterinsights_sitenote_active":false,"_monsterinsights_sitenote_note":"","_monsterinsights_sitenote_category":0},"product_brand":[],"product_cat":[108,251,68],"product_tag":[],"class_list":{"0":"post-989202","1":"product","2":"type-product","3":"status-publish","4":"has-post-thumbnail","6":"product_cat-cow","7":"product_cat-veterinary-products","8":"product_cat-poultry","10":"first","11":"instock","12":"shipping-taxable","13":"product-type-simple"},"jetpack_sharing_enabled":true,"_links":{"self":[{"href":"https:\/\/agrovetazerbaijan.az\/en\/wp-json\/wp\/v2\/product\/989202","targetHints":{"allow":["GET"]}}],"collection":[{"href":"https:\/\/agrovetazerbaijan.az\/en\/wp-json\/wp\/v2\/product"}],"about":[{"href":"https:\/\/agrovetazerbaijan.az\/en\/wp-json\/wp\/v2\/types\/product"}],"replies":[{"embeddable":true,"href":"https:\/\/agrovetazerbaijan.az\/en\/wp-json\/wp\/v2\/comments?post=989202"}],"version-history":[{"count":2,"href":"https:\/\/agrovetazerbaijan.az\/en\/wp-json\/wp\/v2\/product\/989202\/revisions"}],"predecessor-version":[{"id":989736,"href":"https:\/\/agrovetazerbaijan.az\/en\/wp-json\/wp\/v2\/product\/989202\/revisions\/989736"}],"wp:featuredmedia":[{"embeddable":true,"href":"https:\/\/agrovetazerbaijan.az\/en\/wp-json\/wp\/v2\/media\/989203"}],"wp:attachment":[{"href":"https:\/\/agrovetazerbaijan.az\/en\/wp-json\/wp\/v2\/media?parent=989202"}],"wp:term":[{"taxonomy":"product_brand","embeddable":true,"href":"https:\/\/agrovetazerbaijan.az\/en\/wp-json\/wp\/v2\/product_brand?post=989202"},{"taxonomy":"product_cat","embeddable":true,"href":"https:\/\/agrovetazerbaijan.az\/en\/wp-json\/wp\/v2\/product_cat?post=989202"},{"taxonomy":"product_tag","embeddable":true,"href":"https:\/\/agrovetazerbaijan.az\/en\/wp-json\/wp\/v2\/product_tag?post=989202"}],"curies":[{"name":"wp","href":"https:\/\/api.w.org\/{rel}","templated":true}]}}