{"id":989194,"date":"2025-03-23T14:49:10","date_gmt":"2025-03-23T14:49:10","guid":{"rendered":"https:\/\/agrovetazerbaijan.az\/?post_type=product&#038;p=989194"},"modified":"2025-07-14T21:27:48","modified_gmt":"2025-07-14T21:27:48","slug":"intertrim-480-ws-2","status":"publish","type":"product","link":"https:\/\/agrovetazerbaijan.az\/en\/product\/intertrim-480-ws-2\/","title":{"rendered":"Leva-200 WS"},"content":{"rendered":"<div class=\"vgblk-rw-wrapper limit-wrapper\">\n<div class=\"product-shop columns large-7 medium-7 small-12\">\n<p data-start=\"0\" data-end=\"38\"><strong data-start=\"0\" data-end=\"38\">Levamisole 20% Water Soluble Powder<\/strong><\/p>\n<p data-start=\"40\" data-end=\"101\"><strong data-start=\"40\" data-end=\"67\">Ingredients (in 1 gram of powder):<\/strong><br data-start=\"67\" data-end=\"70\" \/>Levamisole hydrochloride - 200 mg<\/p>\n<p data-start=\"103\" data-end=\"302\"><strong data-start=\"103\" data-end=\"115\">Description:<\/strong><br data-start=\"115\" data-end=\"118\" \/>Levamisole is a synthetic anthelmintic against a broad spectrum of gastrointestinal and lungworm infections. It increases the tone of the smooth muscles in worms, causing their paralysis.<\/p>\n<p data-start=\"304\" data-end=\"416\"><strong data-start=\"304\" data-end=\"330\">Usage Instructions:<\/strong><br data-start=\"330\" data-end=\"333\" \/>For the prevention and treatment of gastrointestinal and lungworm infections:<\/p>\n<ul data-start=\"418\" data-end=\"742\">\n<li data-start=\"418\" data-end=\"582\">\n<p data-start=\"420\" data-end=\"582\"><strong data-start=\"420\" data-end=\"452\">Cattle, calves, sheep, goats:<\/strong><br data-start=\"452\" data-end=\"455\" \/>Bunostomum, Chabertia, Cooperia, Dictyocaulus, Haemonchus, Nematodirus, Ostertagia, Protostrongylus, Trichostrongylus species<\/p>\n<\/li>\n<li data-start=\"583\" data-end=\"694\">\n<p data-start=\"585\" data-end=\"694\"><strong data-start=\"585\" data-end=\"595\">Pig:<\/strong><br data-start=\"595\" data-end=\"598\" \/>Ascaris suum, Hyostrongylus rubidus, Metastrongylus elongatus, Oesophagostomum, Trichuris suis<\/p>\n<\/li>\n<li data-start=\"695\" data-end=\"742\">\n<p data-start=\"697\" data-end=\"742\"><strong data-start=\"697\" data-end=\"708\">Birds:<\/strong><br data-start=\"708\" data-end=\"711\" \/>Ascaridia and Capillaria species<\/p>\n<\/li>\n<\/ul>\n<p data-start=\"744\" data-end=\"760\"><strong data-start=\"744\" data-end=\"758\">Prohibitions:<\/strong><\/p>\n<ul data-start=\"761\" data-end=\"903\">\n<li data-start=\"761\" data-end=\"830\">\n<p data-start=\"763\" data-end=\"830\">Should not be used in animals with impaired liver function.<\/p>\n<\/li>\n<li data-start=\"831\" data-end=\"903\">\n<p data-start=\"833\" data-end=\"903\">It should not be given concurrently with pyrantel, morantel, or organophosphates.<\/p>\n<\/li>\n<\/ul>\n<p data-start=\"905\" data-end=\"1065\"><strong data-start=\"905\" data-end=\"922\">Side Effects:<\/strong><br data-start=\"922\" data-end=\"925\" \/>Increasing the dose may cause colic, coughing, excessive salivation, agitation, rapid breathing, tearing, spasms, sweating, and vomiting.<\/p>\n<p data-start=\"1067\" data-end=\"1079\"><strong data-start=\"1067\" data-end=\"1077\">Dosage:<\/strong><\/p>\n<ul data-start=\"1080\" data-end=\"1205\">\n<li data-start=\"1080\" data-end=\"1151\">\n<p data-start=\"1082\" data-end=\"1151\">Cattle, calves, sheep, goats: 7.5 grams per 200 kg body weight, 1 day.<\/p>\n<\/li>\n<li data-start=\"1152\" data-end=\"1205\">\n<p data-start=\"1154\" data-end=\"1205\">Pigs and poultry: 1 kg per 2000 liters of drinking water, 1 day.<\/p>\n<\/li>\n<\/ul>\n<p data-start=\"1207\" data-end=\"1229\"><strong data-start=\"1207\" data-end=\"1227\">Waiting Period:<\/strong><\/p>\n<ul data-start=\"1230\" data-end=\"1310\">\n<li data-start=\"1230\" data-end=\"1249\">\n<p data-start=\"1232\" data-end=\"1249\">For meat: 10 days<\/p>\n<\/li>\n<li data-start=\"1250\" data-end=\"1310\">\n<p data-start=\"1252\" data-end=\"1310\">Not used in animals that produce milk or eggs.<\/p>\n<\/li>\n<\/ul>\n<p data-start=\"1312\" data-end=\"1377\" data-is-last-node=\"\" data-is-only-node=\"\"><strong data-start=\"1312\" data-end=\"1328\">Packaging:<\/strong><br data-start=\"1328\" data-end=\"1331\" \/>100 gram packets, 1000 gram and 25000 gram jars.<\/p>\n<\/div>\n<\/div>\n<p><!-- .vgblk-rw-wrapper --><\/p>","protected":false},"excerpt":{"rendered":"<p>Levamisole 20% Suya H\u0259ll Olan Tozu T\u0259rkibi (1 qram tozda):Levamisole hidroklorid \u2013 200 mg T\u0259sviri:Levamisole geni\u015f spektrli m\u0259d\u0259-ba\u011f\u0131rsaq v\u0259 a\u011fciy\u0259r qurdu infeksiyalar\u0131na qar\u015f\u0131 sintetik anthelmintikdir. O, qurdlarda oxs\u0259rt \u0259z\u0259l\u0259 tonusunu art\u0131raraq onlar\u0131n iflic olmas\u0131na s\u0259b\u0259b olur. \u0130stifad\u0259 G\u00f6st\u0259ri\u015fl\u0259ri:M\u0259d\u0259-ba\u011f\u0131rsaq v\u0259 a\u011fciy\u0259r qurdu infeksiyalar\u0131n\u0131n profilaktikas\u0131 v\u0259 m\u00fcalic\u0259si \u00fc\u00e7\u00fcn: Mal-qara, dana, qoyun, ke\u00e7i:Bunostomum, Chabertia, Cooperia, Dictyocaulus, Haemonchus, Nematodirus,&#8230;<\/p>","protected":false},"featured_media":989197,"comment_status":"closed","ping_status":"closed","template":"","meta":{"nf_dc_page":"","_monsterinsights_skip_tracking":false,"_monsterinsights_sitenote_active":false,"_monsterinsights_sitenote_note":"","_monsterinsights_sitenote_category":0},"product_brand":[],"product_cat":[108,251,114,68],"product_tag":[],"class_list":{"0":"post-989194","1":"product","2":"type-product","3":"status-publish","4":"has-post-thumbnail","6":"product_cat-cow","7":"product_cat-veterinary-products","8":"product_cat-sheep","9":"product_cat-poultry","11":"first","12":"instock","13":"shipping-taxable","14":"product-type-simple"},"jetpack_sharing_enabled":true,"_links":{"self":[{"href":"https:\/\/agrovetazerbaijan.az\/en\/wp-json\/wp\/v2\/product\/989194","targetHints":{"allow":["GET"]}}],"collection":[{"href":"https:\/\/agrovetazerbaijan.az\/en\/wp-json\/wp\/v2\/product"}],"about":[{"href":"https:\/\/agrovetazerbaijan.az\/en\/wp-json\/wp\/v2\/types\/product"}],"replies":[{"embeddable":true,"href":"https:\/\/agrovetazerbaijan.az\/en\/wp-json\/wp\/v2\/comments?post=989194"}],"version-history":[{"count":3,"href":"https:\/\/agrovetazerbaijan.az\/en\/wp-json\/wp\/v2\/product\/989194\/revisions"}],"predecessor-version":[{"id":989994,"href":"https:\/\/agrovetazerbaijan.az\/en\/wp-json\/wp\/v2\/product\/989194\/revisions\/989994"}],"wp:featuredmedia":[{"embeddable":true,"href":"https:\/\/agrovetazerbaijan.az\/en\/wp-json\/wp\/v2\/media\/989197"}],"wp:attachment":[{"href":"https:\/\/agrovetazerbaijan.az\/en\/wp-json\/wp\/v2\/media?parent=989194"}],"wp:term":[{"taxonomy":"product_brand","embeddable":true,"href":"https:\/\/agrovetazerbaijan.az\/en\/wp-json\/wp\/v2\/product_brand?post=989194"},{"taxonomy":"product_cat","embeddable":true,"href":"https:\/\/agrovetazerbaijan.az\/en\/wp-json\/wp\/v2\/product_cat?post=989194"},{"taxonomy":"product_tag","embeddable":true,"href":"https:\/\/agrovetazerbaijan.az\/en\/wp-json\/wp\/v2\/product_tag?post=989194"}],"curies":[{"name":"wp","href":"https:\/\/api.w.org\/{rel}","templated":true}]}}