{"id":989191,"date":"2025-03-23T14:46:35","date_gmt":"2025-03-23T14:46:35","guid":{"rendered":"https:\/\/agrovetazerbaijan.az\/?post_type=product&#038;p=989191"},"modified":"2025-08-05T01:09:56","modified_gmt":"2025-08-05T01:09:56","slug":"intertrim-480-ws","status":"publish","type":"product","link":"https:\/\/agrovetazerbaijan.az\/en\/product\/intertrim-480-ws\/","title":{"rendered":"Intertrim-480 WS"},"content":{"rendered":"<div class=\"vgblk-rw-wrapper limit-wrapper\">\n<h3 data-start=\"124\" data-end=\"187\"><strong data-start=\"128\" data-end=\"187\">Sulfadiazine 40% &amp; Trimethoprim 8% Water Soluble Powder<\/strong><\/h3>\n<hr data-start=\"189\" data-end=\"192\" \/>\n<p data-start=\"194\" data-end=\"225\"><strong data-start=\"194\" data-end=\"223\">Ingredients (per gram of powder):<\/strong><\/p>\n<ul data-start=\"226\" data-end=\"296\">\n<li data-start=\"226\" data-end=\"274\">\n<p data-start=\"228\" data-end=\"274\">Sulfadiazine (as sodium salt) \u2013 400 mg<\/p>\n<\/li>\n<li data-start=\"275\" data-end=\"296\">\n<p data-start=\"277\" data-end=\"296\">Trimethoprim \u2013 80 mg<\/p>\n<\/li>\n<\/ul>\n<hr data-start=\"298\" data-end=\"301\" \/>\n<p data-start=\"303\" data-end=\"652\"><strong data-start=\"303\" data-end=\"315\">Description:<\/strong><br data-start=\"315\" data-end=\"318\" \/>The combination of sulfadiazine and trimethoprim has a synergistic effect and is usually bactericidal against both Gram-positive and Gram-negative bacteria. These bacteria include:<br data-start=\"522\" data-end=\"525\" \/><strong data-start=\"525\" data-end=\"536\">E. coli<\/strong>, <strong data-start=\"538\" data-end=\"558\">Haemophilus spp.<\/strong>, <strong data-start=\"560\" data-end=\"580\">Pasteurella spp.<\/strong>, <strong data-start=\"582\" data-end=\"601\">Salmonella spp.<\/strong>, <strong data-start=\"603\" data-end=\"626\">Staphylococcus spp.<\/strong> and <strong data-start=\"630\" data-end=\"652\">Streptococcus spp.<\/strong><\/p>\n<hr data-start=\"654\" data-end=\"657\" \/>\n<p data-start=\"659\" data-end=\"1059\"><strong data-start=\"659\" data-end=\"681\">Areas of use:<\/strong><br data-start=\"681\" data-end=\"684\" \/>Treatment of gastrointestinal and respiratory tract infections caused by bacteria sensitive to sulfadiazine and trimethoprim:<br data-start=\"814\" data-end=\"817\" \/>In calves, sheep, goats, pigs and birds <strong data-start=\"875\" data-end=\"886\">E. coli<\/strong>, <strong data-start=\"888\" data-end=\"908\">Haemophilus spp.<\/strong>, <strong data-start=\"910\" data-end=\"930\">Pasteurella spp.<\/strong>, <strong data-start=\"932\" data-end=\"951\">Salmonella spp.<\/strong>, <strong data-start=\"953\" data-end=\"976\">Staphylococcus spp.<\/strong> and <strong data-start=\"980\" data-end=\"1002\">Streptococcus spp.<\/strong> prevention and treatment of infections caused by.<\/p>\n<hr data-start=\"1061\" data-end=\"1064\" \/>\n<p data-start=\"1066\" data-end=\"1088\"><strong data-start=\"1066\" data-end=\"1086\">Contraindications:<\/strong><\/p>\n<ul data-start=\"1089\" data-end=\"1316\">\n<li data-start=\"1089\" data-end=\"1144\">\n<p data-start=\"1091\" data-end=\"1144\">Hypersensitivity to trimethoprim and\/or sulfonamides<\/p>\n<\/li>\n<li data-start=\"1145\" data-end=\"1243\">\n<p data-start=\"1147\" data-end=\"1243\">Do not use in animals with severely impaired renal and\/or hepatic function.<\/p>\n<\/li>\n<li data-start=\"1244\" data-end=\"1316\">\n<p data-start=\"1246\" data-end=\"1316\">Use in animals with blood disorders (dyscrasias) is prohibited.<\/p>\n<\/li>\n<\/ul>\n<hr data-start=\"1318\" data-end=\"1321\" \/>\n<p data-start=\"1323\" data-end=\"1342\"><strong data-start=\"1323\" data-end=\"1340\">Side effects:<\/strong><\/p>\n<ul data-start=\"1343\" data-end=\"1797\">\n<li data-start=\"1343\" data-end=\"1444\">\n<p data-start=\"1345\" data-end=\"1444\">During long-term and high-dose use <strong data-start=\"1391\" data-end=\"1408\">crystalluria<\/strong> (crystals in the urine) may form<\/p>\n<\/li>\n<li data-start=\"1445\" data-end=\"1669\">\n<p data-start=\"1447\" data-end=\"1669\">If symptoms of crystalluria (bloody urine, kidney pain) are observed, treatment should be stopped immediately and an increase in the solubility of sulfadiazine in the urine, for example, sodium carbonate (urine alkalinizer), should be administered.<\/p>\n<\/li>\n<li data-start=\"1670\" data-end=\"1797\">\n<p data-start=\"1672\" data-end=\"1797\">The risk of blood disorders increases with prolonged use: <strong data-start=\"1726\" data-end=\"1737\">anemia<\/strong>, <strong data-start=\"1739\" data-end=\"1754\">leukopenia<\/strong>, <strong data-start=\"1756\" data-end=\"1776\">thrombocytopenia<\/strong> can be observed<\/p>\n<\/li>\n<\/ul>\n<hr data-start=\"1799\" data-end=\"1802\" \/>\n<p data-start=\"1804\" data-end=\"1850\"><strong data-start=\"1804\" data-end=\"1825\">Dosage and administration:<\/strong><br data-start=\"1825\" data-end=\"1828\" \/>It is given orally.<\/p>\n<ul data-start=\"1852\" data-end=\"2041\">\n<li data-start=\"1852\" data-end=\"1959\">\n<p data-start=\"1854\" data-end=\"1959\"><strong data-start=\"1854\" data-end=\"1888\">Calves, sheep and goats:<\/strong><br data-start=\"1888\" data-end=\"1891\" \/>Twice a day, 5 grams per 100 kg of body weight, for 4\u20137 days<\/p>\n<\/li>\n<li data-start=\"1960\" data-end=\"2041\">\n<p data-start=\"1962\" data-end=\"2041\"><strong data-start=\"1962\" data-end=\"1985\">Pigs and birds:<\/strong><br data-start=\"1985\" data-end=\"1988\" \/>1 kg per 1500\u20132500 liters of drinking water, for 4\u20137 days<\/p>\n<\/li>\n<\/ul>\n<p data-start=\"2043\" data-end=\"2147\"><strong data-start=\"2043\" data-end=\"2052\">Note:<\/strong> Only for calves, lambs and goats with immature ruminal systems.<\/p>\n<\/div>\n<p><!-- .vgblk-rw-wrapper --><\/p>","protected":false},"excerpt":{"rendered":"<p>Sulfadiazine 40% &amp; Trimethoprim 8% Suya H\u0259ll Olunan Toz T\u0259rkibi (h\u0259r qram tozda): Sulfadiazin (natrium duzu \u015f\u0259klind\u0259) \u2013 400 mq Trimetoprim \u2013 80 mq T\u0259sviri:Sulfadiazin v\u0259 trimetoprim birl\u0259\u015fm\u0259si sinergetik t\u0259sir\u0259 malikdir v\u0259 ad\u0259t\u0259n h\u0259m Gram-m\u00fcsb\u0259t, h\u0259m d\u0259 Gram-m\u0259nfi bakteriyalara qar\u015f\u0131 bakterisid t\u0259sir g\u00f6st\u0259rir. Bu bakteriyalar aras\u0131nda a\u015fa\u011f\u0131dak\u0131lar daxildir:E. coli, Haemophilus spp., Pasteurella spp., Salmonella spp.,&#8230;<\/p>","protected":false},"featured_media":989192,"comment_status":"closed","ping_status":"closed","template":"","meta":{"nf_dc_page":"","_monsterinsights_skip_tracking":false,"_monsterinsights_sitenote_active":false,"_monsterinsights_sitenote_note":"","_monsterinsights_sitenote_category":0},"product_brand":[],"product_cat":[108,251,114,68],"product_tag":[],"class_list":{"0":"post-989191","1":"product","2":"type-product","3":"status-publish","4":"has-post-thumbnail","6":"product_cat-cow","7":"product_cat-veterinary-products","8":"product_cat-sheep","9":"product_cat-poultry","11":"first","12":"instock","13":"shipping-taxable","14":"product-type-simple"},"jetpack_sharing_enabled":true,"_links":{"self":[{"href":"https:\/\/agrovetazerbaijan.az\/en\/wp-json\/wp\/v2\/product\/989191","targetHints":{"allow":["GET"]}}],"collection":[{"href":"https:\/\/agrovetazerbaijan.az\/en\/wp-json\/wp\/v2\/product"}],"about":[{"href":"https:\/\/agrovetazerbaijan.az\/en\/wp-json\/wp\/v2\/types\/product"}],"replies":[{"embeddable":true,"href":"https:\/\/agrovetazerbaijan.az\/en\/wp-json\/wp\/v2\/comments?post=989191"}],"version-history":[{"count":2,"href":"https:\/\/agrovetazerbaijan.az\/en\/wp-json\/wp\/v2\/product\/989191\/revisions"}],"predecessor-version":[{"id":989737,"href":"https:\/\/agrovetazerbaijan.az\/en\/wp-json\/wp\/v2\/product\/989191\/revisions\/989737"}],"wp:featuredmedia":[{"embeddable":true,"href":"https:\/\/agrovetazerbaijan.az\/en\/wp-json\/wp\/v2\/media\/989192"}],"wp:attachment":[{"href":"https:\/\/agrovetazerbaijan.az\/en\/wp-json\/wp\/v2\/media?parent=989191"}],"wp:term":[{"taxonomy":"product_brand","embeddable":true,"href":"https:\/\/agrovetazerbaijan.az\/en\/wp-json\/wp\/v2\/product_brand?post=989191"},{"taxonomy":"product_cat","embeddable":true,"href":"https:\/\/agrovetazerbaijan.az\/en\/wp-json\/wp\/v2\/product_cat?post=989191"},{"taxonomy":"product_tag","embeddable":true,"href":"https:\/\/agrovetazerbaijan.az\/en\/wp-json\/wp\/v2\/product_tag?post=989191"}],"curies":[{"name":"wp","href":"https:\/\/api.w.org\/{rel}","templated":true}]}}