{"id":989175,"date":"2025-03-23T14:17:15","date_gmt":"2025-03-23T14:17:15","guid":{"rendered":"https:\/\/agrovetazerbaijan.az\/?post_type=product&#038;p=989175"},"modified":"2025-07-14T21:29:44","modified_gmt":"2025-07-14T21:29:44","slug":"gallimix-200-ws","status":"publish","type":"product","link":"https:\/\/agrovetazerbaijan.az\/en\/product\/gallimix-200-ws\/","title":{"rendered":"Gallimix-200 WS"},"content":{"rendered":"<div class=\"vgblk-rw-wrapper limit-wrapper\">\n<div class=\"product-shop columns large-7 medium-7 small-12\">\n<p data-start=\"0\" data-end=\"40\"><strong data-start=\"0\" data-end=\"40\">Erythromycin 20% Water Soluble Powder<\/strong><\/p>\n<p data-start=\"42\" data-end=\"104\"><strong data-start=\"42\" data-end=\"69\">Ingredients (in 1 gram of powder):<\/strong><br data-start=\"69\" data-end=\"72\" \/>Erythromycin thiocyanate \u2013 200 mg<\/p>\n<p data-start=\"106\" data-end=\"400\"><strong data-start=\"106\" data-end=\"118\">Description:<\/strong><br data-start=\"118\" data-end=\"121\" \/>Gallimix-200 WS is used in chickens for the treatment of infections caused by erythromycin-susceptible bacteria and Mycoplasma spp. Erythromycin is a macrolide antibiotic that binds to the 50S subunit of ribosomes, blocking protein synthesis and inhibiting cell growth.<\/p>\n<p data-start=\"402\" data-end=\"430\"><strong data-start=\"402\" data-end=\"428\">Usage Instructions:<\/strong><\/p>\n<ul data-start=\"431\" data-end=\"699\">\n<li data-start=\"431\" data-end=\"512\">\n<p data-start=\"433\" data-end=\"512\">Treatment of chronic respiratory disease (CRD) (Mycoplasma infections)<\/p>\n<\/li>\n<li data-start=\"513\" data-end=\"566\">\n<p data-start=\"515\" data-end=\"566\">Staphylococcus aureus (e.g., infectious arthritis)<\/p>\n<\/li>\n<li data-start=\"567\" data-end=\"616\">\n<p data-start=\"569\" data-end=\"616\">Haemophilus paragallinarum (infectious coryza)<\/p>\n<\/li>\n<li data-start=\"617\" data-end=\"699\">\n<p data-start=\"619\" data-end=\"699\">Treatment of infections such as Pasteurella multocida (pasteurellosis, pneumonia)<\/p>\n<\/li>\n<\/ul>\n<p data-start=\"701\" data-end=\"717\"><strong data-start=\"701\" data-end=\"715\">Prohibitions:<\/strong><\/p>\n<ul data-start=\"718\" data-end=\"893\">\n<li data-start=\"718\" data-end=\"751\">\n<p data-start=\"720\" data-end=\"751\">Sensitivity to Erythromycin<\/p>\n<\/li>\n<li data-start=\"752\" data-end=\"805\">\n<p data-start=\"754\" data-end=\"805\">Severe liver and kidney function disorders<\/p>\n<\/li>\n<li data-start=\"806\" data-end=\"893\">\n<p data-start=\"808\" data-end=\"893\">Should not be administered concurrently with tetracyclines, chloramphenicol, macrolides, and lincosamides<\/p>\n<\/li>\n<\/ul>\n<p data-start=\"895\" data-end=\"948\"><strong data-start=\"895\" data-end=\"912\">Side Effects:<\/strong><br data-start=\"912\" data-end=\"915\" \/>Hypersensitivity reactions are possible.<\/p>\n<p data-start=\"950\" data-end=\"962\"><strong data-start=\"950\" data-end=\"960\">Dosage:<\/strong><\/p>\n<ul data-start=\"963\" data-end=\"1009\">\n<li data-start=\"963\" data-end=\"1009\">\n<p data-start=\"965\" data-end=\"1009\">Birds: 1 kg \/ 1000 liters of drinking water, 3-5 days.<\/p>\n<\/li>\n<\/ul>\n<p data-start=\"1011\" data-end=\"1036\"><strong data-start=\"1011\" data-end=\"1034\">Waiting Periods:<\/strong><\/p>\n<ul data-start=\"1037\" data-end=\"1077\">\n<li data-start=\"1037\" data-end=\"1055\">\n<p data-start=\"1039\" data-end=\"1055\">For meat: 3 days<\/p>\n<\/li>\n<li data-start=\"1056\" data-end=\"1077\">\n<p data-start=\"1058\" data-end=\"1077\">For eggs: 6 days<\/p>\n<\/li>\n<\/ul>\n<p data-start=\"1079\" data-end=\"1132\" data-is-last-node=\"\" data-is-only-node=\"\"><strong data-start=\"1079\" data-end=\"1095\">Packaging:<\/strong><br data-start=\"1095\" data-end=\"1098\" \/>100 gram packets and 1000 gram jars.<\/p>\n<\/div>\n<\/div>\n<p><!-- .vgblk-rw-wrapper --><\/p>","protected":false},"excerpt":{"rendered":"<p>Erythromycin 20% Suya H\u0259ll Olan Tozu T\u0259rkibi (1 qram tozda):Erythromycin tiosiyanat \u2013 200 mg T\u0259sviri:Gallimix-200 WS, toyuqlarda erythromycin-\u0259 h\u0259ssas bakteriyalar v\u0259 Mycoplasma spp. s\u0259b\u0259b oldu\u011fu infeksiyalar\u0131n m\u00fcalic\u0259si \u00fc\u00e7\u00fcn istifad\u0259 olunur. Erythromycin makrolid antibiotik olub, ribosomlar\u0131n 50S subunitin\u0259 ba\u011flanaraq protein sintezini bloklay\u0131r v\u0259 h\u00fcceyr\u0259 art\u0131m\u0131n\u0131 dayand\u0131r\u0131r. \u0130stifad\u0259 G\u00f6st\u0259ri\u015fl\u0259ri: Xroniki t\u0259n\u0259ff\u00fcs yolu x\u0259st\u0259liyinin (CRD) m\u00fcalic\u0259si (Mycoplasma infeksiyalar\u0131)&#8230;<\/p>","protected":false},"featured_media":989176,"comment_status":"closed","ping_status":"closed","template":"","meta":{"nf_dc_page":"","_monsterinsights_skip_tracking":false,"_monsterinsights_sitenote_active":false,"_monsterinsights_sitenote_note":"","_monsterinsights_sitenote_category":0},"product_brand":[],"product_cat":[68,251],"product_tag":[],"class_list":{"0":"post-989175","1":"product","2":"type-product","3":"status-publish","4":"has-post-thumbnail","6":"product_cat-poultry","7":"product_cat-veterinary-products","9":"first","10":"instock","11":"shipping-taxable","12":"product-type-simple"},"jetpack_sharing_enabled":true,"_links":{"self":[{"href":"https:\/\/agrovetazerbaijan.az\/en\/wp-json\/wp\/v2\/product\/989175","targetHints":{"allow":["GET"]}}],"collection":[{"href":"https:\/\/agrovetazerbaijan.az\/en\/wp-json\/wp\/v2\/product"}],"about":[{"href":"https:\/\/agrovetazerbaijan.az\/en\/wp-json\/wp\/v2\/types\/product"}],"replies":[{"embeddable":true,"href":"https:\/\/agrovetazerbaijan.az\/en\/wp-json\/wp\/v2\/comments?post=989175"}],"version-history":[{"count":2,"href":"https:\/\/agrovetazerbaijan.az\/en\/wp-json\/wp\/v2\/product\/989175\/revisions"}],"predecessor-version":[{"id":989995,"href":"https:\/\/agrovetazerbaijan.az\/en\/wp-json\/wp\/v2\/product\/989175\/revisions\/989995"}],"wp:featuredmedia":[{"embeddable":true,"href":"https:\/\/agrovetazerbaijan.az\/en\/wp-json\/wp\/v2\/media\/989176"}],"wp:attachment":[{"href":"https:\/\/agrovetazerbaijan.az\/en\/wp-json\/wp\/v2\/media?parent=989175"}],"wp:term":[{"taxonomy":"product_brand","embeddable":true,"href":"https:\/\/agrovetazerbaijan.az\/en\/wp-json\/wp\/v2\/product_brand?post=989175"},{"taxonomy":"product_cat","embeddable":true,"href":"https:\/\/agrovetazerbaijan.az\/en\/wp-json\/wp\/v2\/product_cat?post=989175"},{"taxonomy":"product_tag","embeddable":true,"href":"https:\/\/agrovetazerbaijan.az\/en\/wp-json\/wp\/v2\/product_tag?post=989175"}],"curies":[{"name":"wp","href":"https:\/\/api.w.org\/{rel}","templated":true}]}}