{"id":989172,"date":"2025-03-23T14:14:43","date_gmt":"2025-03-23T14:14:43","guid":{"rendered":"https:\/\/agrovetazerbaijan.az\/?post_type=product&#038;p=989172"},"modified":"2025-08-05T01:15:27","modified_gmt":"2025-08-05T01:15:27","slug":"flumesol-200-ws","status":"publish","type":"product","link":"https:\/\/agrovetazerbaijan.az\/en\/product\/flumesol-200-ws\/","title":{"rendered":"Flumesol-200 WS"},"content":{"rendered":"<div class=\"vgblk-rw-wrapper limit-wrapper\">\n<h3 data-start=\"122\" data-end=\"164\"><strong data-start=\"126\" data-end=\"164\">Flumequine 20% Water Soluble Powder<\/strong><\/h3>\n<hr data-start=\"166\" data-end=\"169\" \/>\n<h4 data-start=\"171\" data-end=\"207\"><strong data-start=\"176\" data-end=\"207\">Ingredients (per 1 gram of powder):<\/strong><\/h4>\n<ul data-start=\"208\" data-end=\"232\">\n<li data-start=\"208\" data-end=\"232\">\n<p data-start=\"210\" data-end=\"232\"><strong data-start=\"210\" data-end=\"223\">Flumequine<\/strong> \u2013 200 mg<\/p>\n<\/li>\n<\/ul>\n<hr data-start=\"234\" data-end=\"237\" \/>\n<h4 data-start=\"239\" data-end=\"258\"><strong data-start=\"244\" data-end=\"256\">Description:<\/strong><\/h4>\n<p data-start=\"259\" data-end=\"522\"><strong data-start=\"259\" data-end=\"272\">Flumequine<\/strong> It is an antibiotic belonging to the quinolone group and is mainly <strong data-start=\"320\" data-end=\"365\">Bactericidal against Gram-negative bacteria<\/strong> (killing) effect. Microorganisms included in the scope of action:<br data-start=\"437\" data-end=\"440\" \/><em data-start=\"440\" data-end=\"522\">Campylobacter spp., E. coli, Haemophilus spp., Pasteurella spp., Salmonella spp.<\/em><\/p>\n<hr data-start=\"524\" data-end=\"527\" \/>\n<h4 data-start=\"529\" data-end=\"558\"><strong data-start=\"534\" data-end=\"556\">Areas of use:<\/strong><\/h4>\n<p data-start=\"559\" data-end=\"703\"><strong data-start=\"559\" data-end=\"585\">Sensitive to flumequine<\/strong> caused by microorganisms <strong data-start=\"615\" data-end=\"632\">gastrointestinal<\/strong>, <strong data-start=\"634\" data-end=\"654\">respiratory tract<\/strong> and <strong data-start=\"658\" data-end=\"692\">urinary tract infections<\/strong> treatment:<\/p>\n<ul data-start=\"705\" data-end=\"780\">\n<li data-start=\"705\" data-end=\"780\">\n<p data-start=\"707\" data-end=\"780\">Animal species: <strong data-start=\"723\" data-end=\"780\">calves, lambs, goats, pigs and birds<\/strong><\/p>\n<\/li>\n<\/ul>\n<hr data-start=\"782\" data-end=\"785\" \/>\n<h4 data-start=\"787\" data-end=\"814\"><strong data-start=\"792\" data-end=\"812\">Contraindications:<\/strong><\/h4>\n<ul data-start=\"815\" data-end=\"1034\">\n<li data-start=\"815\" data-end=\"857\">\n<p data-start=\"817\" data-end=\"857\">Hypersensitivity (allergy) to flumequine<\/p>\n<\/li>\n<li data-start=\"858\" data-end=\"932\">\n<p data-start=\"860\" data-end=\"932\">Seriously <strong data-start=\"866\" data-end=\"906\">kidney and\/or liver impairment<\/strong> Application to animals with<\/p>\n<\/li>\n<li data-start=\"933\" data-end=\"1034\">\n<p data-start=\"935\" data-end=\"1034\"><strong data-start=\"935\" data-end=\"1000\">With tetracyclines, chloramphenicol, macrolides and lincosamides<\/strong> simultaneous use is prohibited<\/p>\n<\/li>\n<\/ul>\n<hr data-start=\"1036\" data-end=\"1039\" \/>\n<h4 data-start=\"1041\" data-end=\"1065\"><strong data-start=\"1046\" data-end=\"1063\">Side effects:<\/strong><\/h4>\n<ul data-start=\"1066\" data-end=\"1121\">\n<li data-start=\"1066\" data-end=\"1121\">\n<p data-start=\"1068\" data-end=\"1121\"><strong data-start=\"1068\" data-end=\"1094\">Hypersensitivity reactions<\/strong> (allergy) may occur<\/p>\n<\/li>\n<\/ul>\n<hr data-start=\"1123\" data-end=\"1126\" \/>\n<h4 data-start=\"1128\" data-end=\"1163\"><strong data-start=\"1133\" data-end=\"1161\">Dosage and administration method:<\/strong><\/h4>\n<p data-start=\"1164\" data-end=\"1212\"><strong data-start=\"1164\" data-end=\"1212\">Orally (with drinking water or formula)<\/strong><\/p>\n<ul data-start=\"1214\" data-end=\"1718\">\n<li data-start=\"1214\" data-end=\"1430\">\n<p data-start=\"1216\" data-end=\"1430\"><strong data-start=\"1216\" data-end=\"1254\">Calves, lambs, goat kids:<\/strong><br data-start=\"1254\" data-end=\"1257\" \/>Per 100 kg live weight <strong data-start=\"1283\" data-end=\"1299\">6 g of the drug<\/strong> (this corresponds to 12 mg of flumequine per body weight), <strong data-start=\"1355\" data-end=\"1373\">once a day<\/strong>, <strong data-start=\"1375\" data-end=\"1396\">Within 3 \u2013 5 days<\/strong>, added to formula or milk<\/p>\n<\/li>\n<li data-start=\"1432\" data-end=\"1575\">\n<p data-start=\"1434\" data-end=\"1575\"><strong data-start=\"1434\" data-end=\"1447\">Pigs:<\/strong><br data-start=\"1447\" data-end=\"1450\" \/><strong data-start=\"1452\" data-end=\"1491\">1 kg of the preparation per 1300 liters of drinking water<\/strong>, <strong data-start=\"1493\" data-end=\"1511\">once a day<\/strong>, <strong data-start=\"1513\" data-end=\"1534\">Within 3 \u2013 5 days<\/strong> (15 mg\/kg body weight flumequine)<\/p>\n<\/li>\n<li data-start=\"1577\" data-end=\"1718\">\n<p data-start=\"1579\" data-end=\"1718\"><strong data-start=\"1579\" data-end=\"1590\">Birds:<\/strong><br data-start=\"1590\" data-end=\"1593\" \/><strong data-start=\"1595\" data-end=\"1634\">1 kg of the preparation per 2000 liters of drinking water<\/strong>, <strong data-start=\"1636\" data-end=\"1654\">once a day<\/strong>, <strong data-start=\"1656\" data-end=\"1677\">Within 3 \u2013 5 days<\/strong> (12 mg\/kg body weight flumequine)<\/p>\n<\/li>\n<\/ul>\n<p data-start=\"1720\" data-end=\"1856\"><strong data-start=\"1720\" data-end=\"1729\">Note:<\/strong> Only <strong data-start=\"1737\" data-end=\"1753\">pre-ruminant<\/strong> (i.e., the multigastric digestive system is not yet fully formed) should be applied to calves, lambs, and goats<\/p>\n<hr data-start=\"1858\" data-end=\"1861\" \/>\n<h4 data-start=\"1863\" data-end=\"1902\"><strong data-start=\"1868\" data-end=\"1900\">Waiting period (withdrawal period):<\/strong><\/h4>\n<ul data-start=\"1903\" data-end=\"1983\">\n<li data-start=\"1903\" data-end=\"1983\">\n<p data-start=\"1905\" data-end=\"1917\"><strong data-start=\"1905\" data-end=\"1917\">For meat:<\/strong><\/p>\n<ul data-start=\"1920\" data-end=\"1983\">\n<li data-start=\"1920\" data-end=\"1964\">\n<p data-start=\"1922\" data-end=\"1964\">Calf, lamb, kid, pig: <strong data-start=\"1955\" data-end=\"1964\">8 days<\/strong><\/p>\n<\/li>\n<li data-start=\"1967\" data-end=\"1983\">\n<p data-start=\"1969\" data-end=\"1983\">Bird: <strong data-start=\"1974\" data-end=\"1983\">3 days<\/strong><\/p>\n<\/li>\n<\/ul>\n<\/li>\n<\/ul>\n<hr data-start=\"1985\" data-end=\"1988\" \/>\n<h4 data-start=\"1990\" data-end=\"2013\"><strong data-start=\"1995\" data-end=\"2011\">Packaging:<\/strong><\/h4>\n<ul data-start=\"2014\" data-end=\"2056\">\n<li data-start=\"2014\" data-end=\"2035\">\n<p data-start=\"2016\" data-end=\"2035\">100 gram package<\/p>\n<\/li>\n<li data-start=\"2036\" data-end=\"2056\">\n<p data-start=\"2038\" data-end=\"2056\">1000 gram jar<\/p>\n<\/li>\n<\/ul>\n<\/div>\n<p><!-- .vgblk-rw-wrapper --><\/p>","protected":false},"excerpt":{"rendered":"<p>Flumequin 20% Suya H\u0259ll Olunan Toz T\u0259rkibi (h\u0259r 1 qram tozda): Flumequin \u2013 200 mq T\u0259sviri: Flumequin xinolonlar qrupuna aid antibiotikdir v\u0259 \u0259sas\u0259n Gram-m\u0259nfi bakteriyalara qar\u015f\u0131 bakterisid (\u00f6ld\u00fcr\u00fcc\u00fc) t\u0259sir g\u00f6st\u0259rir. T\u0259sir dair\u0259sin\u0259 daxil olan mikroorqanizml\u0259r:Campylobacter spp., E. coli, Haemophilus spp., Pasteurella spp., Salmonella spp. \u0130stifad\u0259 sah\u0259l\u0259ri: Flumequin\u0259 h\u0259ssas olan mikroorqanizml\u0259rin t\u00f6r\u0259tdiyi m\u0259d\u0259-ba\u011f\u0131rsaq, t\u0259n\u0259ff\u00fcs yollar\u0131 v\u0259&#8230;<\/p>","protected":false},"featured_media":989173,"comment_status":"closed","ping_status":"closed","template":"","meta":{"nf_dc_page":"","_monsterinsights_skip_tracking":false,"_monsterinsights_sitenote_active":false,"_monsterinsights_sitenote_note":"","_monsterinsights_sitenote_category":0},"product_brand":[],"product_cat":[108,251,114,68],"product_tag":[],"class_list":{"0":"post-989172","1":"product","2":"type-product","3":"status-publish","4":"has-post-thumbnail","6":"product_cat-cow","7":"product_cat-veterinary-products","8":"product_cat-sheep","9":"product_cat-poultry","11":"first","12":"instock","13":"shipping-taxable","14":"product-type-simple"},"jetpack_sharing_enabled":true,"_links":{"self":[{"href":"https:\/\/agrovetazerbaijan.az\/en\/wp-json\/wp\/v2\/product\/989172","targetHints":{"allow":["GET"]}}],"collection":[{"href":"https:\/\/agrovetazerbaijan.az\/en\/wp-json\/wp\/v2\/product"}],"about":[{"href":"https:\/\/agrovetazerbaijan.az\/en\/wp-json\/wp\/v2\/types\/product"}],"replies":[{"embeddable":true,"href":"https:\/\/agrovetazerbaijan.az\/en\/wp-json\/wp\/v2\/comments?post=989172"}],"version-history":[{"count":2,"href":"https:\/\/agrovetazerbaijan.az\/en\/wp-json\/wp\/v2\/product\/989172\/revisions"}],"predecessor-version":[{"id":989745,"href":"https:\/\/agrovetazerbaijan.az\/en\/wp-json\/wp\/v2\/product\/989172\/revisions\/989745"}],"wp:featuredmedia":[{"embeddable":true,"href":"https:\/\/agrovetazerbaijan.az\/en\/wp-json\/wp\/v2\/media\/989173"}],"wp:attachment":[{"href":"https:\/\/agrovetazerbaijan.az\/en\/wp-json\/wp\/v2\/media?parent=989172"}],"wp:term":[{"taxonomy":"product_brand","embeddable":true,"href":"https:\/\/agrovetazerbaijan.az\/en\/wp-json\/wp\/v2\/product_brand?post=989172"},{"taxonomy":"product_cat","embeddable":true,"href":"https:\/\/agrovetazerbaijan.az\/en\/wp-json\/wp\/v2\/product_cat?post=989172"},{"taxonomy":"product_tag","embeddable":true,"href":"https:\/\/agrovetazerbaijan.az\/en\/wp-json\/wp\/v2\/product_tag?post=989172"}],"curies":[{"name":"wp","href":"https:\/\/api.w.org\/{rel}","templated":true}]}}