{"id":989169,"date":"2025-03-23T14:13:25","date_gmt":"2025-03-23T14:13:25","guid":{"rendered":"https:\/\/agrovetazerbaijan.az\/?post_type=product&#038;p=989169"},"modified":"2025-06-20T17:05:42","modified_gmt":"2025-06-20T17:05:42","slug":"doxy-500-ws","status":"publish","type":"product","link":"https:\/\/agrovetazerbaijan.az\/en\/product\/doxy-500-ws\/","title":{"rendered":"Doxy-500 WS"},"content":{"rendered":"<div class=\"vgblk-rw-wrapper limit-wrapper\">\n<div class=\"product-shop columns large-7 medium-7 small-12\">\n<h3 data-start=\"122\" data-end=\"166\"><strong data-start=\"126\" data-end=\"166\">DOXYCYCLINE 50% WATER SOLUBLE POWDER<\/strong><\/h3>\n<hr data-start=\"168\" data-end=\"171\" \/>\n<h4 data-start=\"173\" data-end=\"211\"><strong data-start=\"178\" data-end=\"209\">Ingredients (per 1 gram of powder):<\/strong><\/h4>\n<ul data-start=\"212\" data-end=\"245\">\n<li data-start=\"212\" data-end=\"245\">\n<p data-start=\"214\" data-end=\"245\"><strong data-start=\"214\" data-end=\"236\">Doxycycline hyclate<\/strong> \u2013 500 mg<\/p>\n<\/li>\n<\/ul>\n<hr data-start=\"247\" data-end=\"250\" \/>\n<h4 data-start=\"252\" data-end=\"271\"><strong data-start=\"257\" data-end=\"269\">Description:<\/strong><\/h4>\n<p data-start=\"272\" data-end=\"455\"><strong data-start=\"272\" data-end=\"287\">Doxycycline<\/strong> It is an antibiotic belonging to the tetracycline group, <strong data-start=\"332\" data-end=\"350\">bacteriostatic<\/strong> It has an effect. It is both <strong data-start=\"375\" data-end=\"390\">Gram-positive<\/strong>, as well as <strong data-start=\"399\" data-end=\"413\">Gram-negative<\/strong> It is active against bacteria, including:<\/p>\n<ul data-start=\"457\" data-end=\"682\">\n<li data-start=\"457\" data-end=\"615\">\n<p data-start=\"459\" data-end=\"615\"><em data-start=\"459\" data-end=\"476\">Bordetella spp.<\/em>, <em data-start=\"478\" data-end=\"498\">Campylobacter spp.<\/em>, <em data-start=\"500\" data-end=\"509\">E. coli<\/em>, <em data-start=\"511\" data-end=\"529\">Haemophilus spp.<\/em>, <em data-start=\"531\" data-end=\"549\">Pasteurella spp.<\/em>, <em data-start=\"551\" data-end=\"568\">Salmonella spp.<\/em>, <em data-start=\"570\" data-end=\"591\">Staphylococcus spp.<\/em>, <em data-start=\"593\" data-end=\"613\">Streptococcus spp.<\/em><\/p>\n<\/li>\n<li data-start=\"616\" data-end=\"682\">\n<p data-start=\"618\" data-end=\"682\">Also: <em data-start=\"628\" data-end=\"644\">Chlamydia spp.<\/em>, <em data-start=\"646\" data-end=\"663\">Mycoplasma spp.<\/em>, <em data-start=\"665\" data-end=\"682\">Rickettsia spp.<\/em><\/p>\n<\/li>\n<\/ul>\n<p data-start=\"684\" data-end=\"904\">The effect of doxycycline on bacteria <strong data-start=\"720\" data-end=\"753\">inhibition of protein synthesis<\/strong> This article is related to <strong data-start=\"783\" data-end=\"816\">high affinity for lungs<\/strong> there is, therefore <strong data-start=\"835\" data-end=\"903\">It is particularly effective in treating respiratory tract infections.<\/strong>.<\/p>\n<hr data-start=\"906\" data-end=\"909\" \/>\n<h4 data-start=\"911\" data-end=\"940\"><strong data-start=\"916\" data-end=\"938\">Areas of use:<\/strong><\/h4>\n<p data-start=\"941\" data-end=\"1075\"><strong data-start=\"941\" data-end=\"983\">Microorganisms susceptible to doxycycline<\/strong> caused by <strong data-start=\"994\" data-end=\"1045\">gastrointestinal and respiratory tract infections<\/strong> used in the treatment of:<\/p>\n<ul data-start=\"1077\" data-end=\"1284\">\n<li data-start=\"1077\" data-end=\"1284\">\n<p data-start=\"1079\" data-end=\"1284\"><em data-start=\"1079\" data-end=\"1091\">Bordetella<\/em>, <em data-start=\"1093\" data-end=\"1113\">Campylobacter spp.<\/em>, <em data-start=\"1115\" data-end=\"1131\">Chlamydia spp.<\/em>, <em data-start=\"1133\" data-end=\"1142\">E. coli<\/em>, <em data-start=\"1144\" data-end=\"1162\">Haemophilus spp.<\/em>, <em data-start=\"1164\" data-end=\"1181\">Mycoplasma spp.<\/em>, <em data-start=\"1183\" data-end=\"1201\">Pasteurella spp.<\/em>, <em data-start=\"1203\" data-end=\"1220\">Rickettsia spp.<\/em>, <em data-start=\"1222\" data-end=\"1239\">Salmonella spp.<\/em>, <em data-start=\"1241\" data-end=\"1262\">Staphylococcus spp.<\/em>, <em data-start=\"1264\" data-end=\"1284\">Streptococcus spp.<\/em><\/p>\n<\/li>\n<\/ul>\n<p data-start=\"1286\" data-end=\"1354\"><strong data-start=\"1286\" data-end=\"1305\">Animal species:<\/strong> Calves, sheep, goats, pigs and poultry<\/p>\n<hr data-start=\"1356\" data-end=\"1359\" \/>\n<h4 data-start=\"1361\" data-end=\"1388\"><strong data-start=\"1366\" data-end=\"1386\">Contraindications:<\/strong><\/h4>\n<ul data-start=\"1389\" data-end=\"1681\">\n<li data-start=\"1389\" data-end=\"1443\">\n<p data-start=\"1391\" data-end=\"1443\">Hypersensitivity (allergy) to tetracyclines<\/p>\n<\/li>\n<li data-start=\"1444\" data-end=\"1493\">\n<p data-start=\"1446\" data-end=\"1493\">Seriously <strong data-start=\"1452\" data-end=\"1476\">liver disorder<\/strong> animals that<\/p>\n<\/li>\n<li data-start=\"1494\" data-end=\"1582\">\n<p data-start=\"1496\" data-end=\"1582\"><strong data-start=\"1496\" data-end=\"1557\">Penicillins, cephalosporins, quinolones and cycloserine<\/strong> simultaneous use<\/p>\n<\/li>\n<li data-start=\"1583\" data-end=\"1681\">\n<p data-start=\"1585\" data-end=\"1681\"><strong data-start=\"1585\" data-end=\"1622\">With microbial enzymatic digestion<\/strong> (e.g. ruminants) not recommended for use in animals<\/p>\n<\/li>\n<\/ul>\n<hr data-start=\"1683\" data-end=\"1686\" \/>\n<h4 data-start=\"1688\" data-end=\"1712\"><strong data-start=\"1693\" data-end=\"1710\">Side effects:<\/strong><\/h4>\n<ul data-start=\"1713\" data-end=\"1789\">\n<li data-start=\"1713\" data-end=\"1766\">\n<p data-start=\"1715\" data-end=\"1766\">In young animals <strong data-start=\"1733\" data-end=\"1764\">tooth discoloration<\/strong><\/p>\n<\/li>\n<li data-start=\"1767\" data-end=\"1789\">\n<p data-start=\"1769\" data-end=\"1789\">Allergic reactions<\/p>\n<\/li>\n<\/ul>\n<hr data-start=\"1791\" data-end=\"1794\" \/>\n<h4 data-start=\"1796\" data-end=\"1831\"><strong data-start=\"1801\" data-end=\"1829\">Dosage and administration method:<\/strong><\/h4>\n<p data-start=\"1832\" data-end=\"1849\"><strong data-start=\"1832\" data-end=\"1849\">Orally<\/strong><\/p>\n<ul data-start=\"1851\" data-end=\"2072\">\n<li data-start=\"1851\" data-end=\"1970\">\n<p data-start=\"1853\" data-end=\"1970\"><strong data-start=\"1853\" data-end=\"1885\">Calves, sheep and goats:<\/strong><br data-start=\"1885\" data-end=\"1888\" \/>2 times a day, per 100 kg of live weight <strong data-start=\"1928\" data-end=\"1938\">1 gram<\/strong> drug, <strong data-start=\"1949\" data-end=\"1970\">Within 3 \u2013 5 days<\/strong><\/p>\n<\/li>\n<li data-start=\"1972\" data-end=\"2072\">\n<p data-start=\"1974\" data-end=\"2072\"><strong data-start=\"1974\" data-end=\"1997\">Pigs and birds:<\/strong><br data-start=\"1997\" data-end=\"2000\" \/><strong data-start=\"2002\" data-end=\"2049\">1 kg of the preparation is used for 5000 \u2013 10000 liters of drinking water<\/strong>, <strong data-start=\"2051\" data-end=\"2072\">Within 3 \u2013 5 days<\/strong><\/p>\n<\/li>\n<\/ul>\n<p data-start=\"2074\" data-end=\"2203\"><strong data-start=\"2074\" data-end=\"2083\">Note:<\/strong> Only <strong data-start=\"2091\" data-end=\"2107\">pre-ruminant<\/strong> Used for calves, lambs and kids (whose digestive system is not yet fully developed)<\/p>\n<hr data-start=\"2205\" data-end=\"2208\" \/>\n<h4 data-start=\"2210\" data-end=\"2249\"><strong data-start=\"2215\" data-end=\"2247\">Waiting period (withdrawal period):<\/strong><\/h4>\n<ul data-start=\"2250\" data-end=\"2364\">\n<li data-start=\"2250\" data-end=\"2364\">\n<p data-start=\"2252\" data-end=\"2264\"><strong data-start=\"2252\" data-end=\"2264\">For meat:<\/strong><\/p>\n<ul data-start=\"2267\" data-end=\"2364\">\n<li data-start=\"2267\" data-end=\"2285\">\n<p data-start=\"2269\" data-end=\"2285\">Calf: <strong data-start=\"2276\" data-end=\"2285\">7 days<\/strong><\/p>\n<\/li>\n<li data-start=\"2288\" data-end=\"2318\">\n<p data-start=\"2290\" data-end=\"2318\">Sheep and goats: <strong data-start=\"2308\" data-end=\"2318\">14 days<\/strong><\/p>\n<\/li>\n<li data-start=\"2321\" data-end=\"2342\">\n<p data-start=\"2323\" data-end=\"2342\">Pigs: <strong data-start=\"2333\" data-end=\"2342\">8 days<\/strong><\/p>\n<\/li>\n<li data-start=\"2345\" data-end=\"2364\">\n<p data-start=\"2347\" data-end=\"2364\">Birds: <strong data-start=\"2355\" data-end=\"2364\">7 days<\/strong><\/p>\n<\/li>\n<\/ul>\n<\/li>\n<\/ul>\n<p data-start=\"2366\" data-end=\"2436\"><strong data-start=\"2366\" data-end=\"2436\">It should not be used in birds kept for egg production.<\/strong><\/p>\n<hr data-start=\"2438\" data-end=\"2441\" \/>\n<h4 data-start=\"2443\" data-end=\"2466\"><strong data-start=\"2448\" data-end=\"2464\">Packaging:<\/strong><\/h4>\n<ul data-start=\"2467\" data-end=\"2528\">\n<li data-start=\"2467\" data-end=\"2497\">\n<p data-start=\"2469\" data-end=\"2497\">30 g and 100 g packages<\/p>\n<\/li>\n<li data-start=\"2498\" data-end=\"2528\">\n<p data-start=\"2500\" data-end=\"2528\">500 g and 1000 g jars<\/p>\n<\/li>\n<\/ul>\n<\/div>\n<\/div>\n<p><!-- .vgblk-rw-wrapper --><\/p>","protected":false},"excerpt":{"rendered":"<p>DOKS\u0130S\u0130KL\u0130N 50% SUYA H\u018fLL OLUNAN TOZ T\u0259rkibi (h\u0259r 1 qram tozda): Doksisiklin hixlat \u2013 500 mq T\u0259sviri: Doksisiklin tetrasiklinl\u0259r qrupuna aid antibiotik olub, bakteriostatik t\u0259sir\u0259 malikdir. O, h\u0259m Gram-m\u00fcsb\u0259t, h\u0259m d\u0259 Gram-m\u0259nfi bakteriyalara qar\u015f\u0131 aktivdir, o c\u00fcml\u0259d\u0259n: Bordetella spp., Campylobacter spp., E. coli, Haemophilus spp., Pasteurella spp., Salmonella spp., Staphylococcus spp., Streptococcus spp. El\u0259c\u0259 d\u0259:&#8230;<\/p>","protected":false},"featured_media":989170,"comment_status":"closed","ping_status":"closed","template":"","meta":{"nf_dc_page":"","_monsterinsights_skip_tracking":false,"_monsterinsights_sitenote_active":false,"_monsterinsights_sitenote_note":"","_monsterinsights_sitenote_category":0},"product_brand":[],"product_cat":[108,114,68],"product_tag":[],"class_list":{"0":"post-989169","1":"product","2":"type-product","3":"status-publish","4":"has-post-thumbnail","6":"product_cat-cow","7":"product_cat-sheep","8":"product_cat-poultry","10":"first","11":"instock","12":"shipping-taxable","13":"product-type-simple"},"jetpack_sharing_enabled":true,"_links":{"self":[{"href":"https:\/\/agrovetazerbaijan.az\/en\/wp-json\/wp\/v2\/product\/989169","targetHints":{"allow":["GET"]}}],"collection":[{"href":"https:\/\/agrovetazerbaijan.az\/en\/wp-json\/wp\/v2\/product"}],"about":[{"href":"https:\/\/agrovetazerbaijan.az\/en\/wp-json\/wp\/v2\/types\/product"}],"replies":[{"embeddable":true,"href":"https:\/\/agrovetazerbaijan.az\/en\/wp-json\/wp\/v2\/comments?post=989169"}],"version-history":[{"count":2,"href":"https:\/\/agrovetazerbaijan.az\/en\/wp-json\/wp\/v2\/product\/989169\/revisions"}],"predecessor-version":[{"id":989746,"href":"https:\/\/agrovetazerbaijan.az\/en\/wp-json\/wp\/v2\/product\/989169\/revisions\/989746"}],"wp:featuredmedia":[{"embeddable":true,"href":"https:\/\/agrovetazerbaijan.az\/en\/wp-json\/wp\/v2\/media\/989170"}],"wp:attachment":[{"href":"https:\/\/agrovetazerbaijan.az\/en\/wp-json\/wp\/v2\/media?parent=989169"}],"wp:term":[{"taxonomy":"product_brand","embeddable":true,"href":"https:\/\/agrovetazerbaijan.az\/en\/wp-json\/wp\/v2\/product_brand?post=989169"},{"taxonomy":"product_cat","embeddable":true,"href":"https:\/\/agrovetazerbaijan.az\/en\/wp-json\/wp\/v2\/product_cat?post=989169"},{"taxonomy":"product_tag","embeddable":true,"href":"https:\/\/agrovetazerbaijan.az\/en\/wp-json\/wp\/v2\/product_tag?post=989169"}],"curies":[{"name":"wp","href":"https:\/\/api.w.org\/{rel}","templated":true}]}}