{"id":989151,"date":"2025-03-23T13:59:56","date_gmt":"2025-03-23T13:59:56","guid":{"rendered":"https:\/\/agrovetazerbaijan.az\/?post_type=product&#038;p=989151"},"modified":"2025-07-14T21:40:20","modified_gmt":"2025-07-14T21:40:20","slug":"biocillin-500-ws","status":"publish","type":"product","link":"https:\/\/agrovetazerbaijan.az\/en\/product\/biocillin-500-ws\/","title":{"rendered":"Biocillin-500 WS"},"content":{"rendered":"<div class=\"vgblk-rw-wrapper limit-wrapper\">\n<div class=\"product-shop columns large-7 medium-7 small-12\">\n<p data-start=\"0\" data-end=\"39\"><strong data-start=\"0\" data-end=\"39\">Amoxicillin 50% Water Soluble Powder<\/strong><\/p>\n<p data-start=\"41\" data-end=\"70\"><strong data-start=\"41\" data-end=\"68\">Ingredients (in 1 gram of powder):<\/strong><\/p>\n<ul data-start=\"71\" data-end=\"104\">\n<li data-start=\"71\" data-end=\"104\">\n<p data-start=\"73\" data-end=\"104\">Amoxicillin trihydrate \u2013 500 mg<\/p>\n<\/li>\n<\/ul>\n<p data-start=\"106\" data-end=\"562\"><strong data-start=\"106\" data-end=\"118\">Description:<\/strong><br data-start=\"118\" data-end=\"121\" \/>Amoxicillin is a broad-spectrum bactericidal penicillin that acts on Gram-positive and Gram-negative bacteria. Its action is based on inhibiting the development of the peptidoglycan structure of the bacterial cell wall. It is well absorbed after oral administration and is stable in gastric acid. It is excreted mainly unchanged by the kidneys and creates high concentrations in the kidney tissue. In birds, amoxicillin is distributed and excreted more rapidly.<\/p>\n<p data-start=\"564\" data-end=\"592\"><strong data-start=\"564\" data-end=\"590\">Usage Instructions:<\/strong><\/p>\n<ul data-start=\"593\" data-end=\"741\">\n<li data-start=\"593\" data-end=\"648\">\n<p data-start=\"595\" data-end=\"648\">Treatment of salmonellosis and pasteurellosis in pigs<\/p>\n<\/li>\n<li data-start=\"649\" data-end=\"741\">\n<p data-start=\"651\" data-end=\"741\">Infections caused by amoxicillin-susceptible bacteria in chickens, turkeys and ducks<\/p>\n<\/li>\n<\/ul>\n<p data-start=\"743\" data-end=\"757\"><strong data-start=\"743\" data-end=\"755\">Notes:<\/strong><\/p>\n<ul data-start=\"758\" data-end=\"904\">\n<li data-start=\"758\" data-end=\"819\">\n<p data-start=\"760\" data-end=\"819\">Does not affect beta-lactamase-producing microorganisms<\/p>\n<\/li>\n<li data-start=\"820\" data-end=\"904\">\n<p data-start=\"822\" data-end=\"904\">Use should be based on susceptibility testing and local antimicrobial policies.<\/p>\n<\/li>\n<\/ul>\n<p data-start=\"906\" data-end=\"922\"><strong data-start=\"906\" data-end=\"920\">Prohibitions:<\/strong><\/p>\n<ul data-start=\"923\" data-end=\"1088\">\n<li data-start=\"923\" data-end=\"1030\">\n<p data-start=\"925\" data-end=\"1030\">Not for use in rabbits, hamsters, gerbils, and guinea pigs, as well as in egg-producing birds.<\/p>\n<\/li>\n<li data-start=\"1031\" data-end=\"1088\">\n<p data-start=\"1033\" data-end=\"1088\">Do not use in case of hypersensitivity to amoxicillin.<\/p>\n<\/li>\n<\/ul>\n<p data-start=\"1090\" data-end=\"1109\"><strong data-start=\"1090\" data-end=\"1107\">Side Effects:<\/strong><\/p>\n<ul data-start=\"1110\" data-end=\"1146\">\n<li data-start=\"1110\" data-end=\"1146\">\n<p data-start=\"1112\" data-end=\"1146\">Sensitivity reactions are possible.<\/p>\n<\/li>\n<\/ul>\n<p data-start=\"1148\" data-end=\"1160\"><strong data-start=\"1148\" data-end=\"1158\">Dosage:<\/strong><\/p>\n<ul data-start=\"1161\" data-end=\"1614\">\n<li data-start=\"1161\" data-end=\"1310\">\n<p data-start=\"1163\" data-end=\"1310\">Pigs: 20 mg\/kg body weight per day via drinking water, doses at 12-hour intervals, for up to 5 days.<br data-start=\"1264\" data-end=\"1267\" \/>(Prepare the medicine with fresh drinking water)<\/p>\n<\/li>\n<li data-start=\"1311\" data-end=\"1425\">\n<p data-start=\"1313\" data-end=\"1425\">Via liquid feed: 20 mg\/kg body weight per day for up to 5 days. Freshly prepared feed should be given 3 times a day.<\/p>\n<\/li>\n<li data-start=\"1426\" data-end=\"1499\">\n<p data-start=\"1428\" data-end=\"1499\">Chicken: 15 mg\/kg body weight via drinking water, 3 days, 5 days in severe cases<\/p>\n<\/li>\n<li data-start=\"1500\" data-end=\"1566\">\n<p data-start=\"1502\" data-end=\"1566\">Turkey: 15-20 mg\/kg body weight, 3 days, 5 days in severe cases<\/p>\n<\/li>\n<li data-start=\"1567\" data-end=\"1614\">\n<p data-start=\"1569\" data-end=\"1614\">Duck: 20 mg\/kg body weight, 3 consecutive days<\/p>\n<\/li>\n<\/ul>\n<p data-start=\"1616\" data-end=\"1641\"><strong data-start=\"1616\" data-end=\"1639\">Waiting Periods:<\/strong><\/p>\n<ul data-start=\"1642\" data-end=\"1733\">\n<li data-start=\"1642\" data-end=\"1733\">\n<p data-start=\"1644\" data-end=\"1733\">For meat and organs:<br data-start=\"1664\" data-end=\"1667\" \/>Pork \u2013 2 days<br data-start=\"1680\" data-end=\"1683\" \/>Chicken \u2013 1 day<br data-start=\"1696\" data-end=\"1699\" \/>Turkey \u2013 5 days<br data-start=\"1715\" data-end=\"1718\" \/>Duck \u2013 9 days<\/p>\n<\/li>\n<\/ul>\n<p data-start=\"1735\" data-end=\"1781\"><strong data-start=\"1735\" data-end=\"1744\">Note:<\/strong> Use for eggs is prohibited.<\/p>\n<p data-start=\"1783\" data-end=\"1863\" data-is-last-node=\"\" data-is-only-node=\"\"><strong data-start=\"1783\" data-end=\"1799\">Packaging:<\/strong><br data-start=\"1799\" data-end=\"1802\" \/>30 gram and 100 gram packages, 500 gram and 1000 gram jars.<\/p>\n<\/div>\n<\/div>\n<p><!-- .vgblk-rw-wrapper --><\/p>","protected":false},"excerpt":{"rendered":"<p>Amoksisillin 50% Suya H\u0259ll Olan Toz T\u0259rkibi (1 qram tozda): Amoksisillin trihidrat \u2013 500 mg T\u0259sviri:Amoksisillin \u2014 geni\u015f spektrli bakterisid penitsillin olub, Gram-m\u00fcsb\u0259t v\u0259 Gram-m\u0259nfi bakteriyalara t\u0259sir g\u00f6st\u0259rir. T\u0259siri bakterial h\u00fcceyr\u0259 divar\u0131n\u0131n peptidoglikan strukturunun inki\u015faf\u0131n\u0131 inhib\u0259 etm\u0259y\u0259 \u0259saslan\u0131r. A\u011f\u0131zdan q\u0259buldan sonra yax\u015f\u0131 sorulur v\u0259 m\u0259d\u0259 tur\u015fusunda stabildir. \u018fsas\u0259n d\u0259yi\u015fm\u0259d\u0259n b\u00f6yr\u0259kl\u0259r vasit\u0259sil\u0259 ifraz olunur v\u0259 b\u00f6yr\u0259k&#8230;<\/p>","protected":false},"featured_media":989152,"comment_status":"closed","ping_status":"closed","template":"","meta":{"nf_dc_page":"","_monsterinsights_skip_tracking":false,"_monsterinsights_sitenote_active":false,"_monsterinsights_sitenote_note":"","_monsterinsights_sitenote_category":0},"product_brand":[],"product_cat":[68,251,16],"product_tag":[],"class_list":{"0":"post-989151","1":"product","2":"type-product","3":"status-publish","4":"has-post-thumbnail","6":"product_cat-poultry","7":"product_cat-veterinary-products","8":"product_cat-uncategorized","10":"first","11":"instock","12":"shipping-taxable","13":"product-type-simple"},"jetpack_sharing_enabled":true,"_links":{"self":[{"href":"https:\/\/agrovetazerbaijan.az\/en\/wp-json\/wp\/v2\/product\/989151","targetHints":{"allow":["GET"]}}],"collection":[{"href":"https:\/\/agrovetazerbaijan.az\/en\/wp-json\/wp\/v2\/product"}],"about":[{"href":"https:\/\/agrovetazerbaijan.az\/en\/wp-json\/wp\/v2\/types\/product"}],"replies":[{"embeddable":true,"href":"https:\/\/agrovetazerbaijan.az\/en\/wp-json\/wp\/v2\/comments?post=989151"}],"version-history":[{"count":2,"href":"https:\/\/agrovetazerbaijan.az\/en\/wp-json\/wp\/v2\/product\/989151\/revisions"}],"predecessor-version":[{"id":989999,"href":"https:\/\/agrovetazerbaijan.az\/en\/wp-json\/wp\/v2\/product\/989151\/revisions\/989999"}],"wp:featuredmedia":[{"embeddable":true,"href":"https:\/\/agrovetazerbaijan.az\/en\/wp-json\/wp\/v2\/media\/989152"}],"wp:attachment":[{"href":"https:\/\/agrovetazerbaijan.az\/en\/wp-json\/wp\/v2\/media?parent=989151"}],"wp:term":[{"taxonomy":"product_brand","embeddable":true,"href":"https:\/\/agrovetazerbaijan.az\/en\/wp-json\/wp\/v2\/product_brand?post=989151"},{"taxonomy":"product_cat","embeddable":true,"href":"https:\/\/agrovetazerbaijan.az\/en\/wp-json\/wp\/v2\/product_cat?post=989151"},{"taxonomy":"product_tag","embeddable":true,"href":"https:\/\/agrovetazerbaijan.az\/en\/wp-json\/wp\/v2\/product_tag?post=989151"}],"curies":[{"name":"wp","href":"https:\/\/api.w.org\/{rel}","templated":true}]}}