{"id":989148,"date":"2025-03-23T13:02:34","date_gmt":"2025-03-23T13:02:34","guid":{"rendered":"https:\/\/agrovetazerbaijan.az\/?post_type=product&#038;p=989148"},"modified":"2025-07-14T21:42:00","modified_gmt":"2025-07-14T21:42:00","slug":"biocillin-200-ws","status":"publish","type":"product","link":"https:\/\/agrovetazerbaijan.az\/en\/product\/biocillin-200-ws\/","title":{"rendered":"Biocillin-200 WS"},"content":{"rendered":"<div class=\"vgblk-rw-wrapper limit-wrapper\">\n<div class=\"product-shop columns large-7 medium-7 small-12\">\n<h3 data-start=\"105\" data-end=\"150\"><strong data-start=\"109\" data-end=\"150\">Amoxicillin 20% water soluble powder<\/strong><\/h3>\n<p data-start=\"152\" data-end=\"166\"><strong data-start=\"152\" data-end=\"164\">Ingredients:<\/strong><\/p>\n<ul data-start=\"167\" data-end=\"212\">\n<li data-start=\"167\" data-end=\"212\">\n<p data-start=\"169\" data-end=\"212\">In 1 gram of powder: Amoxicillin trihydrate 200 mg<\/p>\n<\/li>\n<\/ul>\n<p data-start=\"214\" data-end=\"479\"><strong data-start=\"214\" data-end=\"226\">Description:<\/strong><br data-start=\"226\" data-end=\"229\" \/>Amoxicillin is a broad-spectrum semi-synthetic penicillin that is active against both gram-positive and gram-negative bacteria. It blocks bacterial cell wall synthesis. It is excreted mainly in the urine, with some in the bile.<\/p>\n<p data-start=\"481\" data-end=\"783\"><strong data-start=\"481\" data-end=\"501\">Area of use:<\/strong><br data-start=\"501\" data-end=\"504\" \/>Infections: gastrointestinal, respiratory and urinary tract infections.<br data-start=\"573\" data-end=\"576\" \/>Bacteria affected: <em data-start=\"603\" data-end=\"618\">Campylobacter<\/em>, <em data-start=\"620\" data-end=\"633\">Clostridium<\/em>, <em data-start=\"635\" data-end=\"652\">Corynebacterium<\/em>, <em data-start=\"654\" data-end=\"663\">E. coli<\/em>, <em data-start=\"665\" data-end=\"681\">Erysipelothrix<\/em>, <em data-start=\"683\" data-end=\"696\">Haemophilus<\/em>, <em data-start=\"698\" data-end=\"711\">Pasteurella<\/em>, <em data-start=\"713\" data-end=\"725\">Salmonella<\/em>, penicillinase negative <em data-start=\"747\" data-end=\"763\">Staphylococcus<\/em> and <em data-start=\"767\" data-end=\"782\">Streptococcus<\/em>.<\/p>\n<p data-start=\"785\" data-end=\"846\">Suitable for: puppies, sheep, goats, pigs and chickens.<\/p>\n<p data-start=\"848\" data-end=\"864\"><strong data-start=\"848\" data-end=\"862\">Prohibitions:<\/strong><\/p>\n<ul data-start=\"865\" data-end=\"1173\">\n<li data-start=\"865\" data-end=\"935\">\n<p data-start=\"867\" data-end=\"935\">Should not be used in animals allergic to amoxicillin.<\/p>\n<\/li>\n<li data-start=\"936\" data-end=\"987\">\n<p data-start=\"938\" data-end=\"987\">It is not used in those with severe kidney disease.<\/p>\n<\/li>\n<li data-start=\"988\" data-end=\"1092\">\n<p data-start=\"990\" data-end=\"1092\">It should not be used in combination with tetracyclines, chloramphenicol, macrolides, and lincosamides.<\/p>\n<\/li>\n<li data-start=\"1093\" data-end=\"1173\">\n<p data-start=\"1095\" data-end=\"1173\">Use in animals with active digestive tracts of microbes is prohibited.<\/p>\n<\/li>\n<\/ul>\n<p data-start=\"1175\" data-end=\"1194\"><strong data-start=\"1175\" data-end=\"1192\">Side effects:<\/strong><\/p>\n<ul data-start=\"1195\" data-end=\"1228\">\n<li data-start=\"1195\" data-end=\"1228\">\n<p data-start=\"1197\" data-end=\"1228\">Allergic reactions are possible.<\/p>\n<\/li>\n<\/ul>\n<p data-start=\"1230\" data-end=\"1242\"><strong data-start=\"1230\" data-end=\"1240\">Dosage:<\/strong><\/p>\n<ul data-start=\"1243\" data-end=\"1480\">\n<li data-start=\"1243\" data-end=\"1332\">\n<p data-start=\"1245\" data-end=\"1332\"><strong data-start=\"1245\" data-end=\"1270\">Puppies, sheep, goats:<\/strong> 5 grams of medication per 100 kg of body weight, 2 times a day, 3-5 days.<\/p>\n<\/li>\n<li data-start=\"1333\" data-end=\"1480\">\n<p data-start=\"1335\" data-end=\"1480\"><strong data-start=\"1335\" data-end=\"1357\">Pigs and chickens:<\/strong> For drinking water, 1 kg of the drug is mixed with 1000-2000 liters of water and given for 3-5 days.<br data-start=\"1432\" data-end=\"1435\" \/>(Note: only suitable for animals in the foreground)<\/p>\n<\/li>\n<\/ul>\n<p data-start=\"1482\" data-end=\"1522\"><strong data-start=\"1482\" data-end=\"1520\">Withdrawal time:<\/strong><\/p>\n<ul data-start=\"1523\" data-end=\"1685\">\n<li data-start=\"1523\" data-end=\"1607\">\n<p data-start=\"1525\" data-end=\"1535\">For meat:<\/p>\n<ul data-start=\"1538\" data-end=\"1607\">\n<li data-start=\"1538\" data-end=\"1585\">\n<p data-start=\"1540\" data-end=\"1585\">Puppies, sheep, goats, pigs: 8 days<\/p>\n<\/li>\n<li data-start=\"1588\" data-end=\"1607\">\n<p data-start=\"1590\" data-end=\"1607\">Chickens: 3 days<\/p>\n<\/li>\n<\/ul>\n<\/li>\n<li data-start=\"1608\" data-end=\"1685\">\n<p data-start=\"1610\" data-end=\"1685\">Due to its effect on eggs, it is not used in egg-producing hens.<\/p>\n<\/li>\n<\/ul>\n<p data-start=\"1687\" data-end=\"1705\"><strong data-start=\"1687\" data-end=\"1703\">Packaging:<\/strong><\/p>\n<ul data-start=\"1706\" data-end=\"1748\">\n<li data-start=\"1706\" data-end=\"1748\">\n<p data-start=\"1708\" data-end=\"1748\">100 gram package and 1000 gram jar.<\/p>\n<\/li>\n<\/ul>\n<\/div>\n<\/div>\n<p><!-- .vgblk-rw-wrapper --><\/p>","protected":false},"excerpt":{"rendered":"<p>Amoksisillin 20% suda h\u0259ll olunan toz T\u0259rkibi: 1 qram tozda: Amoksisillin trihidrat 200 mq T\u0259sviri:Amoksisillin geni\u015f spektrli yar\u0131-sintetik penisillin olub, h\u0259m m\u00fcsb\u0259t, h\u0259m d\u0259 m\u0259nfi qram bakteriyalara qar\u015f\u0131 \u00f6ld\u00fcr\u00fcc\u00fc t\u0259sir g\u00f6st\u0259rir. Bakteriyalar\u0131n h\u00fcceyr\u0259 divar\u0131n\u0131n sintezini bloklay\u0131r. \u018fsas\u0259n sidikl\u0259 xaric olunur, bir hiss\u0259si \u00f6d vasit\u0259sil\u0259 at\u0131l\u0131r. \u0130stifad\u0259 sah\u0259si:\u0130nfeksiyalar: m\u0259d\u0259-ba\u011f\u0131rsaq, t\u0259n\u0259ff\u00fcs v\u0259 sidik yollar\u0131 infeksiyalar\u0131.T\u0259sir etdiyi bakteriyalar:&#8230;<\/p>","protected":false},"featured_media":989149,"comment_status":"closed","ping_status":"closed","template":"","meta":{"nf_dc_page":"","_monsterinsights_skip_tracking":false,"_monsterinsights_sitenote_active":false,"_monsterinsights_sitenote_note":"","_monsterinsights_sitenote_category":0},"product_brand":[],"product_cat":[108,251,114,68],"product_tag":[],"class_list":{"0":"post-989148","1":"product","2":"type-product","3":"status-publish","4":"has-post-thumbnail","6":"product_cat-cow","7":"product_cat-veterinary-products","8":"product_cat-sheep","9":"product_cat-poultry","11":"first","12":"instock","13":"shipping-taxable","14":"product-type-simple"},"jetpack_sharing_enabled":true,"_links":{"self":[{"href":"https:\/\/agrovetazerbaijan.az\/en\/wp-json\/wp\/v2\/product\/989148","targetHints":{"allow":["GET"]}}],"collection":[{"href":"https:\/\/agrovetazerbaijan.az\/en\/wp-json\/wp\/v2\/product"}],"about":[{"href":"https:\/\/agrovetazerbaijan.az\/en\/wp-json\/wp\/v2\/types\/product"}],"replies":[{"embeddable":true,"href":"https:\/\/agrovetazerbaijan.az\/en\/wp-json\/wp\/v2\/comments?post=989148"}],"version-history":[{"count":2,"href":"https:\/\/agrovetazerbaijan.az\/en\/wp-json\/wp\/v2\/product\/989148\/revisions"}],"predecessor-version":[{"id":990000,"href":"https:\/\/agrovetazerbaijan.az\/en\/wp-json\/wp\/v2\/product\/989148\/revisions\/990000"}],"wp:featuredmedia":[{"embeddable":true,"href":"https:\/\/agrovetazerbaijan.az\/en\/wp-json\/wp\/v2\/media\/989149"}],"wp:attachment":[{"href":"https:\/\/agrovetazerbaijan.az\/en\/wp-json\/wp\/v2\/media?parent=989148"}],"wp:term":[{"taxonomy":"product_brand","embeddable":true,"href":"https:\/\/agrovetazerbaijan.az\/en\/wp-json\/wp\/v2\/product_brand?post=989148"},{"taxonomy":"product_cat","embeddable":true,"href":"https:\/\/agrovetazerbaijan.az\/en\/wp-json\/wp\/v2\/product_cat?post=989148"},{"taxonomy":"product_tag","embeddable":true,"href":"https:\/\/agrovetazerbaijan.az\/en\/wp-json\/wp\/v2\/product_tag?post=989148"}],"curies":[{"name":"wp","href":"https:\/\/api.w.org\/{rel}","templated":true}]}}