{"id":989132,"date":"2025-03-23T12:49:27","date_gmt":"2025-03-23T12:49:27","guid":{"rendered":"https:\/\/agrovetazerbaijan.az\/?post_type=product&#038;p=989132"},"modified":"2025-07-28T10:52:30","modified_gmt":"2025-07-28T10:52:30","slug":"aliseryl-ws","status":"publish","type":"product","link":"https:\/\/agrovetazerbaijan.az\/en\/product\/aliseryl-ws\/","title":{"rendered":"Aliseryl WS"},"content":{"rendered":"<div class=\"vgblk-rw-wrapper limit-wrapper\">\n<h3 data-start=\"92\" data-end=\"113\"><strong data-start=\"96\" data-end=\"111\">Aliseryl WS<\/strong><\/h3>\n<p data-start=\"114\" data-end=\"168\"><strong data-start=\"114\" data-end=\"168\">Water-soluble powder containing antibiotics and vitamins<\/strong><\/p>\n<hr data-start=\"170\" data-end=\"173\" \/>\n<h3 data-start=\"175\" data-end=\"204\"><strong data-start=\"179\" data-end=\"202\">Ingredients (in 1 gram):<\/strong><\/h3>\n<p data-start=\"205\" data-end=\"353\">Erythromycin 35 mg, Oxytetracycline 50 mg, Streptomycin 35 mg, Colistin 200,000 IU, vitamins A, D\u2083, E, B\u2081, B\u2082, B\u2086, B\u2081\u2082, C, K\u2083 and other vitamins.<\/p>\n<hr data-start=\"355\" data-end=\"358\" \/>\n<h3 data-start=\"360\" data-end=\"382\"><strong data-start=\"364\" data-end=\"380\">Indications:<\/strong><\/h3>\n<ul data-start=\"383\" data-end=\"566\">\n<li data-start=\"383\" data-end=\"436\">\n<p data-start=\"385\" data-end=\"436\">Intestinal, respiratory and urinary tract infections<\/p>\n<\/li>\n<li data-start=\"437\" data-end=\"467\">\n<p data-start=\"439\" data-end=\"467\">Growth stimulation<\/p>\n<\/li>\n<li data-start=\"468\" data-end=\"517\">\n<p data-start=\"470\" data-end=\"517\">Increasing egg production and feed efficiency<\/p>\n<\/li>\n<li data-start=\"518\" data-end=\"566\">\n<p data-start=\"520\" data-end=\"566\">Vitamin support during periods of stress and illness<\/p>\n<\/li>\n<\/ul>\n<hr data-start=\"568\" data-end=\"571\" \/>\n<h3 data-start=\"573\" data-end=\"593\"><strong data-start=\"577\" data-end=\"591\">Dosage:<\/strong><\/h3>\n<p data-start=\"594\" data-end=\"618\"><strong data-start=\"594\" data-end=\"616\">(For oral administration)<\/strong><\/p>\n<ul data-start=\"619\" data-end=\"786\">\n<li data-start=\"619\" data-end=\"682\">\n<p data-start=\"621\" data-end=\"682\"><strong data-start=\"621\" data-end=\"644\">Calf, sheep, goat:<\/strong> 1 g \/ 5 kg body weight (5\u20137 days)<\/p>\n<\/li>\n<li data-start=\"683\" data-end=\"786\">\n<p data-start=\"685\" data-end=\"705\"><strong data-start=\"685\" data-end=\"703\">Pigs, birds:<\/strong><\/p>\n<ul data-start=\"708\" data-end=\"786\">\n<li data-start=\"708\" data-end=\"744\">\n<p data-start=\"710\" data-end=\"744\">Prevention: 1 kg \/ 2000 L of water<\/p>\n<\/li>\n<li data-start=\"747\" data-end=\"786\">\n<p data-start=\"749\" data-end=\"786\">Treatment: 1 kg \/ 1000 L of water (5\u20137 days)<\/p>\n<\/li>\n<\/ul>\n<\/li>\n<\/ul>\n<hr data-start=\"788\" data-end=\"791\" \/>\n<h3 data-start=\"793\" data-end=\"819\"><strong data-start=\"797\" data-end=\"817\">Contraindications:<\/strong><\/h3>\n<ul data-start=\"820\" data-end=\"956\">\n<li data-start=\"820\" data-end=\"854\">\n<p data-start=\"822\" data-end=\"854\">Sensitivity to antibiotics<\/p>\n<\/li>\n<li data-start=\"855\" data-end=\"897\">\n<p data-start=\"857\" data-end=\"897\">Serious liver and kidney diseases<\/p>\n<\/li>\n<li data-start=\"898\" data-end=\"956\">\n<p data-start=\"900\" data-end=\"956\">Should not be used in animals that digest with microbes<\/p>\n<\/li>\n<\/ul>\n<hr data-start=\"958\" data-end=\"961\" \/>\n<h3 data-start=\"963\" data-end=\"989\"><strong data-start=\"967\" data-end=\"987\">Waiting time:<\/strong><\/h3>\n<p data-start=\"990\" data-end=\"1017\">Meat \u2013 7 days, Eggs \u2013 1 day<\/p>\n<hr data-start=\"1019\" data-end=\"1022\" \/>\n<h3 data-start=\"1024\" data-end=\"1046\"><strong data-start=\"1028\" data-end=\"1044\">Packaging:<\/strong><\/h3>\n<p data-start=\"1047\" data-end=\"1086\">30 g, 100 g packets and 1000 g jars<\/p>\n<\/div>\n<p><!-- .vgblk-rw-wrapper --><\/p>","protected":false},"excerpt":{"rendered":"<p>Aliseryl WS Antibiotik v\u0259 vitamin t\u0259rkibli, suda h\u0259ll olan toz T\u0259rkibi (1 qramda): Eritromisin 35 mq, Oksitetrasiklin 50 mq, Streptomisin 35 mq, Kolistin 200 000 BV, A, D\u2083, E, B\u2081, B\u2082, B\u2086, B\u2081\u2082, C, K\u2083 vitaminl\u0259ri v\u0259 dig\u0259r vitaminl\u0259r. G\u00f6st\u0259ri\u015fl\u0259r: Ba\u011f\u0131rsaq, t\u0259n\u0259ff\u00fcs v\u0259 sidik yollar\u0131 infeksiyalar\u0131 Art\u0131m\u0131n stimulla\u015fd\u0131r\u0131lmas\u0131 Yumurtlama v\u0259 yem effektivliyinin art\u0131r\u0131lmas\u0131 Stress v\u0259&#8230;<\/p>","protected":false},"featured_media":989133,"comment_status":"closed","ping_status":"closed","template":"","meta":{"nf_dc_page":"","_monsterinsights_skip_tracking":false,"_monsterinsights_sitenote_active":false,"_monsterinsights_sitenote_note":"","_monsterinsights_sitenote_category":0},"product_brand":[],"product_cat":[108,251,114,68],"product_tag":[],"class_list":{"0":"post-989132","1":"product","2":"type-product","3":"status-publish","4":"has-post-thumbnail","6":"product_cat-cow","7":"product_cat-veterinary-products","8":"product_cat-sheep","9":"product_cat-poultry","11":"first","12":"instock","13":"shipping-taxable","14":"product-type-simple"},"jetpack_sharing_enabled":true,"_links":{"self":[{"href":"https:\/\/agrovetazerbaijan.az\/en\/wp-json\/wp\/v2\/product\/989132","targetHints":{"allow":["GET"]}}],"collection":[{"href":"https:\/\/agrovetazerbaijan.az\/en\/wp-json\/wp\/v2\/product"}],"about":[{"href":"https:\/\/agrovetazerbaijan.az\/en\/wp-json\/wp\/v2\/types\/product"}],"replies":[{"embeddable":true,"href":"https:\/\/agrovetazerbaijan.az\/en\/wp-json\/wp\/v2\/comments?post=989132"}],"version-history":[{"count":2,"href":"https:\/\/agrovetazerbaijan.az\/en\/wp-json\/wp\/v2\/product\/989132\/revisions"}],"predecessor-version":[{"id":989944,"href":"https:\/\/agrovetazerbaijan.az\/en\/wp-json\/wp\/v2\/product\/989132\/revisions\/989944"}],"wp:featuredmedia":[{"embeddable":true,"href":"https:\/\/agrovetazerbaijan.az\/en\/wp-json\/wp\/v2\/media\/989133"}],"wp:attachment":[{"href":"https:\/\/agrovetazerbaijan.az\/en\/wp-json\/wp\/v2\/media?parent=989132"}],"wp:term":[{"taxonomy":"product_brand","embeddable":true,"href":"https:\/\/agrovetazerbaijan.az\/en\/wp-json\/wp\/v2\/product_brand?post=989132"},{"taxonomy":"product_cat","embeddable":true,"href":"https:\/\/agrovetazerbaijan.az\/en\/wp-json\/wp\/v2\/product_cat?post=989132"},{"taxonomy":"product_tag","embeddable":true,"href":"https:\/\/agrovetazerbaijan.az\/en\/wp-json\/wp\/v2\/product_tag?post=989132"}],"curies":[{"name":"wp","href":"https:\/\/api.w.org\/{rel}","templated":true}]}}