{"id":989122,"date":"2025-03-22T23:21:56","date_gmt":"2025-03-22T23:21:56","guid":{"rendered":"https:\/\/agrovetazerbaijan.az\/?post_type=product&#038;p=989122"},"modified":"2025-06-16T21:02:10","modified_gmt":"2025-06-16T21:02:10","slug":"dexine-28","status":"publish","type":"product","link":"https:\/\/agrovetazerbaijan.az\/en\/product\/dexine-28\/","title":{"rendered":"Dexine-28"},"content":{"rendered":"<div class=\"vgblk-rw-wrapper limit-wrapper\">\n<h3 data-start=\"107\" data-end=\"124\"><strong data-start=\"111\" data-end=\"124\">Dexine-28<\/strong><\/h3>\n<p data-start=\"126\" data-end=\"139\"><strong data-start=\"126\" data-end=\"137\">Ingredients<\/strong><\/p>\n<ul data-start=\"140\" data-end=\"154\">\n<li data-start=\"140\" data-end=\"154\">\n<p data-start=\"142\" data-end=\"154\">Iodine<\/p>\n<\/li>\n<\/ul>\n<hr data-start=\"156\" data-end=\"159\" \/>\n<h3 data-start=\"161\" data-end=\"178\"><strong data-start=\"165\" data-end=\"176\">Description<\/strong><\/h3>\n<p data-start=\"179\" data-end=\"830\">Dexine-28 is an iodine-based disinfectant with both detergent and disinfectant properties. It is widely used for cleaning and disinfection of livestock farms. The product is effective against a wide range of microorganisms, including bacteria, viruses and fungi that cause major diseases in farm animals. Dexine-28 is suitable for disinfection of all types of surfaces, incubators, egg extractors, feed troughs and dairy equipment. The product is safe for use in the presence of animals. When used in recommended doses, it does not add taste to food or water (non-toxic).<\/p>\n<hr data-start=\"832\" data-end=\"835\" \/>\n<h3 data-start=\"837\" data-end=\"868\"><strong data-start=\"841\" data-end=\"866\">Instructions for use<\/strong><\/h3>\n<p data-start=\"869\" data-end=\"914\">It must be diluted with water before use.<\/p>\n<ul data-start=\"916\" data-end=\"2037\">\n<li data-start=\"916\" data-end=\"1200\">\n<p data-start=\"918\" data-end=\"1200\"><strong data-start=\"918\" data-end=\"1044\">General disinfection (floors\/walls of animal housing, cages, egg trays, incubators, water bowls):<\/strong><br data-start=\"1044\" data-end=\"1047\" \/>1 liter of Dexine-28 is mixed with 100 \u2013 600 liters of drinking water (0.16 \u2013 1%).<br data-start=\"1121\" data-end=\"1124\" \/>It is sprayed onto surfaces using a pressure washer at a rate of 250 - 300 ml\/m\u00b2.<\/p>\n<\/li>\n<li data-start=\"1202\" data-end=\"1412\">\n<p data-start=\"1204\" data-end=\"1412\"><strong data-start=\"1204\" data-end=\"1241\">Airborne disinfection (fogging):<\/strong><br data-start=\"1241\" data-end=\"1244\" \/>1 liter of Dexine-28 is mixed with 300 liters of drinking water (0.33%).<br data-start=\"1308\" data-end=\"1311\" \/>Used with a shoulder bag type sprayer. Adjust the nozzle to spray in the form of a mist.<\/p>\n<\/li>\n<li data-start=\"1414\" data-end=\"1568\">\n<p data-start=\"1416\" data-end=\"1568\"><strong data-start=\"1416\" data-end=\"1463\">Disinfection of vehicles and equipment:<\/strong><br data-start=\"1463\" data-end=\"1466\" \/>1 liter of Dexine-28 is mixed with 200 liters of drinking water (0.5%).<br data-start=\"1529\" data-end=\"1532\" \/>It is applied with a pressure washer.<\/p>\n<\/li>\n<li data-start=\"1570\" data-end=\"1804\">\n<p data-start=\"1572\" data-end=\"1804\"><strong data-start=\"1572\" data-end=\"1648\">Cleaning and disinfection of dairy equipment and milk tanks:<\/strong><br data-start=\"1648\" data-end=\"1651\" \/>1 liter of Dexine-28 is mixed with 400 liters of drinking water (0.25%).<br data-start=\"1715\" data-end=\"1718\" \/>Dairy equipment and tank surfaces are washed with this solution before use.<\/p>\n<\/li>\n<li data-start=\"1806\" data-end=\"2037\">\n<p data-start=\"1808\" data-end=\"2037\"><strong data-start=\"1808\" data-end=\"1836\">Foot and wheel baths:<\/strong><br data-start=\"1836\" data-end=\"1839\" \/>1 liter of Dexine-28 is mixed with 100 liters of drinking water (1%).<br data-start=\"1900\" data-end=\"1903\" \/>A clean solution should be prepared and replaced with a new one when it becomes dirty. It is recommended to replace the solution with a new one once a week.<\/p>\n<\/li>\n<\/ul>\n<hr data-start=\"2039\" data-end=\"2042\" \/>\n<h3 data-start=\"2044\" data-end=\"2081\"><strong data-start=\"2048\" data-end=\"2081\">Contraindications and dangers<\/strong><\/h3>\n<ul data-start=\"2083\" data-end=\"2279\">\n<li data-start=\"2083\" data-end=\"2142\">\n<p data-start=\"2085\" data-end=\"2142\">Can cause serious skin burns and eye damage.<\/p>\n<\/li>\n<li data-start=\"2143\" data-end=\"2207\">\n<p data-start=\"2145\" data-end=\"2207\">Avoid breathing dust\/vapours\/mist\/gas\/spray.<\/p>\n<\/li>\n<li data-start=\"2208\" data-end=\"2279\">\n<p data-start=\"2210\" data-end=\"2279\">Use protective gloves, clothing, eye and face protection.<\/p>\n<\/li>\n<\/ul>\n<p data-start=\"2281\" data-end=\"2312\"><strong data-start=\"2281\" data-end=\"2310\">Emergency measures:<\/strong><\/p>\n<ul data-start=\"2313\" data-end=\"2952\">\n<li data-start=\"2313\" data-end=\"2357\">\n<p data-start=\"2315\" data-end=\"2357\"><strong data-start=\"2315\" data-end=\"2329\">When swallowed:<\/strong> Rinse mouth. Do not induce vomiting.<\/p>\n<\/li>\n<li data-start=\"2358\" data-end=\"2453\">\n<p data-start=\"2360\" data-end=\"2453\"><strong data-start=\"2360\" data-end=\"2379\">In contact with skin:<\/strong> Remove contaminated clothing immediately. Wash skin thoroughly with water or shower.<\/p>\n<\/li>\n<li data-start=\"2454\" data-end=\"2550\">\n<p data-start=\"2456\" data-end=\"2550\"><strong data-start=\"2456\" data-end=\"2479\">During inhalation:<\/strong> Remove the victim to fresh air and help him\/her breathe comfortably.<\/p>\n<\/li>\n<li data-start=\"2551\" data-end=\"2689\">\n<p data-start=\"2553\" data-end=\"2689\"><strong data-start=\"2553\" data-end=\"2571\">Eye contact:<\/strong> Immediately rinse with plenty of water for several minutes. Remove lenses, if present and easy to do. Continue rinsing.<\/p>\n<\/li>\n<li data-start=\"2691\" data-end=\"2766\">\n<p data-start=\"2693\" data-end=\"2766\">Wash contaminated clothing and clean it before using it again.<\/p>\n<\/li>\n<li data-start=\"2767\" data-end=\"2809\">\n<p data-start=\"2769\" data-end=\"2809\">Keep out of reach of children.<\/p>\n<\/li>\n<li data-start=\"2810\" data-end=\"2847\">\n<p data-start=\"2812\" data-end=\"2847\">Avoid releasing it into the environment.<\/p>\n<\/li>\n<li data-start=\"2848\" data-end=\"2952\">\n<p data-start=\"2850\" data-end=\"2952\">Waste must be delivered to a hazardous waste collection point in accordance with local regulations.<\/p>\n<\/li>\n<\/ul>\n<hr data-start=\"2954\" data-end=\"2957\" \/>\n<h3 data-start=\"2959\" data-end=\"2980\"><strong data-start=\"2963\" data-end=\"2978\">Packaging<\/strong><\/h3>\n<ul data-start=\"2981\" data-end=\"3028\">\n<li data-start=\"2981\" data-end=\"3002\">\n<p data-start=\"2983\" data-end=\"3002\">1 liter bottle<\/p>\n<\/li>\n<li data-start=\"3003\" data-end=\"3028\">\n<p data-start=\"3005\" data-end=\"3028\">5 and 20 liter canisters<\/p>\n<\/li>\n<\/ul>\n<\/div>\n<p><!-- .vgblk-rw-wrapper --><\/p>","protected":false},"excerpt":{"rendered":"<p>Dexine-28 T\u0259rkibi Yod (Iodine) T\u0259sviri Dexine-28, h\u0259m yuyucu, h\u0259m d\u0259 dezinfeksiyaedici x\u00fcsusiyy\u0259tl\u0259r\u0259 malik yod \u0259sasl\u0131 dezinfeksiya vasit\u0259sidir. Heyvandarl\u0131q t\u0259s\u0259rr\u00fcfatlar\u0131n\u0131n t\u0259mizliyi v\u0259 dezinfeksiyas\u0131 \u00fc\u00e7\u00fcn geni\u015f istifad\u0259 olunur. M\u0259hsul t\u0259s\u0259rr\u00fcfat heyvanlar\u0131nda \u0259sas x\u0259st\u0259likl\u0259r\u0259 s\u0259b\u0259b olan bakteriyalar, viruslar v\u0259 g\u00f6b\u0259l\u0259kl\u0259r daxil olmaqla geni\u015f spektrli mikroorqanizml\u0259r\u0259 qar\u015f\u0131 t\u0259sirlidir. Dexine-28 b\u00fct\u00fcn n\u00f6v s\u0259thl\u0259rin, inkubatorlar\u0131n, yumurta \u00e7\u0131xar\u0131c\u0131lar\u0131n, yem qablar\u0131n\u0131n v\u0259 s\u00fcd\u00e7\u00fcl\u00fck&#8230;<\/p>","protected":false},"featured_media":989123,"comment_status":"closed","ping_status":"closed","template":"","meta":{"nf_dc_page":"","_monsterinsights_skip_tracking":false,"_monsterinsights_sitenote_active":false,"_monsterinsights_sitenote_note":"","_monsterinsights_sitenote_category":0},"product_brand":[],"product_cat":[147,16],"product_tag":[],"class_list":{"0":"post-989122","1":"product","2":"type-product","3":"status-publish","4":"has-post-thumbnail","6":"product_cat-disinfectants","7":"product_cat-uncategorized","9":"first","10":"instock","11":"shipping-taxable","12":"product-type-simple"},"jetpack_sharing_enabled":true,"_links":{"self":[{"href":"https:\/\/agrovetazerbaijan.az\/en\/wp-json\/wp\/v2\/product\/989122","targetHints":{"allow":["GET"]}}],"collection":[{"href":"https:\/\/agrovetazerbaijan.az\/en\/wp-json\/wp\/v2\/product"}],"about":[{"href":"https:\/\/agrovetazerbaijan.az\/en\/wp-json\/wp\/v2\/types\/product"}],"replies":[{"embeddable":true,"href":"https:\/\/agrovetazerbaijan.az\/en\/wp-json\/wp\/v2\/comments?post=989122"}],"version-history":[{"count":2,"href":"https:\/\/agrovetazerbaijan.az\/en\/wp-json\/wp\/v2\/product\/989122\/revisions"}],"predecessor-version":[{"id":989613,"href":"https:\/\/agrovetazerbaijan.az\/en\/wp-json\/wp\/v2\/product\/989122\/revisions\/989613"}],"wp:featuredmedia":[{"embeddable":true,"href":"https:\/\/agrovetazerbaijan.az\/en\/wp-json\/wp\/v2\/media\/989123"}],"wp:attachment":[{"href":"https:\/\/agrovetazerbaijan.az\/en\/wp-json\/wp\/v2\/media?parent=989122"}],"wp:term":[{"taxonomy":"product_brand","embeddable":true,"href":"https:\/\/agrovetazerbaijan.az\/en\/wp-json\/wp\/v2\/product_brand?post=989122"},{"taxonomy":"product_cat","embeddable":true,"href":"https:\/\/agrovetazerbaijan.az\/en\/wp-json\/wp\/v2\/product_cat?post=989122"},{"taxonomy":"product_tag","embeddable":true,"href":"https:\/\/agrovetazerbaijan.az\/en\/wp-json\/wp\/v2\/product_tag?post=989122"}],"curies":[{"name":"wp","href":"https:\/\/api.w.org\/{rel}","templated":true}]}}